{"id":21,"date":"2014-09-17T16:14:14","date_gmt":"2014-09-17T14:14:14","guid":{"rendered":"http:\/\/agora.xtec.cat\/iesribotiserra\/?page_id=21"},"modified":"2026-02-24T16:17:01","modified_gmt":"2026-02-24T15:17:01","slug":"on-som","status":"publish","type":"page","link":"https:\/\/agora.xtec.cat\/iesribotiserra\/linstitut\/on-som\/","title":{"rendered":"On som"},"content":{"rendered":"<p>Ens podeu trobar al carrer<strong>\u00a0Conxa Espina, n\u00fam. 33, de Sabadell.<\/strong><\/p>\n<p style=\"text-align: justify;\">L&#8217;<strong>Institut<\/strong><strong>\u00a0Ribot i Serra\u00a0\u00a0<\/strong>se situa en el sector sud de Sabadell, en el l\u00edmit dels barris de Campoamor i Espronceda, i tocant al Parc Central del Vall\u00e8s.<\/p>\n<p><strong>Si voleu contactar amb nosaltres:<\/strong><\/p>\n<p style=\"text-align: justify;\">Podeu contactar amb nosaltres trucant per tel\u00e8fon al n\u00famero\u00a0<strong>93 712 13<\/strong> <strong>22<\/strong><\/p>\n<p style=\"text-align: justify;\">Tamb\u00e9 podeu contactar via correu electr\u00f2nic:<\/p>\n<ul>\n<li style=\"text-align: justify;\">Per a consultes generals a <strong>iesribotiserra@xtec.cat<\/strong>.<\/li>\n<li>Per temes de matr\u00edcula, preinscripci\u00f3, t\u00edtols,&#8230; a <strong>secretaria<span class=\"atwho-query\">@ribot<\/span>iserra.cat<\/strong>.<\/li>\n<\/ul>\n<p><strong>On estem?<\/strong><\/p>\n<p style=\"text-align: justify;\">Estem a prop del Centre C\u00edvic\u00a0Rogelio Soto\u00a0i la pla\u00e7a Picasso,\u00a0davant del\u00a0Mercat de Campoamor\u00a0i del nou CAP del barri, i al costat del complex esportiu, on trobem un pavell\u00f3 poliesportiu i una piscina municipal.<\/p>\n<p><iframe loading=\"lazy\" style=\"border: 0;\" src=\"https:\/\/www.google.com\/maps\/embed?pb=!1m14!1m8!1m3!1d5973.976718638582!2d2.1120469!3d41.5261928!3m2!1i1024!2i768!4f13.1!3m3!1m2!1s0x12a495b6c0499c9d%3A0x3b348263e20f7875!2sCarrer+de+Concha+Espina%2C+33%2C+08204+Sabadell%2C+Barcelona!5e0!3m2!1sca!2ses!4v1508843232636\" width=\"600\" height=\"450\" frameborder=\"0\" allowfullscreen=\"allowfullscreen\"><\/iframe><\/p>\n<p>&nbsp;<\/p>\n<p><strong>Com podem arribar-hi:<\/strong><\/p>\n<ul>\n<li style=\"text-align: justify;\">Podeu accedir-hi amb\u00a0<strong>cotxe<\/strong>\u00a0des de\u00a0la N-150\u00a0o b\u00e9 des de l&#8217;autopista C-58 sortint a Sabadell Sud.<\/li>\n<li style=\"text-align: justify;\">Amb\u00a0<strong>tren<\/strong> podeu baixar a l&#8217;estaci\u00f3 de Sabadell Sud de Rodalies i arribar-hi caminant (10 minuts).<\/li>\n<li>Tamb\u00e9 podeu agafar la l\u00ednia 1 d&#8217;<strong>autobusos<\/strong> que para a l&#8217;estaci\u00f3 de Sabadell Sud de Rodalies.<\/li>\n<\/ul>\n","protected":false},"excerpt":{"rendered":"<p>Ens podeu trobar al carrer\u00a0Conxa Espina, n\u00fam. 33, de Sabadell. L&#8217;Institut\u00a0Ribot i Serra\u00a0\u00a0se situa en el sector sud de Sabadell, en el l\u00edmit dels barris de Campoamor i Espronceda, i tocant al Parc Central del Vall\u00e8s. Si voleu contactar amb nosaltres: Podeu contactar amb nosaltres trucant per tel\u00e8fon al n\u00famero\u00a093 712 13 22 Tamb\u00e9 podeu [&hellip;]<\/p>\n","protected":false},"author":1,"featured_media":0,"parent":19,"menu_order":3,"comment_status":"closed","ping_status":"closed","template":"page-templates\/side-menu.php","meta":{"_bbp_topic_count":0,"_bbp_reply_count":0,"_bbp_total_topic_count":0,"_bbp_total_reply_count":0,"_bbp_voice_count":0,"_bbp_anonymous_reply_count":0,"_bbp_topic_count_hidden":0,"_bbp_reply_count_hidden":0,"_bbp_forum_subforum_count":0,"site-sidebar-layout":"default","site-content-layout":"","ast-site-content-layout":"","site-content-style":"default","site-sidebar-style":"default","ast-global-header-display":"","ast-banner-title-visibility":"","ast-main-header-display":"","ast-hfb-above-header-display":"","ast-hfb-below-header-display":"","ast-hfb-mobile-header-display":"","site-post-title":"","ast-breadcrumbs-content":"","ast-featured-img":"","footer-sml-layout":"","theme-transparent-header-meta":"","adv-header-id-meta":"","stick-header-meta":"","header-above-stick-meta":"","header-main-stick-meta":"","header-below-stick-meta":"","astra-migrate-meta-layouts":"default","ast-page-background-enabled":"default","ast-page-background-meta":{"desktop":{"background-color":"var(--ast-global-color-4)","background-image":"","background-repeat":"repeat","background-position":"center center","background-size":"auto","background-attachment":"scroll","background-type":"","background-media":"","overlay-type":"","overlay-color":"","overlay-opacity":"","overlay-gradient":""},"tablet":{"background-color":"","background-image":"","background-repeat":"repeat","background-position":"center center","background-size":"auto","background-attachment":"scroll","background-type":"","background-media":"","overlay-type":"","overlay-color":"","overlay-opacity":"","overlay-gradient":""},"mobile":{"background-color":"","background-image":"","background-repeat":"repeat","background-position":"center center","background-size":"auto","background-attachment":"scroll","background-type":"","background-media":"","overlay-type":"","overlay-color":"","overlay-opacity":"","overlay-gradient":""}},"ast-content-background-meta":{"desktop":{"background-color":"var(--ast-global-color-5)","background-image":"","background-repeat":"repeat","background-position":"center center","background-size":"auto","background-attachment":"scroll","background-type":"","background-media":"","overlay-type":"","overlay-color":"","overlay-opacity":"","overlay-gradient":""},"tablet":{"background-color":"var(--ast-global-color-5)","background-image":"","background-repeat":"repeat","background-position":"center center","background-size":"auto","background-attachment":"scroll","background-type":"","background-media":"","overlay-type":"","overlay-color":"","overlay-opacity":"","overlay-gradient":""},"mobile":{"background-color":"var(--ast-global-color-5)","background-image":"","background-repeat":"repeat","background-position":"center center","background-size":"auto","background-attachment":"scroll","background-type":"","background-media":"","overlay-type":"","overlay-color":"","overlay-opacity":"","overlay-gradient":""}},"footnotes":""},"class_list":["post-21","page","type-page","status-publish","hentry"],"post_mailing_queue_ids":[],"_links":{"self":[{"href":"https:\/\/agora.xtec.cat\/iesribotiserra\/wp-json\/wp\/v2\/pages\/21","targetHints":{"allow":["GET"]}}],"collection":[{"href":"https:\/\/agora.xtec.cat\/iesribotiserra\/wp-json\/wp\/v2\/pages"}],"about":[{"href":"https:\/\/agora.xtec.cat\/iesribotiserra\/wp-json\/wp\/v2\/types\/page"}],"author":[{"embeddable":true,"href":"https:\/\/agora.xtec.cat\/iesribotiserra\/wp-json\/wp\/v2\/users\/1"}],"replies":[{"embeddable":true,"href":"https:\/\/agora.xtec.cat\/iesribotiserra\/wp-json\/wp\/v2\/comments?post=21"}],"version-history":[{"count":5,"href":"https:\/\/agora.xtec.cat\/iesribotiserra\/wp-json\/wp\/v2\/pages\/21\/revisions"}],"predecessor-version":[{"id":13121,"href":"https:\/\/agora.xtec.cat\/iesribotiserra\/wp-json\/wp\/v2\/pages\/21\/revisions\/13121"}],"up":[{"embeddable":true,"href":"https:\/\/agora.xtec.cat\/iesribotiserra\/wp-json\/wp\/v2\/pages\/19"}],"wp:attachment":[{"href":"https:\/\/agora.xtec.cat\/iesribotiserra\/wp-json\/wp\/v2\/media?parent=21"}],"curies":[{"name":"wp","href":"https:\/\/api.w.org\/{rel}","templated":true}]}}