{"id":2018,"date":"2018-05-31T09:59:02","date_gmt":"2018-05-31T07:59:02","guid":{"rendered":"http:\/\/agora.xtec.cat\/iesribotiserra\/?page_id=2018"},"modified":"2026-03-29T09:23:27","modified_gmt":"2026-03-29T07:23:27","slug":"llibret-informatiu","status":"publish","type":"page","link":"https:\/\/agora.xtec.cat\/iesribotiserra\/estudis-que-impartim\/cicles-formatius\/llibret-informatiu\/","title":{"rendered":"Informaci\u00f3 general formaci\u00f3 professional"},"content":{"rendered":"<p><strong>Fam\u00edlia professional d\u2019Imatge personal:<\/strong><\/p>\n<ul>\n<li><a href=\"https:\/\/drive.google.com\/file\/d\/1wkQkOXt1ascP_b9ZPjYWrr0ZqI1NCsUv\/view?usp=sharing\">Document informatiu PFI Auxiliar de perruqueria i est\u00e8tica. Curs 24-25<\/a><\/li>\n<li><a href=\"https:\/\/drive.google.com\/file\/d\/1PtArkLpHWRISZu8RVuJJ5i0ztrUMhnor\/view?usp=sharing\" target=\"_blank\" rel=\"noopener noreferrer\">Document informatiu PER (Perruqueria i cosm\u00e8tica capil\u00b7lar). PLA NOU. Curs 24-25<\/a><\/li>\n<li><a href=\"https:\/\/drive.google.com\/file\/d\/1zN--QgaAKzhKhKNoxsxyJjcapk7hwVP4\/view?usp=sharing\">Document informatiu EB (Est\u00e8tica i bellesa). PLA ANTIC. Curs 24-25<\/a><\/li>\n<li><span style=\"color: #000000;\">Document informatiu EID (Estilisme i Direcci\u00f3 de Perruqueria). Nou cicle Curs 26-27<\/span><\/li>\n<\/ul>\n<p><strong>Fam\u00edlia professional de Serveis socioculturals i a la comunitat:<\/strong><\/p>\n<ul>\n<li><a href=\"https:\/\/drive.google.com\/file\/d\/1AJQEuH2XOXf7Q-deVKR4b88fuF99dO_Z\/view?usp=sharing\">Document informatiu TIS (Integraci\u00f3 social). PLA ANTIC. Curs 24-25<\/a><\/li>\n<li><a href=\"https:\/\/drive.google.com\/file\/d\/1fQacgzwOoxz89YjM3EqSALB0nTqXLCKx\/view?usp=sharing\">Document informatiu IS (Integraci\u00f3 social). PLA NOU. Curs 24-25<\/a><\/li>\n<li><a href=\"https:\/\/drive.google.com\/file\/d\/1Q_yumhV_Gef2b23p-GYEn6Ec7fEeVKyy\/view?usp=sharing\">Document informatiu TEI (Educaci\u00f3 infantil). PLA ANTIC. Curs 24-25<\/a><\/li>\n<li><a href=\"https:\/\/drive.google.com\/file\/d\/1wSnJ0tcU6XkRR4wKFlpY8eVwoBVfnv24\/view?usp=sharing\">Document informatiu EI (Educaci\u00f3 infantil). PLA NOU. Curs 24-25<\/a><\/li>\n<li><a href=\"https:\/\/drive.google.com\/file\/d\/1fAkyS0Cgk7xqRbL0uasE_xfFDZiTDzrh\/view?usp=sharing\">Document informatiu TASOCT (Animaci\u00f3 sociocultural i tur\u00edstica). PLA ANTIC. Curs 24-25<\/a><\/li>\n<li><a href=\"https:\/\/drive.google.com\/file\/d\/1fxt_onn5kCOrsqHxBdkbPJrPq2u2SJ5u\/view?usp=sharing\">Document informatiu ASOCT (Animaci\u00f3 sociocultural i tur\u00edstica). PLA NOU. Curs 24-25<\/a><\/li>\n<li><a href=\"https:\/\/drive.google.com\/file\/d\/1FF0kbeQnXEbktHsAUQO6Cj5BTyhCjzTA\/view?usp=sharing\" target=\"_blank\" rel=\"noopener noreferrer\">Document informatiu TAPSD (Atenci\u00f3 a persones en situaci\u00f3 de depend\u00e8ncia). Curs 24-25<\/a><\/li>\n<\/ul>\n<p>&nbsp;<\/p>\n","protected":false},"excerpt":{"rendered":"<p>Fam\u00edlia professional d\u2019Imatge personal: Document informatiu PFI Auxiliar de perruqueria i est\u00e8tica. Curs 24-25 Document informatiu PER (Perruqueria i cosm\u00e8tica capil\u00b7lar). PLA NOU. Curs 24-25 Document informatiu EB (Est\u00e8tica i bellesa). PLA ANTIC. Curs 24-25 Document informatiu EID (Estilisme i Direcci\u00f3 de Perruqueria). Nou cicle Curs 26-27 Fam\u00edlia professional de Serveis socioculturals i a la [&hellip;]<\/p>\n","protected":false},"author":1,"featured_media":0,"parent":65,"menu_order":0,"comment_status":"closed","ping_status":"closed","template":"page-templates\/side-menu.php","meta":{"_bbp_topic_count":0,"_bbp_reply_count":0,"_bbp_total_topic_count":0,"_bbp_total_reply_count":0,"_bbp_voice_count":0,"_bbp_anonymous_reply_count":0,"_bbp_topic_count_hidden":0,"_bbp_reply_count_hidden":0,"_bbp_forum_subforum_count":0,"site-sidebar-layout":"default","site-content-layout":"","ast-site-content-layout":"","site-content-style":"default","site-sidebar-style":"default","ast-global-header-display":"","ast-banner-title-visibility":"","ast-main-header-display":"","ast-hfb-above-header-display":"","ast-hfb-below-header-display":"","ast-hfb-mobile-header-display":"","site-post-title":"","ast-breadcrumbs-content":"","ast-featured-img":"","footer-sml-layout":"","theme-transparent-header-meta":"","adv-header-id-meta":"","stick-header-meta":"","header-above-stick-meta":"","header-main-stick-meta":"","header-below-stick-meta":"","astra-migrate-meta-layouts":"default","ast-page-background-enabled":"default","ast-page-background-meta":{"desktop":{"background-color":"var(--ast-global-color-4)","background-image":"","background-repeat":"repeat","background-position":"center center","background-size":"auto","background-attachment":"scroll","background-type":"","background-media":"","overlay-type":"","overlay-color":"","overlay-opacity":"","overlay-gradient":""},"tablet":{"background-color":"","background-image":"","background-repeat":"repeat","background-position":"center center","background-size":"auto","background-attachment":"scroll","background-type":"","background-media":"","overlay-type":"","overlay-color":"","overlay-opacity":"","overlay-gradient":""},"mobile":{"background-color":"","background-image":"","background-repeat":"repeat","background-position":"center center","background-size":"auto","background-attachment":"scroll","background-type":"","background-media":"","overlay-type":"","overlay-color":"","overlay-opacity":"","overlay-gradient":""}},"ast-content-background-meta":{"desktop":{"background-color":"var(--ast-global-color-5)","background-image":"","background-repeat":"repeat","background-position":"center center","background-size":"auto","background-attachment":"scroll","background-type":"","background-media":"","overlay-type":"","overlay-color":"","overlay-opacity":"","overlay-gradient":""},"tablet":{"background-color":"var(--ast-global-color-5)","background-image":"","background-repeat":"repeat","background-position":"center center","background-size":"auto","background-attachment":"scroll","background-type":"","background-media":"","overlay-type":"","overlay-color":"","overlay-opacity":"","overlay-gradient":""},"mobile":{"background-color":"var(--ast-global-color-5)","background-image":"","background-repeat":"repeat","background-position":"center center","background-size":"auto","background-attachment":"scroll","background-type":"","background-media":"","overlay-type":"","overlay-color":"","overlay-opacity":"","overlay-gradient":""}},"footnotes":""},"class_list":["post-2018","page","type-page","status-publish","hentry"],"post_mailing_queue_ids":[],"_links":{"self":[{"href":"https:\/\/agora.xtec.cat\/iesribotiserra\/wp-json\/wp\/v2\/pages\/2018","targetHints":{"allow":["GET"]}}],"collection":[{"href":"https:\/\/agora.xtec.cat\/iesribotiserra\/wp-json\/wp\/v2\/pages"}],"about":[{"href":"https:\/\/agora.xtec.cat\/iesribotiserra\/wp-json\/wp\/v2\/types\/page"}],"author":[{"embeddable":true,"href":"https:\/\/agora.xtec.cat\/iesribotiserra\/wp-json\/wp\/v2\/users\/1"}],"replies":[{"embeddable":true,"href":"https:\/\/agora.xtec.cat\/iesribotiserra\/wp-json\/wp\/v2\/comments?post=2018"}],"version-history":[{"count":6,"href":"https:\/\/agora.xtec.cat\/iesribotiserra\/wp-json\/wp\/v2\/pages\/2018\/revisions"}],"predecessor-version":[{"id":13329,"href":"https:\/\/agora.xtec.cat\/iesribotiserra\/wp-json\/wp\/v2\/pages\/2018\/revisions\/13329"}],"up":[{"embeddable":true,"href":"https:\/\/agora.xtec.cat\/iesribotiserra\/wp-json\/wp\/v2\/pages\/65"}],"wp:attachment":[{"href":"https:\/\/agora.xtec.cat\/iesribotiserra\/wp-json\/wp\/v2\/media?parent=2018"}],"curies":[{"name":"wp","href":"https:\/\/api.w.org\/{rel}","templated":true}]}}