{"id":1788,"date":"2018-05-21T10:21:06","date_gmt":"2018-05-21T08:21:06","guid":{"rendered":"http:\/\/agora.xtec.cat\/iesribotiserra\/?page_id=1788"},"modified":"2026-03-30T10:42:25","modified_gmt":"2026-03-30T08:42:25","slug":"historia-de-linstitut","status":"publish","type":"page","link":"https:\/\/agora.xtec.cat\/iesribotiserra\/linstitut\/historia\/historia-de-linstitut\/","title":{"rendered":"Hist\u00f2ria de l&#8217;institut"},"content":{"rendered":"<p data-path-to-node=\"4\">La traject\u00f2ria del nostre centre \u00e9s la cr\u00f2nica d&#8217;una evoluci\u00f3 constant i un comprom\u00eds ferm amb la ciutat de Sabadell. Els nostres or\u00edgens es remunten a l&#8217;any <b data-path-to-node=\"4\" data-index-in-node=\"158\">1972<\/b>, quan es va inaugurar el <b data-path-to-node=\"4\" data-index-in-node=\"188\">CERE Ribot i Serra (Centre Escolar de R\u00e8gim Extraordinari)<\/b>. En aquell moment, el centre va n\u00e9ixer amb una clara vocaci\u00f3 innovadora, funcionant com una escola d\u2019EGB que experimentava noves propostes educatives sota l\u2019assessorament de l\u2019Institut de Ci\u00e8ncies de l\u2019Educaci\u00f3 (ICE).<\/p>\n<p data-path-to-node=\"5\">Aquesta etapa inicial va durar fins al <b data-path-to-node=\"5\" data-index-in-node=\"39\">curs 1989-90<\/b>, moment en qu\u00e8 el centre va iniciar una transformaci\u00f3 profunda per esdevenir un <b data-path-to-node=\"5\" data-index-in-node=\"132\">Institut d\u2019Ensenyament Secundari (IES)<\/b>. Vam ser pioners en la implantaci\u00f3 de la reforma educativa: els antics alumnes de 7\u00e8 i 8\u00e8 d\u2019EGB van passar a cursar 1r i 2n d\u2019ESO, i el centre es va convertir en un <b data-path-to-node=\"5\" data-index-in-node=\"336\">centre pilot i experimental de Secund\u00e0ria<\/b> (DOG 29\/12\/89). Despr\u00e9s de tres cursos d\u2019aquest per\u00edode d\u2019assaig, l\u2019institut es va consolidar definitivament sota el nom d\u2019IES Ribot i Serra, celebrant el curs 2015-16 el nostre <b data-path-to-node=\"5\" data-index-in-node=\"556\">25\u00e8 aniversari<\/b> com a referent de la secund\u00e0ria a la ciutat.<\/p>\n<h3 data-path-to-node=\"6\">Un referent en Formaci\u00f3 Professional i Qualitat<\/h3>\n<p data-path-to-node=\"7\">L\u2019aposta per la professionalitzaci\u00f3 va agafar embranzida el <b data-path-to-node=\"7\" data-index-in-node=\"60\">curs 2000-01<\/b>, quan vam comen\u00e7ar a impartir els nostres primers cicles formatius de Grau Mitj\u00e0 (Perruqueria) i Grau Superior (Animaci\u00f3 sociocultural). Des de llavors, la nostra oferta s\u2019ha anat especialitzat en les fam\u00edlies d\u2019<b data-path-to-node=\"7\" data-index-in-node=\"285\">Imatge Personal<\/b>, <b data-path-to-node=\"7\" data-index-in-node=\"302\">Serveis Socioculturals i a la Comunitat<\/b> i <b data-path-to-node=\"7\" data-index-in-node=\"344\">Comer\u00e7 i M\u00e0rqueting<\/b>.<\/p>\n<p data-path-to-node=\"8\">Aquest creixement ha anat acompanyat d\u2019una voluntat de millora cont\u00ednua: des del curs 16-17 formem part del <b data-path-to-node=\"8\" data-index-in-node=\"108\">Projecte de Qualitat i Millora Cont\u00ednua (PQiMC)<\/b> per implantar el sistema de gesti\u00f3 <b data-path-to-node=\"8\" data-index-in-node=\"191\">ISO 9001<\/b>, i comptem amb una xarxa de col\u00b7laboraci\u00f3 amb <b data-path-to-node=\"8\" data-index-in-node=\"246\">194 empreses<\/b> de la zona que ens permeten oferir una modalitat de <b data-path-to-node=\"8\" data-index-in-node=\"311\">formaci\u00f3 dual<\/b> de qualitat. A m\u00e9s, la internacionalitzaci\u00f3 \u00e9s part del nostre dia a dia gr\u00e0cies a l\u2019obtenci\u00f3 de la <b data-path-to-node=\"8\" data-index-in-node=\"425\">Carta Erasmus<\/b> el curs 15-16, que facilita la mobilitat d\u2019alumnat i professorat per tota Europa.<\/p>\n<h3 data-path-to-node=\"9\">Comprom\u00eds social com a Centre de M\u00e0xima Complexitat (CMC)<\/h3>\n<p data-path-to-node=\"10\">La nostra identitat est\u00e0 profundament lligada a la realitat social de la zona sud de Sabadell. Com a <b data-path-to-node=\"10\" data-index-in-node=\"101\">Centre de M\u00e0xima Complexitat (CMC)<\/b>, treballem activament per la cohesi\u00f3 social i l\u2019\u00e8xit educatiu en entorns diversos. Des del curs 06-07 formem part del <b data-path-to-node=\"10\" data-index-in-node=\"254\">Pla Educatiu d\u2019Entorn (PEE)<\/b>, i a trav\u00e9s d&#8217;<b data-path-to-node=\"10\" data-index-in-node=\"296\">Acords de Coresponsabilitat amb el Departament (ACDE)<\/b> hem impulsat estrat\u00e8gies d\u2019atenci\u00f3 a la diversitat, refor\u00e7 escolar i projectes tutorials que han millorat notablement la conviv\u00e8ncia i l\u2019ambient del centre. Som una comunitat viva de <b data-path-to-node=\"10\" data-index-in-node=\"533\">800 alumnes i 64 docents<\/b> que participa en programes com l\u2019Agenda 21, el Campus \u00cdtaca de la UAB o el projecte Instituts Oberts.<\/p>\n<h3 data-path-to-node=\"11\">Cap al futur: El nou Centre Integrat d&#8217;FP (2025-2027)<\/h3>\n<p data-path-to-node=\"12\">Actualment, l\u2019Institut Ribot i Serra afronta el seu repte m\u00e9s ambici\u00f3s. El <b data-path-to-node=\"12\" data-index-in-node=\"75\">curs 2025-26<\/b> marca el final d&#8217;una etapa hist\u00f2rica, ja que \u00e9s el darrer curs en qu\u00e8 impartim ESO i Batxillerat. Ens estem transformant en un <b data-path-to-node=\"12\" data-index-in-node=\"215\">centre exclusivament d\u2019FP<\/b>, amb l\u2019objectiu de convertir-nos en un <b data-path-to-node=\"12\" data-index-in-node=\"280\">Centre de Formaci\u00f3 Professional Integrada (CFPI)<\/b> que sigui el m\u00e0xim referent de les nostres fam\u00edlies professionals.<\/p>\n<p data-path-to-node=\"13\">Aquesta transformaci\u00f3 culminar\u00e0 el <b data-path-to-node=\"13\" data-index-in-node=\"35\">curs 2026-27<\/b> amb la novetat del <b data-path-to-node=\"13\" data-index-in-node=\"67\">CFGS d\u2019Estilisme i Direcci\u00f3 de Perruqueria<\/b>, completant aix\u00ed un itinerari formatiu d\u2019excel\u00b7l\u00e8ncia que va des dels PFI fins als cicles de Grau Superior, sempre amb la mirada posada en la inserci\u00f3 laboral i la professionalitzaci\u00f3 del nostre alumnat.<\/p>\n","protected":false},"excerpt":{"rendered":"<p>La traject\u00f2ria del nostre centre \u00e9s la cr\u00f2nica d&#8217;una evoluci\u00f3 constant i un comprom\u00eds ferm amb la ciutat de Sabadell. Els nostres or\u00edgens es remunten a l&#8217;any 1972, quan es va inaugurar el CERE Ribot i Serra (Centre Escolar de R\u00e8gim Extraordinari). En aquell moment, el centre va n\u00e9ixer amb una clara vocaci\u00f3 innovadora, funcionant [&hellip;]<\/p>\n","protected":false},"author":1,"featured_media":0,"parent":27,"menu_order":1,"comment_status":"closed","ping_status":"closed","template":"","meta":{"_bbp_topic_count":0,"_bbp_reply_count":0,"_bbp_total_topic_count":0,"_bbp_total_reply_count":0,"_bbp_voice_count":0,"_bbp_anonymous_reply_count":0,"_bbp_topic_count_hidden":0,"_bbp_reply_count_hidden":0,"_bbp_forum_subforum_count":0,"site-sidebar-layout":"default","site-content-layout":"","ast-site-content-layout":"default","site-content-style":"default","site-sidebar-style":"default","ast-global-header-display":"","ast-banner-title-visibility":"","ast-main-header-display":"","ast-hfb-above-header-display":"","ast-hfb-below-header-display":"","ast-hfb-mobile-header-display":"","site-post-title":"","ast-breadcrumbs-content":"","ast-featured-img":"","footer-sml-layout":"","theme-transparent-header-meta":"default","adv-header-id-meta":"","stick-header-meta":"","header-above-stick-meta":"","header-main-stick-meta":"","header-below-stick-meta":"","astra-migrate-meta-layouts":"set","ast-page-background-enabled":"default","ast-page-background-meta":{"desktop":{"background-color":"var(--ast-global-color-4)","background-image":"","background-repeat":"repeat","background-position":"center center","background-size":"auto","background-attachment":"scroll","background-type":"","background-media":"","overlay-type":"","overlay-color":"","overlay-opacity":"","overlay-gradient":""},"tablet":{"background-color":"","background-image":"","background-repeat":"repeat","background-position":"center center","background-size":"auto","background-attachment":"scroll","background-type":"","background-media":"","overlay-type":"","overlay-color":"","overlay-opacity":"","overlay-gradient":""},"mobile":{"background-color":"","background-image":"","background-repeat":"repeat","background-position":"center center","background-size":"auto","background-attachment":"scroll","background-type":"","background-media":"","overlay-type":"","overlay-color":"","overlay-opacity":"","overlay-gradient":""}},"ast-content-background-meta":{"desktop":{"background-color":"var(--ast-global-color-5)","background-image":"","background-repeat":"repeat","background-position":"center center","background-size":"auto","background-attachment":"scroll","background-type":"","background-media":"","overlay-type":"","overlay-color":"","overlay-opacity":"","overlay-gradient":""},"tablet":{"background-color":"var(--ast-global-color-5)","background-image":"","background-repeat":"repeat","background-position":"center center","background-size":"auto","background-attachment":"scroll","background-type":"","background-media":"","overlay-type":"","overlay-color":"","overlay-opacity":"","overlay-gradient":""},"mobile":{"background-color":"var(--ast-global-color-5)","background-image":"","background-repeat":"repeat","background-position":"center center","background-size":"auto","background-attachment":"scroll","background-type":"","background-media":"","overlay-type":"","overlay-color":"","overlay-opacity":"","overlay-gradient":""}},"footnotes":""},"class_list":["post-1788","page","type-page","status-publish","hentry"],"post_mailing_queue_ids":[],"_links":{"self":[{"href":"https:\/\/agora.xtec.cat\/iesribotiserra\/wp-json\/wp\/v2\/pages\/1788","targetHints":{"allow":["GET"]}}],"collection":[{"href":"https:\/\/agora.xtec.cat\/iesribotiserra\/wp-json\/wp\/v2\/pages"}],"about":[{"href":"https:\/\/agora.xtec.cat\/iesribotiserra\/wp-json\/wp\/v2\/types\/page"}],"author":[{"embeddable":true,"href":"https:\/\/agora.xtec.cat\/iesribotiserra\/wp-json\/wp\/v2\/users\/1"}],"replies":[{"embeddable":true,"href":"https:\/\/agora.xtec.cat\/iesribotiserra\/wp-json\/wp\/v2\/comments?post=1788"}],"version-history":[{"count":4,"href":"https:\/\/agora.xtec.cat\/iesribotiserra\/wp-json\/wp\/v2\/pages\/1788\/revisions"}],"predecessor-version":[{"id":13430,"href":"https:\/\/agora.xtec.cat\/iesribotiserra\/wp-json\/wp\/v2\/pages\/1788\/revisions\/13430"}],"up":[{"embeddable":true,"href":"https:\/\/agora.xtec.cat\/iesribotiserra\/wp-json\/wp\/v2\/pages\/27"}],"wp:attachment":[{"href":"https:\/\/agora.xtec.cat\/iesribotiserra\/wp-json\/wp\/v2\/media?parent=1788"}],"curies":[{"name":"wp","href":"https:\/\/api.w.org\/{rel}","templated":true}]}}