{"id":1776,"date":"2018-05-21T09:56:03","date_gmt":"2018-05-21T07:56:03","guid":{"rendered":"http:\/\/agora.xtec.cat\/iesribotiserra\/?page_id=1776"},"modified":"2026-03-28T23:45:16","modified_gmt":"2026-03-28T22:45:16","slug":"estudis-que-impartim","status":"publish","type":"page","link":"https:\/\/agora.xtec.cat\/iesribotiserra\/estudis-que-impartim\/","title":{"rendered":"Oferta formativa Curs 2025\u20132026"},"content":{"rendered":"<p class=\"p3\"><span style=\"font-family: arial, helvetica, sans-serif;\">El centre ofereix una formaci\u00f3 integral que inclou ensenyaments d\u2019educaci\u00f3 secund\u00e0ria i formaci\u00f3 professional, amb l\u2019objectiu d\u2019atendre la diversitat d\u2019itineraris acad\u00e8mics i professionals de l\u2019alumnat.<\/span><\/p>\n<h5><span style=\"font-family: arial, helvetica, sans-serif;\"><b>Educaci\u00f3 Secund\u00e0ria Obligat\u00f2ria i Batxillerat<\/b><\/span><\/h5>\n<ul>\n<li>\n<p class=\"p1\"><span style=\"font-family: arial, helvetica, sans-serif;\"><b>Educaci\u00f3 Secund\u00e0ria Obligat\u00f2ria (ESO) <\/b><b><\/b><\/span><span style=\"font-family: arial, helvetica, sans-serif;\">3r i 4t curs.<\/span><\/p>\n<\/li>\n<li>\n<p class=\"p1\"><span style=\"font-family: arial, helvetica, sans-serif;\"><b>Batxillerat <i>(2n curs) <\/i><\/b><b><\/b><\/span><span style=\"font-family: arial, helvetica, sans-serif;\">Modalitats: <\/span><span style=\"font-family: arial, helvetica, sans-serif; font-size: 1em;\">Ci\u00e8ncies i <\/span><span style=\"font-family: arial, helvetica, sans-serif;\">Ci\u00e8ncies socials<\/span><\/p>\n<\/li>\n<\/ul>\n<h5 class=\"p2\"><b style=\"font-family: arial, helvetica, sans-serif; font-size: 1em;\">Formaci\u00f3 Professional<\/b><\/h5>\n<p><span style=\"font-family: arial, helvetica, sans-serif;\"><b>Fam\u00edlia professional d\u2019Imatge Personal<\/b><\/span><\/p>\n<ul>\n<li>\n<p class=\"p1\"><span style=\"font-family: arial, helvetica, sans-serif;\"><b>Programa de Formaci\u00f3 i Inserci\u00f3 (PFI)<\/b><b><\/b><\/span><\/p>\n<ul>\n<li>\n<p class=\"p1\"><span style=\"font-family: arial, helvetica, sans-serif;\">Auxiliar de perruqueria i est\u00e8tica<\/span><\/p>\n<\/li>\n<\/ul>\n<\/li>\n<li>\n<p class=\"p1\"><span style=\"font-family: arial, helvetica, sans-serif;\"><b>Cicles Formatius de Grau Mitj\u00e0 (CFGM)<\/b><b><\/b><\/span><\/p>\n<ul>\n<li>\n<p class=\"p1\"><span style=\"font-family: arial, helvetica, sans-serif;\">Est\u00e8tica i bellesa<\/span><\/p>\n<\/li>\n<li>\n<p class=\"p1\"><span style=\"font-family: arial, helvetica, sans-serif;\">Perruqueria i cosm\u00e8tica capil\u00b7lar<\/span><\/p>\n<\/li>\n<\/ul>\n<\/li>\n<li>\n<p class=\"p1\"><span style=\"font-family: arial, helvetica, sans-serif;\"><b>Cicles Formatius de Grau Superior (CFGS)<\/b><b><\/b><\/span><\/p>\n<ul>\n<li>\n<p class=\"p1\"><span style=\"font-family: arial, helvetica, sans-serif;\">Estilisme i Direcci\u00f3 de Perruqueria<\/span><\/p>\n<\/li>\n<\/ul>\n<\/li>\n<\/ul>\n<p><span style=\"font-family: arial, helvetica, sans-serif;\"><b>Fam\u00edlia professional de Serveis Socioculturals i a la Comunitat<\/b><\/span><\/p>\n<ul>\n<li>\n<p class=\"p1\"><span style=\"font-family: arial, helvetica, sans-serif;\"><b>Cicles Formatius de Grau Mitj\u00e0 (CFGM)<\/b><b><\/b><\/span><\/p>\n<ul>\n<li>\n<p class=\"p1\"><span style=\"font-family: arial, helvetica, sans-serif;\">Atenci\u00f3 a persones en situaci\u00f3 de depend\u00e8ncia<\/span><\/p>\n<\/li>\n<\/ul>\n<\/li>\n<li>\n<p class=\"p1\"><span style=\"font-family: arial, helvetica, sans-serif;\"><b>Cicles Formatius de Grau Superior (CFGS)<\/b><b><\/b><\/span><\/p>\n<ul>\n<li>\n<p class=\"p1\"><span style=\"font-family: arial, helvetica, sans-serif;\">Animaci\u00f3 sociocultural i tur\u00edstica<\/span><\/p>\n<\/li>\n<li>\n<p class=\"p1\"><span style=\"font-family: arial, helvetica, sans-serif;\">Educaci\u00f3 infantil<\/span><\/p>\n<\/li>\n<li>\n<p class=\"p1\"><span style=\"font-family: arial, helvetica, sans-serif;\">Integraci\u00f3 social<\/span><\/p>\n<\/li>\n<\/ul>\n<\/li>\n<\/ul>\n<p><span style=\"font-family: arial, helvetica, sans-serif;\"><b>Fam\u00edlia professional de Comer\u00e7 i M\u00e0rqueting<\/b><\/span><\/p>\n<ul>\n<li>\n<p class=\"p1\"><span style=\"font-family: arial, helvetica, sans-serif;\"><b>Programa de Formaci\u00f3 i Inserci\u00f3 (PFI)<\/b><b><\/b><\/span><\/p>\n<ul>\n<li>\n<p class=\"p1\"><span style=\"font-family: arial, helvetica, sans-serif;\">Auxiliar de comer\u00e7 i atenci\u00f3 al p\u00fablic<\/span><\/p>\n<\/li>\n<\/ul>\n<\/li>\n<li>\n<p class=\"p1\"><span style=\"font-family: arial, helvetica, sans-serif;\"><b>Cicles Formatius de Grau Mitj\u00e0 (CFGM)<\/b><b><\/b><\/span><\/p>\n<ul>\n<li>\n<p class=\"p1\"><span style=\"font-family: arial, helvetica, sans-serif;\">Activitats comercials<\/span><\/p>\n<\/li>\n<\/ul>\n<\/li>\n<\/ul>\n<p><span style=\"font-family: arial, helvetica, sans-serif;\"><b>Informaci\u00f3 addicional<\/b><\/span><\/p>\n<p class=\"p3\"><span style=\"font-family: arial, helvetica, sans-serif;\">L\u2019oferta educativa s\u2019actualitza anualment d\u2019acord amb la normativa vigent del <span class=\"s2\"><b>Departament d\u2019Educaci\u00f3<\/b><\/span>.<\/span><\/p>\n<p class=\"p3\"><span style=\"font-family: arial, helvetica, sans-serif;\">La informaci\u00f3 sobre <span class=\"s2\"><b>preinscripci\u00f3 i matr\u00edcula<\/b><\/span> es publica en els terminis establerts al web del centre i als canals oficials del Departament.<\/span><\/p>\n","protected":false},"excerpt":{"rendered":"<p>El centre ofereix una formaci\u00f3 integral que inclou ensenyaments d\u2019educaci\u00f3 secund\u00e0ria i formaci\u00f3 professional, amb l\u2019objectiu d\u2019atendre la diversitat d\u2019itineraris acad\u00e8mics i professionals de l\u2019alumnat. Educaci\u00f3 Secund\u00e0ria Obligat\u00f2ria i Batxillerat Educaci\u00f3 Secund\u00e0ria Obligat\u00f2ria (ESO) 3r i 4t curs. Batxillerat (2n curs) Modalitats: Ci\u00e8ncies i Ci\u00e8ncies socials Formaci\u00f3 Professional Fam\u00edlia professional d\u2019Imatge Personal Programa de Formaci\u00f3 [&hellip;]<\/p>\n","protected":false},"author":1,"featured_media":0,"parent":0,"menu_order":1,"comment_status":"closed","ping_status":"closed","template":"page-templates\/side-menu.php","meta":{"_bbp_topic_count":0,"_bbp_reply_count":0,"_bbp_total_topic_count":0,"_bbp_total_reply_count":0,"_bbp_voice_count":0,"_bbp_anonymous_reply_count":0,"_bbp_topic_count_hidden":0,"_bbp_reply_count_hidden":0,"_bbp_forum_subforum_count":0,"site-sidebar-layout":"default","site-content-layout":"","ast-site-content-layout":"","site-content-style":"default","site-sidebar-style":"default","ast-global-header-display":"","ast-banner-title-visibility":"","ast-main-header-display":"","ast-hfb-above-header-display":"","ast-hfb-below-header-display":"","ast-hfb-mobile-header-display":"","site-post-title":"","ast-breadcrumbs-content":"","ast-featured-img":"","footer-sml-layout":"","theme-transparent-header-meta":"","adv-header-id-meta":"","stick-header-meta":"","header-above-stick-meta":"","header-main-stick-meta":"","header-below-stick-meta":"","astra-migrate-meta-layouts":"default","ast-page-background-enabled":"default","ast-page-background-meta":{"desktop":{"background-color":"var(--ast-global-color-4)","background-image":"","background-repeat":"repeat","background-position":"center center","background-size":"auto","background-attachment":"scroll","background-type":"","background-media":"","overlay-type":"","overlay-color":"","overlay-opacity":"","overlay-gradient":""},"tablet":{"background-color":"","background-image":"","background-repeat":"repeat","background-position":"center center","background-size":"auto","background-attachment":"scroll","background-type":"","background-media":"","overlay-type":"","overlay-color":"","overlay-opacity":"","overlay-gradient":""},"mobile":{"background-color":"","background-image":"","background-repeat":"repeat","background-position":"center center","background-size":"auto","background-attachment":"scroll","background-type":"","background-media":"","overlay-type":"","overlay-color":"","overlay-opacity":"","overlay-gradient":""}},"ast-content-background-meta":{"desktop":{"background-color":"var(--ast-global-color-5)","background-image":"","background-repeat":"repeat","background-position":"center center","background-size":"auto","background-attachment":"scroll","background-type":"","background-media":"","overlay-type":"","overlay-color":"","overlay-opacity":"","overlay-gradient":""},"tablet":{"background-color":"var(--ast-global-color-5)","background-image":"","background-repeat":"repeat","background-position":"center center","background-size":"auto","background-attachment":"scroll","background-type":"","background-media":"","overlay-type":"","overlay-color":"","overlay-opacity":"","overlay-gradient":""},"mobile":{"background-color":"var(--ast-global-color-5)","background-image":"","background-repeat":"repeat","background-position":"center center","background-size":"auto","background-attachment":"scroll","background-type":"","background-media":"","overlay-type":"","overlay-color":"","overlay-opacity":"","overlay-gradient":""}},"footnotes":""},"class_list":["post-1776","page","type-page","status-publish","hentry"],"post_mailing_queue_ids":[],"_links":{"self":[{"href":"https:\/\/agora.xtec.cat\/iesribotiserra\/wp-json\/wp\/v2\/pages\/1776","targetHints":{"allow":["GET"]}}],"collection":[{"href":"https:\/\/agora.xtec.cat\/iesribotiserra\/wp-json\/wp\/v2\/pages"}],"about":[{"href":"https:\/\/agora.xtec.cat\/iesribotiserra\/wp-json\/wp\/v2\/types\/page"}],"author":[{"embeddable":true,"href":"https:\/\/agora.xtec.cat\/iesribotiserra\/wp-json\/wp\/v2\/users\/1"}],"replies":[{"embeddable":true,"href":"https:\/\/agora.xtec.cat\/iesribotiserra\/wp-json\/wp\/v2\/comments?post=1776"}],"version-history":[{"count":6,"href":"https:\/\/agora.xtec.cat\/iesribotiserra\/wp-json\/wp\/v2\/pages\/1776\/revisions"}],"predecessor-version":[{"id":13289,"href":"https:\/\/agora.xtec.cat\/iesribotiserra\/wp-json\/wp\/v2\/pages\/1776\/revisions\/13289"}],"wp:attachment":[{"href":"https:\/\/agora.xtec.cat\/iesribotiserra\/wp-json\/wp\/v2\/media?parent=1776"}],"curies":[{"name":"wp","href":"https:\/\/api.w.org\/{rel}","templated":true}]}}