{"id":1773,"date":"2018-05-21T09:54:01","date_gmt":"2018-05-21T07:54:01","guid":{"rendered":"http:\/\/agora.xtec.cat\/iesribotiserra\/?page_id=1773"},"modified":"2026-01-04T13:54:31","modified_gmt":"2026-01-04T12:54:31","slug":"manel-ribot-i-serra","status":"publish","type":"page","link":"https:\/\/agora.xtec.cat\/iesribotiserra\/linstitut\/historia\/manel-ribot-i-serra\/","title":{"rendered":"Manuel Ribot i Serra"},"content":{"rendered":"<p><img loading=\"lazy\" decoding=\"async\" class=\"size-full wp-image-3778 alignleft\" src=\"https:\/\/agora.xtec.cat\/iesribotiserra\/wp-content\/uploads\/usu1672\/2019\/08\/Manuel-Ribot-i-Serra.png\" alt=\"\" width=\"153\" height=\"225\" \/><\/p>\n<p style=\"text-align: justify;\"><strong>Manuel Ribot i Serra <\/strong>(Sabadell, 1859 \u2013 1925) fou un bibliotecari, arxiver,\u00a0<span class=\"mw-redirect\">historiador<\/span>, dramaturg i poeta molt vinculat a la vida cultural de la seva \u00e8poca.<\/p>\n<p style=\"text-align: justify;\">Fill d&#8217;un botiguer del carrer de la Salut, va estudiar als\u00a0<span class=\"mw-redirect\">escolapis.\u00a0<\/span>De jove s&#8217;afeccion\u00e0 a les lletres i particip\u00e0 en concursos literaris (\u00e9s l&#8217;autor de l&#8217;obra\u00a0<strong><em>La Puntaire<\/em><\/strong>). Fou un dels fundadors del\u00a0<strong>Centre Catalanista<\/strong>\u00a0i organitzador de les primeres festes liter\u00e0ries de l&#8217;<strong>Ateneu Sabadell\u00e8s<\/strong>.<\/p>\n<p style=\"text-align: justify;\">Va teni<span style=\"font-family: inherit; font-size: 1em; text-align: justify;\">r un gran inter\u00e8s per con\u00e8ixer la hist\u00f2ria de la ciutat de Sabadell, i arrib\u00e0 a escriure un llibre sobre la hist\u00f2ria d&#8217;aquesta ciutat. \u00c9s per aquest motiu que l&#8217;any 1883 va ser nomenat per Joan Viv\u00e9 i Salv\u00e0, alcalde de Sabadell, arxiver municipal per tal que pogu\u00e9s organitzar tots els seus documents que feien refer\u00e8ncia a la hist\u00f2ria sabadellenca.\u00a0 Ocup\u00e0 aquest c\u00e0rrec durant quaranta anys i al mateix temps dirig\u00ed la<\/span><strong style=\"font-family: inherit; font-size: 1em; text-align: justify;\"><em>\u00a0Revista de Sabadell<\/em><\/strong><span style=\"font-family: inherit; font-size: 1em; text-align: justify;\">.\u00a0 A m\u00e9s, com a secretari de la\u00a0<\/span><strong style=\"font-family: inherit; font-size: 1em; text-align: justify;\">Caixa d&#8217;Estalvis de Sabadell<\/strong><span style=\"font-family: inherit; font-size: 1em; text-align: justify;\">,\u00a0fou un dels impulsors i promotors de la\u00a0<\/span><strong style=\"font-family: inherit; font-size: 1em; text-align: justify;\">Biblioteca<\/strong>,<span style=\"font-family: inherit; font-size: 1em; text-align: justify;\">\u00a0inaugurada l&#8217;any 1928, tres anys despr\u00e9s de la seva mort.<\/span><\/p>\n<p style=\"text-align: justify;\"><strong>Obra:<\/strong><\/p>\n<p align=\"justify\">Va escriure monografies com\u00a0<strong><em>Origen y progresos de Sabadell\u00a0<\/em><\/strong>(1883) i\u00a0<em><strong>Clav\u00e9 i les societats euterpenses<\/strong>.\u00a0<\/em>Assidu participant dels jocs florals, on fou premiat diverses vegades i dels quals fou mantenidor (1905, 1916), conre\u00e0 la poesia l\u00edrica i especialment la de car\u00e0cter festiu. Public\u00e0 els volums\u00a0<strong><em>Idil\u00b7lis i balades\u00a0<\/em><\/strong>(1888),\u00a0<strong><em>Garbuix\u00a0<\/em><\/strong>(1905, 1925) i un altre recull a\u00a0<strong><em>Lectura Popular<\/em><\/strong>. Estren\u00e0 i public\u00e0 tamb\u00e9 obres teatrals com\u00a0<strong><em>La base quinta\u00a0<\/em><\/strong>(1884),\u00a0<strong><em>Lo vectigal de la carn\u00a0<\/em><\/strong>(1888) i la sarsuela\u00a0<strong><em>Assumptos municipals\u00a0<\/em><\/strong>(1881), entre d&#8217;altres.<\/p>\n<p align=\"justify\">La\u00a0<a href=\"http:\/\/agora.xtec.cat\/iesribotiserra\/wp-content\/uploads\/usu1672\/2014\/09\/Manuel-Ribot-i-Serra_GARBA.pdf\" target=\"_blank\" rel=\"noopener noreferrer\">revista Garba<\/a>\u00a0del maig de 1921 ens mostra un recull d&#8217;articles\u00a0sobre en Manuel Ribot i Serra.<\/p>\n<p align=\"justify\"><strong>Fons documental:<\/strong><\/p>\n<ul>\n<li>Enciclop\u00e8dia catalana<\/li>\n<li>BAQU\u00c9S, Josep; BAR\u00d3, Robert.\u00a0<em>Gent Nostra als Carrers de Sabadell.<\/em>\u00a0Ajuntament de Sabadell, 1995 (p\u00e0gina 194).<\/li>\n<li>DEU I BAIGUAL, Esteve; GALCERAN I ABELLA, Anna; PUIG I PINYOL, Maria Rosa.\u00a0<em>Coneixem Sabadell?\u00a0<\/em>Ajuntament de Sabadell, juny de 1984 (p\u00e0gina 77).<\/li>\n<li>RIOS I MASANELL, Joan.\u00a0<em>Personalitats sabadellenques que donen nom als carrers de la ciutat.<\/em>\u00a0<span class=\"new\">Jove Cambra de Sabadell.<\/span>\u00a0Sabadell, 1982.<\/li>\n<\/ul>\n","protected":false},"excerpt":{"rendered":"<p>Manuel Ribot i Serra (Sabadell, 1859 \u2013 1925) fou un bibliotecari, arxiver,\u00a0historiador, dramaturg i poeta molt vinculat a la vida cultural de la seva \u00e8poca. Fill d&#8217;un botiguer del carrer de la Salut, va estudiar als\u00a0escolapis.\u00a0De jove s&#8217;afeccion\u00e0 a les lletres i particip\u00e0 en concursos literaris (\u00e9s l&#8217;autor de l&#8217;obra\u00a0La Puntaire). Fou un dels fundadors [&hellip;]<\/p>\n","protected":false},"author":1,"featured_media":0,"parent":27,"menu_order":2,"comment_status":"closed","ping_status":"closed","template":"page-templates\/side-menu.php","meta":{"_bbp_topic_count":0,"_bbp_reply_count":0,"_bbp_total_topic_count":0,"_bbp_total_reply_count":0,"_bbp_voice_count":0,"_bbp_anonymous_reply_count":0,"_bbp_topic_count_hidden":0,"_bbp_reply_count_hidden":0,"_bbp_forum_subforum_count":0,"site-sidebar-layout":"default","site-content-layout":"","ast-site-content-layout":"","site-content-style":"default","site-sidebar-style":"default","ast-global-header-display":"","ast-banner-title-visibility":"","ast-main-header-display":"","ast-hfb-above-header-display":"","ast-hfb-below-header-display":"","ast-hfb-mobile-header-display":"","site-post-title":"","ast-breadcrumbs-content":"","ast-featured-img":"","footer-sml-layout":"","theme-transparent-header-meta":"","adv-header-id-meta":"","stick-header-meta":"","header-above-stick-meta":"","header-main-stick-meta":"","header-below-stick-meta":"","astra-migrate-meta-layouts":"default","ast-page-background-enabled":"default","ast-page-background-meta":{"desktop":{"background-color":"var(--ast-global-color-4)","background-image":"","background-repeat":"repeat","background-position":"center center","background-size":"auto","background-attachment":"scroll","background-type":"","background-media":"","overlay-type":"","overlay-color":"","overlay-opacity":"","overlay-gradient":""},"tablet":{"background-color":"","background-image":"","background-repeat":"repeat","background-position":"center center","background-size":"auto","background-attachment":"scroll","background-type":"","background-media":"","overlay-type":"","overlay-color":"","overlay-opacity":"","overlay-gradient":""},"mobile":{"background-color":"","background-image":"","background-repeat":"repeat","background-position":"center center","background-size":"auto","background-attachment":"scroll","background-type":"","background-media":"","overlay-type":"","overlay-color":"","overlay-opacity":"","overlay-gradient":""}},"ast-content-background-meta":{"desktop":{"background-color":"var(--ast-global-color-5)","background-image":"","background-repeat":"repeat","background-position":"center center","background-size":"auto","background-attachment":"scroll","background-type":"","background-media":"","overlay-type":"","overlay-color":"","overlay-opacity":"","overlay-gradient":""},"tablet":{"background-color":"var(--ast-global-color-5)","background-image":"","background-repeat":"repeat","background-position":"center center","background-size":"auto","background-attachment":"scroll","background-type":"","background-media":"","overlay-type":"","overlay-color":"","overlay-opacity":"","overlay-gradient":""},"mobile":{"background-color":"var(--ast-global-color-5)","background-image":"","background-repeat":"repeat","background-position":"center center","background-size":"auto","background-attachment":"scroll","background-type":"","background-media":"","overlay-type":"","overlay-color":"","overlay-opacity":"","overlay-gradient":""}},"footnotes":""},"class_list":["post-1773","page","type-page","status-publish","hentry"],"post_mailing_queue_ids":[],"_links":{"self":[{"href":"https:\/\/agora.xtec.cat\/iesribotiserra\/wp-json\/wp\/v2\/pages\/1773","targetHints":{"allow":["GET"]}}],"collection":[{"href":"https:\/\/agora.xtec.cat\/iesribotiserra\/wp-json\/wp\/v2\/pages"}],"about":[{"href":"https:\/\/agora.xtec.cat\/iesribotiserra\/wp-json\/wp\/v2\/types\/page"}],"author":[{"embeddable":true,"href":"https:\/\/agora.xtec.cat\/iesribotiserra\/wp-json\/wp\/v2\/users\/1"}],"replies":[{"embeddable":true,"href":"https:\/\/agora.xtec.cat\/iesribotiserra\/wp-json\/wp\/v2\/comments?post=1773"}],"version-history":[{"count":4,"href":"https:\/\/agora.xtec.cat\/iesribotiserra\/wp-json\/wp\/v2\/pages\/1773\/revisions"}],"predecessor-version":[{"id":6035,"href":"https:\/\/agora.xtec.cat\/iesribotiserra\/wp-json\/wp\/v2\/pages\/1773\/revisions\/6035"}],"up":[{"embeddable":true,"href":"https:\/\/agora.xtec.cat\/iesribotiserra\/wp-json\/wp\/v2\/pages\/27"}],"wp:attachment":[{"href":"https:\/\/agora.xtec.cat\/iesribotiserra\/wp-json\/wp\/v2\/media?parent=1773"}],"curies":[{"name":"wp","href":"https:\/\/api.w.org\/{rel}","templated":true}]}}