{"id":13274,"date":"2026-03-28T23:19:01","date_gmt":"2026-03-28T22:19:01","guid":{"rendered":"https:\/\/agora.xtec.cat\/iesribotiserra\/?page_id=13274"},"modified":"2026-03-29T09:21:21","modified_gmt":"2026-03-29T07:21:21","slug":"https-agora-xtec-cat-iesribotiserra-eso-i-batxillerat-cfgs-estilisme-i-direccio-de-perruqueria","status":"publish","type":"page","link":"https:\/\/agora.xtec.cat\/iesribotiserra\/estudis-que-impartim\/cicles-formatius\/https-agora-xtec-cat-iesribotiserra-eso-i-batxillerat-cfgs-estilisme-i-direccio-de-perruqueria\/https-agora-xtec-cat-iesribotiserra-eso-i-batxillerat-cfgs-estilisme-i-direccio-de-perruqueria\/","title":{"rendered":"CFGS Estilisme i Direcci\u00f3 de Perruqueria. Novetat!!!"},"content":{"rendered":"<h2><strong>Fam\u00edlia professional: Imatge Personal<br \/>\n<\/strong><\/h2>\n<p align=\"justify\">Per al curs 2026-27 tenim la novetat d&#8217;un <strong>Nou cicle de grau superior d&#8217;Estilisme i Direcci\u00f3 de Perruqueria.<\/strong> Aquest cicle pertany a la fam\u00edlia professional d\u2019<strong>imatge personal<\/strong>, proporciona el t\u00edtol de T\u00e8cnic\/a Superior en Estilisme i Direcci\u00f3 de Perruqueria i s\u2019organitza a base de:<\/p>\n<p align=\"justify\"><a href=\"https:\/\/agora.xtec.cat\/iesribotiserra\/wp-content\/uploads\/usu1672\/2026\/03\/Baner-Ribot_05.png\"><img loading=\"lazy\" decoding=\"async\" class=\"alignnone size-large wp-image-13310\" src=\"https:\/\/agora.xtec.cat\/iesribotiserra\/wp-content\/uploads\/usu1672\/2026\/03\/Baner-Ribot_05-1024x364.png\" alt=\"\" width=\"1024\" height=\"364\" srcset=\"https:\/\/agora.xtec.cat\/iesribotiserra\/wp-content\/uploads\/usu1672\/2026\/03\/Baner-Ribot_05-1024x364.png 1024w, https:\/\/agora.xtec.cat\/iesribotiserra\/wp-content\/uploads\/usu1672\/2026\/03\/Baner-Ribot_05-300x107.png 300w, https:\/\/agora.xtec.cat\/iesribotiserra\/wp-content\/uploads\/usu1672\/2026\/03\/Baner-Ribot_05-768x273.png 768w, https:\/\/agora.xtec.cat\/iesribotiserra\/wp-content\/uploads\/usu1672\/2026\/03\/Baner-Ribot_05-1536x546.png 1536w, https:\/\/agora.xtec.cat\/iesribotiserra\/wp-content\/uploads\/usu1672\/2026\/03\/Baner-Ribot_05-2048x728.png 2048w\" sizes=\"auto, (max-width: 1024px) 100vw, 1024px\" \/><\/a><img decoding=\"async\" src=\"consisteix a dirigir i supervisar el desenvolupament dels serveis de perruqueria, planificar i fer tractaments capil\u00b7lars est\u00e8tics i dissenyar estilismes de canvi d'imatge, respectant criteris de qualitat, seguretat, respecte al medi ambient i disseny per a tothom.\" alt=\"\" \/><\/p>\n<div id=\"Layer22\">\n<p align=\"justify\"><strong>PERFIL PROFESSIONAL<\/strong>: consisteix a dirigir i supervisar el desenvolupament dels serveis de perruqueria, planificar i fer tractaments capil\u00b7lars est\u00e8tics i dissenyar estilismes de canvi d&#8217;imatge, respectant criteris de qualitat, seguretat, respecte al medi ambient i disseny per a tothom.<\/p>\n<p class=\"Estilo3\" align=\"justify\"><strong>D<span class=\"Estilo3\">URADA:<\/span><\/strong><span class=\"Estilo3\">\u00a02.000 hores,\u00a0distribu\u00efdes en 2 cursos<\/span><\/p>\n<\/div>\n<p class=\"Estilo3\"><strong>TORN<\/strong>: Mat\u00ed (A) de 8:00h a 14:30h<\/p>\n<p class=\"Estilo3\" align=\"justify\"><strong>SORTIDES PROFESSIONALS:<\/strong> Formaci\u00f3 t\u00e8cnica en perruqueria, Direcci\u00f3 de sal\u00f3, Direcci\u00f3 tecnicoart\u00edstic de perruqueria en produccions audiovisuals, esc\u00e8niques i de moda, Especialista en tractaments capil\u00b7lars, Assessor\/a art\u00edstic de perruqueria, Estilista, Especialista en pr\u00f2tesis capil\u00b7lars i postisseria, Conseller-avaluador d&#8217;empreses de perruqueria, Expert en cures capil\u00b7lars en clients amb necessitats especials, T\u00e8cnic en an\u00e0lisi capil\u00b7lar, Perruquer especialista, Treballador qualificat en cl\u00edniques capil\u00b7lars i centres de medicina i cirurgia est\u00e8tica, T\u00e8cnic comercial, Assessor d&#8217;imatge, Assessor de venda i demostrador de productes i aparells de perruqueria, Assessor de premsa especialitzada en imatge personal i perruqueria.<\/p>\n<p class=\"Estilo3\" align=\"justify\"><strong>\u00c0MBIT PROFESSIONAL: <\/strong>Aquest professional exercir\u00e0 l&#8217;activitat com a director de processos de perruqueria en empreses dedicades al sector i en produccions audiovisuals i esc\u00e8niques, on desenvolupa tasques individuals i en grup a les \u00e0rees funcionals de disseny i innovaci\u00f3, organitzaci\u00f3 i prestaci\u00f3 de serveis, comercialitzaci\u00f3, log\u00edstica, qualitat, prevenci\u00f3 de riscos i gesti\u00f3 ambiental.<\/p>\n<p class=\"Estilo3\" align=\"justify\"><strong>M\u00d2DULS:<\/strong><\/p>\n<ul>\n<li>0750. Processos fisiol\u00f2gics i d\u2019higiene en imatge personal.<\/li>\n<li>1064. Dermotricologia.<\/li>\n<li>1065. Recursos t\u00e8cnics i cosm\u00e8tics.<\/li>\n<li>1066. Tractaments capil\u00b7lars.<\/li>\n<li>1067. Procediments i t\u00e8cniques de perruqueria.<\/li>\n<li>1068. Pentinats per a produccions audiovisuals i de moda.<\/li>\n<li>1069. Estilisme en perruqueria.<\/li>\n<li>1070. Estudi de la imatge.<\/li>\n<li>1071. Direcci\u00f3 i comercialitzaci\u00f3.<\/li>\n<li>1072. Perruqueria per a necessitats especials.<\/li>\n<li>0179. Angl\u00e8s professional.<\/li>\n<li>1665. Digitalitzaci\u00f3 aplicada als sectors productius.<\/li>\n<li>1708. Sostenibilitat aplicada al sistema productiu.<\/li>\n<li>1709. Itinerari personal per a l&#8217;ocupabilitat I.<\/li>\n<li>1710. Itinerari personal per a l&#8217;ocupabilitat II<\/li>\n<li>1073 Projecte Intermodular.<\/li>\n<li>M\u00f2dul professional optatiu.<\/li>\n<\/ul>\n<p class=\"Estilo3\"><strong>FORMACI\u00d3 EN EL CENTRE:<\/strong> 1.485 hores lectives organitzades en m\u00f2duls.<\/p>\n<p class=\"Estilo3\"><strong>ESTADA EN CENTRES DE TREBALL:<\/strong>\u00a0515 hores.<\/p>\n<p class=\"Estilo3\">La qual est\u00e0 distribu\u00efda en la majoria de m\u00f2duls del curr\u00edculum i es du a terme a empreses i entitats mitjan\u00e7ant els convenis de pr\u00e0ctiques que el Departament d\u2019Educaci\u00f3 ha establert.<\/p>\n","protected":false},"excerpt":{"rendered":"<p>Fam\u00edlia professional: Imatge Personal Per al curs 2026-27 tenim la novetat d&#8217;un Nou cicle de grau superior d&#8217;Estilisme i Direcci\u00f3 de Perruqueria. Aquest cicle pertany a la fam\u00edlia professional d\u2019imatge personal, proporciona el t\u00edtol de T\u00e8cnic\/a Superior en Estilisme i Direcci\u00f3 de Perruqueria i s\u2019organitza a base de: PERFIL PROFESSIONAL: consisteix a dirigir i supervisar [&hellip;]<\/p>\n","protected":false},"author":1,"featured_media":0,"parent":1838,"menu_order":0,"comment_status":"closed","ping_status":"closed","template":"page-templates\/side-menu.php","meta":{"_bbp_topic_count":0,"_bbp_reply_count":0,"_bbp_total_topic_count":0,"_bbp_total_reply_count":0,"_bbp_voice_count":0,"_bbp_anonymous_reply_count":0,"_bbp_topic_count_hidden":0,"_bbp_reply_count_hidden":0,"_bbp_forum_subforum_count":0,"site-sidebar-layout":"default","site-content-layout":"","ast-site-content-layout":"","site-content-style":"default","site-sidebar-style":"default","ast-global-header-display":"","ast-banner-title-visibility":"","ast-main-header-display":"","ast-hfb-above-header-display":"","ast-hfb-below-header-display":"","ast-hfb-mobile-header-display":"","site-post-title":"","ast-breadcrumbs-content":"","ast-featured-img":"","footer-sml-layout":"","theme-transparent-header-meta":"","adv-header-id-meta":"","stick-header-meta":"","header-above-stick-meta":"","header-main-stick-meta":"","header-below-stick-meta":"","astra-migrate-meta-layouts":"default","ast-page-background-enabled":"default","ast-page-background-meta":{"desktop":{"background-color":"var(--ast-global-color-4)","background-image":"","background-repeat":"repeat","background-position":"center center","background-size":"auto","background-attachment":"scroll","background-type":"","background-media":"","overlay-type":"","overlay-color":"","overlay-opacity":"","overlay-gradient":""},"tablet":{"background-color":"","background-image":"","background-repeat":"repeat","background-position":"center center","background-size":"auto","background-attachment":"scroll","background-type":"","background-media":"","overlay-type":"","overlay-color":"","overlay-opacity":"","overlay-gradient":""},"mobile":{"background-color":"","background-image":"","background-repeat":"repeat","background-position":"center center","background-size":"auto","background-attachment":"scroll","background-type":"","background-media":"","overlay-type":"","overlay-color":"","overlay-opacity":"","overlay-gradient":""}},"ast-content-background-meta":{"desktop":{"background-color":"var(--ast-global-color-5)","background-image":"","background-repeat":"repeat","background-position":"center center","background-size":"auto","background-attachment":"scroll","background-type":"","background-media":"","overlay-type":"","overlay-color":"","overlay-opacity":"","overlay-gradient":""},"tablet":{"background-color":"var(--ast-global-color-5)","background-image":"","background-repeat":"repeat","background-position":"center center","background-size":"auto","background-attachment":"scroll","background-type":"","background-media":"","overlay-type":"","overlay-color":"","overlay-opacity":"","overlay-gradient":""},"mobile":{"background-color":"var(--ast-global-color-5)","background-image":"","background-repeat":"repeat","background-position":"center center","background-size":"auto","background-attachment":"scroll","background-type":"","background-media":"","overlay-type":"","overlay-color":"","overlay-opacity":"","overlay-gradient":""}},"footnotes":""},"class_list":["post-13274","page","type-page","status-publish","hentry"],"post_mailing_queue_ids":[],"_links":{"self":[{"href":"https:\/\/agora.xtec.cat\/iesribotiserra\/wp-json\/wp\/v2\/pages\/13274","targetHints":{"allow":["GET"]}}],"collection":[{"href":"https:\/\/agora.xtec.cat\/iesribotiserra\/wp-json\/wp\/v2\/pages"}],"about":[{"href":"https:\/\/agora.xtec.cat\/iesribotiserra\/wp-json\/wp\/v2\/types\/page"}],"author":[{"embeddable":true,"href":"https:\/\/agora.xtec.cat\/iesribotiserra\/wp-json\/wp\/v2\/users\/1"}],"replies":[{"embeddable":true,"href":"https:\/\/agora.xtec.cat\/iesribotiserra\/wp-json\/wp\/v2\/comments?post=13274"}],"version-history":[{"count":6,"href":"https:\/\/agora.xtec.cat\/iesribotiserra\/wp-json\/wp\/v2\/pages\/13274\/revisions"}],"predecessor-version":[{"id":13326,"href":"https:\/\/agora.xtec.cat\/iesribotiserra\/wp-json\/wp\/v2\/pages\/13274\/revisions\/13326"}],"up":[{"embeddable":true,"href":"https:\/\/agora.xtec.cat\/iesribotiserra\/wp-json\/wp\/v2\/pages\/1838"}],"wp:attachment":[{"href":"https:\/\/agora.xtec.cat\/iesribotiserra\/wp-json\/wp\/v2\/media?parent=13274"}],"curies":[{"name":"wp","href":"https:\/\/api.w.org\/{rel}","templated":true}]}}