{"id":13119,"date":"2026-02-24T16:17:09","date_gmt":"2026-02-24T15:17:09","guid":{"rendered":"https:\/\/agora.xtec.cat\/iesribotiserra\/?page_id=13119"},"modified":"2026-02-24T16:37:53","modified_gmt":"2026-02-24T15:37:53","slug":"coordinacio-informatica","status":"publish","type":"page","link":"https:\/\/agora.xtec.cat\/iesribotiserra\/coordinacio-informatica\/","title":{"rendered":"Coordinaci\u00f3 Informatica"},"content":{"rendered":"<p data-path-to-node=\"6,0\"><i data-path-to-node=\"6,0\" data-index-in-node=\"0\">L&#8217;equip de coordinaci\u00f3 inform\u00e0tica i digital s&#8217;encarrega de gestionar els recursos tecnol\u00f2gics de l&#8217;institut Ribot i Serra, donar suport a l&#8217;alumnat, al professorat, i impulsar la compet\u00e8ncia digital al centre.<\/i><\/p>\n<p data-path-to-node=\"6,1\"><i data-path-to-node=\"6,1\" data-index-in-node=\"0\">Per a m\u00e9s informaci\u00f3, recursos i contacte, pots visitar el nostre espai web:<\/i> <span style=\"color: #000000; background-color: #a8ffff;\"><a style=\"color: #000000; background-color: #a8ffff;\" href=\"https:\/\/sites.google.com\/ribotiserra.cat\/coordinaci-informtica\/coordinaci%C3%B3-digital?authuser=0\"><i data-path-to-node=\"6,1\" data-index-in-node=\"77\">Accedeix a la web de la Coordinaci\u00f3 Digital<\/i><\/a><\/span><\/p>\n<p><a href=\"https:\/\/agora.xtec.cat\/iesribotiserra\/wp-content\/uploads\/usu1672\/2026\/02\/Institut-Ribot-i-Serra-C.-Informatica-1.png\"><img loading=\"lazy\" decoding=\"async\" class=\" wp-image-13136 aligncenter\" src=\"https:\/\/agora.xtec.cat\/iesribotiserra\/wp-content\/uploads\/usu1672\/2026\/02\/Institut-Ribot-i-Serra-C.-Informatica-1-300x94.png\" alt=\"\" width=\"884\" height=\"277\" srcset=\"https:\/\/agora.xtec.cat\/iesribotiserra\/wp-content\/uploads\/usu1672\/2026\/02\/Institut-Ribot-i-Serra-C.-Informatica-1-300x94.png 300w, https:\/\/agora.xtec.cat\/iesribotiserra\/wp-content\/uploads\/usu1672\/2026\/02\/Institut-Ribot-i-Serra-C.-Informatica-1-1024x321.png 1024w, https:\/\/agora.xtec.cat\/iesribotiserra\/wp-content\/uploads\/usu1672\/2026\/02\/Institut-Ribot-i-Serra-C.-Informatica-1-768x241.png 768w, https:\/\/agora.xtec.cat\/iesribotiserra\/wp-content\/uploads\/usu1672\/2026\/02\/Institut-Ribot-i-Serra-C.-Informatica-1.png 1536w\" sizes=\"auto, (max-width: 884px) 100vw, 884px\" \/><\/a><\/p>\n","protected":false},"excerpt":{"rendered":"<p>L&#8217;equip de coordinaci\u00f3 inform\u00e0tica i digital s&#8217;encarrega de gestionar els recursos tecnol\u00f2gics de l&#8217;institut Ribot i Serra, donar suport a l&#8217;alumnat, al professorat, i impulsar la compet\u00e8ncia digital al centre. Per a m\u00e9s informaci\u00f3, recursos i contacte, pots visitar el nostre espai web: Accedeix a la web de la Coordinaci\u00f3 Digital<\/p>\n","protected":false},"author":1,"featured_media":0,"parent":0,"menu_order":0,"comment_status":"closed","ping_status":"closed","template":"","meta":{"_bbp_topic_count":0,"_bbp_reply_count":0,"_bbp_total_topic_count":0,"_bbp_total_reply_count":0,"_bbp_voice_count":0,"_bbp_anonymous_reply_count":0,"_bbp_topic_count_hidden":0,"_bbp_reply_count_hidden":0,"_bbp_forum_subforum_count":0,"site-sidebar-layout":"default","site-content-layout":"","ast-site-content-layout":"","site-content-style":"default","site-sidebar-style":"default","ast-global-header-display":"","ast-banner-title-visibility":"","ast-main-header-display":"","ast-hfb-above-header-display":"","ast-hfb-below-header-display":"","ast-hfb-mobile-header-display":"","site-post-title":"","ast-breadcrumbs-content":"","ast-featured-img":"","footer-sml-layout":"","theme-transparent-header-meta":"","adv-header-id-meta":"","stick-header-meta":"","header-above-stick-meta":"","header-main-stick-meta":"","header-below-stick-meta":"","astra-migrate-meta-layouts":"default","ast-page-background-enabled":"default","ast-page-background-meta":{"desktop":{"background-color":"var(--ast-global-color-4)","background-image":"","background-repeat":"repeat","background-position":"center center","background-size":"auto","background-attachment":"scroll","background-type":"","background-media":"","overlay-type":"","overlay-color":"","overlay-opacity":"","overlay-gradient":""},"tablet":{"background-color":"","background-image":"","background-repeat":"repeat","background-position":"center center","background-size":"auto","background-attachment":"scroll","background-type":"","background-media":"","overlay-type":"","overlay-color":"","overlay-opacity":"","overlay-gradient":""},"mobile":{"background-color":"","background-image":"","background-repeat":"repeat","background-position":"center center","background-size":"auto","background-attachment":"scroll","background-type":"","background-media":"","overlay-type":"","overlay-color":"","overlay-opacity":"","overlay-gradient":""}},"ast-content-background-meta":{"desktop":{"background-color":"var(--ast-global-color-5)","background-image":"","background-repeat":"repeat","background-position":"center center","background-size":"auto","background-attachment":"scroll","background-type":"","background-media":"","overlay-type":"","overlay-color":"","overlay-opacity":"","overlay-gradient":""},"tablet":{"background-color":"var(--ast-global-color-5)","background-image":"","background-repeat":"repeat","background-position":"center center","background-size":"auto","background-attachment":"scroll","background-type":"","background-media":"","overlay-type":"","overlay-color":"","overlay-opacity":"","overlay-gradient":""},"mobile":{"background-color":"var(--ast-global-color-5)","background-image":"","background-repeat":"repeat","background-position":"center center","background-size":"auto","background-attachment":"scroll","background-type":"","background-media":"","overlay-type":"","overlay-color":"","overlay-opacity":"","overlay-gradient":""}},"footnotes":""},"class_list":["post-13119","page","type-page","status-publish","hentry"],"post_mailing_queue_ids":[],"_links":{"self":[{"href":"https:\/\/agora.xtec.cat\/iesribotiserra\/wp-json\/wp\/v2\/pages\/13119","targetHints":{"allow":["GET"]}}],"collection":[{"href":"https:\/\/agora.xtec.cat\/iesribotiserra\/wp-json\/wp\/v2\/pages"}],"about":[{"href":"https:\/\/agora.xtec.cat\/iesribotiserra\/wp-json\/wp\/v2\/types\/page"}],"author":[{"embeddable":true,"href":"https:\/\/agora.xtec.cat\/iesribotiserra\/wp-json\/wp\/v2\/users\/1"}],"replies":[{"embeddable":true,"href":"https:\/\/agora.xtec.cat\/iesribotiserra\/wp-json\/wp\/v2\/comments?post=13119"}],"version-history":[{"count":7,"href":"https:\/\/agora.xtec.cat\/iesribotiserra\/wp-json\/wp\/v2\/pages\/13119\/revisions"}],"predecessor-version":[{"id":13140,"href":"https:\/\/agora.xtec.cat\/iesribotiserra\/wp-json\/wp\/v2\/pages\/13119\/revisions\/13140"}],"wp:attachment":[{"href":"https:\/\/agora.xtec.cat\/iesribotiserra\/wp-json\/wp\/v2\/media?parent=13119"}],"curies":[{"name":"wp","href":"https:\/\/api.w.org\/{rel}","templated":true}]}}