{"id":13001,"date":"2026-02-19T22:18:50","date_gmt":"2026-02-19T21:18:50","guid":{"rendered":"https:\/\/agora.xtec.cat\/iesribotiserra\/?page_id=13001"},"modified":"2026-02-19T23:27:25","modified_gmt":"2026-02-19T22:27:25","slug":"cfgm-dactivitats-comercials","status":"publish","type":"page","link":"https:\/\/agora.xtec.cat\/iesribotiserra\/cfgm-dactivitats-comercials\/","title":{"rendered":"CFGM Activitats comercials"},"content":{"rendered":"<h2><strong>Fam\u00edlia professional: Comer\u00e7 i m\u00e0rqueting<br \/>\n<\/strong><\/h2>\n<p>El curs\u00a0<strong>2025-2026<\/strong>\u00a0dona inici al\u00a0<strong>cicle formatiu de grau mitj\u00e0 d\u2019Activitats Comercials<\/strong>. Aquest cicle pertany a la fam\u00edlia professional de\u00a0<strong>Comer\u00e7 i M\u00e0rqueting<\/strong>, proporciona el t\u00edtol de\u00a0<strong>T\u00e8cnic\/a en Activitats Comercials<\/strong>\u00a0i s\u2019organitza a base de:<\/p>\n<ul>\n<li><strong>M\u00f2duls de car\u00e0cter teoricopr\u00e0ctic<\/strong>\u00a0vinculats a les funcions pr\u00f2pies del comer\u00e7: venda i atenci\u00f3 al client, gesti\u00f3 de compres, magatzem i estocs, aparadorisme i dinamitzaci\u00f3 del punt de venda, m\u00e0rqueting i comer\u00e7 electr\u00f2nic, i eines digitals aplicades.<\/li>\n<li>Un\u00a0<strong>Projecte intermodular<\/strong>\u00a0per treballar de manera integrada els aprenentatges del cicle a trav\u00e9s d\u2019un repte o projecte global.<\/li>\n<li>Un\u00a0<strong>bloc d\u2019estada en centres de treball (FCT)<\/strong>, que es realitza en empreses mitjan\u00e7ant els convenis de pr\u00e0ctiques establerts pel Departament d\u2019Educaci\u00f3.<\/li>\n<\/ul>\n<p><img decoding=\"async\" src=\"https:\/\/agora.xtec.cat\/iesribotiserra\/wp-content\/uploads\/usu1672\/2026\/02\/AC-copia-scaled.jpg\" alt=\"\" \/><\/p>\n<p><strong>PERFIL PROFESSIONAL:<\/strong>\u00a0Proporciona els coneixements i les habilitats necess\u00e0ries per dur a terme activitats de\u00a0<strong>comercialitzaci\u00f3 i distribuci\u00f3 de b\u00e9ns i\/o serveis<\/strong>, donar una\u00a0<strong>atenci\u00f3 comercial de qualitat<\/strong>\u00a0i participar en la\u00a0<strong>gesti\u00f3 operativa d\u2019un petit establiment<\/strong>, aplicant criteris d\u2019efici\u00e8ncia, seguretat i sostenibilitat i actuant d\u2019acord amb la normativa vigent.<\/p>\n<p><strong>DURADA:<\/strong>\u00a0<strong>2.000 hores. 2 cursos<\/strong><\/p>\n<p><strong>TORN:<\/strong>\u00a0<strong>Mat\u00ed<\/strong>, de\u00a0<strong>8:00 a 14:30<\/strong><\/p>\n<p><strong>FORMACI\u00d3 EN EL CENTRE:<\/strong>\u00a0<strong>1.485 hores.<\/strong><\/p>\n<p><strong>ESTADA EN CENTRES DE TREBALL (FCT):<\/strong>\u00a0<strong>515 hores<\/strong>\u00a0(en\u00a0<strong>bloc d\u2019estada<\/strong>).<\/p>\n<p><strong>\u00c0MBIT PROFESSIONAL:<\/strong>\u00a0Comer\u00e7 al detall i de proximitat (petit comer\u00e7), cadenes comercials i grans superf\u00edcies, empreses de distribuci\u00f3 i log\u00edstica (magatzem, recepci\u00f3 i expedici\u00f3), serveis d\u2019informaci\u00f3 i atenci\u00f3 al client (presencial i a dist\u00e0ncia), i entorns de comer\u00e7 digital amb tasques de suport a l\u2019operativa b\u00e0sica i a la gesti\u00f3 de continguts.<\/p>\n<p><strong>SORTIDES PROFESSIONALS:<\/strong>\u00a0Venedor\/a t\u00e8cnic\/a, promotor\/a o representant comercial, caixer\/a, reposador\/a, personal d\u2019atenci\u00f3 al client i informaci\u00f3 comercial, teleoperador\/a, auxiliar de gesti\u00f3 d\u2019estocs i magatzem (recepci\u00f3\/expedici\u00f3), operador\/a de venda multicanal, i suport operatiu en comer\u00e7 electr\u00f2nic i gesti\u00f3 b\u00e0sica de continguts.<\/p>\n<p><strong>M\u00d2DULS PROFESSIONALS:<\/strong><\/p>\n<p>1226. M\u00e0rqueting en l\u2019activitat comercial.<\/p>\n<p>1227. Gesti\u00f3 d\u2019un petit comer\u00e7.<\/p>\n<p>1228. T\u00e8cniques de magatzem.<\/p>\n<p>1229. Gesti\u00f3 de compres.<\/p>\n<p>1230. Venda t\u00e8cnica.<\/p>\n<p>1231. Dinamitzaci\u00f3 del punt de venda.<\/p>\n<p>1232. Processos de venda.<\/p>\n<p>1233. Aplicacions inform\u00e0tiques per al comer\u00e7.<\/p>\n<p>1234. Serveis d\u2019atenci\u00f3 comercial.<\/p>\n<p>1235. Comer\u00e7 electr\u00f2nic.<\/p>\n<p>C056. Catal\u00e0 professional.<\/p>\n<p>0156. Angl\u00e8s professional.<\/p>\n<p>1664. Digitalitzaci\u00f3 aplicada als sectors productius.<\/p>\n<p>1708. Sostenibilitat aplicada al sistema productiu.<\/p>\n<p>1709. Itinerari personal per a l\u2019ocupabilitat I.<\/p>\n<p>1710. Itinerari personal per a l\u2019ocupabilitat II.<\/p>\n<p>1713. Projecte intermodular.<\/p>\n<p>M\u00f2dul professional optatiu.<\/p>\n<p>Tutoria<\/p>\n","protected":false},"excerpt":{"rendered":"<p>Fam\u00edlia professional: Comer\u00e7 i m\u00e0rqueting El curs\u00a02025-2026\u00a0dona inici al\u00a0cicle formatiu de grau mitj\u00e0 d\u2019Activitats Comercials. Aquest cicle pertany a la fam\u00edlia professional de\u00a0Comer\u00e7 i M\u00e0rqueting, proporciona el t\u00edtol de\u00a0T\u00e8cnic\/a en Activitats Comercials\u00a0i s\u2019organitza a base de: M\u00f2duls de car\u00e0cter teoricopr\u00e0ctic\u00a0vinculats a les funcions pr\u00f2pies del comer\u00e7: venda i atenci\u00f3 al client, gesti\u00f3 de compres, magatzem [&hellip;]<\/p>\n","protected":false},"author":1,"featured_media":0,"parent":0,"menu_order":0,"comment_status":"closed","ping_status":"closed","template":"","meta":{"_bbp_topic_count":0,"_bbp_reply_count":0,"_bbp_total_topic_count":0,"_bbp_total_reply_count":0,"_bbp_voice_count":0,"_bbp_anonymous_reply_count":0,"_bbp_topic_count_hidden":0,"_bbp_reply_count_hidden":0,"_bbp_forum_subforum_count":0,"site-sidebar-layout":"default","site-content-layout":"","ast-site-content-layout":"","site-content-style":"default","site-sidebar-style":"default","ast-global-header-display":"","ast-banner-title-visibility":"","ast-main-header-display":"","ast-hfb-above-header-display":"","ast-hfb-below-header-display":"","ast-hfb-mobile-header-display":"","site-post-title":"","ast-breadcrumbs-content":"","ast-featured-img":"","footer-sml-layout":"","theme-transparent-header-meta":"","adv-header-id-meta":"","stick-header-meta":"","header-above-stick-meta":"","header-main-stick-meta":"","header-below-stick-meta":"","astra-migrate-meta-layouts":"default","ast-page-background-enabled":"default","ast-page-background-meta":{"desktop":{"background-color":"var(--ast-global-color-4)","background-image":"","background-repeat":"repeat","background-position":"center center","background-size":"auto","background-attachment":"scroll","background-type":"","background-media":"","overlay-type":"","overlay-color":"","overlay-opacity":"","overlay-gradient":""},"tablet":{"background-color":"","background-image":"","background-repeat":"repeat","background-position":"center center","background-size":"auto","background-attachment":"scroll","background-type":"","background-media":"","overlay-type":"","overlay-color":"","overlay-opacity":"","overlay-gradient":""},"mobile":{"background-color":"","background-image":"","background-repeat":"repeat","background-position":"center center","background-size":"auto","background-attachment":"scroll","background-type":"","background-media":"","overlay-type":"","overlay-color":"","overlay-opacity":"","overlay-gradient":""}},"ast-content-background-meta":{"desktop":{"background-color":"var(--ast-global-color-5)","background-image":"","background-repeat":"repeat","background-position":"center center","background-size":"auto","background-attachment":"scroll","background-type":"","background-media":"","overlay-type":"","overlay-color":"","overlay-opacity":"","overlay-gradient":""},"tablet":{"background-color":"var(--ast-global-color-5)","background-image":"","background-repeat":"repeat","background-position":"center center","background-size":"auto","background-attachment":"scroll","background-type":"","background-media":"","overlay-type":"","overlay-color":"","overlay-opacity":"","overlay-gradient":""},"mobile":{"background-color":"var(--ast-global-color-5)","background-image":"","background-repeat":"repeat","background-position":"center center","background-size":"auto","background-attachment":"scroll","background-type":"","background-media":"","overlay-type":"","overlay-color":"","overlay-opacity":"","overlay-gradient":""}},"footnotes":""},"class_list":["post-13001","page","type-page","status-publish","hentry"],"post_mailing_queue_ids":[],"_links":{"self":[{"href":"https:\/\/agora.xtec.cat\/iesribotiserra\/wp-json\/wp\/v2\/pages\/13001","targetHints":{"allow":["GET"]}}],"collection":[{"href":"https:\/\/agora.xtec.cat\/iesribotiserra\/wp-json\/wp\/v2\/pages"}],"about":[{"href":"https:\/\/agora.xtec.cat\/iesribotiserra\/wp-json\/wp\/v2\/types\/page"}],"author":[{"embeddable":true,"href":"https:\/\/agora.xtec.cat\/iesribotiserra\/wp-json\/wp\/v2\/users\/1"}],"replies":[{"embeddable":true,"href":"https:\/\/agora.xtec.cat\/iesribotiserra\/wp-json\/wp\/v2\/comments?post=13001"}],"version-history":[{"count":3,"href":"https:\/\/agora.xtec.cat\/iesribotiserra\/wp-json\/wp\/v2\/pages\/13001\/revisions"}],"predecessor-version":[{"id":13045,"href":"https:\/\/agora.xtec.cat\/iesribotiserra\/wp-json\/wp\/v2\/pages\/13001\/revisions\/13045"}],"wp:attachment":[{"href":"https:\/\/agora.xtec.cat\/iesribotiserra\/wp-json\/wp\/v2\/media?parent=13001"}],"curies":[{"name":"wp","href":"https:\/\/api.w.org\/{rel}","templated":true}]}}