{"id":12409,"date":"2025-05-05T08:36:09","date_gmt":"2025-05-05T06:36:09","guid":{"rendered":"https:\/\/agora.xtec.cat\/iesribotiserra\/?page_id=12409"},"modified":"2026-04-09T10:18:27","modified_gmt":"2026-04-09T08:18:27","slug":"secretaria-2","status":"publish","type":"page","link":"https:\/\/agora.xtec.cat\/iesribotiserra\/linstitut\/secretaria-2\/","title":{"rendered":"Secretaria"},"content":{"rendered":"<h4 class=\"gmail_default\" style=\"text-align: center;\"><strong>HORARI DE SECRETARIA<\/strong><\/h4>\n<p style=\"text-align: center;\">Dilluns, dimecres i divendres de 9:30h a 13:30h<\/p>\n<p style=\"text-align: center;\">Dimarts i dijous \u2013 de 9:30h a 13:30h i de 15:30h a 18:00h<\/p>\n<p style=\"text-align: center;\"><strong>Horari d&#8217;estiu\u00a0 (03\/06 al 24\/07 i 01\/09 al 30\/09)<\/strong><\/p>\n<p style=\"text-align: center;\">De dilluns a divendres, de 9:30 a 13:30<\/p>\n<h4 style=\"text-align: center;\">POSTOBLIGATORIS<\/h4>\n<h5 style=\"text-align: center;\"><strong>SOL\u00b7LICITUD T\u00cdTOLS ACAD\u00c8MICS Batxillerat, CFPM i CFPS<\/strong>\u00a0\u2013 RTT<\/h5>\n<p style=\"text-align: center;\">A partir d\u2019ara, seran els propis alumnes qui hauran de sol\u00b7licitar el t\u00edtol, tant la primera expedici\u00f3 com un duplicat o actualitzaci\u00f3 del t\u00edtol inicialment expedit, a trav\u00e9s del tr\u00e0mit espec\u00edfic:<\/p>\n<p style=\"text-align: center;\"><a href=\"https:\/\/web.gencat.cat\/ca\/tramits\/tramits-temes\/titols-academics-no-universitaris?category=742b7874-a82c-11e3-a972-000c29052e2c\" target=\"_blank\" rel=\"noopener\" data-saferedirecturl=\"https:\/\/www.google.com\/url?q=https:\/\/web.gencat.cat\/ca\/tramits\/tramits-temes\/titols-academics-no-universitaris?category%3D742b7874-a82c-11e3-a972-000c29052e2c&amp;source=gmail&amp;ust=1771689783289000&amp;usg=AOvVaw1JrK6H0ILwotJL8CYxNcWd\">Sol\u00b7licitar tramitaci\u00f3 del t\u00edtol<\/a><\/p>\n<p style=\"text-align: center;\">Per poder-ho fer, caldr\u00e0 que els alumnes tinguin identificaci\u00f3 digital \u2013 IdCAT m\u00f2bil:<\/p>\n<p style=\"text-align: center;\"><a href=\"https:\/\/web.gencat.cat\/ca\/tramits\/suport-tramitacio\/durant-la-tramitacio\/signatura-identificacio-digital\/idcat-mobil\/index.html\" target=\"_blank\" rel=\"noopener\" data-saferedirecturl=\"https:\/\/www.google.com\/url?q=https:\/\/web.gencat.cat\/ca\/tramits\/suport-tramitacio\/durant-la-tramitacio\/signatura-identificacio-digital\/idcat-mobil\/index.html&amp;source=gmail&amp;ust=1771689783289000&amp;usg=AOvVaw2P5twkLuRVhFzYOw-g6Mno\">IdCAT M\u00f2bil<\/a><\/p>\n<p style=\"text-align: center;\">Un cop acabat el tr\u00e0mit, els alumnes haureu d&#8217;enviar\u00a0 el resguard de sol\u00b7licitud i el rebut de pagament a l&#8217;institut:<\/p>\n<p style=\"text-align: center;\">\u00a0<a href=\"mailto:secretaria@ribotiserra.cat\" target=\"_blank\" rel=\"noopener\">secretaria@ribotiserra.cat<\/a><\/p>\n","protected":false},"excerpt":{"rendered":"<p>HORARI DE SECRETARIA Dilluns, dimecres i divendres de 9:30h a 13:30h Dimarts i dijous \u2013 de 9:30h a 13:30h i de 15:30h a 18:00h Horari d&#8217;estiu\u00a0 (03\/06 al 24\/07 i 01\/09 al 30\/09) De dilluns a divendres, de 9:30 a 13:30 POSTOBLIGATORIS SOL\u00b7LICITUD T\u00cdTOLS ACAD\u00c8MICS Batxillerat, CFPM i CFPS\u00a0\u2013 RTT A partir d\u2019ara, seran els [&hellip;]<\/p>\n","protected":false},"author":1,"featured_media":0,"parent":19,"menu_order":4,"comment_status":"closed","ping_status":"closed","template":"","meta":{"_bbp_topic_count":0,"_bbp_reply_count":0,"_bbp_total_topic_count":0,"_bbp_total_reply_count":0,"_bbp_voice_count":0,"_bbp_anonymous_reply_count":0,"_bbp_topic_count_hidden":0,"_bbp_reply_count_hidden":0,"_bbp_forum_subforum_count":0,"site-sidebar-layout":"default","site-content-layout":"","ast-site-content-layout":"default","site-content-style":"default","site-sidebar-style":"default","ast-global-header-display":"","ast-banner-title-visibility":"","ast-main-header-display":"","ast-hfb-above-header-display":"","ast-hfb-below-header-display":"","ast-hfb-mobile-header-display":"","site-post-title":"","ast-breadcrumbs-content":"","ast-featured-img":"","footer-sml-layout":"","theme-transparent-header-meta":"default","adv-header-id-meta":"","stick-header-meta":"","header-above-stick-meta":"","header-main-stick-meta":"","header-below-stick-meta":"","astra-migrate-meta-layouts":"set","ast-page-background-enabled":"default","ast-page-background-meta":{"desktop":{"background-color":"var(--ast-global-color-4)","background-image":"","background-repeat":"repeat","background-position":"center center","background-size":"auto","background-attachment":"scroll","background-type":"","background-media":"","overlay-type":"","overlay-color":"","overlay-opacity":"","overlay-gradient":""},"tablet":{"background-color":"","background-image":"","background-repeat":"repeat","background-position":"center center","background-size":"auto","background-attachment":"scroll","background-type":"","background-media":"","overlay-type":"","overlay-color":"","overlay-opacity":"","overlay-gradient":""},"mobile":{"background-color":"","background-image":"","background-repeat":"repeat","background-position":"center center","background-size":"auto","background-attachment":"scroll","background-type":"","background-media":"","overlay-type":"","overlay-color":"","overlay-opacity":"","overlay-gradient":""}},"ast-content-background-meta":{"desktop":{"background-color":"var(--ast-global-color-5)","background-image":"","background-repeat":"repeat","background-position":"center center","background-size":"auto","background-attachment":"scroll","background-type":"","background-media":"","overlay-type":"","overlay-color":"","overlay-opacity":"","overlay-gradient":""},"tablet":{"background-color":"var(--ast-global-color-5)","background-image":"","background-repeat":"repeat","background-position":"center center","background-size":"auto","background-attachment":"scroll","background-type":"","background-media":"","overlay-type":"","overlay-color":"","overlay-opacity":"","overlay-gradient":""},"mobile":{"background-color":"var(--ast-global-color-5)","background-image":"","background-repeat":"repeat","background-position":"center center","background-size":"auto","background-attachment":"scroll","background-type":"","background-media":"","overlay-type":"","overlay-color":"","overlay-opacity":"","overlay-gradient":""}},"footnotes":""},"class_list":["post-12409","page","type-page","status-publish","hentry"],"post_mailing_queue_ids":[],"_links":{"self":[{"href":"https:\/\/agora.xtec.cat\/iesribotiserra\/wp-json\/wp\/v2\/pages\/12409","targetHints":{"allow":["GET"]}}],"collection":[{"href":"https:\/\/agora.xtec.cat\/iesribotiserra\/wp-json\/wp\/v2\/pages"}],"about":[{"href":"https:\/\/agora.xtec.cat\/iesribotiserra\/wp-json\/wp\/v2\/types\/page"}],"author":[{"embeddable":true,"href":"https:\/\/agora.xtec.cat\/iesribotiserra\/wp-json\/wp\/v2\/users\/1"}],"replies":[{"embeddable":true,"href":"https:\/\/agora.xtec.cat\/iesribotiserra\/wp-json\/wp\/v2\/comments?post=12409"}],"version-history":[{"count":6,"href":"https:\/\/agora.xtec.cat\/iesribotiserra\/wp-json\/wp\/v2\/pages\/12409\/revisions"}],"predecessor-version":[{"id":13461,"href":"https:\/\/agora.xtec.cat\/iesribotiserra\/wp-json\/wp\/v2\/pages\/12409\/revisions\/13461"}],"up":[{"embeddable":true,"href":"https:\/\/agora.xtec.cat\/iesribotiserra\/wp-json\/wp\/v2\/pages\/19"}],"wp:attachment":[{"href":"https:\/\/agora.xtec.cat\/iesribotiserra\/wp-json\/wp\/v2\/media?parent=12409"}],"curies":[{"name":"wp","href":"https:\/\/api.w.org\/{rel}","templated":true}]}}