{"id":1190,"date":"2018-02-19T18:29:57","date_gmt":"2018-02-19T17:29:57","guid":{"rendered":"http:\/\/agora.xtec.cat\/iesribotiserra\/?page_id=1190"},"modified":"2026-01-04T14:44:19","modified_gmt":"2026-01-04T13:44:19","slug":"batxillerat-2","status":"publish","type":"page","link":"https:\/\/agora.xtec.cat\/iesribotiserra\/estudis-que-impartim\/batxillerat-2\/","title":{"rendered":"Batxillerat"},"content":{"rendered":"<p style=\"text-align: justify;\">Es pot escollir entre tres modalitats de batxillerat:\u00a0<strong>arts<\/strong>,\u00a0<strong>ci\u00e8ncies i tecnologia<\/strong>, i\u00a0<strong>humanitats i ci\u00e8ncies socials<\/strong>.<\/p>\n<p style=\"text-align: justify;\">El curr\u00edculum de batxillerat consta d&#8217;una part comuna (les mat\u00e8ries comunes) i una part diversificada (la mat\u00e8ria comuna d&#8217;opci\u00f3, les mat\u00e8ries de modalitat, les mat\u00e8ries espec\u00edfiques i el treball de recerca). A m\u00e9s, els alumnes tenen assignada una hora setmanal de tutoria.<\/p>\n<p style=\"text-align: justify;\">En cada curs, de les trenta hores lectives setmanals, catorze es dediquen a les mat\u00e8ries comunes i la tutoria, i les setze restants, a la part diversificada.<\/p>\n<h3>Acc\u00e9s<\/h3>\n<p style=\"text-align: justify;\">Per accedir al batxillerat cal:<\/p>\n<ul>\n<li style=\"text-align: justify;\">tenir el t\u00edtol de graduat o graduada en educaci\u00f3 secund\u00e0ria obligat\u00f2ria (GESO) o<\/li>\n<li style=\"text-align: justify;\">tenir el t\u00edtol de t\u00e8cnic o t\u00e8cnica d&#8217;un cicle formatiu de grau mitj\u00e0 o t\u00e8cnic superior o t\u00e8cnica superior d&#8217;un cicle formatiu de grau superior (en aquests casos es pot demanar la convalidaci\u00f3 de mat\u00e8ries optatives i del treball de recerca) o<\/li>\n<li style=\"text-align: justify;\">haver cursat estudis de sistemes educatius estrangers que hagin estat homologats amb el t\u00edtol de GESO o el de t\u00e8cnic o t\u00e8cnica. L&#8217;homologaci\u00f3 s&#8217;acredita mitjan\u00e7ant la credencial corresponent o b\u00e9, si encara es troba en tr\u00e0mit, presentant el \u201cvolant per a la inscripci\u00f3 condicional en centres educatius\u201d.<\/li>\n<\/ul>\n","protected":false},"excerpt":{"rendered":"<p>Es pot escollir entre tres modalitats de batxillerat:\u00a0arts,\u00a0ci\u00e8ncies i tecnologia, i\u00a0humanitats i ci\u00e8ncies socials. El curr\u00edculum de batxillerat consta d&#8217;una part comuna (les mat\u00e8ries comunes) i una part diversificada (la mat\u00e8ria comuna d&#8217;opci\u00f3, les mat\u00e8ries de modalitat, les mat\u00e8ries espec\u00edfiques i el treball de recerca). A m\u00e9s, els alumnes tenen assignada una hora setmanal de [&hellip;]<\/p>\n","protected":false},"author":1,"featured_media":0,"parent":1776,"menu_order":2,"comment_status":"closed","ping_status":"closed","template":"page-templates\/side-menu.php","meta":{"_bbp_topic_count":0,"_bbp_reply_count":0,"_bbp_total_topic_count":0,"_bbp_total_reply_count":0,"_bbp_voice_count":0,"_bbp_anonymous_reply_count":0,"_bbp_topic_count_hidden":0,"_bbp_reply_count_hidden":0,"_bbp_forum_subforum_count":0,"site-sidebar-layout":"default","site-content-layout":"","ast-site-content-layout":"","site-content-style":"default","site-sidebar-style":"default","ast-global-header-display":"","ast-banner-title-visibility":"","ast-main-header-display":"","ast-hfb-above-header-display":"","ast-hfb-below-header-display":"","ast-hfb-mobile-header-display":"","site-post-title":"","ast-breadcrumbs-content":"","ast-featured-img":"","footer-sml-layout":"","theme-transparent-header-meta":"","adv-header-id-meta":"","stick-header-meta":"","header-above-stick-meta":"","header-main-stick-meta":"","header-below-stick-meta":"","astra-migrate-meta-layouts":"default","ast-page-background-enabled":"default","ast-page-background-meta":{"desktop":{"background-color":"var(--ast-global-color-4)","background-image":"","background-repeat":"repeat","background-position":"center center","background-size":"auto","background-attachment":"scroll","background-type":"","background-media":"","overlay-type":"","overlay-color":"","overlay-opacity":"","overlay-gradient":""},"tablet":{"background-color":"","background-image":"","background-repeat":"repeat","background-position":"center center","background-size":"auto","background-attachment":"scroll","background-type":"","background-media":"","overlay-type":"","overlay-color":"","overlay-opacity":"","overlay-gradient":""},"mobile":{"background-color":"","background-image":"","background-repeat":"repeat","background-position":"center center","background-size":"auto","background-attachment":"scroll","background-type":"","background-media":"","overlay-type":"","overlay-color":"","overlay-opacity":"","overlay-gradient":""}},"ast-content-background-meta":{"desktop":{"background-color":"var(--ast-global-color-5)","background-image":"","background-repeat":"repeat","background-position":"center center","background-size":"auto","background-attachment":"scroll","background-type":"","background-media":"","overlay-type":"","overlay-color":"","overlay-opacity":"","overlay-gradient":""},"tablet":{"background-color":"var(--ast-global-color-5)","background-image":"","background-repeat":"repeat","background-position":"center center","background-size":"auto","background-attachment":"scroll","background-type":"","background-media":"","overlay-type":"","overlay-color":"","overlay-opacity":"","overlay-gradient":""},"mobile":{"background-color":"var(--ast-global-color-5)","background-image":"","background-repeat":"repeat","background-position":"center center","background-size":"auto","background-attachment":"scroll","background-type":"","background-media":"","overlay-type":"","overlay-color":"","overlay-opacity":"","overlay-gradient":""}},"footnotes":""},"class_list":["post-1190","page","type-page","status-publish","hentry"],"post_mailing_queue_ids":[],"_links":{"self":[{"href":"https:\/\/agora.xtec.cat\/iesribotiserra\/wp-json\/wp\/v2\/pages\/1190","targetHints":{"allow":["GET"]}}],"collection":[{"href":"https:\/\/agora.xtec.cat\/iesribotiserra\/wp-json\/wp\/v2\/pages"}],"about":[{"href":"https:\/\/agora.xtec.cat\/iesribotiserra\/wp-json\/wp\/v2\/types\/page"}],"author":[{"embeddable":true,"href":"https:\/\/agora.xtec.cat\/iesribotiserra\/wp-json\/wp\/v2\/users\/1"}],"replies":[{"embeddable":true,"href":"https:\/\/agora.xtec.cat\/iesribotiserra\/wp-json\/wp\/v2\/comments?post=1190"}],"version-history":[{"count":3,"href":"https:\/\/agora.xtec.cat\/iesribotiserra\/wp-json\/wp\/v2\/pages\/1190\/revisions"}],"predecessor-version":[{"id":1854,"href":"https:\/\/agora.xtec.cat\/iesribotiserra\/wp-json\/wp\/v2\/pages\/1190\/revisions\/1854"}],"up":[{"embeddable":true,"href":"https:\/\/agora.xtec.cat\/iesribotiserra\/wp-json\/wp\/v2\/pages\/1776"}],"wp:attachment":[{"href":"https:\/\/agora.xtec.cat\/iesribotiserra\/wp-json\/wp\/v2\/media?parent=1190"}],"curies":[{"name":"wp","href":"https:\/\/api.w.org\/{rel}","templated":true}]}}