{"id":916,"date":"2015-08-03T14:57:05","date_gmt":"2015-08-03T12:57:05","guid":{"rendered":"http:\/\/agora.xtec.cat\/iesreguissol\/?page_id=916"},"modified":"2026-02-23T12:32:00","modified_gmt":"2026-02-23T11:32:00","slug":"orientacio","status":"publish","type":"page","link":"https:\/\/agora.xtec.cat\/iesreguissol\/estudis\/orientacio\/","title":{"rendered":"Orientaci\u00f3 acad\u00e8mica"},"content":{"rendered":"<p style=\"text-align: justify;\"><img loading=\"lazy\" decoding=\"async\" class=\"aligncenter  wp-image-23079\" src=\"https:\/\/agora.xtec.cat\/iesreguissol\/wp-content\/uploads\/usu1236\/2026\/02\/Captura-de-pantalla-2026-02-23-123029.png\" alt=\"\" width=\"349\" height=\"202\" srcset=\"https:\/\/agora.xtec.cat\/iesreguissol\/wp-content\/uploads\/usu1236\/2026\/02\/Captura-de-pantalla-2026-02-23-123029.png 775w, https:\/\/agora.xtec.cat\/iesreguissol\/wp-content\/uploads\/usu1236\/2026\/02\/Captura-de-pantalla-2026-02-23-123029-300x173.png 300w, https:\/\/agora.xtec.cat\/iesreguissol\/wp-content\/uploads\/usu1236\/2026\/02\/Captura-de-pantalla-2026-02-23-123029-768x444.png 768w\" sizes=\"auto, (max-width: 349px) 100vw, 349px\" \/><\/p>\n<p style=\"text-align: justify;\">L&#8217;orientaci\u00f3 acad\u00e8mica i professional forma part de l&#8217;acci\u00f3 educativa orientadora i t\u00e9 la finalitat de concretar al final de l&#8217;etapa educativa la presa de decisions de l&#8217;alumnat. Els tutors del centre estan a la disposici\u00f3 dels alumnes i de les fam\u00edlies per donar assessorament i suport en relaci\u00f3 a aquesta presa de decisions.<\/p>\n<p style=\"text-align: justify;\">Podeu accedir a continuaci\u00f3 al nostre site d<a href=\"https:\/\/sites.google.com\/institutreguissol.cat\/orientacioinsreguissol\/p%C3%A0gina-principal\" target=\"_blank\" rel=\"noopener\"><strong>&#8216;orientaci\u00f3 acad\u00e8mica i professional.<\/strong><\/a><\/p>\n<p><a href=\"https:\/\/sites.google.com\/institutreguissol.cat\/orientacioinsreguissol\/p%C3%A0gina-principal\" target=\"_blank\" rel=\"noopener\"><img loading=\"lazy\" decoding=\"async\" class=\"aligncenter wp-image-20389\" src=\"https:\/\/agora.xtec.cat\/iesreguissol\/wp-content\/uploads\/usu1236\/2023\/01\/siteorientacio-1024x574.jpg\" alt=\"\" width=\"633\" height=\"355\" srcset=\"https:\/\/agora.xtec.cat\/iesreguissol\/wp-content\/uploads\/usu1236\/2023\/01\/siteorientacio-1024x574.jpg 1024w, https:\/\/agora.xtec.cat\/iesreguissol\/wp-content\/uploads\/usu1236\/2023\/01\/siteorientacio-300x168.jpg 300w, https:\/\/agora.xtec.cat\/iesreguissol\/wp-content\/uploads\/usu1236\/2023\/01\/siteorientacio-768x431.jpg 768w, https:\/\/agora.xtec.cat\/iesreguissol\/wp-content\/uploads\/usu1236\/2023\/01\/siteorientacio-1536x862.jpg 1536w, https:\/\/agora.xtec.cat\/iesreguissol\/wp-content\/uploads\/usu1236\/2023\/01\/siteorientacio-2048x1149.jpg 2048w\" sizes=\"auto, (max-width: 633px) 100vw, 633px\" \/><\/a><\/p>\n<hr \/>\n<p><strong>Accediu <a href=\"http:\/\/agora.xtec.cat\/iesreguissol\/categoria\/serveis-i-recursos\/orientacio-serveis-i-recursos\/\" target=\"_blank\" rel=\"noopener noreferrer\">aqu\u00ed!<\/a> al blog de not\u00edcies relacionades amb l&#8217;orientaci\u00f3 acad\u00e8mica i professional.<\/strong><\/p>\n<hr \/>\n<p>Aqu\u00ed teniu un seguit de recursos que tamb\u00e9 us poden ser d&#8217;ajut.<\/p>\n<ul>\n<li><a href=\"https:\/\/triaeducativa.gencat.cat\/ca\/inici\/index.html\" target=\"_blank\" rel=\"noopener noreferrer\">TRIA EDUCATIVA<br \/>\n<img loading=\"lazy\" decoding=\"async\" class=\"aligncenter wp-image-21649\" src=\"https:\/\/agora.xtec.cat\/iesreguissol\/wp-content\/uploads\/usu1236\/2024\/10\/TRIAEDUCATIVA-1024x507.jpg\" alt=\"\" width=\"634\" height=\"314\" srcset=\"https:\/\/agora.xtec.cat\/iesreguissol\/wp-content\/uploads\/usu1236\/2024\/10\/TRIAEDUCATIVA-1024x507.jpg 1024w, https:\/\/agora.xtec.cat\/iesreguissol\/wp-content\/uploads\/usu1236\/2024\/10\/TRIAEDUCATIVA-300x149.jpg 300w, https:\/\/agora.xtec.cat\/iesreguissol\/wp-content\/uploads\/usu1236\/2024\/10\/TRIAEDUCATIVA-768x380.jpg 768w, https:\/\/agora.xtec.cat\/iesreguissol\/wp-content\/uploads\/usu1236\/2024\/10\/TRIAEDUCATIVA-1536x761.jpg 1536w, https:\/\/agora.xtec.cat\/iesreguissol\/wp-content\/uploads\/usu1236\/2024\/10\/TRIAEDUCATIVA-2048x1015.jpg 2048w\" sizes=\"auto, (max-width: 634px) 100vw, 634px\" \/><\/a><\/li>\n<\/ul>\n<ul>\n<li><a href=\"http:\/\/www.educaweb.cat\/\" target=\"_blank\" rel=\"noopener noreferrer\">Educaweb, descobreix qu\u00e8 vols estudiar<\/a><\/li>\n<li><a href=\"https:\/\/www.vallesjove.cat\/educacio-i-formacio\/#servei-orientacio-academica\" target=\"_blank\" rel=\"noopener\">Vall\u00e8s jove<\/a> (Assessoria acad\u00e8mica de l&#8217;Oficina Jove)<\/li>\n<li><a href=\"https:\/\/drive.google.com\/open?id=0ByJhfbLLfVhxUmRITHFIWUFXNEk\" target=\"_blank\" rel=\"noopener noreferrer\">PFI-PTT (presentaci\u00f3 de l&#8217;INS Reguissol)\u00a0\u00a0<\/a>\u00a0 <span style=\"color: #ff0000;\">(EN PROC\u00c9S DE REVISI\u00d3)<\/span><\/li>\n<\/ul>\n<p><img loading=\"lazy\" decoding=\"async\" class=\"aligncenter wp-image-20583\" src=\"https:\/\/agora.xtec.cat\/iesreguissol\/wp-content\/uploads\/usu1236\/2023\/03\/SharedScreenshot.jpg\" alt=\"\" width=\"272\" height=\"144\" srcset=\"https:\/\/agora.xtec.cat\/iesreguissol\/wp-content\/uploads\/usu1236\/2023\/03\/SharedScreenshot.jpg 726w, https:\/\/agora.xtec.cat\/iesreguissol\/wp-content\/uploads\/usu1236\/2023\/03\/SharedScreenshot-300x159.jpg 300w\" sizes=\"auto, (max-width: 272px) 100vw, 272px\" \/><\/p>\n<ul>\n<li><a href=\"https:\/\/www.vallesjove.cat\/fira-guiat\/\" target=\"_blank\" rel=\"noopener\">FIRA GUIA&#8217;T<\/a>\n<div class=\"elementor-element elementor-element-5bca3d8 elementor-widget elementor-widget-heading\" data-id=\"5bca3d8\" data-element_type=\"widget\" data-widget_type=\"heading.default\">\n<div class=\"elementor-widget-container\">\n<p class=\"elementor-heading-title elementor-size-xl\">Oferta formativa de cada fam\u00edlia professional en l&#8217;\u00e0mbit de la FP a la comarca<\/p>\n<\/div>\n<\/div>\n<div class=\"elementor-element elementor-element-9847d81 elementor-widget-divider--view-line elementor-widget elementor-widget-divider\" data-id=\"9847d81\" data-element_type=\"widget\" data-widget_type=\"divider.default\">\n<div class=\"elementor-widget-container\">\n<div class=\"elementor-divider\"><\/div>\n<\/div>\n<\/div>\n<\/li>\n<\/ul>\n<p>&nbsp;<\/p>\n","protected":false},"excerpt":{"rendered":"<p>L&#8217;orientaci\u00f3 acad\u00e8mica i professional forma part de l&#8217;acci\u00f3 educativa orientadora i t\u00e9 la finalitat de concretar al final de l&#8217;etapa educativa la presa de decisions de l&#8217;alumnat. Els tutors del centre estan a la disposici\u00f3 dels alumnes i de les fam\u00edlies per donar assessorament i&hellip;  <a href=\"https:\/\/agora.xtec.cat\/iesreguissol\/estudis\/orientacio\/\" title=\"Read Orientaci\u00f3 acad\u00e8mica\">Llegeix m\u00e9s\u00bb<\/a><\/p>\n","protected":false},"author":1,"featured_media":0,"parent":195,"menu_order":0,"comment_status":"closed","ping_status":"closed","template":"page-templates\/side-menu.php","meta":{"_bbp_topic_count":0,"_bbp_reply_count":0,"_bbp_total_topic_count":0,"_bbp_total_reply_count":0,"_bbp_voice_count":0,"_bbp_anonymous_reply_count":0,"_bbp_topic_count_hidden":0,"_bbp_reply_count_hidden":0,"_bbp_forum_subforum_count":0,"footnotes":""},"class_list":["post-916","page","type-page","status-publish","hentry"],"post_mailing_queue_ids":[],"_links":{"self":[{"href":"https:\/\/agora.xtec.cat\/iesreguissol\/wp-json\/wp\/v2\/pages\/916","targetHints":{"allow":["GET"]}}],"collection":[{"href":"https:\/\/agora.xtec.cat\/iesreguissol\/wp-json\/wp\/v2\/pages"}],"about":[{"href":"https:\/\/agora.xtec.cat\/iesreguissol\/wp-json\/wp\/v2\/types\/page"}],"author":[{"embeddable":true,"href":"https:\/\/agora.xtec.cat\/iesreguissol\/wp-json\/wp\/v2\/users\/1"}],"replies":[{"embeddable":true,"href":"https:\/\/agora.xtec.cat\/iesreguissol\/wp-json\/wp\/v2\/comments?post=916"}],"version-history":[{"count":5,"href":"https:\/\/agora.xtec.cat\/iesreguissol\/wp-json\/wp\/v2\/pages\/916\/revisions"}],"predecessor-version":[{"id":23080,"href":"https:\/\/agora.xtec.cat\/iesreguissol\/wp-json\/wp\/v2\/pages\/916\/revisions\/23080"}],"up":[{"embeddable":true,"href":"https:\/\/agora.xtec.cat\/iesreguissol\/wp-json\/wp\/v2\/pages\/195"}],"wp:attachment":[{"href":"https:\/\/agora.xtec.cat\/iesreguissol\/wp-json\/wp\/v2\/media?parent=916"}],"curies":[{"name":"wp","href":"https:\/\/api.w.org\/{rel}","templated":true}]}}