{"id":892,"date":"2015-08-01T09:12:10","date_gmt":"2015-08-01T07:12:10","guid":{"rendered":"http:\/\/agora.xtec.cat\/iesreguissol\/?page_id=892"},"modified":"2025-07-12T16:23:20","modified_gmt":"2025-07-12T14:23:20","slug":"afa","status":"publish","type":"page","link":"https:\/\/agora.xtec.cat\/iesreguissol\/comunitat\/afa\/","title":{"rendered":"AFA Institut Reguissol"},"content":{"rendered":"<div>\n<h1><strong>Serveis oferts per l&#8217;AFA curs 24-25<\/strong><\/h1>\n<\/div>\n<div>\n<p>Benvolgudes fam\u00edlies,<\/p>\n<div><\/div>\n<div><\/div>\n<div><\/div>\n<div><\/div>\n<div>\n<p dir=\"ltr\">Des de l\u2019AFA Institut Reguissol (Associaci\u00f3 de Fam\u00edlies d\u2019Alumnes) us comuniquem quins seran els serveis que s\u2019oferiran, els procediments i els preus.<\/p>\n<p dir=\"ltr\"><strong>SOCI AFA\u00a0<\/strong><\/p>\n<p dir=\"ltr\">Per poder fer servir els serveis oferts per l\u2019AFA s\u2019ha de ser soci de l\u2019associaci\u00f3. La\u00a0quota de soci\u00a0es mant\u00e9 en\u00a020\u20ac\u00a0per fam\u00edlia. Aquest any el\u00a0pagament es continuar\u00e0 fent per TPVEscola a partir del 14 de juliol.<\/p>\n<ul>\n<li dir=\"ltr\"><strong>Projecte Alexandria \u2013 Llibres Socialitzats (1r, 2n, 3r i 4t ESO)\u00a0<\/strong><\/li>\n<\/ul>\n<p dir=\"ltr\">En els cursos de 1r, 2n, 3r i 4t d\u2019ESO tenim un projecte de reutilitzaci\u00f3 de llibres. En aquest projecte les fam\u00edlies paguen una quota en funci\u00f3 del curs que els dona dret a fer servir els llibres durant el curs. Aquest any el projecte d\u2019Alexandria inclou tamb\u00e9 els llibres de lectura que es faran servir durant el curs a les assignatures de catal\u00e0 i castell\u00e0. A continuaci\u00f3 us detallem les quotes per al proper curs 25-26:<\/p>\n<table class=\" aligncenter\" style=\"width: 43.7647%;\">\n<tbody>\n<tr>\n<td style=\"width: 14.6091%; text-align: center; vertical-align: middle;\">\n<p dir=\"ltr\"><strong>Curs\u00a0<\/strong><\/p>\n<\/td>\n<td style=\"width: 25.9259%; text-align: center; vertical-align: middle;\">\n<p dir=\"ltr\"><strong>Quota\u00a0<\/strong><\/p>\n<\/td>\n<td style=\"width: 25.9259%; text-align: center; vertical-align: middle;\">\n<p dir=\"ltr\"><strong>Quota alumnes\u00a0<\/strong><\/p>\n<p dir=\"ltr\"><strong>repetidors<\/strong><\/p>\n<\/td>\n<td style=\"width: 31.6872%; text-align: center; vertical-align: middle;\">\n<p dir=\"ltr\"><strong>Quota nous ingressos<\/strong><\/p>\n<\/td>\n<\/tr>\n<tr>\n<td style=\"width: 14.6091%; text-align: center; vertical-align: middle;\">\n<p dir=\"ltr\"><strong>1r ESO\u00a0<\/strong><\/p>\n<\/td>\n<td style=\"width: 25.9259%; text-align: center; vertical-align: middle;\">\n<p dir=\"ltr\">143*<\/p>\n<\/td>\n<td style=\"width: 25.9259%; text-align: center; vertical-align: middle;\">\n<p dir=\"ltr\">70\u20ac*<\/p>\n<\/td>\n<td style=\"width: 31.6872%; text-align: center; vertical-align: middle;\">\n<p dir=\"ltr\">N\/A<\/p>\n<\/td>\n<\/tr>\n<tr>\n<td style=\"width: 14.6091%; text-align: center; vertical-align: middle;\">\n<p dir=\"ltr\"><strong>2n ESO\u00a0<\/strong><\/p>\n<\/td>\n<td style=\"width: 25.9259%; text-align: center; vertical-align: middle;\">\n<p dir=\"ltr\">123\u20ac<\/p>\n<\/td>\n<td style=\"width: 25.9259%; text-align: center; vertical-align: middle;\">\n<p dir=\"ltr\">70\u20ac<\/p>\n<\/td>\n<td style=\"width: 31.6872%; text-align: center; vertical-align: middle;\">\n<p dir=\"ltr\">168\u20ac<\/p>\n<\/td>\n<\/tr>\n<tr>\n<td style=\"width: 14.6091%; text-align: center; vertical-align: middle;\">\n<p dir=\"ltr\"><strong>3r ESO\u00a0<\/strong><\/p>\n<\/td>\n<td style=\"width: 25.9259%; text-align: center; vertical-align: middle;\">\n<p dir=\"ltr\">95\u20ac<\/p>\n<\/td>\n<td style=\"width: 25.9259%; text-align: center; vertical-align: middle;\">\n<p dir=\"ltr\">70\u20ac<\/p>\n<\/td>\n<td style=\"width: 31.6872%; text-align: center; vertical-align: middle;\">\n<p dir=\"ltr\">120\u20ac<\/p>\n<\/td>\n<\/tr>\n<tr>\n<td style=\"width: 14.6091%; text-align: center; vertical-align: middle;\">\n<p dir=\"ltr\"><strong>4t ESO\u00a0<\/strong><\/p>\n<\/td>\n<td style=\"width: 25.9259%; text-align: center; vertical-align: middle;\">\n<p dir=\"ltr\">60\u20ac\u00a0+ 40\u20ac\u00a0fian\u00e7a<\/p>\n<\/td>\n<td style=\"width: 25.9259%; text-align: center; vertical-align: middle;\">\n<p dir=\"ltr\">70\u20ac\u00a0+ 40\u20ac\u00a0fian\u00e7a<\/p>\n<\/td>\n<td style=\"width: 31.6872%; text-align: center; vertical-align: middle;\">\n<p dir=\"ltr\" style=\"text-align: center;\">N\/A<\/p>\n<\/td>\n<\/tr>\n<\/tbody>\n<\/table>\n<\/div>\n<\/div>\n<div dir=\"ltr\" align=\"left\"><\/div>\n<div dir=\"ltr\" align=\"left\"><\/div>\n<div>\n<div>\n<p dir=\"ltr\">La quota inclou tots els libres indicats a la web de l\u2019Institut, incloent els llibres no socialitzats. * En el cas de 1r ESO la quota inclou la guixeta.<\/p>\n<p dir=\"ltr\">La quota d\u2019alumnes repetidors \u00e9s per als alumnes que repeteixen curs (entre altres es cobreixen les despeses dels llibres no socialitzats).<\/p>\n<p dir=\"ltr\">Pels cursos de 2n ESO i 3r ESO hi ha una quota d\u2019ingr\u00e9s al projecte per als que el curs anterior no estiguessin al projecte i s\u2019hi volen afegir.<\/p>\n<p dir=\"ltr\">Els alumnes de 4t ESO hauran d\u2019abonar una fian\u00e7a que ser\u00e0 retornada a finals de curs un cop retornats els llibres.<\/p>\n<p dir=\"ltr\">El\u00a0pagament\u00a0es far\u00e0 per\u00a0TPVEscola\u00a0entre\u00a0el 17 de juliol i el 27 de juliol.<\/p>\n<p dir=\"ltr\">A 1r ESO hi ha un grup d\u2019alumnes que tindran un curr\u00edculum adaptat (PI) i que faran servir uns altres materials. Per part del projecte, es retornaran els diners de la quota de la part socialitzada un cop retornat els llibres i de la part\u00a0no socialitzada si els llibres retornats no estan guixats.<\/p>\n<p dir=\"ltr\">En l\u2019annex adjunt al final d\u2019aquesta carta podeu veure les condicions d\u2019\u00fas i responsabilitat del contracte del Projecte Alexandria. Es donar\u00e0 per ent\u00e8s al realitzar el pagament de la QUOTA que s\u2019accepten aquestes condicions.<\/p>\n<ul>\n<li dir=\"ltr\"><strong>Llibres 1r i 2n Batxillerat\u00a0<\/strong><\/li>\n<\/ul>\n<p dir=\"ltr\">La venda de llibres d\u2019aquests cursos es far\u00e0 per Comercial Girona. En l\u2019annex trobareu el procediment detallat.<\/p>\n<p dir=\"ltr\"><img loading=\"lazy\" decoding=\"async\" class=\"CToWUd aligncenter\" src=\"https:\/\/lh7-rt.googleusercontent.com\/docsz\/AD_4nXcYjKVl2KjgUhkESqbDCwo1aREsLLERzVuukMDr660nzbU-8IRpdNwDfG1Cxieh1wYBrduK_EIOQ75JMCjhSilZfOlBIzb-1Z4jSlFa1cj89uJ-lLk4HENMC_8IqIJ7oyKtje4QYg?key=fMuAaD1SAFUtdI7dnuxfqg\" width=\"305\" height=\"149\" data-bit=\"iit\" \/><\/p>\n<ul>\n<li dir=\"ltr\"><strong>Guixetes\/armariet\u00a0<\/strong><\/li>\n<\/ul>\n<p dir=\"ltr\">L\u2019AFA posa a disposici\u00f3 dels seus socis el lloguer d\u2019un armariet per al curs. La\u00a0quota\u00a0del lloguer ser\u00e0 de\u00a020\u20ac\u00a0i es podr\u00e0 pagar per\u00a0TPVEscola a partir del 14 de juliol.<\/p>\n<p dir=\"ltr\">El n\u00famero d\u2019armariet i el codi de desbloqueig es donar\u00e0 a\u00a0principis de curs.<\/p>\n<p dir=\"ltr\">En el cas de 1r ESO, qui pagui la quota del Projecte Alexandria (reutilitzaci\u00f3 de llibres) tindran el armariet incl\u00f2s. Us recordem que les guixetes de 1r ESO vam amb un cadenat que haur\u00e0 de ser proporcionat per l\u2019alumne enlloc de amb combinaci\u00f3.<\/p>\n<p dir=\"ltr\">En l\u2019annex adjunt al final d\u2019aquesta carta, podeu veure les condicions d\u2019\u00fas i responsabilitats del contracte de Lloguer de l\u2019Armariet. Es donar\u00e0 per ent\u00e8s al realitzar el pagament de la QUOTA, que s\u2019accepten aquestes condicions.<\/p>\n<p dir=\"ltr\">Restem a la vostra disposici\u00f3, per aclarir-vos qualsevol dubte podeu adre\u00e7ar-vos al nostre correu: <a href=\"mailto:afa@institutreguissol.cat\" target=\"_blank\" rel=\"noopener\">afa@institutreguissol.<wbr \/>cat<\/a><\/p>\n<p dir=\"ltr\">La Junta de l\u2019AFA<\/p>\n<\/div>\n<h1><a href=\"https:\/\/drive.google.com\/file\/d\/1F19ldxxhIlcnnEjwB7Cy6CTBQKTFr3aN\/view?usp=sharing\" target=\"_blank\" rel=\"noopener\"><img loading=\"lazy\" decoding=\"async\" class=\"aligncenter wp-image-22531\" src=\"https:\/\/agora.xtec.cat\/iesreguissol\/wp-content\/uploads\/usu1236\/2025\/07\/Captura-de-pantalla-2025-07-12-160410.png\" alt=\"\" width=\"531\" height=\"282\" srcset=\"https:\/\/agora.xtec.cat\/iesreguissol\/wp-content\/uploads\/usu1236\/2025\/07\/Captura-de-pantalla-2025-07-12-160410.png 828w, https:\/\/agora.xtec.cat\/iesreguissol\/wp-content\/uploads\/usu1236\/2025\/07\/Captura-de-pantalla-2025-07-12-160410-300x159.png 300w, https:\/\/agora.xtec.cat\/iesreguissol\/wp-content\/uploads\/usu1236\/2025\/07\/Captura-de-pantalla-2025-07-12-160410-768x408.png 768w\" sizes=\"auto, (max-width: 531px) 100vw, 531px\" \/><\/a><\/h1>\n<p>&nbsp;<\/p>\n<h3><\/h3>\n<hr \/>\n<h4><span style=\"vertical-align: inherit;\"><span style=\"vertical-align: inherit;\"><span style=\"vertical-align: inherit;\"><span style=\"vertical-align: inherit;\"><span style=\"vertical-align: inherit;\"><span style=\"vertical-align: inherit;\"><span style=\"vertical-align: inherit;\"><span style=\"vertical-align: inherit;\">Membres de la Junta curs 23-24<\/span><\/span><\/span><\/span><\/span><\/span><\/span><\/span><\/h4>\n<p>Aquesta \u00e9s la composici\u00f3 actual de la junta de l&#8217;AFA:<\/p>\n<ul>\n<li>President: Borja Romero<\/li>\n<li>Secret\u00e0ria: Montserrat Torrente<\/li>\n<li>Tresorer: Laurio Perdiguero<\/li>\n<li>Vocals: Magdalena Guerrero, M\u00aa Carmen Pinazo<\/li>\n<\/ul>\n<\/div>\n","protected":false},"excerpt":{"rendered":"<p>Serveis oferts per l&#8217;AFA curs 24-25<\/p>\n<p>Benvolgudes fam\u00edlies,<\/p>\n<p>Des de l\u2019AFA Institut Reguissol (Associaci\u00f3 de Fam\u00edlies d\u2019Alumnes) us comuniquem quins seran els serveis que s\u2019oferiran, els procediments i els preus.<br \/>\nSOCI AFA\u00a0<br \/>\nPer poder fer servir els serveis oferts per l\u2019AFA s\u2019ha de ser soci de l\u2019associaci\u00f3. La\u00a0quota de&hellip;  <a href=\"https:\/\/agora.xtec.cat\/iesreguissol\/comunitat\/afa\/\" title=\"Read AFA Institut Reguissol\">Llegeix m\u00e9s\u00bb<\/a><\/p>\n","protected":false},"author":1,"featured_media":0,"parent":399,"menu_order":30,"comment_status":"closed","ping_status":"closed","template":"page-templates\/side-menu.php","meta":{"_bbp_topic_count":0,"_bbp_reply_count":0,"_bbp_total_topic_count":0,"_bbp_total_reply_count":0,"_bbp_voice_count":0,"_bbp_anonymous_reply_count":0,"_bbp_topic_count_hidden":0,"_bbp_reply_count_hidden":0,"_bbp_forum_subforum_count":0,"footnotes":""},"class_list":["post-892","page","type-page","status-publish","hentry"],"post_mailing_queue_ids":[],"_links":{"self":[{"href":"https:\/\/agora.xtec.cat\/iesreguissol\/wp-json\/wp\/v2\/pages\/892","targetHints":{"allow":["GET"]}}],"collection":[{"href":"https:\/\/agora.xtec.cat\/iesreguissol\/wp-json\/wp\/v2\/pages"}],"about":[{"href":"https:\/\/agora.xtec.cat\/iesreguissol\/wp-json\/wp\/v2\/types\/page"}],"author":[{"embeddable":true,"href":"https:\/\/agora.xtec.cat\/iesreguissol\/wp-json\/wp\/v2\/users\/1"}],"replies":[{"embeddable":true,"href":"https:\/\/agora.xtec.cat\/iesreguissol\/wp-json\/wp\/v2\/comments?post=892"}],"version-history":[{"count":8,"href":"https:\/\/agora.xtec.cat\/iesreguissol\/wp-json\/wp\/v2\/pages\/892\/revisions"}],"predecessor-version":[{"id":22542,"href":"https:\/\/agora.xtec.cat\/iesreguissol\/wp-json\/wp\/v2\/pages\/892\/revisions\/22542"}],"up":[{"embeddable":true,"href":"https:\/\/agora.xtec.cat\/iesreguissol\/wp-json\/wp\/v2\/pages\/399"}],"wp:attachment":[{"href":"https:\/\/agora.xtec.cat\/iesreguissol\/wp-json\/wp\/v2\/media?parent=892"}],"curies":[{"name":"wp","href":"https:\/\/api.w.org\/{rel}","templated":true}]}}