{"id":776,"date":"2015-07-30T09:09:40","date_gmt":"2015-07-30T07:09:40","guid":{"rendered":"http:\/\/agora.xtec.cat\/iesreguissol\/?page_id=776"},"modified":"2025-09-21T11:20:46","modified_gmt":"2025-09-21T09:20:46","slug":"programa-dintercanvi","status":"publish","type":"page","link":"https:\/\/agora.xtec.cat\/iesreguissol\/serveis\/programa-dintercanvi\/","title":{"rendered":"Programes d&#8217;intercanvi"},"content":{"rendered":"<h6><strong>Accediu <a href=\"http:\/\/agora.xtec.cat\/iesreguissol\/categoria\/projectes-i-activitat\/programa-dintercanvi\/\" target=\"_blank\" rel=\"noopener noreferrer\">aqu\u00ed!<\/a> al blog de not\u00edcies del programa d&#8217;intercanvi.<\/strong><\/h6>\n<h1><\/h1>\n<h1 style=\"text-align: center;\">CURS 25\/26<\/h1>\n<p><img loading=\"lazy\" decoding=\"async\" class=\"aligncenter wp-image-22598\" src=\"https:\/\/agora.xtec.cat\/iesreguissol\/wp-content\/uploads\/usu1236\/2025\/09\/Captura-de-pantalla-2025-09-11-175430.png\" alt=\"\" width=\"260\" height=\"198\" srcset=\"https:\/\/agora.xtec.cat\/iesreguissol\/wp-content\/uploads\/usu1236\/2025\/09\/Captura-de-pantalla-2025-09-11-175430.png 509w, https:\/\/agora.xtec.cat\/iesreguissol\/wp-content\/uploads\/usu1236\/2025\/09\/Captura-de-pantalla-2025-09-11-175430-300x228.png 300w\" sizes=\"auto, (max-width: 260px) 100vw, 260px\" \/><\/p>\n<p style=\"text-align: center;\"><em>En construcci\u00f3<\/em><\/p>\n<h1 style=\"text-align: center;\">CURS 24\/25<\/h1>\n<p><img loading=\"lazy\" decoding=\"async\" class=\"aligncenter  wp-image-22231\" src=\"https:\/\/agora.xtec.cat\/iesreguissol\/wp-content\/uploads\/usu1236\/2025\/04\/IMG-20250407-WA0004-1024x461.jpg\" alt=\"\" width=\"546\" height=\"246\" srcset=\"https:\/\/agora.xtec.cat\/iesreguissol\/wp-content\/uploads\/usu1236\/2025\/04\/IMG-20250407-WA0004-1024x461.jpg 1024w, https:\/\/agora.xtec.cat\/iesreguissol\/wp-content\/uploads\/usu1236\/2025\/04\/IMG-20250407-WA0004-300x135.jpg 300w, https:\/\/agora.xtec.cat\/iesreguissol\/wp-content\/uploads\/usu1236\/2025\/04\/IMG-20250407-WA0004-768x346.jpg 768w, https:\/\/agora.xtec.cat\/iesreguissol\/wp-content\/uploads\/usu1236\/2025\/04\/IMG-20250407-WA0004-1536x691.jpg 1536w, https:\/\/agora.xtec.cat\/iesreguissol\/wp-content\/uploads\/usu1236\/2025\/04\/IMG-20250407-WA0004.jpg 1600w\" sizes=\"auto, (max-width: 546px) 100vw, 546px\" \/><\/p>\n<p class=\"entry-title\" style=\"text-align: center;\"><a href=\"https:\/\/agora.xtec.cat\/iesreguissol\/general\/intercanvi-2n-eso-lippetal-germany\/\" target=\"_blank\" rel=\"noopener\">Intercanvi 2n ESO Lippetal (Germany)<\/a><\/p>\n<p><img loading=\"lazy\" decoding=\"async\" class=\"aligncenter  wp-image-21965\" src=\"https:\/\/agora.xtec.cat\/iesreguissol\/wp-content\/uploads\/usu1236\/2025\/03\/IMG-20250207-WA0004-1024x768.jpg\" alt=\"\" width=\"507\" height=\"380\" srcset=\"https:\/\/agora.xtec.cat\/iesreguissol\/wp-content\/uploads\/usu1236\/2025\/03\/IMG-20250207-WA0004-1024x768.jpg 1024w, https:\/\/agora.xtec.cat\/iesreguissol\/wp-content\/uploads\/usu1236\/2025\/03\/IMG-20250207-WA0004-300x225.jpg 300w, https:\/\/agora.xtec.cat\/iesreguissol\/wp-content\/uploads\/usu1236\/2025\/03\/IMG-20250207-WA0004-768x576.jpg 768w, https:\/\/agora.xtec.cat\/iesreguissol\/wp-content\/uploads\/usu1236\/2025\/03\/IMG-20250207-WA0004-1536x1152.jpg 1536w, https:\/\/agora.xtec.cat\/iesreguissol\/wp-content\/uploads\/usu1236\/2025\/03\/IMG-20250207-WA0004-200x150.jpg 200w, https:\/\/agora.xtec.cat\/iesreguissol\/wp-content\/uploads\/usu1236\/2025\/03\/IMG-20250207-WA0004.jpg 2048w\" sizes=\"auto, (max-width: 507px) 100vw, 507px\" \/><\/p>\n<p class=\"entry-title\" style=\"text-align: center;\"><a href=\"https:\/\/agora.xtec.cat\/iesreguissol\/general\/intercanvi-3r-eso-frances-amb-sartrouville\/\" target=\"_blank\" rel=\"noopener\">Intercanvi 3r ESO Sartrouville (Fran\u00e7a)<\/a><\/p>\n<p><img loading=\"lazy\" decoding=\"async\" class=\"aligncenter  wp-image-22131\" src=\"https:\/\/agora.xtec.cat\/iesreguissol\/wp-content\/uploads\/usu1236\/2025\/03\/IMG-20250307-WA0000-1024x577.jpg\" alt=\"\" width=\"507\" height=\"286\" srcset=\"https:\/\/agora.xtec.cat\/iesreguissol\/wp-content\/uploads\/usu1236\/2025\/03\/IMG-20250307-WA0000-1024x577.jpg 1024w, https:\/\/agora.xtec.cat\/iesreguissol\/wp-content\/uploads\/usu1236\/2025\/03\/IMG-20250307-WA0000-300x169.jpg 300w, https:\/\/agora.xtec.cat\/iesreguissol\/wp-content\/uploads\/usu1236\/2025\/03\/IMG-20250307-WA0000-768x432.jpg 768w, https:\/\/agora.xtec.cat\/iesreguissol\/wp-content\/uploads\/usu1236\/2025\/03\/IMG-20250307-WA0000-1536x865.jpg 1536w, https:\/\/agora.xtec.cat\/iesreguissol\/wp-content\/uploads\/usu1236\/2025\/03\/IMG-20250307-WA0000.jpg 1600w\" sizes=\"auto, (max-width: 507px) 100vw, 507px\" \/><\/p>\n<p style=\"text-align: center;\"><a href=\"https:\/\/agora.xtec.cat\/iesreguissol\/general\/intercanvi-toulouse-2n-eso\/\" target=\"_blank\" rel=\"noopener\">Intercanvi 2n ESO Toulouse (Fran\u00e7a)<\/a><\/p>\n<p>&nbsp;<\/p>\n<h1 style=\"text-align: center;\">CURSOS ANTERIORS<\/h1>\n<h3 style=\"text-align: center;\"><strong>INTERCANVI D&#8217;ANGL\u00c8S<\/strong><\/h3>\n<p>El curs 23-24 es va dur a terme un intercanvi a 2n ESO amb alumnat d&#8217;Alemania de la localitat de Lippetal i alumnat de Noruega de l&#8217;illa d&#8217;Haramsoya essent el tema d&#8217;inter\u00e8s l&#8217;Art i la Natura.<\/p>\n<p>Enguany l&#8217;alumnat de 2n ESO far\u00e0 un intercanvi amb Alemanya amb alumnes de la mateixa localitat.<\/p>\n<p>Esperem poder seguir realitzant-lo en els pr\u00f2xims anys!<\/p>\n<h2><img loading=\"lazy\" decoding=\"async\" class=\"aligncenter wp-image-21230\" src=\"https:\/\/agora.xtec.cat\/iesreguissol\/wp-content\/uploads\/usu1236\/2024\/02\/IMG-20240203-WA0008-1024x683.jpg\" alt=\"\" width=\"594\" height=\"396\" srcset=\"https:\/\/agora.xtec.cat\/iesreguissol\/wp-content\/uploads\/usu1236\/2024\/02\/IMG-20240203-WA0008-1024x683.jpg 1024w, https:\/\/agora.xtec.cat\/iesreguissol\/wp-content\/uploads\/usu1236\/2024\/02\/IMG-20240203-WA0008-300x200.jpg 300w, https:\/\/agora.xtec.cat\/iesreguissol\/wp-content\/uploads\/usu1236\/2024\/02\/IMG-20240203-WA0008-768x512.jpg 768w, https:\/\/agora.xtec.cat\/iesreguissol\/wp-content\/uploads\/usu1236\/2024\/02\/IMG-20240203-WA0008-1536x1024.jpg 1536w, https:\/\/agora.xtec.cat\/iesreguissol\/wp-content\/uploads\/usu1236\/2024\/02\/IMG-20240203-WA0008.jpg 1599w\" sizes=\"auto, (max-width: 594px) 100vw, 594px\" \/><\/h2>\n<p>&nbsp;<\/p>\n<p>&nbsp;<\/p>\n<h3 style=\"text-align: center;\"><strong>INTERCANVI DE FRANC\u00c8S<\/strong><\/h3>\n<div><\/div>\n<div>Els alumnes de 2n ESO van anar uns dies a Toulouse.<\/div>\n<div><\/div>\n<div><\/div>\n<div><\/div>\n<div>\n<table style=\"border-collapse: collapse; width: 100%;\">\n<tbody>\n<tr>\n<td style=\"width: 32.8494%;\"><img loading=\"lazy\" decoding=\"async\" class=\"aligncenter wp-image-21657\" src=\"https:\/\/agora.xtec.cat\/iesreguissol\/wp-content\/uploads\/usu1236\/2024\/10\/20240320_104606-1-1024x1024.jpg\" alt=\"\" width=\"334\" height=\"334\" srcset=\"https:\/\/agora.xtec.cat\/iesreguissol\/wp-content\/uploads\/usu1236\/2024\/10\/20240320_104606-1-1024x1024.jpg 1024w, https:\/\/agora.xtec.cat\/iesreguissol\/wp-content\/uploads\/usu1236\/2024\/10\/20240320_104606-1-300x300.jpg 300w, https:\/\/agora.xtec.cat\/iesreguissol\/wp-content\/uploads\/usu1236\/2024\/10\/20240320_104606-1-150x150.jpg 150w, https:\/\/agora.xtec.cat\/iesreguissol\/wp-content\/uploads\/usu1236\/2024\/10\/20240320_104606-1-768x768.jpg 768w, https:\/\/agora.xtec.cat\/iesreguissol\/wp-content\/uploads\/usu1236\/2024\/10\/20240320_104606-1-1536x1536.jpg 1536w, https:\/\/agora.xtec.cat\/iesreguissol\/wp-content\/uploads\/usu1236\/2024\/10\/20240320_104606-1-2048x2048.jpg 2048w\" sizes=\"auto, (max-width: 334px) 100vw, 334px\" \/><\/td>\n<td style=\"width: 67.1506%;\"><img loading=\"lazy\" decoding=\"async\" class=\"aligncenter wp-image-21658\" src=\"https:\/\/agora.xtec.cat\/iesreguissol\/wp-content\/uploads\/usu1236\/2024\/10\/20240320_095122-1-1024x576.jpg\" alt=\"\" width=\"592\" height=\"333\" srcset=\"https:\/\/agora.xtec.cat\/iesreguissol\/wp-content\/uploads\/usu1236\/2024\/10\/20240320_095122-1-1024x576.jpg 1024w, https:\/\/agora.xtec.cat\/iesreguissol\/wp-content\/uploads\/usu1236\/2024\/10\/20240320_095122-1-300x169.jpg 300w, https:\/\/agora.xtec.cat\/iesreguissol\/wp-content\/uploads\/usu1236\/2024\/10\/20240320_095122-1-768x432.jpg 768w, https:\/\/agora.xtec.cat\/iesreguissol\/wp-content\/uploads\/usu1236\/2024\/10\/20240320_095122-1-1536x864.jpg 1536w, https:\/\/agora.xtec.cat\/iesreguissol\/wp-content\/uploads\/usu1236\/2024\/10\/20240320_095122-1-2048x1152.jpg 2048w\" sizes=\"auto, (max-width: 592px) 100vw, 592px\" \/><\/td>\n<\/tr>\n<\/tbody>\n<\/table>\n<\/div>\n<div><\/div>\n<div>\n<div><\/div>\n<\/div>\n<div>\n<p>Els estudiants de 3r ESO van fer un intercanvi amb una escola a prop de Par\u00eds, el Lyc\u00e9e Evariste Galois, va ser una estada d&#8217;una setmana que va tenir molt \u00e8xit.<\/p>\n<\/div>\n<div><\/div>\n<p>Per aquest curs estem preparant una nova edici\u00f3 de l&#8217;intercanvi amb el Lyc\u00e9e Evariste Galois de Sartrouville amb els estudiants de 3r ESO.<\/p>\n<p>Amb 2n ESO tornarem a Toulouse durant tres dies per con\u00e8ixer la ciutat i fer algunes activitats amb estudiants francesos.<\/p>\n<hr \/>\n<p>&nbsp;<\/p>\n<hr \/>\n<p><strong>CURS 2015\/2016<\/strong><\/p>\n<p>El programa d&#8217;intercanvi franc\u00e8s catal\u00e0 entre el Coll\u00e8gue La Garrigola de Perpiny\u00e0 i l&#8217;Institut Reguissol de Sta. Maria de Palautordera disposa d&#8217;un <a href=\"https:\/\/sites.google.com\/a\/institutreguissol.cat\/intercanvi-catala-frances\/\" target=\"_blank\" rel=\"noopener noreferrer\">site <\/a>amb textos, fotografies i v\u00eddeos de l&#8217;experi\u00e8ncia del curs 14\/15.<\/p>\n<p>&nbsp;<\/p>\n<p><a href=\"http:\/\/agora.xtec.cat\/iesreguissol\/wp-content\/uploads\/usu1236\/2015\/07\/fotogrup_palau-1.jpg\"><img loading=\"lazy\" decoding=\"async\" class=\"alignnone size-medium wp-image-777\" src=\"http:\/\/agora.xtec.cat\/iesreguissol\/wp-content\/uploads\/usu1236\/2015\/07\/fotogrup_palau-1-300x225.jpg\" alt=\"fotogrup_palau (1)\" width=\"300\" height=\"225\" srcset=\"https:\/\/agora.xtec.cat\/iesreguissol\/wp-content\/uploads\/usu1236\/2015\/07\/fotogrup_palau-1-300x225.jpg 300w, https:\/\/agora.xtec.cat\/iesreguissol\/wp-content\/uploads\/usu1236\/2015\/07\/fotogrup_palau-1-200x150.jpg 200w, https:\/\/agora.xtec.cat\/iesreguissol\/wp-content\/uploads\/usu1236\/2015\/07\/fotogrup_palau-1.jpg 816w\" sizes=\"auto, (max-width: 300px) 100vw, 300px\" \/><\/a><\/p>\n<p>&nbsp;<\/p>\n<p>Tot seguit, podeu veure el v\u00eddeo promocional sobre Sta. Maria de Palautordera realitzat pels alumnes de l&#8217;Institut Reguissol que estudien franc\u00e8s i que es va enviar a Perpiny\u00e0 com a carta de presentaci\u00f3 abans de la seva visita al nostre poble.<\/p>\n<p>&nbsp;<\/p>\n<p><iframe loading=\"lazy\" src=\"https:\/\/www.youtube.com\/embed\/WhbPV2NbbDw\" width=\"560\" height=\"315\" frameborder=\"0\"><\/iframe><\/p>\n<p>&nbsp;<\/p>\n<p>La professora responsable de l&#8217;intercanvi franc\u00e8s-catal\u00e0 al nostre centre \u00e9s la Gemma Cerezo: <a href=\"mailto:gemma.cerezo@institutreguissol.cat\" target=\"_blank\" rel=\"noopener noreferrer\">gemma.cerezo@institutreguissol.cat<\/a><\/p>\n","protected":false},"excerpt":{"rendered":"<p>Accediu <a href=\"http:\/\/agora.xtec.cat\/iesreguissol\/categoria\/projectes-i-activitat\/programa-dintercanvi\/\" target=\"_blank\" rel=\"noopener noreferrer\">aqu\u00ed!<\/a> al blog de not\u00edcies del programa d&#8217;intercanvi.<\/p>\n<p>CURS 25\/26<\/p>\n<p>En construcci\u00f3<br \/>\nCURS 24\/25<\/p>\n<p><a href=\"https:\/\/agora.xtec.cat\/iesreguissol\/general\/intercanvi-2n-eso-lippetal-germany\/\" target=\"_blank\" rel=\"noopener\">Intercanvi 2n ESO Lippetal (Germany)<\/a><\/p>\n<p><a href=\"https:\/\/agora.xtec.cat\/iesreguissol\/general\/intercanvi-3r-eso-frances-amb-sartrouville\/\" target=\"_blank\" rel=\"noopener\">Intercanvi 3r ESO Sartrouville (Fran\u00e7a)<\/a><\/p>\n<p><a href=\"https:\/\/agora.xtec.cat\/iesreguissol\/general\/intercanvi-toulouse-2n-eso\/\" target=\"_blank\" rel=\"noopener\">Intercanvi 2n ESO Toulouse (Fran\u00e7a)<\/a><br \/>\n&nbsp;<br \/>\nCURSOS ANTERIORS<br \/>\nINTERCANVI D&#8217;ANGL\u00c8S<br \/>\nEl curs 23-24 es va dur a&hellip;  <a href=\"https:\/\/agora.xtec.cat\/iesreguissol\/serveis\/programa-dintercanvi\/\" title=\"Read Programes d&#8217;intercanvi\">Llegeix m\u00e9s\u00bb<\/a><\/p>\n","protected":false},"author":1,"featured_media":0,"parent":63,"menu_order":30,"comment_status":"closed","ping_status":"closed","template":"page-templates\/side-menu.php","meta":{"_bbp_topic_count":0,"_bbp_reply_count":0,"_bbp_total_topic_count":0,"_bbp_total_reply_count":0,"_bbp_voice_count":0,"_bbp_anonymous_reply_count":0,"_bbp_topic_count_hidden":0,"_bbp_reply_count_hidden":0,"_bbp_forum_subforum_count":0,"footnotes":""},"class_list":["post-776","page","type-page","status-publish","hentry"],"post_mailing_queue_ids":[],"_links":{"self":[{"href":"https:\/\/agora.xtec.cat\/iesreguissol\/wp-json\/wp\/v2\/pages\/776","targetHints":{"allow":["GET"]}}],"collection":[{"href":"https:\/\/agora.xtec.cat\/iesreguissol\/wp-json\/wp\/v2\/pages"}],"about":[{"href":"https:\/\/agora.xtec.cat\/iesreguissol\/wp-json\/wp\/v2\/types\/page"}],"author":[{"embeddable":true,"href":"https:\/\/agora.xtec.cat\/iesreguissol\/wp-json\/wp\/v2\/users\/1"}],"replies":[{"embeddable":true,"href":"https:\/\/agora.xtec.cat\/iesreguissol\/wp-json\/wp\/v2\/comments?post=776"}],"version-history":[{"count":6,"href":"https:\/\/agora.xtec.cat\/iesreguissol\/wp-json\/wp\/v2\/pages\/776\/revisions"}],"predecessor-version":[{"id":22696,"href":"https:\/\/agora.xtec.cat\/iesreguissol\/wp-json\/wp\/v2\/pages\/776\/revisions\/22696"}],"up":[{"embeddable":true,"href":"https:\/\/agora.xtec.cat\/iesreguissol\/wp-json\/wp\/v2\/pages\/63"}],"wp:attachment":[{"href":"https:\/\/agora.xtec.cat\/iesreguissol\/wp-json\/wp\/v2\/media?parent=776"}],"curies":[{"name":"wp","href":"https:\/\/api.w.org\/{rel}","templated":true}]}}