{"id":765,"date":"2015-07-30T08:26:05","date_gmt":"2015-07-30T06:26:05","guid":{"rendered":"http:\/\/agora.xtec.cat\/iesreguissol\/?page_id=765"},"modified":"2026-01-10T09:32:15","modified_gmt":"2026-01-10T08:32:15","slug":"servei-comunitari","status":"publish","type":"page","link":"https:\/\/agora.xtec.cat\/iesreguissol\/serveis\/servei-comunitari\/","title":{"rendered":"Servei comunitari"},"content":{"rendered":"<p>&nbsp;<\/p>\n<p><a href=\"http:\/\/agora.xtec.cat\/iesreguissol\/categoria\/projectes-i-activitat\/servei-comunitari\/\"><img loading=\"lazy\" decoding=\"async\" class=\"aligncenter size-full wp-image-19243\" src=\"https:\/\/agora.xtec.cat\/iesreguissol\/wp-content\/uploads\/usu1236\/2021\/12\/logo_servei-comunitari.png\" alt=\"\" width=\"300\" height=\"127\" \/><\/a><\/p>\n<p><strong>Accediu <a href=\"http:\/\/agora.xtec.cat\/iesreguissol\/categoria\/projectes-i-activitat\/servei-comunitari\/\" target=\"_blank\" rel=\"noopener\">aqu\u00ed!<\/a> al blog de not\u00edcies de Servei Comunitari.<\/strong><\/p>\n<p>&nbsp;<\/p>\n<hr \/>\n<p>&nbsp;<\/p>\n<h2><span style=\"color: #008080;\">CURS 2025-2026<\/span><\/h2>\n<h5 style=\"text-align: center;\"><a href=\"https:\/\/docs.google.com\/presentation\/d\/1uGLOLdVuJyicAPFhDBy5m4cYpykYhSry4rZeC2GFmpA\/present?usp=sharing\" target=\"_blank\" rel=\"noopener\"><strong>Presentaci\u00f3 del projecte<\/strong><\/a><\/h5>\n<h2><a href=\"https:\/\/docs.google.com\/presentation\/d\/1uGLOLdVuJyicAPFhDBy5m4cYpykYhSry4rZeC2GFmpA\/present?usp=sharing\" target=\"_blank\" rel=\"noopener\"><img loading=\"lazy\" decoding=\"async\" class=\"aligncenter wp-image-22567\" src=\"https:\/\/agora.xtec.cat\/iesreguissol\/wp-content\/uploads\/usu1236\/2025\/09\/Captura-de-pantalla-2025-09-06-092755-1024x576.png\" alt=\"\" width=\"566\" height=\"318\" srcset=\"https:\/\/agora.xtec.cat\/iesreguissol\/wp-content\/uploads\/usu1236\/2025\/09\/Captura-de-pantalla-2025-09-06-092755-1024x576.png 1024w, https:\/\/agora.xtec.cat\/iesreguissol\/wp-content\/uploads\/usu1236\/2025\/09\/Captura-de-pantalla-2025-09-06-092755-300x169.png 300w, https:\/\/agora.xtec.cat\/iesreguissol\/wp-content\/uploads\/usu1236\/2025\/09\/Captura-de-pantalla-2025-09-06-092755-768x432.png 768w, https:\/\/agora.xtec.cat\/iesreguissol\/wp-content\/uploads\/usu1236\/2025\/09\/Captura-de-pantalla-2025-09-06-092755-1536x864.png 1536w, https:\/\/agora.xtec.cat\/iesreguissol\/wp-content\/uploads\/usu1236\/2025\/09\/Captura-de-pantalla-2025-09-06-092755-2048x1152.png 2048w\" sizes=\"auto, (max-width: 566px) 100vw, 566px\" \/><\/a><\/h2>\n<p>&nbsp;<\/p>\n<h2><\/h2>\n<h2><span style=\"color: #008080;\"><strong>CURS 2021-2022<\/strong><\/span><\/h2>\n<p>&nbsp;<\/p>\n<p>El Servei Comunitari per a l\u2019alumnat de secund\u00e0ria obligat\u00f2ria, \u00e9s una acci\u00f3 educativa, en el marc del curr\u00edculum obligatori, que vol promoure que els alumnes experimentin i protagonitzin accions de comprom\u00eds c\u00edvic, aprenguin en l\u2019exercici actiu de la ciutadania, i posin en joc els seus coneixements i capacitats al servei de la comunitat.<\/p>\n<p><a href=\"https:\/\/docs.google.com\/presentation\/d\/18WQeHji8WBTnwG2Puln9Y6o8OY67GnYUcIgK0EVXSK4\/edit?usp=sharing\"><img loading=\"lazy\" decoding=\"async\" class=\"aligncenter wp-image-19303\" src=\"https:\/\/agora.xtec.cat\/iesreguissol\/wp-content\/uploads\/usu1236\/2022\/01\/servei-comunitari-1024x589.jpg\" alt=\"\" width=\"565\" height=\"325\" srcset=\"https:\/\/agora.xtec.cat\/iesreguissol\/wp-content\/uploads\/usu1236\/2022\/01\/servei-comunitari-1024x589.jpg 1024w, https:\/\/agora.xtec.cat\/iesreguissol\/wp-content\/uploads\/usu1236\/2022\/01\/servei-comunitari-300x173.jpg 300w, https:\/\/agora.xtec.cat\/iesreguissol\/wp-content\/uploads\/usu1236\/2022\/01\/servei-comunitari-768x442.jpg 768w, https:\/\/agora.xtec.cat\/iesreguissol\/wp-content\/uploads\/usu1236\/2022\/01\/servei-comunitari-1536x883.jpg 1536w, https:\/\/agora.xtec.cat\/iesreguissol\/wp-content\/uploads\/usu1236\/2022\/01\/servei-comunitari.jpg 1958w\" sizes=\"auto, (max-width: 565px) 100vw, 565px\" \/><\/a><\/p>\n<p>Aquest curs, els alumnes de 4rt d\u2019ESO de l\u2019INS Reguissol s\u2019afegiran a la <strong>Campanya Let\u2019s Clean up Europe 2022<\/strong>.<\/p>\n<p>\u00c9s una acci\u00f3 comuna a tot Europa per conscienciar sobre la quantitat de residus que llencem de forma incontrolada a la natura i promoure accions de sensibilitzaci\u00f3 a trav\u00e9s de la recollida d&#8217;aquests residus abocats il\u00b7legalment als boscos, platges, marges de rius, etc. La campanya de l&#8217;any 2022, es realitzar\u00e0 entre el 6 i el 8 de maig de 2022.<\/p>\n<p>Aqu\u00ed teniu un <a href=\"https:\/\/youtu.be\/-s9LOm-35OM\">v\u00eddeo<\/a> promocional d\u2019aquest any:<\/p>\n<p>Us compartim els cartells informatius de l\u2019acci\u00f3:<\/p>\n<p><img loading=\"lazy\" decoding=\"async\" class=\"aligncenter wp-image-19510\" src=\"https:\/\/agora.xtec.cat\/iesreguissol\/wp-content\/uploads\/usu1236\/2022\/03\/Serveicomun-950x1024.jpg\" alt=\"\" width=\"374\" height=\"403\" srcset=\"https:\/\/agora.xtec.cat\/iesreguissol\/wp-content\/uploads\/usu1236\/2022\/03\/Serveicomun-950x1024.jpg 950w, https:\/\/agora.xtec.cat\/iesreguissol\/wp-content\/uploads\/usu1236\/2022\/03\/Serveicomun-278x300.jpg 278w, https:\/\/agora.xtec.cat\/iesreguissol\/wp-content\/uploads\/usu1236\/2022\/03\/Serveicomun-768x828.jpg 768w, https:\/\/agora.xtec.cat\/iesreguissol\/wp-content\/uploads\/usu1236\/2022\/03\/Serveicomun.jpg 1206w\" sizes=\"auto, (max-width: 374px) 100vw, 374px\" \/><\/p>\n<p><img loading=\"lazy\" decoding=\"async\" class=\"aligncenter wp-image-19511\" src=\"https:\/\/agora.xtec.cat\/iesreguissol\/wp-content\/uploads\/usu1236\/2022\/03\/Campanya-724x1024.jpg\" alt=\"\" width=\"657\" height=\"929\" srcset=\"https:\/\/agora.xtec.cat\/iesreguissol\/wp-content\/uploads\/usu1236\/2022\/03\/Campanya-724x1024.jpg 724w, https:\/\/agora.xtec.cat\/iesreguissol\/wp-content\/uploads\/usu1236\/2022\/03\/Campanya-212x300.jpg 212w, https:\/\/agora.xtec.cat\/iesreguissol\/wp-content\/uploads\/usu1236\/2022\/03\/Campanya-768x1086.jpg 768w, https:\/\/agora.xtec.cat\/iesreguissol\/wp-content\/uploads\/usu1236\/2022\/03\/Campanya.jpg 911w\" sizes=\"auto, (max-width: 657px) 100vw, 657px\" \/><\/p>\n<p>&nbsp;<\/p>\n<hr \/>\n<p>&nbsp;<\/p>\n<hr \/>\n<h3 class=\"yj6qo\"><span style=\"color: #008080;\"><strong>CURSOS ANTERIORS: TREBALLEM PLEGATS<\/strong><\/span><\/h3>\n<div><\/div>\n<div class=\"adL\"><\/div>\n<p>El projecte d&#8217;innovaci\u00f3 Treballem Plegats va vincular fa anys els alumnes de secund\u00e0ria de l&#8217;Institut Reguissol (en concret, els de 4t d&#8217;ESO) amb els alumnes de prim\u00e0ria de les escoles <a href=\"http:\/\/www.xtec.cat\/centres\/a8028424\/\" target=\"_blank\" rel=\"noopener\">Fontmartina<\/a>, <a href=\"http:\/\/blocs.xtec.cat\/escolamatagalls\/\" target=\"_blank\" rel=\"noopener\">Matagalls<\/a>, <a href=\"http:\/\/www.xtec.cat\/centres\/a8039744\/\" target=\"_blank\" rel=\"noopener\">Pont Trencat<\/a> i <a href=\"http:\/\/escolavallgorguina.blogspot.com.es\/\" target=\"_blank\" rel=\"noopener\">Vallgorguina<\/a>. Amb el temps, es va generar una potent xarxa d&#8217;ajut i suport a trav\u00e9s de l&#8217;aprenentatge cooperatiu que afavoria totes les comunitats educatives esmentades i promovia els valors de l&#8217;escola inclusiva i la compet\u00e8ncia social i ciutadana.<\/p>\n<p><a href=\"http:\/\/agora.xtec.cat\/iesreguissol\/wp-content\/uploads\/usu1236\/2015\/07\/DSC_00111.jpg\"><img loading=\"lazy\" decoding=\"async\" class=\"wp-image-759 aligncenter\" src=\"http:\/\/agora.xtec.cat\/iesreguissol\/wp-content\/uploads\/usu1236\/2015\/07\/DSC_00111-300x199.jpg\" alt=\"DSC_0011\" width=\"396\" height=\"263\" srcset=\"https:\/\/agora.xtec.cat\/iesreguissol\/wp-content\/uploads\/usu1236\/2015\/07\/DSC_00111-300x199.jpg 300w, https:\/\/agora.xtec.cat\/iesreguissol\/wp-content\/uploads\/usu1236\/2015\/07\/DSC_00111.jpg 1000w\" sizes=\"auto, (max-width: 396px) 100vw, 396px\" \/><\/a><\/p>\n<h4><span style=\"color: #999999;\">Hist\u00f2ria del projecte<\/span><\/h4>\n<p>&nbsp;<\/p>\n<p>El projecte va sorgir l&#8217;any 2004 arran d&#8217;una iniciativa de l&#8217;\u00c0lex Escuder (Institut Reguissol) i la Teresa Mir (Escola Fontmartina), als quals s&#8217;hi van afegir m\u00e9s tard la S\u00edlvia Gras (Institut Escola La Tordera), la Llunsa Vigas (Escola Matagalls) i la Cristina Farr\u00e9 (Escola Pont Trencat). Alguns anys tamb\u00e9 hi participa l&#8217;Escola Vallgorguina. El projecte de seguida va rebre el suport i la col\u00b7laboraci\u00f3 de l&#8217;<a href=\"http:\/\/www.smpalautordera.cat\/pl226\/actualitat\/noticies\/id763\/treballem-plegats.htm\" target=\"_blank\" rel=\"noopener\">Ajuntament de Santa Maria de Palautordera<\/a>.<\/p>\n<p>Inicialment i durant uns quants cursos, el suport dels alumnes de l&#8217;institut s&#8217;orientava principalment cap a l&#8217;alumnat nouvingut al poble, fills de poblaci\u00f3 immigrada, principalment del Marroc, Romania, l&#8217;\u00c0frica subsahariana i l&#8217;Am\u00e8rica del Sud. Amb el temps, l&#8217;arribada de nouvinguts ha baixat tant que l&#8217;apadrinament actual s&#8217;orienta a alumnes de tota condici\u00f3, pocs dels quals s\u00f3n immigrants.<\/p>\n<p>Amb el temps, hi han participat molts tutors dels centres educatius i, sobretot, una quantitat enorme de joves, nens i nenes de Palautordera. Al nostre institut, actualment, les persones responsables del projecte s\u00f3n la N\u00faria Mart\u00ednez i l&#8217;\u00c0lex Escuder, el qual n&#8217;ha estat sempre l&#8217;\u00e0nima.<\/p>\n<p><a href=\"http:\/\/www.naciodigital.cat\/baixmontseny\/noticia\/2545\/treballem\/plegats\" target=\"_blank\" rel=\"noopener\">Article al diari naciodigital.cat sobre el projecte Treballem Plegats<\/a><\/p>\n<p>&nbsp;<\/p>\n<h4><span style=\"color: #999999;\">Descripci\u00f3 de l&#8217;experi\u00e8ncia<\/span><\/h4>\n<p>&nbsp;<\/p>\n<p>Un cop per setmana els alumnes de 4t de l\u2019Institut Reguissol que volunt\u00e0riament s&#8217;inscriuen al projecte visiten les escoles de prim\u00e0ria i treballen generalment per parelles (padrins i fillols) amb alumnat dels centres de prim\u00e0ria, per ajudar-los en els seus processos d&#8217;aprenentatge.<\/p>\n<p>Aquesta proposta educativa estructurada de manera cooperativa \u00e9s una forma \u00f2ptima de fomentar la compet\u00e8ncia social i ciutadana, de manera que queda integrada, valorada i avaluada dins la mat\u00e8ria d&#8217;Educaci\u00f3 eticoc\u00edvica. L&#8217;aprenentatge cooperatiu \u00e9s un marc ideal per treballar aquesta compet\u00e8ncia i donar resposta a diferents necessitats de la societat, com la creaci\u00f3 de vincles interpersonals i amb l&#8217;entorn, el descobriment d&#8217;altres realitats i la generaci\u00f3 d&#8217;actituds solid\u00e0ries i no discriminat\u00f2ries.<\/p>\n<p>&nbsp;<\/p>\n<h4><span style=\"color: #999999;\">Objectius<\/span><\/h4>\n<p>&nbsp;<\/p>\n<ol>\n<li>Afavorir les capacitats emp\u00e0tiques.<\/li>\n<li>Generar vincles interpersonals i amb l&#8217;entorn.<\/li>\n<li>Descobrir altres realitats socials, econ\u00f2miques i culturals.<\/li>\n<li>Respectar la diversitat i valorar-la com un element positiu.<\/li>\n<li>Adonar-se del que cadasc\u00fa pot aportar a partir del seu treball.<\/li>\n<li>Generar actituds solid\u00e0ries i no discriminat\u00f2ries.<\/li>\n<li>Afavorir l&#8217;\u00fas del catal\u00e0 com a llengua de cohesi\u00f3.<\/li>\n<li>Ajudar a millorar el nivell curricular dels aprenentatges.<\/li>\n<li>Potenciar la vinculaci\u00f3 entre els centres educatius del municipi.<\/li>\n<\/ol>\n<p>&nbsp;<\/p>\n<h4><span style=\"color: #999999;\">Dimensions competencials<\/span><\/h4>\n<p>&nbsp;<\/p>\n<ul>\n<li>Personal: per con\u00e8ixer-se i comprendre&#8217;s un mateix, els altres i el m\u00f3n, i estar capacitat per exercir de manera responsable l&#8217;autonomia, la cooperaci\u00f3, la creativitat i les llibertats individuals i col\u00b7lectives.<\/li>\n<li>Interpersonal: per saber relacionar-se i viure positivament amb altres persones, cooperar i participar des de la comprensi\u00f3, l&#8217;empatia i la solidaritat.<\/li>\n<li>Professional: per tenir els coneixements i les habilitats necess\u00e0ries per exercir una tasca professional adequada a les necessitats i capacitats de cada persona.<\/li>\n<li>Social: per poder participar activament en la transformaci\u00f3 de la societat, comprendre-la, valorar-la i intervenir de manera cr\u00edtica i responsable perqu\u00e8 cada vegada sigui m\u00e9s justa, solid\u00e0ria i democr\u00e0tica.<\/li>\n<\/ul>\n<p>&nbsp;<\/p>\n<h4><span style=\"color: #999999;\">Activitats<\/span><\/h4>\n<p>&nbsp;<\/p>\n<p>Les principals activitats que realitzen els alumnes s\u00f3n el di\u00e0leg, la lectura, els jocs, el refor\u00e7 escolar i altres accions en parelles o en petits grups que promouen l&#8217;aprenentatge i la cohesi\u00f3. Els alumnes de 4t d&#8217;ESO de l&#8217;institut tamb\u00e9 solen participar en les festes i esdeveniments de les escoles (Nadal, Carnestoltes, etc.), i tots plegats \u2014joves de l&#8217;institut i nens de les escoles\u2014 participen conjuntament a la festa de cloenda anual del projecte a l&#8217;institut.<\/p>\n<p>Cada alumne de 4t d&#8217;ESO que participa del projecte elabora un blog on recull l&#8217;experi\u00e8ncia de cada dia a l&#8217;escola. Un exemple \u00e9s el blog elaborat per l&#8217;alumna Sara Ducr\u00f2s Checa que podeu visitar <a href=\"http:\/\/treballemplegatsaraducros.blogspot.com.es\/p\/11-de-marc-de-2013.html\" target=\"_blank\" rel=\"noopener\">aqu\u00ed<\/a>.<\/p>\n<p>Algunes anys, les escoles tamb\u00e9 elaboren blogs per deixar testimoni de les experi\u00e8ncies del projecte. Podeu visitar-ne <a href=\"http:\/\/tplegats.blogspot.com.es\/2011\/12\/blog-post.html\" target=\"_blank\" rel=\"noopener\">aqu\u00ed<\/a> un exemple o <a href=\"http:\/\/treballemplegatsescolamatagalls.blogspot.com.es\/p\/seguiment-setmanal.html\" target=\"_blank\" rel=\"noopener\">aqu\u00ed<\/a> un altre, d&#8217;anys passats.<\/p>\n","protected":false},"excerpt":{"rendered":"<p>&nbsp;<br \/>\n<a href=\"http:\/\/agora.xtec.cat\/iesreguissol\/categoria\/projectes-i-activitat\/servei-comunitari\/\"><\/a><br \/>\nAccediu <a href=\"http:\/\/agora.xtec.cat\/iesreguissol\/categoria\/projectes-i-activitat\/servei-comunitari\/\" target=\"_blank\" rel=\"noopener\">aqu\u00ed!<\/a> al blog de not\u00edcies de Servei Comunitari.<br \/>\n&nbsp;<\/p>\n<p>&nbsp;<br \/>\nCURS 2025-2026<br \/>\n<a href=\"https:\/\/docs.google.com\/presentation\/d\/1uGLOLdVuJyicAPFhDBy5m4cYpykYhSry4rZeC2GFmpA\/present?usp=sharing\" target=\"_blank\" rel=\"noopener\">Presentaci\u00f3 del projecte<\/a><br \/>\n<a href=\"https:\/\/docs.google.com\/presentation\/d\/1uGLOLdVuJyicAPFhDBy5m4cYpykYhSry4rZeC2GFmpA\/present?usp=sharing\" target=\"_blank\" rel=\"noopener\"><\/a><br \/>\n&nbsp;<\/p>\n<p>CURS 2021-2022<br \/>\n&nbsp;<br \/>\nEl Servei Comunitari per a l\u2019alumnat de secund\u00e0ria obligat\u00f2ria, \u00e9s una acci\u00f3 educativa, en el marc del curr\u00edculum obligatori, que vol promoure que&hellip;  <a href=\"https:\/\/agora.xtec.cat\/iesreguissol\/serveis\/servei-comunitari\/\" title=\"Read Servei comunitari\">Llegeix m\u00e9s\u00bb<\/a><\/p>\n","protected":false},"author":1,"featured_media":0,"parent":63,"menu_order":60,"comment_status":"closed","ping_status":"closed","template":"page-templates\/side-menu.php","meta":{"_bbp_topic_count":0,"_bbp_reply_count":0,"_bbp_total_topic_count":0,"_bbp_total_reply_count":0,"_bbp_voice_count":0,"_bbp_anonymous_reply_count":0,"_bbp_topic_count_hidden":0,"_bbp_reply_count_hidden":0,"_bbp_forum_subforum_count":0,"footnotes":""},"class_list":["post-765","page","type-page","status-publish","hentry"],"post_mailing_queue_ids":[],"_links":{"self":[{"href":"https:\/\/agora.xtec.cat\/iesreguissol\/wp-json\/wp\/v2\/pages\/765","targetHints":{"allow":["GET"]}}],"collection":[{"href":"https:\/\/agora.xtec.cat\/iesreguissol\/wp-json\/wp\/v2\/pages"}],"about":[{"href":"https:\/\/agora.xtec.cat\/iesreguissol\/wp-json\/wp\/v2\/types\/page"}],"author":[{"embeddable":true,"href":"https:\/\/agora.xtec.cat\/iesreguissol\/wp-json\/wp\/v2\/users\/1"}],"replies":[{"embeddable":true,"href":"https:\/\/agora.xtec.cat\/iesreguissol\/wp-json\/wp\/v2\/comments?post=765"}],"version-history":[{"count":6,"href":"https:\/\/agora.xtec.cat\/iesreguissol\/wp-json\/wp\/v2\/pages\/765\/revisions"}],"predecessor-version":[{"id":22950,"href":"https:\/\/agora.xtec.cat\/iesreguissol\/wp-json\/wp\/v2\/pages\/765\/revisions\/22950"}],"up":[{"embeddable":true,"href":"https:\/\/agora.xtec.cat\/iesreguissol\/wp-json\/wp\/v2\/pages\/63"}],"wp:attachment":[{"href":"https:\/\/agora.xtec.cat\/iesreguissol\/wp-json\/wp\/v2\/media?parent=765"}],"curies":[{"name":"wp","href":"https:\/\/api.w.org\/{rel}","templated":true}]}}