{"id":677,"date":"2015-07-29T14:32:56","date_gmt":"2015-07-29T12:32:56","guid":{"rendered":"http:\/\/agora.xtec.cat\/iesreguissol\/?page_id=677"},"modified":"2025-09-21T11:57:19","modified_gmt":"2025-09-21T09:57:19","slug":"projecte-palau","status":"publish","type":"page","link":"https:\/\/agora.xtec.cat\/iesreguissol\/serveis\/diversitat\/projecte-palau\/","title":{"rendered":"Projecte Palau"},"content":{"rendered":"<p>&nbsp;<\/p>\n<p><span style=\"color: #808080;\">El Projecte Palau, adre\u00e7at a alumnes de 3r i 4t d&#8217;ESO, va n\u00e9ixer amb el prop\u00f2sit d&#8217;avan\u00e7ar i singularitzar els recursos del centre per atendre la diversitat. Es tracta d&#8217;un projecte educatiu singular amb l&#8217;objectiu que alumnes amb dificultats d&#8217;aprenentatge assoleixin l&#8217;\u00e8xit acad\u00e8mic, i una m\u00e9s gran satisfacci\u00f3 personal, a trav\u00e9s de la combinaci\u00f3 del treball acad\u00e8mic o curricular amb experi\u00e8ncies o estades (nosaltres en diem <em>tastets d&#8217;ofici<\/em>) en el m\u00f3n laboral, sense finalitat professionalitzadora.\u00a0<\/span><\/p>\n<hr \/>\n<p><strong>Accedeix <a href=\"http:\/\/agora.xtec.cat\/iesreguissol\/categoria\/projectes-i-activitat\/projecte-palau\/\">aqu\u00ed!<\/a> al blog de not\u00edcies del Projecte Palau.<\/strong><\/p>\n<hr \/>\n<h1 style=\"text-align: center;\"><strong>CURS 25\/26<\/strong><\/h1>\n<p><img loading=\"lazy\" decoding=\"async\" class=\"aligncenter  wp-image-22598\" src=\"https:\/\/agora.xtec.cat\/iesreguissol\/wp-content\/uploads\/usu1236\/2025\/09\/Captura-de-pantalla-2025-09-11-175430.png\" alt=\"\" width=\"268\" height=\"204\" srcset=\"https:\/\/agora.xtec.cat\/iesreguissol\/wp-content\/uploads\/usu1236\/2025\/09\/Captura-de-pantalla-2025-09-11-175430.png 509w, https:\/\/agora.xtec.cat\/iesreguissol\/wp-content\/uploads\/usu1236\/2025\/09\/Captura-de-pantalla-2025-09-11-175430-300x228.png 300w\" sizes=\"auto, (max-width: 268px) 100vw, 268px\" \/><\/p>\n<p style=\"text-align: center;\">Pendent d&#8217;actualitzaci\u00f3<\/p>\n<h1 style=\"text-align: center;\"><strong>CURSOS ANTERIORS<\/strong><\/h1>\n<p><span style=\"color: #808080;\">El projecte, sobretot pel que fa als tastets professionalitzadors, requereix de la implicaci\u00f3 de la comunitat local externa a l&#8217;institut i, en especial, de les empreses, negocis o comer\u00e7os del municipi. Algunes de les empreses i entitats col\u00b7laboradores al llarg dels darrers anys han estat o s\u00f3n encara:<\/span><\/p>\n<ul>\n<li><a href=\"http:\/\/www.salicru.com\/ca\/index.php\" target=\"_blank\" rel=\"noopener\">Salicru<\/a><\/li>\n<li><span style=\"color: #808080;\">Hostal Tur\u00f3 de l&#8217;Home<\/span><\/li>\n<li><a href=\"http:\/\/www.elcabirol.net\/Escola_Bressol_El_Cabirol\/El_Cabirol.html\" target=\"_blank\" rel=\"noopener\">Escola bressol El Cabirol<\/a><\/li>\n<li><span style=\"color: #808080;\">Llar d&#8217;infants L&#8217;avet blau (Vallgorguina)<\/span><\/li>\n<li><a href=\"http:\/\/www.xtec.cat\/centres\/a8028424\/\" target=\"_blank\" rel=\"noopener\">CEIP Fontmartina<\/a><\/li>\n<li><span style=\"color: #808080;\">Palau Auto<\/span><\/li>\n<li><a href=\"https:\/\/www.facebook.com\/pages\/Autoshine-Garage\/1424877951091790\" target=\"_blank\" rel=\"noopener\">Autoshine Garage<\/a><\/li>\n<li><a href=\"http:\/\/www.veteralia.com\/clinica-veterinaria-mascots\/\" target=\"_blank\" rel=\"noopener\">Cl\u00ednica Veter\u00e0lia Mascots<\/a><\/li>\n<\/ul>\n<p>&nbsp;<\/p>\n<h4><span style=\"color: #999999;\">Destinataris del projecte<\/span><\/h4>\n<p><span style=\"color: #808080;\">Alumnes que cursen segon cicle d&#8217;ESO i que presenten dificultats per adquirir les compet\u00e8ncies pr\u00f2pies de l&#8217;etapa educativa.<\/span><\/p>\n<p>&nbsp;<\/p>\n<h4><span style=\"color: #999999;\">Objectius<\/span><\/h4>\n<ul>\n<li><span style=\"color: #808080;\">Fer m\u00e9s f\u00e0cil el proc\u00e9s de transici\u00f3 de l&#8217;\u00e0mbit educatiu a l&#8217;\u00e0mbit professional.<\/span><\/li>\n<li><span style=\"color: #808080;\">Impulsar din\u00e0miques de cooperaci\u00f3 entre els diferents agents locals (educatius, econ\u00f2mics i socials) per afavorir la relaci\u00f3 entre l&#8217;entorn local i l&#8217;entorn laboral.<\/span><\/li>\n<li><span style=\"color: #808080;\">Oferir una resposta interdisciplinar per a la prevenci\u00f3 del risc d&#8217;exclusi\u00f3 social i laboral dels joves del poble.<\/span><\/li>\n<li><span style=\"color: #808080;\">Dotar els participants de les capacitats necess\u00e0ries per al disseny i l&#8217;aplicaci\u00f3 del seu itinerari professional, i estimular-los en la presa de decisions.<\/span><\/li>\n<li><span style=\"color: #808080;\">Afavorir el coneixement d&#8217;un o m\u00e9s oficis mitjan\u00e7ant una situaci\u00f3 real.<\/span><\/li>\n<li><span style=\"color: #808080;\">Oferir un marc d&#8217;aprenentatge motivador que encoratgi els participants cap a la valoraci\u00f3 de l&#8217;\u00e0mbit formatiu.<\/span><\/li>\n<li><span style=\"color: #808080;\">Dotar els participants d&#8217;eines per al disseny d&#8217;un projecte empresarial propi, elemental i virtual, per\u00f2 rigor\u00f3s, a trav\u00e9s del projecte de recerca de 4t d&#8217;ESO.<\/span><\/li>\n<\/ul>\n<p>&nbsp;<\/p>\n<p>&nbsp;<\/p>\n","protected":false},"excerpt":{"rendered":"<p>&nbsp;<br \/>\nEl Projecte Palau, adre\u00e7at a alumnes de 3r i 4t d&#8217;ESO, va n\u00e9ixer amb el prop\u00f2sit d&#8217;avan\u00e7ar i singularitzar els recursos del centre per atendre la diversitat. Es tracta d&#8217;un projecte educatiu singular amb l&#8217;objectiu que alumnes amb dificultats d&#8217;aprenentatge assoleixin l&#8217;\u00e8xit acad\u00e8mic, i una&hellip;  <a href=\"https:\/\/agora.xtec.cat\/iesreguissol\/serveis\/diversitat\/projecte-palau\/\" title=\"Read Projecte Palau\">Llegeix m\u00e9s\u00bb<\/a><\/p>\n","protected":false},"author":1,"featured_media":0,"parent":2506,"menu_order":20,"comment_status":"closed","ping_status":"closed","template":"page-templates\/side-menu.php","meta":{"_bbp_topic_count":0,"_bbp_reply_count":0,"_bbp_total_topic_count":0,"_bbp_total_reply_count":0,"_bbp_voice_count":0,"_bbp_anonymous_reply_count":0,"_bbp_topic_count_hidden":0,"_bbp_reply_count_hidden":0,"_bbp_forum_subforum_count":0,"footnotes":""},"class_list":["post-677","page","type-page","status-publish","hentry"],"post_mailing_queue_ids":[],"_links":{"self":[{"href":"https:\/\/agora.xtec.cat\/iesreguissol\/wp-json\/wp\/v2\/pages\/677","targetHints":{"allow":["GET"]}}],"collection":[{"href":"https:\/\/agora.xtec.cat\/iesreguissol\/wp-json\/wp\/v2\/pages"}],"about":[{"href":"https:\/\/agora.xtec.cat\/iesreguissol\/wp-json\/wp\/v2\/types\/page"}],"author":[{"embeddable":true,"href":"https:\/\/agora.xtec.cat\/iesreguissol\/wp-json\/wp\/v2\/users\/1"}],"replies":[{"embeddable":true,"href":"https:\/\/agora.xtec.cat\/iesreguissol\/wp-json\/wp\/v2\/comments?post=677"}],"version-history":[{"count":4,"href":"https:\/\/agora.xtec.cat\/iesreguissol\/wp-json\/wp\/v2\/pages\/677\/revisions"}],"predecessor-version":[{"id":22703,"href":"https:\/\/agora.xtec.cat\/iesreguissol\/wp-json\/wp\/v2\/pages\/677\/revisions\/22703"}],"up":[{"embeddable":true,"href":"https:\/\/agora.xtec.cat\/iesreguissol\/wp-json\/wp\/v2\/pages\/2506"}],"wp:attachment":[{"href":"https:\/\/agora.xtec.cat\/iesreguissol\/wp-json\/wp\/v2\/media?parent=677"}],"curies":[{"name":"wp","href":"https:\/\/api.w.org\/{rel}","templated":true}]}}