{"id":67,"date":"2014-09-18T10:14:18","date_gmt":"2014-09-18T08:14:18","guid":{"rendered":"http:\/\/agora.xtec.cat\/iesreguissol\/?page_id=67"},"modified":"2025-10-19T00:52:27","modified_gmt":"2025-10-18T22:52:27","slug":"acollida","status":"publish","type":"page","link":"https:\/\/agora.xtec.cat\/iesreguissol\/serveis\/acollida\/","title":{"rendered":"Mediaci\u00f3 i acollida"},"content":{"rendered":"<h2>CURS 2025 &#8211; 2026<\/h2>\n<p><img loading=\"lazy\" decoding=\"async\" class=\"aligncenter wp-image-22598\" src=\"https:\/\/agora.xtec.cat\/iesreguissol\/wp-content\/uploads\/usu1236\/2025\/09\/Captura-de-pantalla-2025-09-11-175430.png\" alt=\"\" width=\"266\" height=\"202\" srcset=\"https:\/\/agora.xtec.cat\/iesreguissol\/wp-content\/uploads\/usu1236\/2025\/09\/Captura-de-pantalla-2025-09-11-175430.png 509w, https:\/\/agora.xtec.cat\/iesreguissol\/wp-content\/uploads\/usu1236\/2025\/09\/Captura-de-pantalla-2025-09-11-175430-300x228.png 300w\" sizes=\"auto, (max-width: 266px) 100vw, 266px\" \/><\/p>\n<p style=\"text-align: center;\"><em>En construcci\u00f3<\/em><\/p>\n<p><strong>Accediu\u00a0<a href=\"https:\/\/agora.xtec.cat\/iesreguissol\/categoria\/mediacio\/\">aqu\u00ed!<\/a> al blog de not\u00edcies del projecte de Mediaci\u00f3 al nostre centre<\/strong><\/p>\n<p><strong>\u00a0<\/strong><\/p>\n<h2>CURS 2024 &#8211; 2025<\/h2>\n<p>Trobareu tota la informaci\u00f3 sobre el servei de Mediaci\u00f3 d&#8217;aquest curs <a href=\"https:\/\/docs.google.com\/presentation\/d\/1Zjomsi9x2KGMTeASJul1dS9q-KySzfmYfocTflJbmkE\/present?usp=sharing\" target=\"_blank\" rel=\"noopener\">aqu\u00ed.<\/a><\/p>\n<p><a href=\"https:\/\/docs.google.com\/presentation\/d\/1Zjomsi9x2KGMTeASJul1dS9q-KySzfmYfocTflJbmkE\/present?usp=sharing\" target=\"_blank\" rel=\"noopener\"><img loading=\"lazy\" decoding=\"async\" class=\"aligncenter wp-image-22689\" src=\"https:\/\/agora.xtec.cat\/iesreguissol\/wp-content\/uploads\/usu1236\/2025\/09\/Captura-de-pantalla-2025-09-21-104516-1024x582.png\" alt=\"\" width=\"396\" height=\"225\" srcset=\"https:\/\/agora.xtec.cat\/iesreguissol\/wp-content\/uploads\/usu1236\/2025\/09\/Captura-de-pantalla-2025-09-21-104516-1024x582.png 1024w, https:\/\/agora.xtec.cat\/iesreguissol\/wp-content\/uploads\/usu1236\/2025\/09\/Captura-de-pantalla-2025-09-21-104516-300x170.png 300w, https:\/\/agora.xtec.cat\/iesreguissol\/wp-content\/uploads\/usu1236\/2025\/09\/Captura-de-pantalla-2025-09-21-104516-768x436.png 768w, https:\/\/agora.xtec.cat\/iesreguissol\/wp-content\/uploads\/usu1236\/2025\/09\/Captura-de-pantalla-2025-09-21-104516-1536x873.png 1536w, https:\/\/agora.xtec.cat\/iesreguissol\/wp-content\/uploads\/usu1236\/2025\/09\/Captura-de-pantalla-2025-09-21-104516-2048x1163.png 2048w\" sizes=\"auto, (max-width: 396px) 100vw, 396px\" \/><\/a><\/p>\n<h2>CURS 2023 &#8211; 2024<\/h2>\n<p>Trobareu tota la informaci\u00f3 sobre el servei de Mediaci\u00f3 d&#8217;aquest curs <a href=\"https:\/\/docs.google.com\/presentation\/d\/1Zjomsi9x2KGMTeASJul1dS9q-KySzfmYfocTflJbmkE\/edit?usp=sharing\" target=\"_blank\" rel=\"noopener\">aqu\u00ed<\/a>.<\/p>\n<h2><a href=\"https:\/\/docs.google.com\/presentation\/d\/1Zjomsi9x2KGMTeASJul1dS9q-KySzfmYfocTflJbmkE\/edit?usp=sharing\" target=\"_blank\" rel=\"noopener\"><img loading=\"lazy\" decoding=\"async\" class=\"aligncenter wp-image-20314\" src=\"https:\/\/agora.xtec.cat\/iesreguissol\/wp-content\/uploads\/usu1236\/2022\/12\/mediacio-1024x552.jpg\" alt=\"\" width=\"404\" height=\"218\" srcset=\"https:\/\/agora.xtec.cat\/iesreguissol\/wp-content\/uploads\/usu1236\/2022\/12\/mediacio-1024x552.jpg 1024w, https:\/\/agora.xtec.cat\/iesreguissol\/wp-content\/uploads\/usu1236\/2022\/12\/mediacio-300x162.jpg 300w, https:\/\/agora.xtec.cat\/iesreguissol\/wp-content\/uploads\/usu1236\/2022\/12\/mediacio-768x414.jpg 768w, https:\/\/agora.xtec.cat\/iesreguissol\/wp-content\/uploads\/usu1236\/2022\/12\/mediacio-1536x828.jpg 1536w, https:\/\/agora.xtec.cat\/iesreguissol\/wp-content\/uploads\/usu1236\/2022\/12\/mediacio.jpg 1620w\" sizes=\"auto, (max-width: 404px) 100vw, 404px\" \/><\/a><\/h2>\n<p>&nbsp;<\/p>\n<p>&nbsp;<\/p>\n<h2>CURS 2021 &#8211; 2022<\/h2>\n<p style=\"text-align: justify;\"><span style=\"font-weight: 400;\">Som un grup d&#8217;alumnat de 4t ESO del nostre institut i, aquest any, hem iniciat un projecte de mediaci\u00f3 on volem escoltar i ajudar a la comunitat educativa a mediar els possibles conflictes i a millorar la conviv\u00e8ncia del nostre centre.<\/span><\/p>\n<p><span style=\"font-weight: 400;\">Ens organitzem en quatre comissions de treball:<\/span><\/p>\n<ul>\n<li style=\"font-weight: 400;\" aria-level=\"1\"><span style=\"font-weight: 400;\">Comissi\u00f3 de publicitat i comunicaci\u00f3.<\/span><\/li>\n<li style=\"font-weight: 400;\" aria-level=\"1\"><span style=\"font-weight: 400;\">Comissi\u00f3 d&#8217;espai.<\/span><\/li>\n<li style=\"font-weight: 400;\" aria-level=\"1\"><span style=\"font-weight: 400;\">Comissi\u00f3 de prevenci\u00f3 i disseny d&#8217;activitats.<\/span><\/li>\n<li style=\"font-weight: 400;\" aria-level=\"1\"><span style=\"font-weight: 400;\">Comissi\u00f3 de mediaci\u00f3 i resoluci\u00f3 de conflictes.<\/span><\/li>\n<\/ul>\n<p style=\"text-align: justify;\"><span style=\"font-weight: 400;\">Volem comunicar a tothom que estem per contribuir a la millora de la conviv\u00e8ncia; qualsevol persona \u00e9s lliure d&#8217;acudir a aquest servei tenint en compte que necessitem de la vostra ajuda i col\u00b7laboraci\u00f3. El nostre correu de contacte \u00e9s <\/span><a href=\"mailto:mediacio@institutreguissol.cat\"><span style=\"font-weight: 400;\">mediacio@institutreguissol.cat<\/span><\/a><span style=\"font-weight: 400;\"> , i pots contactar amb nosaltres si est\u00e0s en alguna situaci\u00f3 en qu\u00e8 puguis necessitar de la nostra ajuda per a la mediaci\u00f3. Si alg\u00fa acudeix a aquest servei, nosaltres garantim l&#8217;anonimat personal i del seu respectiu conflicte.<\/span><\/p>\n<p><span style=\"font-weight: 400;\">Quedem a la vostra disposici\u00f3,<\/span><\/p>\n<p><span style=\"font-weight: 400;\">L&#8217;equip de mediaci\u00f3.<\/span><\/p>\n<p><a href=\"https:\/\/agora.xtec.cat\/iesreguissol\/wp-content\/uploads\/usu1236\/2022\/01\/mediacio.jpg\"><img loading=\"lazy\" decoding=\"async\" class=\"aligncenter wp-image-19315\" src=\"https:\/\/agora.xtec.cat\/iesreguissol\/wp-content\/uploads\/usu1236\/2022\/01\/mediacio.jpg\" alt=\"\" width=\"285\" height=\"286\" srcset=\"https:\/\/agora.xtec.cat\/iesreguissol\/wp-content\/uploads\/usu1236\/2022\/01\/mediacio.jpg 809w, https:\/\/agora.xtec.cat\/iesreguissol\/wp-content\/uploads\/usu1236\/2022\/01\/mediacio-300x300.jpg 300w, https:\/\/agora.xtec.cat\/iesreguissol\/wp-content\/uploads\/usu1236\/2022\/01\/mediacio-150x150.jpg 150w, https:\/\/agora.xtec.cat\/iesreguissol\/wp-content\/uploads\/usu1236\/2022\/01\/mediacio-768x769.jpg 768w\" sizes=\"auto, (max-width: 285px) 100vw, 285px\" \/><\/a><\/p>\n<p>&nbsp;<\/p>\n<h2>CURSOS ANTERIORS<\/h2>\n<p>Aquest recurs o servei va ser impulsat i va estar coordinat durant una pila d&#8217;anys per un dels professors fundadors de l&#8217;institut i una de les seves \u00e0nimes essencials, en Manel Tobias, ja retirat per\u00f2 que va continuar col\u00b7laborant amb el centre.<\/p>\n<p style=\"text-align: center;\"><a href=\"https:\/\/agora.xtec.cat\/iesreguissol\/wp-content\/uploads\/usu1236\/2022\/01\/MEDIACIO-ANTIGA.jpg\"><img loading=\"lazy\" decoding=\"async\" class=\"aligncenter wp-image-19313\" src=\"https:\/\/agora.xtec.cat\/iesreguissol\/wp-content\/uploads\/usu1236\/2022\/01\/MEDIACIO-ANTIGA.jpg\" alt=\"\" width=\"523\" height=\"347\" srcset=\"https:\/\/agora.xtec.cat\/iesreguissol\/wp-content\/uploads\/usu1236\/2022\/01\/MEDIACIO-ANTIGA.jpg 1024w, https:\/\/agora.xtec.cat\/iesreguissol\/wp-content\/uploads\/usu1236\/2022\/01\/MEDIACIO-ANTIGA-300x199.jpg 300w, https:\/\/agora.xtec.cat\/iesreguissol\/wp-content\/uploads\/usu1236\/2022\/01\/MEDIACIO-ANTIGA-768x510.jpg 768w\" sizes=\"auto, (max-width: 523px) 100vw, 523px\" \/><\/a>D&#8217;esquerra a dreta, la Dana, en Manel, en Quico, la Paula i la J\u00falia.<\/p>\n<p>La mediaci\u00f3 entre persones en situaci\u00f3 de conflicte suposa una gran aportaci\u00f3 a la cultura del di\u00e0leg, el consens i la pau. Mitjan\u00e7ant aquestes t\u00e8cniques, els nois i noies desenvolupen habilitats que els permeten fer front per si mateixos als conflictes que, de manera natural, viuran al llarg de la seva vida.<\/p>\n<p>La mediaci\u00f3 t\u00e9 en compte elements com:<\/p>\n<ul>\n<li>Totes les persones som diferents i valuoses. La diversitat de maneres de fer i pensar \u00e9s una riquesa humana: no es tracta de canviar les persones ni les seves idees.<\/li>\n<li>Els conflictes formen part natural de la vida. Cal aprendre a conviure-hi, afrontar-los i resoldre\u2019ls.<\/li>\n<li>Cal crear consens per ajudar a evitar enfrontaments in\u00fatils.<\/li>\n<li>Cal actuar preventivament abans que un conflicte es faci massa gran.<\/li>\n<li>La viol\u00e8ncia no porta enlloc.<\/li>\n<\/ul>\n<p>La mediaci\u00f3 parteix d\u2019aquests principis b\u00e0sics:<\/p>\n<ul>\n<li>Respecta i no substitueix la normativa escolar.<\/li>\n<li>Es basa en el di\u00e0leg, la cooperaci\u00f3 i la responsabilitat personal per al manteniment d\u2019un clima pac\u00edfic.<\/li>\n<li>\u00c9s confidencial.<\/li>\n<li>Cadasc\u00fa pot defensar els seus punts de vista.<\/li>\n<li>Ajuda a canvia all\u00f2 que no funciona.<\/li>\n<li>Tothom ha de sortir guanyant.<\/li>\n<\/ul>\n<p>Els mediadors escolten i ajuden a que les persones en conflicte puguin arribar a trobar una soluci\u00f3 justa. Els mediadors no critiquen, no jutgen, no imposen c\u00e0stigs ni donen consells. S\u00f3n persones que formen part de la nostra comunitat educativa: professors, alumnes, pares i mares, que s\u2019han preparat per ajudar-vos.<\/p>\n<p>&nbsp;<\/p>\n<p>&nbsp;<\/p>\n<p>&nbsp;<\/p>\n<p>&nbsp;<\/p>\n<p>&nbsp;<\/p>\n<div class=\"mceTemp\"><\/div>\n<p>&nbsp;<\/p>\n<p>&nbsp;<\/p>\n","protected":false},"excerpt":{"rendered":"<p>CURS 2025 &#8211; 2026<\/p>\n<p>En construcci\u00f3<br \/>\nAccediu\u00a0<a href=\"https:\/\/agora.xtec.cat\/iesreguissol\/categoria\/mediacio\/\">aqu\u00ed!<\/a> al blog de not\u00edcies del projecte de Mediaci\u00f3 al nostre centre<br \/>\n\u00a0<br \/>\nCURS 2024 &#8211; 2025<br \/>\nTrobareu tota la informaci\u00f3 sobre el servei de Mediaci\u00f3 d&#8217;aquest curs <a href=\"https:\/\/docs.google.com\/presentation\/d\/1Zjomsi9x2KGMTeASJul1dS9q-KySzfmYfocTflJbmkE\/present?usp=sharing\" target=\"_blank\" rel=\"noopener\">aqu\u00ed.<\/a><br \/>\n<a href=\"https:\/\/docs.google.com\/presentation\/d\/1Zjomsi9x2KGMTeASJul1dS9q-KySzfmYfocTflJbmkE\/present?usp=sharing\" target=\"_blank\" rel=\"noopener\"><\/a><br \/>\nCURS 2023 &#8211; 2024<br \/>\nTrobareu tota la informaci\u00f3 sobre el&hellip;  <a href=\"https:\/\/agora.xtec.cat\/iesreguissol\/serveis\/acollida\/\" title=\"Read Mediaci\u00f3 i acollida\">Llegeix m\u00e9s\u00bb<\/a><\/p>\n","protected":false},"author":2,"featured_media":0,"parent":63,"menu_order":50,"comment_status":"closed","ping_status":"closed","template":"page-templates\/side-menu.php","meta":{"_bbp_topic_count":0,"_bbp_reply_count":0,"_bbp_total_topic_count":0,"_bbp_total_reply_count":0,"_bbp_voice_count":0,"_bbp_anonymous_reply_count":0,"_bbp_topic_count_hidden":0,"_bbp_reply_count_hidden":0,"_bbp_forum_subforum_count":0,"footnotes":""},"class_list":["post-67","page","type-page","status-publish","hentry"],"post_mailing_queue_ids":[],"_links":{"self":[{"href":"https:\/\/agora.xtec.cat\/iesreguissol\/wp-json\/wp\/v2\/pages\/67","targetHints":{"allow":["GET"]}}],"collection":[{"href":"https:\/\/agora.xtec.cat\/iesreguissol\/wp-json\/wp\/v2\/pages"}],"about":[{"href":"https:\/\/agora.xtec.cat\/iesreguissol\/wp-json\/wp\/v2\/types\/page"}],"author":[{"embeddable":true,"href":"https:\/\/agora.xtec.cat\/iesreguissol\/wp-json\/wp\/v2\/users\/2"}],"replies":[{"embeddable":true,"href":"https:\/\/agora.xtec.cat\/iesreguissol\/wp-json\/wp\/v2\/comments?post=67"}],"version-history":[{"count":7,"href":"https:\/\/agora.xtec.cat\/iesreguissol\/wp-json\/wp\/v2\/pages\/67\/revisions"}],"predecessor-version":[{"id":22755,"href":"https:\/\/agora.xtec.cat\/iesreguissol\/wp-json\/wp\/v2\/pages\/67\/revisions\/22755"}],"up":[{"embeddable":true,"href":"https:\/\/agora.xtec.cat\/iesreguissol\/wp-json\/wp\/v2\/pages\/63"}],"wp:attachment":[{"href":"https:\/\/agora.xtec.cat\/iesreguissol\/wp-json\/wp\/v2\/media?parent=67"}],"curies":[{"name":"wp","href":"https:\/\/api.w.org\/{rel}","templated":true}]}}