{"id":612,"date":"2015-07-29T08:34:03","date_gmt":"2015-07-29T06:34:03","guid":{"rendered":"http:\/\/agora.xtec.cat\/iesreguissol\/?page_id=612"},"modified":"2025-09-11T19:08:15","modified_gmt":"2025-09-11T17:08:15","slug":"llengua-catalana","status":"publish","type":"page","link":"https:\/\/agora.xtec.cat\/iesreguissol\/comunitat\/professorat\/llengua-catalana\/","title":{"rendered":"Lleng\u00fces: Catal\u00e0, Castell\u00e0 i Cl\u00e0ssiques"},"content":{"rendered":"<p>&nbsp;<\/p>\n<ul>\n<li style=\"list-style-type: none;\">\n<ul>\n<li style=\"list-style-type: none;\">\n<ul>\n<li>Catal\u00e0:<\/li>\n<\/ul>\n<\/li>\n<li><span style=\"color: #000000;\">Marta Artigas Torrent:<\/span> <a href=\"mailto:marta.artigas@institutreguissol.cat\" target=\"_blank\" rel=\"noopener noreferrer\">marta.artigas@institutreguissol.cat<\/a><\/li>\n<li>Ariadna Capella:\u00a0 <a href=\"mailto:ariadna.capella@institutreguissol.cat\">ariadna.capella@institutreguissol.cat<\/a><\/li>\n<li>Laura Sol\u00e9: <a style=\"font-family: inherit; font-size: 1em;\" href=\"mailto:laura.sole@institutreguissol.cat\">laura.sole@institutreguissol.cat<\/a><\/li>\n<li>Helena Huguet:\u00a0<a style=\"font-family: inherit; font-size: 1em;\" href=\"mailto:helena.huguet@institutreguissol.cat\">helena.huguet@institutreguissol.cat<\/a><\/li>\n<\/ul>\n<\/li>\n<\/ul>\n<ul>\n<li style=\"list-style-type: none;\"><\/li>\n<\/ul>\n<ul>\n<li style=\"list-style-type: none;\">\n<ul>\n<li style=\"list-style-type: none;\">\n<ul>\n<li>Castell\u00e0:<\/li>\n<\/ul>\n<\/li>\n<li><span style=\"color: #000000;\">Angelica Hor:<\/span> <a href=\"mailto:angelica.hor@institutreguissol.cat\" target=\"_blank\" rel=\"noopener noreferrer\">angelica.hor@institutreguissol.cat<\/a><\/li>\n<li>Tom\u00e0s Mercadal \u21d2\u00a0<a href=\"mailto:tomas.mercadal@institutreguissol.cat\">tomas.mercadal@institutreguissol.cat<\/a><\/li>\n<li>Pol Mad\u00ed: <a href=\"mailto:pol.madi@institutreguissol.cat\">pol.madi<span class=\"\"><span class=\"\">@i<\/span>nstitutreguissol.cat<\/span><\/a><\/li>\n<li>Vicente Garc\u00eda: vicente.garcia@institutreguissol.cat<\/li>\n<\/ul>\n<\/li>\n<\/ul>\n<ul>\n<li style=\"list-style-type: none;\">\n<ul style=\"list-style-type: circle;\">\n<li style=\"list-style-type: none;\">\n<ul style=\"list-style-type: disc;\">\n<li>Cl\u00e0ssiques:<\/li>\n<\/ul>\n<\/li>\n<li><span data-sheets-value=\"{&quot;1&quot;:2,&quot;2&quot;:&quot;Dom\u00e8nech D\u00edaz, Alba&quot;}\" data-sheets-userformat=\"{&quot;2&quot;:6659,&quot;3&quot;:{&quot;1&quot;:0},&quot;4&quot;:{&quot;1&quot;:2,&quot;2&quot;:16777215},&quot;12&quot;:0,&quot;14&quot;:{&quot;1&quot;:2,&quot;2&quot;:2236962},&quot;15&quot;:&quot;Arial, Helvetica, sans-serif&quot;}\">Alba Dom\u00e8nech\u00a0<\/span>\u21d2 <a href=\"mailto:alba.domenech@institutreguissol.cat\">alba.domenech<span class=\"\">@institutreguisso<\/span>l.cat<\/a><\/li>\n<\/ul>\n<\/li>\n<\/ul>\n<ul>\n<li style=\"list-style-type: none;\"><\/li>\n<\/ul>\n<hr \/>\n<p><strong>Accediu <a href=\"http:\/\/agora.xtec.cat\/iesreguissol\/categoria\/comunitat\/departaments\/llengua-catalana\/\" target=\"_blank\" rel=\"noopener noreferrer\">aqu\u00ed!<\/a> al blog de not\u00edcies de Catal\u00e0:<\/strong><\/p>\n<p><a href=\"http:\/\/agora.xtec.cat\/iesreguissol\/categoria\/comunitat\/departaments\/llengua-catalana\/\"><img loading=\"lazy\" decoding=\"async\" class=\"aligncenter wp-image-19943\" src=\"https:\/\/agora.xtec.cat\/iesreguissol\/wp-content\/uploads\/usu1236\/2022\/07\/departament-catala.jpg\" alt=\"\" width=\"220\" height=\"171\" srcset=\"https:\/\/agora.xtec.cat\/iesreguissol\/wp-content\/uploads\/usu1236\/2022\/07\/departament-catala.jpg 419w, https:\/\/agora.xtec.cat\/iesreguissol\/wp-content\/uploads\/usu1236\/2022\/07\/departament-catala-300x233.jpg 300w\" sizes=\"auto, (max-width: 220px) 100vw, 220px\" \/><\/a><\/p>\n<p>&nbsp;<\/p>\n<p><strong>Accediu <a href=\"http:\/\/agora.xtec.cat\/iesreguissol\/categoria\/comunitat\/departaments\/llengua-espanyola-i-llati\/\" target=\"_blank\" rel=\"noopener noreferrer\">aqu\u00ed!<\/a> al blog de not\u00edcies de Castell\u00e0 i Cl\u00e0ssiques:<\/strong><\/p>\n<p><a href=\"http:\/\/agora.xtec.cat\/iesreguissol\/categoria\/comunitat\/departaments\/llengua-espanyola-i-llati\/\"><img loading=\"lazy\" decoding=\"async\" class=\"aligncenter wp-image-19945\" src=\"https:\/\/agora.xtec.cat\/iesreguissol\/wp-content\/uploads\/usu1236\/2022\/07\/departament-castella.jpg\" alt=\"\" width=\"232\" height=\"179\" srcset=\"https:\/\/agora.xtec.cat\/iesreguissol\/wp-content\/uploads\/usu1236\/2022\/07\/departament-castella.jpg 428w, https:\/\/agora.xtec.cat\/iesreguissol\/wp-content\/uploads\/usu1236\/2022\/07\/departament-castella-300x231.jpg 300w\" sizes=\"auto, (max-width: 232px) 100vw, 232px\" \/><\/a><\/p>\n<hr \/>\n<h4><\/h4>\n<h4><span style=\"color: #999999;\">Mat\u00e8ries de l&#8217;\u00e0mbit:<\/span><\/h4>\n<p><em><strong>Mat\u00e8ries comunes:<\/strong><\/em><\/p>\n<ul>\n<li>Llengua catalana i literatura \/ Llengua castellana i literatura 1r ESO<\/li>\n<li>Llengua catalana i literatura \/ Llengua castellana i literatura 2n ESO<\/li>\n<li>Llengua catalana i literatura \/ Llengua castellana i literatura 3r ESO<\/li>\n<li>Llengua catalana i literatura \/ Llengua castellana i literatura 4t ESO<\/li>\n<li>Llengua catalana i literatura \/ Llengua castellana i literatura 1r BAT<\/li>\n<li>Llengua catalana i literatura \/ Llengua castellana i literatura 2n BAT<\/li>\n<li>Projecte Period\u00edstic 2n ESO<\/li>\n<\/ul>\n<p><em><strong>Mat\u00e8ries optatives:<\/strong><\/em><\/p>\n<ul>\n<li>Literatura castellana &#8211; BAT<\/li>\n<li>Literatura catalana &#8211; BAT<\/li>\n<li>Literatura universal &#8211; BAT<\/li>\n<li>Creaci\u00f3 liter\u00e0ria &#8211; BAT<\/li>\n<li>Llat\u00ed &#8211; 4t d&#8217;ESO i BAT<\/li>\n<li>Grec &#8211; BAT<\/li>\n<li>Cultura cl\u00e0ssica &#8211; 3r i 4t d&#8217;ESO<\/li>\n<li>Arts esc\u00e8niques ESO<\/li>\n<li>Cultura audiovisual &#8211; BAT<\/li>\n<li>El poder de les paraules I i II &#8211; ESO<\/li>\n<\/ul>\n","protected":false},"excerpt":{"rendered":"<p>&nbsp;<\/p>\n<ul>\n<li style=\"list-style-type: none;\">\n<ul>\n<li style=\"list-style-type: none;\">\n<ul>\n<li>Catal\u00e0:<\/li>\n<\/ul>\n<\/li>\n<li>Marta Artigas Torrent: <a href=\"mailto:marta.artigas@institutreguissol.cat\" target=\"_blank\" rel=\"noopener noreferrer\">marta.artigas@institutreguissol.cat<\/a><\/li>\n<li>Ariadna Capella:\u00a0 <a href=\"mailto:ariadna.capella@institutreguissol.cat\">ariadna.capella@institutreguissol.cat<\/a><\/li>\n<li>Laura Sol\u00e9: <a style=\"font-family: inherit; font-size: 1em;\" href=\"mailto:laura.sole@institutreguissol.cat\">laura.sole@institutreguissol.cat<\/a><\/li>\n<li>Helena Huguet:\u00a0<a style=\"font-family: inherit; font-size: 1em;\" href=\"mailto:helena.huguet@institutreguissol.cat\">helena.huguet@institutreguissol.cat<\/a><\/li>\n<\/ul>\n<\/li>\n<\/ul>\n<ul>\n<li style=\"list-style-type: none;\"><\/li>\n<\/ul>\n<ul>\n<li style=\"list-style-type: none;\">\n<ul>\n<li style=\"list-style-type: none;\">\n<ul>\n<li>Castell\u00e0:<\/li>\n<\/ul>\n<\/li>\n<li>Angelica Hor: <a href=\"mailto:angelica.hor@institutreguissol.cat\" target=\"_blank\" rel=\"noopener noreferrer\">angelica.hor@institutreguissol.cat<\/a><\/li>\n<li>Tom\u00e0s Mercadal \u21d2\u00a0<a href=\"mailto:tomas.mercadal@institutreguissol.cat\">tomas.mercadal@institutreguissol.cat<\/a><\/li>\n<li>Pol Mad\u00ed: <a&hellip;  <a href=\"https:\/\/agora.xtec.cat\/iesreguissol\/comunitat\/professorat\/llengua-catalana\/\" title=\"Read Lleng\u00fces: Catal\u00e0, Castell\u00e0 i Cl\u00e0ssiques\">Llegeix m\u00e9s\u00bb<\/a><br \/>\n","protected":false},"author":1,"featured_media":0,"parent":611,"menu_order":1,"comment_status":"closed","ping_status":"closed","template":"page-templates\/side-menu.php","meta":{"_bbp_topic_count":0,"_bbp_reply_count":0,"_bbp_total_topic_count":0,"_bbp_total_reply_count":0,"_bbp_voice_count":0,"_bbp_anonymous_reply_count":0,"_bbp_topic_count_hidden":0,"_bbp_reply_count_hidden":0,"_bbp_forum_subforum_count":0,"footnotes":""},"class_list":["post-612","page","type-page","status-publish","hentry"],"post_mailing_queue_ids":[],"_links":{"self":[{"href":"https:\/\/agora.xtec.cat\/iesreguissol\/wp-json\/wp\/v2\/pages\/612","targetHints":{"allow":["GET"]}}],"collection":[{"href":"https:\/\/agora.xtec.cat\/iesreguissol\/wp-json\/wp\/v2\/pages"}],"about":[{"href":"https:\/\/agora.xtec.cat\/iesreguissol\/wp-json\/wp\/v2\/types\/page"}],"author":[{"embeddable":true,"href":"https:\/\/agora.xtec.cat\/iesreguissol\/wp-json\/wp\/v2\/users\/1"}],"replies":[{"embeddable":true,"href":"https:\/\/agora.xtec.cat\/iesreguissol\/wp-json\/wp\/v2\/comments?post=612"}],"version-history":[{"count":7,"href":"https:\/\/agora.xtec.cat\/iesreguissol\/wp-json\/wp\/v2\/pages\/612\/revisions"}],"predecessor-version":[{"id":22616,"href":"https:\/\/agora.xtec.cat\/iesreguissol\/wp-json\/wp\/v2\/pages\/612\/revisions\/22616"}],"up":[{"embeddable":true,"href":"https:\/\/agora.xtec.cat\/iesreguissol\/wp-json\/wp\/v2\/pages\/611"}],"wp:attachment":[{"href":"https:\/\/agora.xtec.cat\/iesreguissol\/wp-json\/wp\/v2\/media?parent=612"}],"curies":[{"name":"wp","href":"https:\/\/api.w.org\/{rel}","templated":true}]}}