{"id":543,"date":"2015-07-28T13:19:55","date_gmt":"2015-07-28T12:19:55","guid":{"rendered":"http:\/\/agora.xtec.cat\/iesreguissol\/?page_id=543"},"modified":"2026-03-09T10:56:00","modified_gmt":"2026-03-09T09:56:00","slug":"descripcio-doptatives","status":"publish","type":"page","link":"https:\/\/agora.xtec.cat\/iesreguissol\/documents\/descripcio-doptatives\/","title":{"rendered":"Optatives i curr\u00edculum"},"content":{"rendered":"<h4 style=\"text-align: center;\"><span style=\"color: #23a9ba;\"><strong style=\"font-size: 2.75em;\">OPTATIVES<br \/>\n<\/strong><\/span><\/h4>\n<p style=\"text-align: center;\">En els seg\u00fcents enlla\u00e7os trobareu la informaci\u00f3 sobre les assignatures optatives d\u2019ESO i Batxillerat del curs vinent.<\/p>\n<h5><\/h5>\n<h5 style=\"text-align: center;\"><span style=\"color: #23a9ba;\"><strong style=\"font-size: 2.75em;\">Curs 2026\/27<\/strong><\/span><\/h5>\n<p>&nbsp;<\/p>\n<p style=\"text-align: center;\"><a href=\"https:\/\/docs.google.com\/document\/d\/1aRHLJxhNZqpALaGStOj-hbY-wdglWwwLrknjcDgmvGc\/edit?tab=t.0\" target=\"_blank\" rel=\"noopener\" data-saferedirecturl=\"https:\/\/www.google.com\/url?q=https:\/\/docs.google.com\/document\/d\/1aRHLJxhNZqpALaGStOj-hbY-wdglWwwLrknjcDgmvGc\/edit?tab%3Dt.0&amp;source=gmail&amp;ust=1773135534198000&amp;usg=AOvVaw30jtNunfGRU540EW-zRLrT\">Descripci\u00f3 de les optatives de 1r d&#8217;ESO 26\/27<\/a><\/p>\n<p style=\"text-align: center;\"><a href=\"https:\/\/docs.google.com\/document\/d\/1-ndXu4JdoIEdGxdHqNVkzoOe7DZlG0h7xZ7Kfw2lpJg\/edit?tab=t.0\" target=\"_blank\" rel=\"noopener\" data-saferedirecturl=\"https:\/\/www.google.com\/url?q=https:\/\/docs.google.com\/document\/d\/1-ndXu4JdoIEdGxdHqNVkzoOe7DZlG0h7xZ7Kfw2lpJg\/edit?tab%3Dt.0&amp;source=gmail&amp;ust=1773135534198000&amp;usg=AOvVaw2a5qOFoedmHMnjDyLx7ouO\">Descripci\u00f3 de les optatives de 2n d&#8217;ESO 26\/27<\/a><\/p>\n<p style=\"text-align: center;\"><a href=\"https:\/\/docs.google.com\/document\/d\/1q6wv0SUHbkZAyD9-cfvIgTMUAfVixjj3pQA_4SJ6BLw\/edit?tab=t.0\" target=\"_blank\" rel=\"noopener\" data-saferedirecturl=\"https:\/\/www.google.com\/url?q=https:\/\/docs.google.com\/document\/d\/1q6wv0SUHbkZAyD9-cfvIgTMUAfVixjj3pQA_4SJ6BLw\/edit?tab%3Dt.0&amp;source=gmail&amp;ust=1773135534198000&amp;usg=AOvVaw36FzELzQqSLiP-l2YdztUZ\">Descripci\u00f3 de les optatives de 3r d&#8217;ESO 26\/27<\/a><\/p>\n<p style=\"text-align: center;\"><a href=\"https:\/\/docs.google.com\/document\/d\/1jkJoeGCXrU8_pYW3Ghl5Tal_GYccbabZGXKri9psZPk\/edit?tab=t.0\" target=\"_blank\" rel=\"noopener\" data-saferedirecturl=\"https:\/\/www.google.com\/url?q=https:\/\/docs.google.com\/document\/d\/1jkJoeGCXrU8_pYW3Ghl5Tal_GYccbabZGXKri9psZPk\/edit?tab%3Dt.0&amp;source=gmail&amp;ust=1773135534198000&amp;usg=AOvVaw3d_A5LwQHVhIpf2xSxX-aI\">Descripci\u00f3 de les optatives de 4t d&#8217;ESO 26\/27<\/a><\/p>\n<p>&nbsp;<\/p>\n<p style=\"text-align: center;\"><a href=\"https:\/\/drive.google.com\/drive\/u\/0\/folders\/1Eut0Wxf0tn7QGRtiP0s6UPQ1aj2WxtCW\" target=\"_blank\" rel=\"noopener\" data-saferedirecturl=\"https:\/\/www.google.com\/url?q=https:\/\/drive.google.com\/drive\/u\/0\/folders\/1Eut0Wxf0tn7QGRtiP0s6UPQ1aj2WxtCW&amp;source=gmail&amp;ust=1773135534198000&amp;usg=AOvVaw0ihv-SScZ_V-1MQ9NkmVT8\">Presentacions de les optatives de 1r de Batxillerat 26\/27<\/a><\/p>\n<div>\n<p>&nbsp;<\/p>\n<p style=\"text-align: center;\"><span style=\"color: #23a9ba;\"><strong style=\"font-size: 2.75em;\">Altres cursos<\/strong><\/span><\/p>\n<p style=\"text-align: center;\"><span style=\"color: #000000;\">Cliqueu al curs que us interessa:<\/span><\/p>\n<table style=\"width: 95.6888%;\">\n<tbody>\n<tr>\n<td style=\"width: 22.5026%;\"><a href=\"https:\/\/docs.google.com\/document\/d\/1lNBcMG1fpctOGHiZqZwL1jY4rGrth6AQ\/edit?usp=sharing&amp;ouid=105985754080841356133&amp;rtpof=true&amp;sd=true\" target=\"_blank\" rel=\"noopener\"><img loading=\"lazy\" decoding=\"async\" class=\"aligncenter wp-image-19754\" src=\"https:\/\/agora.xtec.cat\/iesreguissol\/wp-content\/uploads\/usu1236\/2022\/05\/1-1024x577.png\" sizes=\"auto, (max-width: 244px) 100vw, 244px\" srcset=\"https:\/\/agora.xtec.cat\/iesreguissol\/wp-content\/uploads\/usu1236\/2022\/05\/1-1024x577.png 1024w, https:\/\/agora.xtec.cat\/iesreguissol\/wp-content\/uploads\/usu1236\/2022\/05\/1-300x169.png 300w, https:\/\/agora.xtec.cat\/iesreguissol\/wp-content\/uploads\/usu1236\/2022\/05\/1-768x433.png 768w, https:\/\/agora.xtec.cat\/iesreguissol\/wp-content\/uploads\/usu1236\/2022\/05\/1-1536x865.png 1536w, https:\/\/agora.xtec.cat\/iesreguissol\/wp-content\/uploads\/usu1236\/2022\/05\/1.png 1640w\" alt=\"\" width=\"244\" height=\"137\" \/><\/a><\/td>\n<td style=\"width: 23.3439%;\"><a href=\"https:\/\/docs.google.com\/document\/d\/1tmqqz0WeS2kWJlHCHTuAcpq52WcuG5NB\/edit?usp=sharing&amp;ouid=105985754080841356133&amp;rtpof=true&amp;sd=true\" target=\"_blank\" rel=\"noopener\"><img loading=\"lazy\" decoding=\"async\" class=\"aligncenter size-large wp-image-19755\" src=\"https:\/\/agora.xtec.cat\/iesreguissol\/wp-content\/uploads\/usu1236\/2022\/05\/2-1024x577.png\" sizes=\"auto, (max-width: 1024px) 100vw, 1024px\" srcset=\"https:\/\/agora.xtec.cat\/iesreguissol\/wp-content\/uploads\/usu1236\/2022\/05\/2-1024x577.png 1024w, https:\/\/agora.xtec.cat\/iesreguissol\/wp-content\/uploads\/usu1236\/2022\/05\/2-300x169.png 300w, https:\/\/agora.xtec.cat\/iesreguissol\/wp-content\/uploads\/usu1236\/2022\/05\/2-768x433.png 768w, https:\/\/agora.xtec.cat\/iesreguissol\/wp-content\/uploads\/usu1236\/2022\/05\/2-1536x865.png 1536w, https:\/\/agora.xtec.cat\/iesreguissol\/wp-content\/uploads\/usu1236\/2022\/05\/2.png 1640w\" alt=\"\" width=\"1024\" height=\"577\" \/><\/a><\/td>\n<td style=\"width: 24.185%;\"><a href=\"https:\/\/docs.google.com\/document\/d\/1RvHsY8gxMQT1W7d8u3r_21Onuq7YKyI9\/edit?usp=sharing&amp;ouid=105985754080841356133&amp;rtpof=true&amp;sd=true\"><img loading=\"lazy\" decoding=\"async\" class=\"aligncenter size-large wp-image-19756\" src=\"https:\/\/agora.xtec.cat\/iesreguissol\/wp-content\/uploads\/usu1236\/2022\/05\/3-1024x577.png\" sizes=\"auto, (max-width: 1024px) 100vw, 1024px\" srcset=\"https:\/\/agora.xtec.cat\/iesreguissol\/wp-content\/uploads\/usu1236\/2022\/05\/3-1024x577.png 1024w, https:\/\/agora.xtec.cat\/iesreguissol\/wp-content\/uploads\/usu1236\/2022\/05\/3-300x169.png 300w, https:\/\/agora.xtec.cat\/iesreguissol\/wp-content\/uploads\/usu1236\/2022\/05\/3-768x433.png 768w, https:\/\/agora.xtec.cat\/iesreguissol\/wp-content\/uploads\/usu1236\/2022\/05\/3-1536x865.png 1536w, https:\/\/agora.xtec.cat\/iesreguissol\/wp-content\/uploads\/usu1236\/2022\/05\/3.png 1640w\" alt=\"\" width=\"1024\" height=\"577\" \/><\/a><\/td>\n<td style=\"width: 24.234%;\"><a href=\"https:\/\/docs.google.com\/document\/d\/1P2JbK55pO_J8yQULAsdeejYa43k03ter\/edit?usp=sharing&amp;ouid=105985754080841356133&amp;rtpof=true&amp;sd=true\" target=\"_blank\" rel=\"noopener\"><img loading=\"lazy\" decoding=\"async\" class=\"aligncenter size-large wp-image-19757\" src=\"https:\/\/agora.xtec.cat\/iesreguissol\/wp-content\/uploads\/usu1236\/2022\/05\/4-1024x577.png\" sizes=\"auto, (max-width: 1024px) 100vw, 1024px\" srcset=\"https:\/\/agora.xtec.cat\/iesreguissol\/wp-content\/uploads\/usu1236\/2022\/05\/4-1024x577.png 1024w, https:\/\/agora.xtec.cat\/iesreguissol\/wp-content\/uploads\/usu1236\/2022\/05\/4-300x169.png 300w, https:\/\/agora.xtec.cat\/iesreguissol\/wp-content\/uploads\/usu1236\/2022\/05\/4-768x433.png 768w, https:\/\/agora.xtec.cat\/iesreguissol\/wp-content\/uploads\/usu1236\/2022\/05\/4-1536x865.png 1536w, https:\/\/agora.xtec.cat\/iesreguissol\/wp-content\/uploads\/usu1236\/2022\/05\/4.png 1640w\" alt=\"\" width=\"1024\" height=\"577\" \/><\/a><\/td>\n<\/tr>\n<\/tbody>\n<\/table>\n<\/div>\n<div><\/div>\n<p>&nbsp;<\/p>\n","protected":false},"excerpt":{"rendered":"<p>OPTATIVES<\/p>\n<p>En els seg\u00fcents enlla\u00e7os trobareu la informaci\u00f3 sobre les assignatures optatives d\u2019ESO i Batxillerat del curs vinent.<\/p>\n<p>Curs 2026\/27<br \/>\n&nbsp;<br \/>\n<a href=\"https:\/\/docs.google.com\/document\/d\/1aRHLJxhNZqpALaGStOj-hbY-wdglWwwLrknjcDgmvGc\/edit?tab=t.0\" target=\"_blank\" rel=\"noopener\" data-saferedirecturl=\"https:\/\/www.google.com\/url?q=https:\/\/docs.google.com\/document\/d\/1aRHLJxhNZqpALaGStOj-hbY-wdglWwwLrknjcDgmvGc\/edit?tab%3Dt.0&amp;source=gmail&amp;ust=1773135534198000&amp;usg=AOvVaw30jtNunfGRU540EW-zRLrT\">Descripci\u00f3 de les optatives de 1r d&#8217;ESO 26\/27<\/a><br \/>\n<a href=\"https:\/\/docs.google.com\/document\/d\/1-ndXu4JdoIEdGxdHqNVkzoOe7DZlG0h7xZ7Kfw2lpJg\/edit?tab=t.0\" target=\"_blank\" rel=\"noopener\" data-saferedirecturl=\"https:\/\/www.google.com\/url?q=https:\/\/docs.google.com\/document\/d\/1-ndXu4JdoIEdGxdHqNVkzoOe7DZlG0h7xZ7Kfw2lpJg\/edit?tab%3Dt.0&amp;source=gmail&amp;ust=1773135534198000&amp;usg=AOvVaw2a5qOFoedmHMnjDyLx7ouO\">Descripci\u00f3 de les optatives de 2n d&#8217;ESO 26\/27<\/a><br \/>\n<a href=\"https:\/\/docs.google.com\/document\/d\/1q6wv0SUHbkZAyD9-cfvIgTMUAfVixjj3pQA_4SJ6BLw\/edit?tab=t.0\" target=\"_blank\" rel=\"noopener\" data-saferedirecturl=\"https:\/\/www.google.com\/url?q=https:\/\/docs.google.com\/document\/d\/1q6wv0SUHbkZAyD9-cfvIgTMUAfVixjj3pQA_4SJ6BLw\/edit?tab%3Dt.0&amp;source=gmail&amp;ust=1773135534198000&amp;usg=AOvVaw36FzELzQqSLiP-l2YdztUZ\">Descripci\u00f3 de&hellip;  <a href=\"https:\/\/agora.xtec.cat\/iesreguissol\/documents\/descripcio-doptatives\/\" title=\"Read Optatives i curr\u00edculum\">Llegeix m\u00e9s\u00bb<\/a><\/p>\n","protected":false},"author":1,"featured_media":0,"parent":322,"menu_order":0,"comment_status":"closed","ping_status":"closed","template":"page-templates\/side-menu.php","meta":{"_bbp_topic_count":0,"_bbp_reply_count":0,"_bbp_total_topic_count":0,"_bbp_total_reply_count":0,"_bbp_voice_count":0,"_bbp_anonymous_reply_count":0,"_bbp_topic_count_hidden":0,"_bbp_reply_count_hidden":0,"_bbp_forum_subforum_count":0,"footnotes":""},"class_list":["post-543","page","type-page","status-publish","hentry"],"post_mailing_queue_ids":[],"_links":{"self":[{"href":"https:\/\/agora.xtec.cat\/iesreguissol\/wp-json\/wp\/v2\/pages\/543","targetHints":{"allow":["GET"]}}],"collection":[{"href":"https:\/\/agora.xtec.cat\/iesreguissol\/wp-json\/wp\/v2\/pages"}],"about":[{"href":"https:\/\/agora.xtec.cat\/iesreguissol\/wp-json\/wp\/v2\/types\/page"}],"author":[{"embeddable":true,"href":"https:\/\/agora.xtec.cat\/iesreguissol\/wp-json\/wp\/v2\/users\/1"}],"replies":[{"embeddable":true,"href":"https:\/\/agora.xtec.cat\/iesreguissol\/wp-json\/wp\/v2\/comments?post=543"}],"version-history":[{"count":7,"href":"https:\/\/agora.xtec.cat\/iesreguissol\/wp-json\/wp\/v2\/pages\/543\/revisions"}],"predecessor-version":[{"id":23145,"href":"https:\/\/agora.xtec.cat\/iesreguissol\/wp-json\/wp\/v2\/pages\/543\/revisions\/23145"}],"up":[{"embeddable":true,"href":"https:\/\/agora.xtec.cat\/iesreguissol\/wp-json\/wp\/v2\/pages\/322"}],"wp:attachment":[{"href":"https:\/\/agora.xtec.cat\/iesreguissol\/wp-json\/wp\/v2\/media?parent=543"}],"curies":[{"name":"wp","href":"https:\/\/api.w.org\/{rel}","templated":true}]}}