{"id":538,"date":"2015-07-28T12:59:18","date_gmt":"2015-07-28T11:59:18","guid":{"rendered":"http:\/\/agora.xtec.cat\/iesreguissol\/?page_id=538"},"modified":"2025-09-11T17:51:10","modified_gmt":"2025-09-11T15:51:10","slug":"sortides-del-curs","status":"publish","type":"page","link":"https:\/\/agora.xtec.cat\/iesreguissol\/documents\/sortides-del-curs\/","title":{"rendered":"Sortides i viatges"},"content":{"rendered":"<h3 style=\"text-align: left;\">SORTIDES ESCOLARS<\/h3>\n<p><span style=\"color: #ff0000;\">EN CONSTRUCCI\u00d3<\/span><\/p>\n<p>Des del curs 2022\/23, s&#8217;han unificat el pagament de la quota de material i les sortides de curs per tots els nivells d&#8217;ESO.\u00a0 <span style=\"font-family: 'Open Sans', Helvetica, Arial, sans-serif; font-size: 16px;\">Aque<\/span><span style=\"font-family: 'Open Sans', Helvetica, Arial, sans-serif; font-size: 16px;\">sta quota \u00e9s de 150\u20ac i est\u00e0 dividida en tres parts. Els <span style=\"font-family: inherit; font-size: 1em;\">pagaments corresponents es realitzen mitjan\u00e7at la plataforma <\/span><a style=\"color: #2795b6;\" href=\"https:\/\/tpvescola.com\/\">TPVEscola<\/a><span style=\"font-family: inherit;\"><span style=\"font-size: 1em;\">.\u00a0<\/span><\/span> <\/span><\/p>\n<p><span style=\"font-family: 'Open Sans', Helvetica, Arial, sans-serif; font-size: 16px;\">Les col\u00f2nies, viatges i intercanvis no estan inclosos en aquesta quota i s&#8217;informar\u00e0 cada nivell per separat.<\/span><\/p>\n<p>La quota de material de Batxillerat \u00e9s de 65\u20ac.<\/p>\n<p><span style=\"font-family: inherit;\"><span style=\"font-size: 1em;\">Si teniu qualsevol dubte o problema <\/span><\/span><span style=\"font-family: inherit; font-size: 1em;\">poseu-vos<\/span><span style=\"font-family: inherit;\"><span style=\"font-size: 1em;\"> en contacte amb secretaria.\u00a0<\/span><\/span><\/p>\n<p><a href=\"https:\/\/drive.google.com\/file\/d\/1sTRArdO7aUi0T_X0SMT-s9pBqVQh6g7c\/view?usp=drive_link\" target=\"_blank\" rel=\"noopener\">INFORMACI\u00d3 COL\u00d2NIES 2n ESO COMARRUGA 24\/25\u00a0<\/a><\/p>\n<p><a href=\"https:\/\/drive.google.com\/file\/d\/1GB-bchktnl2mX49UPmoX0t6GnCKRpDRf\/view?usp=drive_link\" target=\"_blank\" rel=\"noopener\">INFORMACI\u00d3 COL\u00d2NIES 1r ESO MAS PAG\u00c8S 24\/25<\/a><\/p>\n<p>&nbsp;<\/p>\n<p>&nbsp;<\/p>\n<h4><\/h4>\n","protected":false},"excerpt":{"rendered":"<p>SORTIDES ESCOLARS<br \/>\nEN CONSTRUCCI\u00d3<br \/>\nDes del curs 2022\/23, s&#8217;han unificat el pagament de la quota de material i les sortides de curs per tots els nivells d&#8217;ESO.\u00a0 Aquesta quota \u00e9s de 150\u20ac i est\u00e0 dividida en tres parts. Els pagaments corresponents es realitzen mitjan\u00e7at la plataforma <a&hellip;  <a href=\"https:\/\/agora.xtec.cat\/iesreguissol\/documents\/sortides-del-curs\/\" title=\"Read Sortides i viatges\">Llegeix m\u00e9s\u00bb<\/a><\/p>\n","protected":false},"author":1,"featured_media":0,"parent":322,"menu_order":0,"comment_status":"closed","ping_status":"closed","template":"page-templates\/side-menu.php","meta":{"_bbp_topic_count":0,"_bbp_reply_count":0,"_bbp_total_topic_count":0,"_bbp_total_reply_count":0,"_bbp_voice_count":0,"_bbp_anonymous_reply_count":0,"_bbp_topic_count_hidden":0,"_bbp_reply_count_hidden":0,"_bbp_forum_subforum_count":0,"footnotes":""},"class_list":["post-538","page","type-page","status-publish","hentry"],"post_mailing_queue_ids":[],"_links":{"self":[{"href":"https:\/\/agora.xtec.cat\/iesreguissol\/wp-json\/wp\/v2\/pages\/538","targetHints":{"allow":["GET"]}}],"collection":[{"href":"https:\/\/agora.xtec.cat\/iesreguissol\/wp-json\/wp\/v2\/pages"}],"about":[{"href":"https:\/\/agora.xtec.cat\/iesreguissol\/wp-json\/wp\/v2\/types\/page"}],"author":[{"embeddable":true,"href":"https:\/\/agora.xtec.cat\/iesreguissol\/wp-json\/wp\/v2\/users\/1"}],"replies":[{"embeddable":true,"href":"https:\/\/agora.xtec.cat\/iesreguissol\/wp-json\/wp\/v2\/comments?post=538"}],"version-history":[{"count":7,"href":"https:\/\/agora.xtec.cat\/iesreguissol\/wp-json\/wp\/v2\/pages\/538\/revisions"}],"predecessor-version":[{"id":22597,"href":"https:\/\/agora.xtec.cat\/iesreguissol\/wp-json\/wp\/v2\/pages\/538\/revisions\/22597"}],"up":[{"embeddable":true,"href":"https:\/\/agora.xtec.cat\/iesreguissol\/wp-json\/wp\/v2\/pages\/322"}],"wp:attachment":[{"href":"https:\/\/agora.xtec.cat\/iesreguissol\/wp-json\/wp\/v2\/media?parent=538"}],"curies":[{"name":"wp","href":"https:\/\/api.w.org\/{rel}","templated":true}]}}