{"id":49,"date":"2014-09-17T16:55:55","date_gmt":"2014-09-17T14:55:55","guid":{"rendered":"http:\/\/agora.xtec.cat\/iesreguissol\/?page_id=49"},"modified":"2024-09-04T23:10:02","modified_gmt":"2024-09-04T21:10:02","slug":"normes-dorganitzacio-i-funcionament","status":"publish","type":"page","link":"https:\/\/agora.xtec.cat\/iesreguissol\/linstitut\/normes-dorganitzacio-i-funcionament\/","title":{"rendered":"Normes i funcionament"},"content":{"rendered":"<p>D&#8217;acord amb el que estableix el <a href=\"http:\/\/portaljuridic.gencat.cat\/ca\/pjur_ocults\/pjur_resultats_fitxa\/?action=fitxa&amp;mode=single&amp;documentId=545262&amp;language=ca_ES\" target=\"_blank\" rel=\"noopener noreferrer\">Decret 102\/2010<\/a>, de 3 d&#8217;agost, d&#8217;autonomia de centres educatius, que desplega la <a href=\"http:\/\/portaljuridic.gencat.cat\/ca\/pjur_ocults\/pjur_resultats_fitxa\/?action=fitxa&amp;documentId=480169&amp;language=ca_ES&amp;searchId=5082658&amp;mode=single\" target=\"_blank\" rel=\"noopener noreferrer\">Llei 12\/2009<\/a>, de 10 de juliol, d&#8217;educaci\u00f3 (LEC), l&#8217;Institut Reguissol compta amb unes Normes d&#8217;organitzaci\u00f3 i funcionament de centre (NOFC), les quals apleguen el conjunt d&#8217;acords i decisions organitzatives que han de fer possible, en el dia a dia, el treball educatiu al centre i la gesti\u00f3 necess\u00e0ries per assolir els objectius establerts en el projecte educatiu del centre i en la seva programaci\u00f3 anual.<\/p>\n<p>Podeu consultar-les a l&#8217;apartat Documents &gt; Documentaci\u00f3 de centre o cliclant al seg\u00fcent link:<\/p>\n<ul>\n<li><a href=\"https:\/\/agora.xtec.cat\/iesreguissol\/documents\/documentacio-de-centre\/\" target=\"_blank\" rel=\"noopener\">Normes d&#8217;organitzaci\u00f3 i funcionament de centre de l&#8217;Institut Reguissol NOFC<\/a><\/li>\n<\/ul>\n","protected":false},"excerpt":{"rendered":"<p>D&#8217;acord amb el que estableix el <a href=\"http:\/\/portaljuridic.gencat.cat\/ca\/pjur_ocults\/pjur_resultats_fitxa\/?action=fitxa&amp;mode=single&amp;documentId=545262&amp;language=ca_ES\" target=\"_blank\" rel=\"noopener noreferrer\">Decret 102\/2010<\/a>, de 3 d&#8217;agost, d&#8217;autonomia de centres educatius, que desplega la <a href=\"http:\/\/portaljuridic.gencat.cat\/ca\/pjur_ocults\/pjur_resultats_fitxa\/?action=fitxa&amp;documentId=480169&amp;language=ca_ES&amp;searchId=5082658&amp;mode=single\" target=\"_blank\" rel=\"noopener noreferrer\">Llei 12\/2009<\/a>, de 10 de juliol, d&#8217;educaci\u00f3 (LEC), l&#8217;Institut Reguissol compta amb unes Normes d&#8217;organitzaci\u00f3 i funcionament de centre&hellip;  <a href=\"https:\/\/agora.xtec.cat\/iesreguissol\/linstitut\/normes-dorganitzacio-i-funcionament\/\" title=\"Read Normes i funcionament\">Llegeix m\u00e9s\u00bb<\/a><\/p>\n","protected":false},"author":1,"featured_media":0,"parent":19,"menu_order":7,"comment_status":"closed","ping_status":"closed","template":"page-templates\/side-menu.php","meta":{"_bbp_topic_count":0,"_bbp_reply_count":0,"_bbp_total_topic_count":0,"_bbp_total_reply_count":0,"_bbp_voice_count":0,"_bbp_anonymous_reply_count":0,"_bbp_topic_count_hidden":0,"_bbp_reply_count_hidden":0,"_bbp_forum_subforum_count":0,"footnotes":""},"class_list":["post-49","page","type-page","status-publish","hentry"],"post_mailing_queue_ids":[],"_links":{"self":[{"href":"https:\/\/agora.xtec.cat\/iesreguissol\/wp-json\/wp\/v2\/pages\/49","targetHints":{"allow":["GET"]}}],"collection":[{"href":"https:\/\/agora.xtec.cat\/iesreguissol\/wp-json\/wp\/v2\/pages"}],"about":[{"href":"https:\/\/agora.xtec.cat\/iesreguissol\/wp-json\/wp\/v2\/types\/page"}],"author":[{"embeddable":true,"href":"https:\/\/agora.xtec.cat\/iesreguissol\/wp-json\/wp\/v2\/users\/1"}],"replies":[{"embeddable":true,"href":"https:\/\/agora.xtec.cat\/iesreguissol\/wp-json\/wp\/v2\/comments?post=49"}],"version-history":[{"count":5,"href":"https:\/\/agora.xtec.cat\/iesreguissol\/wp-json\/wp\/v2\/pages\/49\/revisions"}],"predecessor-version":[{"id":21611,"href":"https:\/\/agora.xtec.cat\/iesreguissol\/wp-json\/wp\/v2\/pages\/49\/revisions\/21611"}],"up":[{"embeddable":true,"href":"https:\/\/agora.xtec.cat\/iesreguissol\/wp-json\/wp\/v2\/pages\/19"}],"wp:attachment":[{"href":"https:\/\/agora.xtec.cat\/iesreguissol\/wp-json\/wp\/v2\/media?parent=49"}],"curies":[{"name":"wp","href":"https:\/\/api.w.org\/{rel}","templated":true}]}}