{"id":46,"date":"2014-09-17T16:53:45","date_gmt":"2014-09-17T14:53:45","guid":{"rendered":"http:\/\/agora.xtec.cat\/iesreguissol\/?page_id=46"},"modified":"2026-02-20T13:00:41","modified_gmt":"2026-02-20T12:00:41","slug":"organigrama","status":"publish","type":"page","link":"https:\/\/agora.xtec.cat\/iesreguissol\/linstitut\/organigrama\/","title":{"rendered":"Organigrama"},"content":{"rendered":"<p><img loading=\"lazy\" decoding=\"async\" class=\"aligncenter wp-image-22869\" src=\"https:\/\/agora.xtec.cat\/iesreguissol\/wp-content\/uploads\/usu1236\/2025\/12\/ORGANIGRAMA-REGUISSOL-2-1024x714.png\" alt=\"\" width=\"569\" height=\"397\" srcset=\"https:\/\/agora.xtec.cat\/iesreguissol\/wp-content\/uploads\/usu1236\/2025\/12\/ORGANIGRAMA-REGUISSOL-2-1024x714.png 1024w, https:\/\/agora.xtec.cat\/iesreguissol\/wp-content\/uploads\/usu1236\/2025\/12\/ORGANIGRAMA-REGUISSOL-2-300x209.png 300w, https:\/\/agora.xtec.cat\/iesreguissol\/wp-content\/uploads\/usu1236\/2025\/12\/ORGANIGRAMA-REGUISSOL-2-768x535.png 768w, https:\/\/agora.xtec.cat\/iesreguissol\/wp-content\/uploads\/usu1236\/2025\/12\/ORGANIGRAMA-REGUISSOL-2-1536x1071.png 1536w, https:\/\/agora.xtec.cat\/iesreguissol\/wp-content\/uploads\/usu1236\/2025\/12\/ORGANIGRAMA-REGUISSOL-2-2048x1428.png 2048w\" sizes=\"auto, (max-width: 569px) 100vw, 569px\" \/><\/p>\n<p>&nbsp;<\/p>\n<ul>\n<li><a href=\"#1\">Equip directiu<\/a><\/li>\n<li><a href=\"#2\">Coordinacions de nivell<\/a><\/li>\n<li><a href=\"#3\">Caps de departament<\/a><\/li>\n<li><a href=\"#4\">Tutories<\/a><\/li>\n<li><a href=\"#5\">\u00c0rees i responsables<\/a><\/li>\n<li><a href=\"#7\">PAS<\/a><\/li>\n<\/ul>\n<hr \/>\n<h4><span style=\"color: #008080;\"><strong><a id=\"1\" style=\"color: #008080;\"><\/a><span style=\"color: #2993a6;\">Equip directiu<\/span><\/strong><\/span><\/h4>\n<ul>\n<li>Directora: Gemma Cerezo Ruiz\u00a0 \u21d2 <a href=\"mailto:gemma.cerezo@institutreguissol.cat\" target=\"_blank\" rel=\"noopener noreferrer\">gemma.cerezo@institutreguissol.cat<\/a><\/li>\n<li>Cap d&#8217;estudis: Pau Acordagoicoechea\u00a0 <span style=\"color: #999999;\">\u21d2<\/span>\u00a0<a href=\"mailto:pau.acorda@institutreguissol.cat\" target=\"_blank\" rel=\"noopener noreferrer\">pau.acorda@institutreguissol.cat<\/a><\/li>\n<li>Secretari: Antoni Torres <span style=\"color: #999999;\">\u21d2<\/span> <a href=\"mailto: toni.torres@institutreguissol.cat\" target=\"_blank\" rel=\"noopener noreferrer\">toni.torres@institutreguissol.cat<\/a><\/li>\n<li>Coordinadora pedag\u00f2gica: Ang\u00e8lica Hor \u21d2 <a style=\"color: #2795b6;\" href=\"mailto:angelica.hor@institutreguissol.cat\">angelica.hor@institutreguissol.cat<\/a><\/li>\n<\/ul>\n<p><a href=\"https:\/\/docs.google.com\/document\/d\/1Dupl3uTdS6OgKAKRYSzkIXdgJ62BZAPeDgOdDt6rK_c\/edit?usp=sharing\"><span style=\"font-weight: 400;\">TRAJECT\u00d2RIA PROFESSIONAL EQUIP DIRECTIU\u00a0<\/span><\/a><\/p>\n<hr \/>\n<h4><strong><span style=\"color: #808080;\"><a id=\"2\"><\/a><span style=\"color: #2993a6;\">Coordinad<\/span><\/span><\/strong><strong><span style=\"color: #808080;\"><span style=\"color: #2993a6;\">ors de nivell\u00a0<\/span><\/span><\/strong><\/h4>\n<ul>\n<li>Coordinadora de 1r d&#8217;ESO: S\u00edlvia Serrano\u00a0 \u21d2 <a href=\"mailto:silvia.serrano@institutreguissol.cat\" target=\"_blank\" rel=\"noopener noreferrer\">silvia.serrano@institutreguissol.cat<\/a><\/li>\n<li>Coordinador de 2n d&#8217;ESO:\u00a0 Toni Torres \u21d2 <a href=\"mailto:toni.torres@institutreguissol.cat\">toni.torres@institutreguissol.cat<\/a><\/li>\n<li>Coordinador de 3r d&#8217;ESO: Pol Mad\u00ed\u00a0 <span style=\"color: #999999;\">\u21d2 <a href=\"mailto:pol.madi@institutreguissol.cat\" target=\"_blank\" rel=\"noopener noreferrer\">pol.madi@institutreguissol.cat<\/a><\/span><\/li>\n<li>Coordinadora de 4t d&#8217;ESO:\u00a0 Marta Artigas\u00a0 \u21d2 <a href=\"mailto:marta.artigas@institutreguissol.cat\" target=\"_blank\" rel=\"noopener noreferrer\">marta.artigas@institutreguissol.cat<\/a><\/li>\n<li>Coordinadora de batxillerat:\u00a0Rosa Pont \u21d2<a href=\"mailto:rosa.pont@institutreguissol.cat\">\u00a0rosa.pont@institutreguissol.cat\u00a0<\/a><\/li>\n<\/ul>\n<hr \/>\n<h4><span style=\"color: #808080;\"><a id=\"3\"><\/a><strong><span style=\"color: #2993a6;\">Caps de Departament<\/span><\/strong><\/span><\/h4>\n<ul>\n<li>Castell\u00e0 i cl\u00e0ssiques: Alba Dom\u00e8nech\u00a0\u21d2 <span style=\"color: #999999;\"><a href=\"mailto:alba.domenech@institutreguissol.cat\">alba.domenech@institutreguissol.cat<\/a><\/span><\/li>\n<li>Catal\u00e0: Ariadna Capella \u21d2 <span style=\"color: #999999;\"><a href=\"mailto:ariadna.capella@institutreguissol.cat\">ariadna.capella@institutreguissol.cat<\/a><\/span><\/li>\n<li>Lleng\u00fces estrangeres: Sue Goy \u21d2 <a href=\"mailto:sue.goy@institutreguissol.cat\">sue.goy@institutreguissol.cat\u00a0<\/a><\/li>\n<li>Matem\u00e0tiques: Clara Trullenque<span style=\"color: #333333;\">\u00a0\u00a0<span style=\"color: #999999;\">\u21d2<\/span> <a href=\"mailto:clara.trullenque@institutreguissol.cat\" target=\"_blank\" rel=\"noopener noreferrer\">clara.trullenque@institutreguissol.cat<\/a>\u00a0 \u00a0<\/span><\/li>\n<li>Ci\u00e8ncies:\u00a0Bernab\u00e9 Bono \u21d2 <a href=\"mailto:bernabe.bono@institutreguissol.cat\">bernabe.bono@institutreguissol.cat<\/a><\/li>\n<li>Tecnologia: Pili Devis \u21d2<a href=\"mailto:pili.devis@institutreguissol.cat\"> pili.devis@institutreguissol.cat\u00a0<\/a><\/li>\n<li>Socials:\u00a0Cristina Carre\u00f1o \u21d2 <a href=\"mailto:cristina.carreno@institutreguissol.cat\">cristina.carreno@institutreguissol.cat<\/a><\/li>\n<li>Expressi\u00f3: Isabel Palazuelo \u21d2 <a href=\"mailto:isabel.palazuelo@institutreguissol.cat\">isabel.palazuelo@institutreguissol.cat<\/a><\/li>\n<li>Orientaci\u00f3: Rebeca Mart\u00ednez \u21d2 <a href=\"mailto:rebeca.martinez@institutreguissol.cat\" target=\"_blank\" rel=\"noopener noreferrer\">rebeca.martinez@institutreguissol.cat<\/a><\/li>\n<\/ul>\n<hr \/>\n<h4><strong><span style=\"color: #808080;\"><a id=\"4\"><\/a><span style=\"color: #2993a6;\">Tutories<\/span><\/span><\/strong><\/h4>\n<ul>\n<li>1r ESO A:\u00a0J\u00falia Gal\u00ed \u21d2 <a style=\"color: #2795b6;\" href=\"mailto:julia.gali@institutreguissol.cat\">julia.gali@institutreguissol.cat<\/a><\/li>\n<li>1r ESO B:\u00a0Cristina Carre\u00f1o \u21d2 <a href=\"mailto:cristina.carreno@institutreguissol.cat\">cristina.carreno@institutreguissol.cat<\/a><\/li>\n<li>1r ESO C:\u00a0Jordi Barbosa \u21d2 <a href=\"mailto:jordi.barbosa@institutreguissol.cat\">jordi.barbosa@institutreguissol.cat<\/a><\/li>\n<li>1r ESO D:\u00a0Patricia Garcia \u21d2 <a href=\"mailto:patricia.garcia@institutreguissol.cat\" target=\"_blank\" rel=\"noopener noreferrer\">patricia.garcia@institutreguissol.cat<\/a>\u00a0 \u00a0 (subst. Javier Ruiz \u21d2 <a href=\"mailto:javier.ruiz@institutreguissol.cat\" target=\"_blank\" rel=\"noopener noreferrer\">javier.ruiz@institutreguissol.cat<\/a>)<\/li>\n<li>2n ESO A: Laura Sol\u00e9\u00a0\u21d2<a href=\"mailto:laura.sole@institutreguissol.cat\"> laura.sole@institutreguissol.cat\u00a0<\/a><\/li>\n<li>2n ESO B: Esperan\u00e7a Roca\u00a0 \u21d2 <a style=\"color: #2795b6;\" href=\"mailto:esperanca.roca@institutreguissol.cat\">esperanca.roca@institutreguissol.cat<\/a><\/li>\n<li>2n ESO C:\u00a0Pachi Balaguer\u00a0\u21d2 <a style=\"color: #2795b6;\" href=\"mailto:pachi.balaguer@institutreguissol.cat\">pachi.balaguer@institutreguissol.cat<\/a><\/li>\n<li>2n ESO D: Vicente Garcia\u00a0\u21d2 <a style=\"color: #2795b6;\" href=\"mailto:vicente.garcia@institutreguissol.cat\">vicente.garcia<span class=\"\">@<\/span>institutreguissol.cat<\/a><\/li>\n<li>3r ESO A: Helena Huguet <span style=\"color: #999999;\">\u21d2<\/span> <a href=\"mailto:helena.huguet@institutreguissol.cat\">helena.huguet@institutreguissol.cat\u00a0\u00a0\u00a0<\/a><\/li>\n<li>3r ESO B:\u00a0Bernab\u00e9 Bono \u21d2 <a href=\"mailto:bernabe.bono@institutreguissol.cat\">bernabe.bono@institutreguissol.cat<\/a><\/li>\n<li>3r ESO C:\u00a0Pili Devis<span style=\"color: #333333;\">\u00a0\u21d2 <a href=\"mailto:pili.devis@institutreguissol.cat\">pili.devis@institutreguissol.cat<\/a><\/span><\/li>\n<li>3r ESO D: S\u00edlvia Sorolla <span style=\"color: #333333;\">\u21d2 <a href=\"mailto:silvia.sorolla@institutreguissol.cat\">silvia.sorolla@institutreguissol.cat<\/a><\/span><\/li>\n<li>3r ESO PP: Angela Carrasco\u00a0\u21d2 <a href=\"mailto:angela.carrasco@institutreguissol.cat\">angela.carrasco@institutreguissol.cat<\/a><\/li>\n<li>4t ESO A:\u00a0Tom\u00e0s Mercadal \u21d2 <span style=\"color: #999999;\"><a href=\"mailto:tomas.mercadal@institutreguissol.cat\">tomas.mercadal@institutreguissol.cat<\/a><\/span><\/li>\n<li>4t ESO B: Marta Mart\u00ed \u21d2 <a href=\"mailto:marta.marti@institutreguissol.cat\">marta.marti@institutreguissol.cat<\/a><\/li>\n<li>4t ESO C: Laura Carbajo\u00a0 \u21d2 <a style=\"font-family: inherit; font-size: 1em;\" href=\"mailto:laura.carbajo@institutreguissol.cat\" target=\"_blank\" rel=\"noopener noreferrer\">laura.carbajo@institutreguissol.cat<\/a><\/li>\n<li>1r BAT A: \u00a0Esteve Gr\u00e0cia\u00a0 \u21d2 <a style=\"font-family: inherit; font-size: 1em;\" href=\"mailto:estevee.gracia@institutreguissol.cat\" target=\"_blank\" rel=\"noopener noreferrer\">esteve.gracia@institutreguissol.cat<\/a><\/li>\n<li>1r BAT B:\u00a0Isabel Palazuelo \u21d2 <a href=\"mailto:isabel.palazuelo@institutreguissol.cat\">isabel.palazuelo@institutreguissol.cat<\/a><\/li>\n<li>2n BAT A:\u00a0Ariadna Capella \u21d2 <a href=\"mailto:ariadna.capella@institutreguissol.cat\" target=\"_blank\" rel=\"noopener noreferrer\">ariadna.capella@institutreguissol.cat<\/a><\/li>\n<li>2n BAT B:\u00a0Clara Trullenque \u21d2 <a style=\"font-family: inherit; font-size: 1em;\" href=\"mailto:clara.trullenque@institutreguissol.cat\">clara.trullenque@institutreguissol.cat<\/a><\/li>\n<\/ul>\n<hr \/>\n<h4><strong><span style=\"color: #2993a6;\">\u00c0rees i responsables <\/span><\/strong><\/h4>\n<h6><strong><span style=\"color: #2993a6;\">Coordinacions<\/span><\/strong><\/h6>\n<ul>\n<li style=\"list-style-type: none;\">\n<ul>\n<li>Art als patis:\u00a0Marta Artigas\u00a0 \u21d2 <a href=\"mailto:marta.artigas@institutreguissol.cat\" target=\"_blank\" rel=\"noopener noreferrer\">marta.artigas@institutreguissol.cat<\/a><\/li>\n<li>Biblioteca: Pol Mad\u00ed <span style=\"color: #333333;\">\u21d2 <a href=\"mailto:pol.madi@institutreguissol.cat\">pol.madi@institutreguissol.cat<\/a><\/span><\/li>\n<li>Cangur: Juani Galindo \u21d2 <a href=\"mailto:juani.galindo@institutreguissol.cat\">juani.galindo@institutreguissol.cat<\/a><\/li>\n<li>Consell de delegats:\u00a0Alba Dom\u00e8nech\u00a0\u21d2 <span style=\"color: #999999;\"><a href=\"mailto:alba.domenech@institutreguissol.cat\">alba.domenech@institutreguissol.cat<\/a><\/span><\/li>\n<li>Imatge (Fotografia\/v\u00eddeo):\u00a0Luis Garc\u00eda \u21d2<a href=\"mailto:luis.garcia@institutreguissol.cat\"> luis.garcia@institutreguissol.cat<\/a><\/li>\n<li><span style=\"color: #333333;\">LIC: <\/span>Ariadna Capella \u21d2 <a href=\"mailto:ariadna.capella@institutreguissol.cat\" target=\"_blank\" rel=\"noopener noreferrer\">ariadna.capella@institutreguissol.cat<\/a><\/li>\n<li>Mediaci\u00f3: Rebeca Martinez\u00a0\u21d2 <a href=\"mailto:rebeca.martinez@institutreguissol.cat\" target=\"_blank\" rel=\"noopener noreferrer\">rebeca.martinez@institutreguissol.cat<\/a><\/li>\n<li>Podcast:\u00a0Vicente Garcia\u00a0\u21d2 <a style=\"color: #2795b6;\" href=\"mailto:vicente.garcia@institutreguissol.cat\">vicente.garcia<span class=\"\">@<\/span>institutreguissol.cat<\/a><\/li>\n<li>Revista: Carme Calvo \u21d2 <a style=\"color: #2795b6;\" href=\"mailto:vicente.garcia@institutreguissol.cat\">carme.calvo<span class=\"\">@<\/span>institutreguissol.cat<\/a><\/li>\n<li>Riscos Laborals:\u00a0Albert Matas \u21d2 <a style=\"color: #2795b6;\" href=\"mailto:vicente.garcia@institutreguissol.cat\">albert.matas<span class=\"\">@<\/span>institutreguissol.cat<\/a><\/li>\n<li>Robotseny:\u00a0J\u00falia Gal\u00ed \u21d2 <a style=\"color: #2795b6;\" href=\"mailto:julia.gali@institutreguissol.cat\">julia.gali@institutreguissol.cat<\/a><\/li>\n<li>TAC: <span style=\"color: #333333;\">Gabriel Coll\u00a0 <span style=\"color: #999999;\">\u21d2<\/span> <a href=\"mailto:gabriel.coll@institutreguissol.cat\" target=\"_blank\" rel=\"noopener noreferrer\">gabriel.coll@institutreguissol.cat<\/a>\u00a0 \u00a0<\/span><\/li>\n<li>Treball Comunitari: Daniel Daunis <span style=\"color: #333333;\"><span style=\"color: #999999;\">\u21d2<\/span> <a href=\"mailto:daniel.daunis@institutreguissol.cat\" target=\"_blank\" rel=\"noopener noreferrer\">daniel.daunis@institutreguissol.cat<\/a>\u00a0<\/span><\/li>\n<li>Viatge de 4t ESO: Tom\u00e0s Mercadal \u21d2 <span style=\"color: #999999;\"><a href=\"mailto:tomas.mercadal@institutreguissol.cat\">tomas.mercadal@institutreguissol.cat<\/a><\/span><\/li>\n<li>Web i xarxes: S\u00edlvia Serrano \u21d2 <a href=\"mailto:silvia.serrano@institutreguissol.cat\">silvia.serrano@institutreguissol.cat<\/a><\/li>\n<\/ul>\n<\/li>\n<\/ul>\n<p>&nbsp;<\/p>\n<h6><strong><span style=\"color: #2993a6;\">Comissions<\/span><\/strong><\/h6>\n<ul>\n<li>Biblioteca: Pol Mad\u00ed, Laura Sol\u00e9, Tom\u00e0s Mercadal (Ang\u00e8lica Hor, ED)<\/li>\n<li>Disseny d&#8217;espais: S\u00edlvia Sorolla i Luis Garcia (Ang\u00e8lica Hor, ED)<\/li>\n<li>Coeducaci\u00f3: Laura Carbajo, Llu\u00eds Sanuy, Silvia Sorolla, Clara Trullenque<\/li>\n<li>Fira Cient\u00edfica: Rosa Pont, Maurici Segura, Lourdes Cavada<\/li>\n<li><span style=\"color: #333333;\">GEP: <\/span>Bernab\u00e9 Bono, Laura Carbajo, N\u00faria Clop\u00e9s, Susan Hern\u00e1ndez, Jordi Ribera, S\u00edlvia Serrano, J\u00falia Gal\u00ed, Patricia Garcia.<\/li>\n<li>Intercanvi: Susan Hern\u00e1ndez, Pachi Balaguer, Esperan\u00e7a Roca<\/li>\n<li>Padrins: Pachi Balagues, Bernab\u00e9 Bono, Cristina Carre\u00f1o, Mariluz Luque, Jordi Ribera<\/li>\n<li>Participaci\u00f3: Alba Dom\u00e8nech, Esteve Gr\u00e0cia, Llu\u00eds Sanuy\u00a0 (Gemma Cerezo, ED)<\/li>\n<li>Comissi\u00f3 TAC: Gabriel Coll, Albert Matas, Esteve Gr\u00e0cia (Gemma Cerezo i Toni Torres, ED)<\/li>\n<\/ul>\n<hr \/>\n<h4><strong><span style=\"color: #808080;\"><a id=\"7\"><\/a><span style=\"color: #2993a6;\">PAS<\/span><\/span><\/strong><\/h4>\n<ul>\n<li>Administrativa: Irene Echevarria \u21d2 <a href=\"mailto:a8053108@xtec.cat\">a8053108@xtec.cat<\/a><\/li>\n<li>Consergeria: Xisco i Carme \u21d2 <a href=\"mailto:consergeria@institutreguissol.cat\">consergeria@institutreguissol.<\/a><\/li>\n<li>Vetlladora: Ana Arroyo \u21d2 <a href=\"mailto:ana.arroyo@institutreguissol.cat\">ana.arroyo@institutreguissol.cat<\/a><\/li>\n<\/ul>\n","protected":false},"excerpt":{"rendered":"<p>&nbsp;<\/p>\n<ul>\n<li><a href=\"#1\">Equip directiu<\/a><\/li>\n<li><a href=\"#2\">Coordinacions de nivell<\/a><\/li>\n<li><a href=\"#3\">Caps de departament<\/a><\/li>\n<li><a href=\"#4\">Tutories<\/a><\/li>\n<li><a href=\"#5\">\u00c0rees i responsables<\/a><\/li>\n<li><a href=\"#7\">PAS<\/a><\/li>\n<\/ul>\n<p><a id=\"1\" style=\"color: #008080;\"><\/a>Equip directiu<\/p>\n<ul>\n<li>Directora: Gemma Cerezo Ruiz\u00a0 \u21d2 <a href=\"mailto:gemma.cerezo@institutreguissol.cat\" target=\"_blank\" rel=\"noopener noreferrer\">gemma.cerezo@institutreguissol.cat<\/a><\/li>\n<li>Cap d&#8217;estudis: Pau Acordagoicoechea\u00a0 \u21d2\u00a0<a href=\"mailto:pau.acorda@institutreguissol.cat\" target=\"_blank\" rel=\"noopener noreferrer\">pau.acorda@institutreguissol.cat<\/a><\/li>\n<li>Secretari: Antoni Torres \u21d2 <a href=\"mailto: toni.torres@institutreguissol.cat\" target=\"_blank\" rel=\"noopener noreferrer\">toni.torres@institutreguissol.cat<\/a><\/li>\n<li>Coordinadora pedag\u00f2gica:&hellip;  <a href=\"https:\/\/agora.xtec.cat\/iesreguissol\/linstitut\/organigrama\/\" title=\"Read Organigrama\">Llegeix m\u00e9s\u00bb<\/a><br \/>\n","protected":false},"author":1,"featured_media":0,"parent":19,"menu_order":5,"comment_status":"closed","ping_status":"closed","template":"page-templates\/side-menu.php","meta":{"_bbp_topic_count":0,"_bbp_reply_count":0,"_bbp_total_topic_count":0,"_bbp_total_reply_count":0,"_bbp_voice_count":0,"_bbp_anonymous_reply_count":0,"_bbp_topic_count_hidden":0,"_bbp_reply_count_hidden":0,"_bbp_forum_subforum_count":0,"footnotes":""},"class_list":["post-46","page","type-page","status-publish","hentry"],"post_mailing_queue_ids":[],"_links":{"self":[{"href":"https:\/\/agora.xtec.cat\/iesreguissol\/wp-json\/wp\/v2\/pages\/46","targetHints":{"allow":["GET"]}}],"collection":[{"href":"https:\/\/agora.xtec.cat\/iesreguissol\/wp-json\/wp\/v2\/pages"}],"about":[{"href":"https:\/\/agora.xtec.cat\/iesreguissol\/wp-json\/wp\/v2\/types\/page"}],"author":[{"embeddable":true,"href":"https:\/\/agora.xtec.cat\/iesreguissol\/wp-json\/wp\/v2\/users\/1"}],"replies":[{"embeddable":true,"href":"https:\/\/agora.xtec.cat\/iesreguissol\/wp-json\/wp\/v2\/comments?post=46"}],"version-history":[{"count":7,"href":"https:\/\/agora.xtec.cat\/iesreguissol\/wp-json\/wp\/v2\/pages\/46\/revisions"}],"predecessor-version":[{"id":23068,"href":"https:\/\/agora.xtec.cat\/iesreguissol\/wp-json\/wp\/v2\/pages\/46\/revisions\/23068"}],"up":[{"embeddable":true,"href":"https:\/\/agora.xtec.cat\/iesreguissol\/wp-json\/wp\/v2\/pages\/19"}],"wp:attachment":[{"href":"https:\/\/agora.xtec.cat\/iesreguissol\/wp-json\/wp\/v2\/media?parent=46"}],"curies":[{"name":"wp","href":"https:\/\/api.w.org\/{rel}","templated":true}]}}