{"id":452,"date":"2015-07-26T17:00:28","date_gmt":"2015-07-26T15:00:28","guid":{"rendered":"http:\/\/agora.xtec.cat\/iesreguissol\/?page_id=452"},"modified":"2017-10-27T13:56:55","modified_gmt":"2017-10-27T11:56:55","slug":"pla-ilec","status":"publish","type":"page","link":"https:\/\/agora.xtec.cat\/iesreguissol\/serveis\/biblioteca\/pla-ilec\/","title":{"rendered":"Impuls de la lectura"},"content":{"rendered":"<p>Enguany es promou una hora de lectura en horari lectiu per a tot l&#8217;alumnat d&#8217;ESO. Les experi\u00e8ncies i recomanacions es vehiculen a trav\u00e9s d&#8217;un blog de lectures.<\/p>\n<hr \/>\n<p><strong>Accediu <a href=\"http:\/\/agora.xtec.cat\/iesreguissol\/categoria\/projectes-i-activitat\/pla-ilec\/lectures\/\" target=\"_blank\">aqu\u00ed!<\/a> al blog <span style=\"color: #99cc00;\">Una meva lectura<\/span><\/strong><\/p>\n<hr \/>\n<p>&nbsp;<\/p>\n<p>L&#8217;Institut Reguissol gaudeix d&#8217;un pla espec\u00edfic per promoure la lectura i per oferir als alumnes, de forma planificada, estrat\u00e8gies lectores que els permetin millorar la seva capacitat de comprensi\u00f3 i d&#8217;interpretaci\u00f3 dels textos: el pla ILEC del centre.<\/p>\n<hr \/>\n<p><strong>Accediu <a href=\"http:\/\/agora.xtec.cat\/iesreguissol\/categoria\/projectes-i-activitat\/pla-ilec\/\" target=\"_blank\">aqu\u00ed!<\/a> al blog de not\u00edcies del pla ILEC.<\/strong><\/p>\n<hr \/>\n<p>&nbsp;<\/p>\n<p><a href=\"http:\/\/agora.xtec.cat\/iesreguissol\/wp-content\/uploads\/usu1236\/2015\/07\/DSC_0119.jpg\"><img loading=\"lazy\" decoding=\"async\" class=\"alignnone wp-image-789 \" src=\"http:\/\/agora.xtec.cat\/iesreguissol\/wp-content\/uploads\/usu1236\/2015\/07\/DSC_0119-1024x680.jpg\" alt=\"DSC_0119\" width=\"673\" height=\"447\" srcset=\"https:\/\/agora.xtec.cat\/iesreguissol\/wp-content\/uploads\/usu1236\/2015\/07\/DSC_0119-1024x680.jpg 1024w, https:\/\/agora.xtec.cat\/iesreguissol\/wp-content\/uploads\/usu1236\/2015\/07\/DSC_0119-300x199.jpg 300w, https:\/\/agora.xtec.cat\/iesreguissol\/wp-content\/uploads\/usu1236\/2015\/07\/DSC_0119.jpg 1200w\" sizes=\"auto, (max-width: 673px) 100vw, 673px\" \/><\/a><\/p>\n<p>&nbsp;<\/p>\n<p>El Departament d&#8217;Ensenyament participa en el<span class=\"Apple-converted-space\">\u00a0<\/span><a href=\"http:\/\/www.govern.cat\/pres_gov\/AppJava\/govern\/grans-reptes\/aixecar-catalunya\/160231\/govern-impulsa-nacional-lectura-lobjectiu-daugmentar-habits-lectors-ciutadans.html\" target=\"_blank\">Pla Nacional de Lectura<\/a><strong><span class=\"Apple-converted-space\">\u00a0<\/span><\/strong>presentat pel Govern de la Generalitat establint com a objectiu estrat\u00e8gic la millora de l&#8217;\u00e8xit escolar de tot l&#8217;alumnat. I ho fa potenciant la lectura sistem\u00e0tica en totes les \u00e0rees i mat\u00e8ries del curr\u00edculum al llarg de tota l&#8217;escolaritat b\u00e0sica per augmentar la compet\u00e8ncia comunicativa i ling\u00fc\u00edstica i el desenvolupament de l&#8217;h\u00e0bit lector dels infants i joves, sense oblidar que la compet\u00e8ncia lectora \u00e9s la base de molts aprenentatges i un requisit per participar amb \u00e8xit en bona part dels \u00e0mbits de la vida adulta.<\/p>\n<p>&nbsp;<\/p>\n<p><a href=\"http:\/\/agora.xtec.cat\/iesreguissol\/wp-content\/uploads\/usu1236\/2015\/07\/Logo-ILEC-2.gif\"><img loading=\"lazy\" decoding=\"async\" class=\"alignnone size-medium wp-image-788\" src=\"http:\/\/agora.xtec.cat\/iesreguissol\/wp-content\/uploads\/usu1236\/2015\/07\/Logo-ILEC-2.gif\" alt=\"Logo ILEC-2\" width=\"300\" height=\"240\" \/><\/a><\/p>\n<p>&nbsp;<\/p>\n<p>L&#8217;Institut Reguissol va incorporar aquest objectiu estrat\u00e8gic a les seves prioritats durant el curs 11\/12. Un equip de professors s&#8217;han anat formant amb cursos sobre impuls de la lectura durant els darrers quatre cursos. El prop\u00f2sit ha estat implementar al nostre centre un pla ILEC per promoure en l&#8217;alumnat l&#8217;adquisici\u00f3 d&#8217;estrat\u00e8gies lectores. Aquestes estrat\u00e8gies els han de permetre comprendre i interpretar de manera aut\u00f2noma la lectura. El pla tamb\u00e9 aspira a desenvolupar el gust per la lectura.<\/p>\n<p>El pla ILEC del nostre centre ha anat incorporant al treball amb estrat\u00e8gies lectores a tots els nivells de l&#8217;ESO, en una seq\u00fc\u00e8ncia que ha transcorregut entre els anys 2011 i 2015. Els resultats obtinguts pels grups de dades del pla ILEC i en les proves diagn\u00f2stiques de 4t d&#8217;ESO a les mat\u00e8ries ling\u00fc\u00edstiques aboquen una millora de la comprensi\u00f3 lectora que cal anar consolidant o refor\u00e7ant els propers anys.<\/p>\n<p>Les estrat\u00e8gies lectores b\u00e0siques que s&#8217;han anat treballant al llarg d&#8217;aquests darrers cursos han estat: fer preguntes, plantejar hip\u00f2tesis, generar infer\u00e8ncies, elaborar resums. A banda de l&#8217;aplicaci\u00f3 de les estrat\u00e8gies lectores (a partir d&#8217;estructures reiteratives) a totes les mat\u00e8ries ling\u00fc\u00edstiques i a d&#8217;altres \u00e0rees (tecnologia, ci\u00e8ncies de la naturalesa, ci\u00e8ncies socials, m\u00fasica, etc.), tamb\u00e9 s&#8217;han dedicat estones fixes a la lectura lliure a l&#8217;aula (sobretot a 1r d&#8217;ESO) dins l&#8217;horari lectiu, per estimular no nom\u00e9s la capacitat de comprensi\u00f3, sin\u00f3 tamb\u00e9 el gust per la lectura.<\/p>\n<p>&nbsp;<\/p>\n<h4><span style=\"color: #999999;\">Recomanacions d&#8217;El Gust per la Lectura per al 15\/16<\/span><\/h4>\n<p>&nbsp;<\/p>\n<p><span style=\"color: #808080;\"><strong>Per a 1r i 2n d&#8217;ESO:<\/strong><\/span><\/p>\n<ul>\n<li><span style=\"color: #808080;\">Roald Dahl. <em>L&#8217;autoestopista<\/em>. Estrella Polar.<\/span><\/li>\n<li><span style=\"color: #808080;\">Sherman Alexie. <em>Diari del tot ver\u00eddic d&#8217;un indi a mitja jornada<\/em>. Edicions de 1984.<\/span><\/li>\n<li><span style=\"color: #808080;\">Jordi Sierra i Fabra.<em> Tamb\u00e9 van ser joves<\/em>. Editorial Casals.<\/span><\/li>\n<\/ul>\n<p><span style=\"color: #808080;\"><strong>Per a 3r i 4t d&#8217;ESO:<\/strong><\/span><\/p>\n<ul>\n<li><span style=\"color: #808080;\">Roald Dahl. <em>Hist\u00f2ries imprevistes<\/em>. La Butxaca.<\/span><\/li>\n<li><span style=\"color: #808080;\">Xavi Sarri\u00e0. <em>Totes les can\u00e7ons parlen de tu<\/em>. Sembra Llibres.<\/span><\/li>\n<li><span style=\"color: #808080;\">Assumpta Montell\u00e0. <em>La maternitat d&#8217;Elna<\/em>. Ara Llibres.<\/span><\/li>\n<\/ul>\n<p>&nbsp;<\/p>\n<h4><span style=\"color: #999999;\">Enlla\u00e7os sobre la lectura<\/span><\/h4>\n<p>&nbsp;<\/p>\n<ul>\n<li><a href=\"http:\/\/www.quellegeixes.cat\/splash\/splash.php\" target=\"_blank\">Qu\u00e8 llegeixes? 2.0<\/a><\/li>\n<li><a href=\"http:\/\/www.lectura.cat\/\" target=\"_blank\">Lecxit. Lectura per a l&#8217;\u00e8xit educatiu<\/a><\/li>\n<li><a href=\"http:\/\/literatura.gretel.cat\/recomanacions-digitals\" target=\"_blank\">Lectura digital infantil i juvenil<\/a><\/li>\n<li><a href=\"http:\/\/biblioteques.gencat.cat\/ca\" target=\"_blank\">Biblioteques p\u00fabliques de Catalunya<\/a><\/li>\n<\/ul>\n","protected":false},"excerpt":{"rendered":"<p>Enguany es promou una hora de lectura en horari lectiu per a tot l&#8217;alumnat d&#8217;ESO. Les experi\u00e8ncies i recomanacions es vehiculen a trav\u00e9s d&#8217;un blog de lectures.<\/p>\n<p>Accediu <a href=\"http:\/\/agora.xtec.cat\/iesreguissol\/categoria\/projectes-i-activitat\/pla-ilec\/lectures\/\" target=\"_blank\">aqu\u00ed!<\/a> al blog Una meva lectura<\/p>\n<p>&nbsp;<br \/>\nL&#8217;Institut Reguissol gaudeix d&#8217;un pla espec\u00edfic per promoure la lectura i&hellip;  <a href=\"https:\/\/agora.xtec.cat\/iesreguissol\/serveis\/biblioteca\/pla-ilec\/\" title=\"Read Impuls de la lectura\">Llegeix m\u00e9s\u00bb<\/a><\/p>\n","protected":false},"author":1,"featured_media":0,"parent":2499,"menu_order":0,"comment_status":"closed","ping_status":"closed","template":"page-templates\/side-menu.php","meta":{"_bbp_topic_count":0,"_bbp_reply_count":0,"_bbp_total_topic_count":0,"_bbp_total_reply_count":0,"_bbp_voice_count":0,"_bbp_anonymous_reply_count":0,"_bbp_topic_count_hidden":0,"_bbp_reply_count_hidden":0,"_bbp_forum_subforum_count":0,"footnotes":""},"class_list":["post-452","page","type-page","status-publish","hentry"],"post_mailing_queue_ids":[],"_links":{"self":[{"href":"https:\/\/agora.xtec.cat\/iesreguissol\/wp-json\/wp\/v2\/pages\/452","targetHints":{"allow":["GET"]}}],"collection":[{"href":"https:\/\/agora.xtec.cat\/iesreguissol\/wp-json\/wp\/v2\/pages"}],"about":[{"href":"https:\/\/agora.xtec.cat\/iesreguissol\/wp-json\/wp\/v2\/types\/page"}],"author":[{"embeddable":true,"href":"https:\/\/agora.xtec.cat\/iesreguissol\/wp-json\/wp\/v2\/users\/1"}],"replies":[{"embeddable":true,"href":"https:\/\/agora.xtec.cat\/iesreguissol\/wp-json\/wp\/v2\/comments?post=452"}],"version-history":[{"count":4,"href":"https:\/\/agora.xtec.cat\/iesreguissol\/wp-json\/wp\/v2\/pages\/452\/revisions"}],"predecessor-version":[{"id":1540,"href":"https:\/\/agora.xtec.cat\/iesreguissol\/wp-json\/wp\/v2\/pages\/452\/revisions\/1540"}],"up":[{"embeddable":true,"href":"https:\/\/agora.xtec.cat\/iesreguissol\/wp-json\/wp\/v2\/pages\/2499"}],"wp:attachment":[{"href":"https:\/\/agora.xtec.cat\/iesreguissol\/wp-json\/wp\/v2\/media?parent=452"}],"curies":[{"name":"wp","href":"https:\/\/api.w.org\/{rel}","templated":true}]}}