{"id":450,"date":"2015-07-26T16:59:46","date_gmt":"2015-07-26T15:59:46","guid":{"rendered":"http:\/\/agora.xtec.cat\/iesreguissol\/?page_id=450"},"modified":"2025-12-18T13:14:52","modified_gmt":"2025-12-18T12:14:52","slug":"recuperacio-de-pendents","status":"publish","type":"page","link":"https:\/\/agora.xtec.cat\/iesreguissol\/documents\/recuperacio-de-pendents\/","title":{"rendered":"Recuperaci\u00f3 de pendents"},"content":{"rendered":"<p style=\"text-align: left;\">\n<p>Cliqueu als seg\u00fcents enlla\u00e7os amb tota la informaci\u00f3 pel curs 25-26:<\/p>\n<p>&nbsp;<\/p>\n<ul>\n<li><a href=\"https:\/\/docs.google.com\/spreadsheets\/d\/10qybBnlnFyrnOzovJncpEIFweI0nbsIVMdHqlHfL6EQ\/edit?gid=0#gid=0\" target=\"_blank\" rel=\"noopener\" data-saferedirecturl=\"https:\/\/www.google.com\/url?q=https:\/\/docs.google.com\/spreadsheets\/d\/10qybBnlnFyrnOzovJncpEIFweI0nbsIVMdHqlHfL6EQ\/edit?gid%3D0%23gid%3D0&amp;source=gmail&amp;ust=1766146285509000&amp;usg=AOvVaw2VeiA3EU-JijRw55tU0T-D\">CALENDARI MAT\u00c8RIES PENDENTS<\/a><\/li>\n<\/ul>\n<p>&nbsp;<\/p>\n<ul>\n<li><a href=\"https:\/\/drive.google.com\/drive\/u\/0\/folders\/1YikCJqJXKDEGAmP0ReBLMZAs61vVmrHJ\" target=\"_blank\" rel=\"noopener\" data-saferedirecturl=\"https:\/\/www.google.com\/url?q=https:\/\/drive.google.com\/drive\/u\/0\/folders\/1YikCJqJXKDEGAmP0ReBLMZAs61vVmrHJ&amp;source=gmail&amp;ust=1766146285509000&amp;usg=AOvVaw1-Hrh3j0I5WQX5I0z1jk4T\">INFORMACIONS PER MAT\u00c8RIES<\/a><\/li>\n<\/ul>\n<div><\/div>\n<div>\n<div><\/div>\n<div><\/div>\n<\/div>\n<div><\/div>\n<h3><\/h3>\n<p style=\"padding-left: 40px;\">\n","protected":false},"excerpt":{"rendered":"<p>Cliqueu als seg\u00fcents enlla\u00e7os amb tota la informaci\u00f3 pel curs 25-26:<br \/>\n&nbsp;<\/p>\n<ul>\n<li><a href=\"https:\/\/docs.google.com\/spreadsheets\/d\/10qybBnlnFyrnOzovJncpEIFweI0nbsIVMdHqlHfL6EQ\/edit?gid=0#gid=0\" target=\"_blank\" rel=\"noopener\" data-saferedirecturl=\"https:\/\/www.google.com\/url?q=https:\/\/docs.google.com\/spreadsheets\/d\/10qybBnlnFyrnOzovJncpEIFweI0nbsIVMdHqlHfL6EQ\/edit?gid%3D0%23gid%3D0&amp;source=gmail&amp;ust=1766146285509000&amp;usg=AOvVaw2VeiA3EU-JijRw55tU0T-D\">CALENDARI MAT\u00c8RIES PENDENTS<\/a><\/li>\n<\/ul>\n<p>&nbsp;<\/p>\n<ul>\n<li><a href=\"https:\/\/drive.google.com\/drive\/u\/0\/folders\/1YikCJqJXKDEGAmP0ReBLMZAs61vVmrHJ\" target=\"_blank\" rel=\"noopener\" data-saferedirecturl=\"https:\/\/www.google.com\/url?q=https:\/\/drive.google.com\/drive\/u\/0\/folders\/1YikCJqJXKDEGAmP0ReBLMZAs61vVmrHJ&amp;source=gmail&amp;ust=1766146285509000&amp;usg=AOvVaw1-Hrh3j0I5WQX5I0z1jk4T\">INFORMACIONS PER MAT\u00c8RIES<\/a><\/li>\n<\/ul>\n","protected":false},"author":1,"featured_media":0,"parent":322,"menu_order":0,"comment_status":"closed","ping_status":"closed","template":"page-templates\/side-menu.php","meta":{"_bbp_topic_count":0,"_bbp_reply_count":0,"_bbp_total_topic_count":0,"_bbp_total_reply_count":0,"_bbp_voice_count":0,"_bbp_anonymous_reply_count":0,"_bbp_topic_count_hidden":0,"_bbp_reply_count_hidden":0,"_bbp_forum_subforum_count":0,"footnotes":""},"class_list":["post-450","page","type-page","status-publish","hentry"],"post_mailing_queue_ids":[],"_links":{"self":[{"href":"https:\/\/agora.xtec.cat\/iesreguissol\/wp-json\/wp\/v2\/pages\/450","targetHints":{"allow":["GET"]}}],"collection":[{"href":"https:\/\/agora.xtec.cat\/iesreguissol\/wp-json\/wp\/v2\/pages"}],"about":[{"href":"https:\/\/agora.xtec.cat\/iesreguissol\/wp-json\/wp\/v2\/types\/page"}],"author":[{"embeddable":true,"href":"https:\/\/agora.xtec.cat\/iesreguissol\/wp-json\/wp\/v2\/users\/1"}],"replies":[{"embeddable":true,"href":"https:\/\/agora.xtec.cat\/iesreguissol\/wp-json\/wp\/v2\/comments?post=450"}],"version-history":[{"count":7,"href":"https:\/\/agora.xtec.cat\/iesreguissol\/wp-json\/wp\/v2\/pages\/450\/revisions"}],"predecessor-version":[{"id":22921,"href":"https:\/\/agora.xtec.cat\/iesreguissol\/wp-json\/wp\/v2\/pages\/450\/revisions\/22921"}],"up":[{"embeddable":true,"href":"https:\/\/agora.xtec.cat\/iesreguissol\/wp-json\/wp\/v2\/pages\/322"}],"wp:attachment":[{"href":"https:\/\/agora.xtec.cat\/iesreguissol\/wp-json\/wp\/v2\/media?parent=450"}],"curies":[{"name":"wp","href":"https:\/\/api.w.org\/{rel}","templated":true}]}}