{"id":399,"date":"2015-07-24T21:57:44","date_gmt":"2015-07-24T19:57:44","guid":{"rendered":"http:\/\/agora.xtec.cat\/iesreguissol\/?page_id=399"},"modified":"2022-09-09T09:53:33","modified_gmt":"2022-09-09T07:53:33","slug":"comunitat","status":"publish","type":"page","link":"https:\/\/agora.xtec.cat\/iesreguissol\/comunitat\/","title":{"rendered":"Comunitat"},"content":{"rendered":"<p>L&#8217;Institut Reguissol no \u00e9s nom\u00e9s un edifici al nord de Santa Maria de Palautordera i a la vora del riu Tordera, sin\u00f3 tamb\u00e9 totes les persones, institucions i col\u00b7lectius que en formen part o, fins i tot, que n&#8217;han format part al llarg de la hist\u00f2ria. Des d&#8217;aquest espai podeu accedir a les \u00e0rees i blogs de not\u00edcies de les principals institucions i col\u00b7lectius del centre:<\/p>\n<ul>\n<li><a href=\"http:\/\/agora.xtec.cat\/iesreguissol\/comunitat\/alumnat\/\">Alumnat<\/a><\/li>\n<li><a href=\"http:\/\/agora.xtec.cat\/iesreguissol\/comunitat\/professorat\/\">Professorat<\/a><\/li>\n<li><a href=\"http:\/\/agora.xtec.cat\/iesreguissol\/comunitat\/afa\/\">AFA<\/a><\/li>\n<\/ul>\n<p><a href=\"http:\/\/agora.xtec.cat\/iesreguissol\/wp-content\/uploads\/usu1236\/2015\/07\/DSC_0211.jpg\"><img loading=\"lazy\" decoding=\"async\" class=\"alignnone wp-image-889 size-large\" src=\"http:\/\/agora.xtec.cat\/iesreguissol\/wp-content\/uploads\/usu1236\/2015\/07\/DSC_0211-1024x514.jpg\" alt=\"DSC_0211\" width=\"1024\" height=\"514\" srcset=\"https:\/\/agora.xtec.cat\/iesreguissol\/wp-content\/uploads\/usu1236\/2015\/07\/DSC_0211-1024x514.jpg 1024w, https:\/\/agora.xtec.cat\/iesreguissol\/wp-content\/uploads\/usu1236\/2015\/07\/DSC_0211-300x151.jpg 300w, https:\/\/agora.xtec.cat\/iesreguissol\/wp-content\/uploads\/usu1236\/2015\/07\/DSC_0211.jpg 1200w\" sizes=\"auto, (max-width: 1024px) 100vw, 1024px\" \/><\/a><\/p>\n<p>&nbsp;<\/p>\n","protected":false},"excerpt":{"rendered":"<p>L&#8217;Institut Reguissol no \u00e9s nom\u00e9s un edifici al nord de Santa Maria de Palautordera i a la vora del riu Tordera, sin\u00f3 tamb\u00e9 totes les persones, institucions i col\u00b7lectius que en formen part o, fins i tot, que n&#8217;han format part al llarg de la&hellip;  <a href=\"https:\/\/agora.xtec.cat\/iesreguissol\/comunitat\/\" title=\"Read Comunitat\">Llegeix m\u00e9s\u00bb<\/a><\/p>\n","protected":false},"author":1,"featured_media":0,"parent":0,"menu_order":20,"comment_status":"closed","ping_status":"closed","template":"page-templates\/side-menu.php","meta":{"_bbp_topic_count":0,"_bbp_reply_count":0,"_bbp_total_topic_count":0,"_bbp_total_reply_count":0,"_bbp_voice_count":0,"_bbp_anonymous_reply_count":0,"_bbp_topic_count_hidden":0,"_bbp_reply_count_hidden":0,"_bbp_forum_subforum_count":0,"footnotes":""},"class_list":["post-399","page","type-page","status-publish","hentry"],"post_mailing_queue_ids":[],"_links":{"self":[{"href":"https:\/\/agora.xtec.cat\/iesreguissol\/wp-json\/wp\/v2\/pages\/399","targetHints":{"allow":["GET"]}}],"collection":[{"href":"https:\/\/agora.xtec.cat\/iesreguissol\/wp-json\/wp\/v2\/pages"}],"about":[{"href":"https:\/\/agora.xtec.cat\/iesreguissol\/wp-json\/wp\/v2\/types\/page"}],"author":[{"embeddable":true,"href":"https:\/\/agora.xtec.cat\/iesreguissol\/wp-json\/wp\/v2\/users\/1"}],"replies":[{"embeddable":true,"href":"https:\/\/agora.xtec.cat\/iesreguissol\/wp-json\/wp\/v2\/comments?post=399"}],"version-history":[{"count":4,"href":"https:\/\/agora.xtec.cat\/iesreguissol\/wp-json\/wp\/v2\/pages\/399\/revisions"}],"predecessor-version":[{"id":20061,"href":"https:\/\/agora.xtec.cat\/iesreguissol\/wp-json\/wp\/v2\/pages\/399\/revisions\/20061"}],"wp:attachment":[{"href":"https:\/\/agora.xtec.cat\/iesreguissol\/wp-json\/wp\/v2\/media?parent=399"}],"curies":[{"name":"wp","href":"https:\/\/api.w.org\/{rel}","templated":true}]}}