{"id":2757,"date":"2018-04-20T19:51:21","date_gmt":"2018-04-20T17:51:21","guid":{"rendered":"http:\/\/agora.xtec.cat\/iesreguissol\/?page_id=2757"},"modified":"2025-06-05T10:59:23","modified_gmt":"2025-06-05T08:59:23","slug":"transport-escolar","status":"publish","type":"page","link":"https:\/\/agora.xtec.cat\/iesreguissol\/linstitut\/transport-escolar\/","title":{"rendered":"Transport Escolar"},"content":{"rendered":"<p>&nbsp;<\/p>\n<h2 style=\"text-align: center;\"><span style=\"color: #003366;\"><b>TRANSPORT ESCOLAR 25\/26<\/b><\/span><\/h2>\n<p><i>Us informem dels terminis per sol\u00b7licitar pla\u00e7a per al transport escolar del curs vinent 2025-2026:<\/i><\/p>\n<ul>\n<li><i><strong>Rutes ESO:<\/strong>\u00a0del 25 de juny al 3 de juliol, ambd\u00f3s inclosos.<\/i><\/li>\n<li><i><strong>Rutes Batxillerat:<\/strong>\u00a0del 20 al 30 de juny, ambd\u00f3s inclosos.<\/i><\/li>\n<\/ul>\n<p><i>Com \u00e9s habitual, les sol\u00b7licituds s\u2019hauran de formalitzar de manera telem\u00e0tica al\u00a0<a href=\"https:\/\/www.vallesoriental.cat\/ambits\/2197-educacio\/transport-escolar\" target=\"_blank\" rel=\"noopener\" data-saferedirecturl=\"https:\/\/www.google.com\/url?q=https:\/\/www.vallesoriental.cat\/ambits\/2197-educacio\/transport-escolar&amp;source=gmail&amp;ust=1749198969715000&amp;usg=AOvVaw2MGAgyUdZzzfYfRY7YE1bh\">web del Consell Comarcal<\/a>.<\/i><\/p>\n<p><i>En cas que alguna fam\u00edlia no pugui fer-ho telem\u00e0ticament, caldr\u00e0 adre\u00e7ar-se al registre del Consell Comarcal, situat al carrer Miquel Ricom\u00e0, 46, de Granollers, o b\u00e9 a l&#8217;ajuntament de la seva localitat, sol\u00b7licitant cita pr\u00e8via.<\/i><\/p>\n<p><a href=\"https:\/\/drive.google.com\/file\/d\/1MkmfCGJ3QytJNTV6Qn-cXpmOQoWAH4H1\/view?usp=drive_link\" target=\"_blank\" rel=\"noopener\">CARTA CONSELL COMARCAL<\/a><\/p>\n<h2 style=\"text-align: center;\"><\/h2>\n<p>&nbsp;<\/p>\n<p>&nbsp;<\/p>\n","protected":false},"excerpt":{"rendered":"<p>&nbsp;<br \/>\nTRANSPORT ESCOLAR 25\/26<br \/>\nUs informem dels terminis per sol\u00b7licitar pla\u00e7a per al transport escolar del curs vinent 2025-2026:<\/p>\n<ul>\n<li>Rutes ESO:\u00a0del 25 de juny al 3 de juliol, ambd\u00f3s inclosos.<\/li>\n<li>Rutes Batxillerat:\u00a0del 20 al 30 de juny, ambd\u00f3s inclosos.<\/li>\n<\/ul>\n<p>Com \u00e9s habitual, les sol\u00b7licituds s\u2019hauran de formalitzar de manera telem\u00e0tica&hellip;  <a href=\"https:\/\/agora.xtec.cat\/iesreguissol\/linstitut\/transport-escolar\/\" title=\"Read Transport Escolar\">Llegeix m\u00e9s\u00bb<\/a><\/p>\n","protected":false},"author":1,"featured_media":0,"parent":19,"menu_order":9,"comment_status":"closed","ping_status":"closed","template":"page-templates\/side-menu.php","meta":{"_bbp_topic_count":0,"_bbp_reply_count":0,"_bbp_total_topic_count":0,"_bbp_total_reply_count":0,"_bbp_voice_count":0,"_bbp_anonymous_reply_count":0,"_bbp_topic_count_hidden":0,"_bbp_reply_count_hidden":0,"_bbp_forum_subforum_count":0,"footnotes":""},"class_list":["post-2757","page","type-page","status-publish","hentry"],"post_mailing_queue_ids":[],"_links":{"self":[{"href":"https:\/\/agora.xtec.cat\/iesreguissol\/wp-json\/wp\/v2\/pages\/2757","targetHints":{"allow":["GET"]}}],"collection":[{"href":"https:\/\/agora.xtec.cat\/iesreguissol\/wp-json\/wp\/v2\/pages"}],"about":[{"href":"https:\/\/agora.xtec.cat\/iesreguissol\/wp-json\/wp\/v2\/types\/page"}],"author":[{"embeddable":true,"href":"https:\/\/agora.xtec.cat\/iesreguissol\/wp-json\/wp\/v2\/users\/1"}],"replies":[{"embeddable":true,"href":"https:\/\/agora.xtec.cat\/iesreguissol\/wp-json\/wp\/v2\/comments?post=2757"}],"version-history":[{"count":7,"href":"https:\/\/agora.xtec.cat\/iesreguissol\/wp-json\/wp\/v2\/pages\/2757\/revisions"}],"predecessor-version":[{"id":22313,"href":"https:\/\/agora.xtec.cat\/iesreguissol\/wp-json\/wp\/v2\/pages\/2757\/revisions\/22313"}],"up":[{"embeddable":true,"href":"https:\/\/agora.xtec.cat\/iesreguissol\/wp-json\/wp\/v2\/pages\/19"}],"wp:attachment":[{"href":"https:\/\/agora.xtec.cat\/iesreguissol\/wp-json\/wp\/v2\/media?parent=2757"}],"curies":[{"name":"wp","href":"https:\/\/api.w.org\/{rel}","templated":true}]}}