{"id":27,"date":"2014-09-17T16:24:03","date_gmt":"2014-09-17T16:24:03","guid":{"rendered":"http:\/\/agora.xtec.cat\/iesreguissol\/?page_id=27"},"modified":"2020-09-09T16:29:07","modified_gmt":"2020-09-09T14:29:07","slug":"historia","status":"publish","type":"page","link":"https:\/\/agora.xtec.cat\/iesreguissol\/linstitut\/historia\/","title":{"rendered":"Perfil"},"content":{"rendered":"<p><span style=\"color: #333333;\">L&#8217;Institut Reguissol es va crear l&#8217;any 1996 al nord-est del nucli urb\u00e0 de <a href=\"https:\/\/ca.wikipedia.org\/wiki\/Santa_Maria_de_Palautordera\" target=\"_blank\" rel=\"noopener noreferrer\">Santa Maria de Palautordera<\/a> (a la subcomarca del Baix Montseny, dins del Vall\u00e8s Oriental). L&#8217;alumnat del centre, nens i joves en edat de cursar ESO i batxillerat, provenen dels municipis de Santa Maria de Palautordera, <a href=\"https:\/\/ca.wikipedia.org\/wiki\/Sant_Esteve_de_Palautordera\" target=\"_blank\" rel=\"noopener noreferrer\">Sant Esteve de Palautordera<\/a> i <a href=\"https:\/\/ca.wikipedia.org\/wiki\/Vallgorguina\" target=\"_blank\" rel=\"noopener noreferrer\">Vallgorguina<\/a>. Cadascun d&#8217;aquests municipis, a m\u00e9s del seu nucli respectiu, inclouen diferents entitats de poblaci\u00f3, com les Barqueres, el Remei, Sanata, Virgili, el Temple, Ca n&#8217;abril, Santa Margarida, Baronia del Montseny i Can Bosc, Collsacreu, Canad\u00e0 Parc i Can Puigdemir. Els tres municipis sumen al voltant de 15.000 habitants. Es tracta d&#8217;una zona relativament urbana, en certa expansi\u00f3, i que conserva encara molts elements rurals. La poblaci\u00f3 viu sobretot de la ind\u00fastria i els serveis, si b\u00e9 mant\u00e9 tamb\u00e9, encara, una certa activitat agr\u00edcola. El conjunt del municipi est\u00e0 ben dotat pel que fa a equipaments i t\u00e9 zones industrials i de log\u00edstica. <\/span><\/p>\n<p><span style=\"color: #333333;\"><a href=\"http:\/\/agora.xtec.cat\/iesreguissol\/wp-content\/uploads\/usu1236\/2014\/09\/1024px-Esglesia_montseny_santa_maria_palautordera.jpg\"><img loading=\"lazy\" decoding=\"async\" class=\" wp-image-432 size-large aligncenter\" src=\"http:\/\/agora.xtec.cat\/iesreguissol\/wp-content\/uploads\/usu1236\/2014\/09\/1024px-Esglesia_montseny_santa_maria_palautordera-1024x681.jpg\" alt=\"1024px-Esglesia_montseny_santa_maria_palautordera\" width=\"1024\" height=\"681\" srcset=\"https:\/\/agora.xtec.cat\/iesreguissol\/wp-content\/uploads\/usu1236\/2014\/09\/1024px-Esglesia_montseny_santa_maria_palautordera.jpg 1024w, https:\/\/agora.xtec.cat\/iesreguissol\/wp-content\/uploads\/usu1236\/2014\/09\/1024px-Esglesia_montseny_santa_maria_palautordera-300x200.jpg 300w\" sizes=\"auto, (max-width: 1024px) 100vw, 1024px\" \/><\/a><\/span><\/p>\n<p>&nbsp;<\/p>\n<p>L&#8217;Institut Reguissol, amb car\u00e0cter de centre d&#8217;ensenyament secundari de titularitat p\u00fablica dependent del Departament d&#8217;Ensenyament de la Generalitat de Catalunya, sol comptar al voltant de 480 alumnes per curs, que es reparteixen, habitualment, en tres l\u00ednies d&#8217;ESO i dues l\u00ednies de batxillerat. S&#8217;ha de tenir en compte que Sant Esteve de Palautordera disposa del <a href=\"http:\/\/canrecord.cat\/\" target=\"_blank\" rel=\"noopener noreferrer\">SEC Can Record<\/a>, que els barris del municipi que toquen a Sant Celoni disposen de l&#8217;<a href=\"http:\/\/blocs.xtec.cat\/latordera\/\" target=\"_blank\" rel=\"noopener noreferrer\">Institut Escola La Tordera<\/a>, i que, aix\u00ed amb tot, l&#8217;Institut Reguissol \u00e9s l&#8217;\u00fanic centre de la nostra \u00e0rea que ofereix, a m\u00e9s de l&#8217;ESO, el nivell de batxillerat.<\/p>\n<p>Les principals escoles que abasteixen d&#8217;alumnat el centre s\u00f3n el <a href=\"http:\/\/www.xtec.cat\/centres\/a8028424\/\" target=\"_blank\" rel=\"noopener noreferrer\">CEIP Fontmartina<\/a>, el <a href=\"http:\/\/blocs.xtec.cat\/escolamatagalls\/\" target=\"_blank\" rel=\"noopener noreferrer\">CEIP Matagalls<\/a>, el <a href=\"https:\/\/agora.xtec.cat\/zer-baixmontseny\/\">ZER Baix Montseny<\/a> (L&#8217;Alzinar-Pont Trencat-Puig Drau) i l&#8217;<a href=\"http:\/\/escolavallgorguina.blogspot.com.es\/\" target=\"_blank\" rel=\"noopener noreferrer\">Escola Vallgorguina<\/a>. El lligam amb aquestes escoles no acaba amb la transfer\u00e8ncia anual d&#8217;alumnes de les unes cap al nostre centre, sin\u00f3 que est\u00e0 consolidat a trav\u00e9s de la participaci\u00f3 regular d&#8217;alumnes de l&#8217;institut a les escoles, apadrinant, ajudant, actuant de referents per als nens de les escoles mitjan\u00e7ant el <a href=\"http:\/\/agora.xtec.cat\/iesreguissol\/categoria\/projecte-treballem-plegats\/\" target=\"_blank\" rel=\"noopener noreferrer\">projecte Treballem plegats<\/a>.<\/p>\n<p>L&#8217;Institut Reguissol disposa de 17 aules generals i diverses aules espec\u00edfiques (m\u00fasica-idiomes, inform\u00e0tica, audiovisuals, educaci\u00f3 visual i pl\u00e0stica, tallers de tecnologia, laboratoris de f\u00edsica i de qu\u00edmica, gimn\u00e0s, etc.). A m\u00e9s, compta amb una biblioteca, una cantina, pistes esportives exteriors (de b\u00e0squet, d&#8217;handbol i de voleibol), despatxos per als departaments, espais per a les reunions de les institucions del centre, etc.<\/p>\n<p>El centre es singularitza pel seu entorn, a tocar del parc natural del Montseny, i, sobretot, a trav\u00e9s d&#8217;un projecte educatiu que, partint del prop\u00f2sit general d&#8217;atendre la diversitat i cultivar l&#8217;excel\u00b7l\u00e8ncia, prioritza la millora dels resultats acad\u00e8mics i la cohesi\u00f3 dels integrants de la comunitat educativa. Entre els diversos plans i projectes en aquesta doble direcci\u00f3, almenys cal esmentar el <a href=\"http:\/\/agora.xtec.cat\/iesreguissol\/categoria\/projecte-palau\/\" target=\"_blank\" rel=\"noopener noreferrer\">projecte Palau<\/a>, el projecte Treballem plegats ja citat, el pla d&#8217;impuls a la lectura (pla ILEC) i el pla d&#8217;implementaci\u00f3 de les tecnologies de l&#8217;aprenentatge i la comunicaci\u00f3 (pla TAC), que inclou el <a href=\"http:\/\/agora.xtec.cat\/iesreguissol\/categoria\/projecte-eureka\/\" target=\"_blank\" rel=\"noopener noreferrer\">projecte Eureka<\/a>. A m\u00e9s, el centre promou la participaci\u00f3 dels alumnes en iniciatives que transcendeixen el nostre \u00e0mbit, com, per exemple, les <a href=\"http:\/\/www.cangur.org\/\" target=\"_blank\" rel=\"noopener noreferrer\">proves Cangur<\/a> (de la Societat Catalana de Matem\u00e0tiques), el <a href=\"https:\/\/sites.google.com\/xtec.cat\/forumtrbaixmontseny\/inici?authuser=1\">F\u00f2rum de treballs de recerca de batxillerat<\/a> del Baix Montseny, etc. Tamb\u00e9 s&#8217;organitzen intercanvis ling\u00fc\u00edstics franc\u00e8s-catal\u00e0 amb centres de la Catalunya Nord. Els alumnes s\u00f3n els protagonistes a l&#8217;hora d&#8217;elaborar els continguts i editar la <a href=\"http:\/\/agora.xtec.cat\/iesreguissol\/categoria\/revista\/\" target=\"_blank\" rel=\"noopener noreferrer\">Revista<\/a> del centre\u00a0 o de fer funcionar <a href=\"http:\/\/agora.xtec.cat\/iesreguissol\/categoria\/radio\/\" target=\"_blank\" rel=\"noopener noreferrer\">R\u00e0dio Reguissol<\/a>, i aprenen tamb\u00e9 a exercitar els seus drets a trav\u00e9s d&#8217;institucions com el <a href=\"http:\/\/agora.xtec.cat\/iesreguissol\/categoria\/consell-de-delegats\/\" target=\"_blank\" rel=\"noopener noreferrer\">consell de delegats<\/a>, el sindicat SEPC, etc. Les sortides que s&#8217;organitzen des dels diversos departaments o des dels equips de tutors tamb\u00e9 estan enfocades, sempre, a la millora dels resultats acad\u00e8mics i la cohesi\u00f3.<\/p>\n<p>L&#8217;<a href=\"http:\/\/agora.xtec.cat\/iesreguissol\/categoria\/ampa\/\" target=\"_blank\" rel=\"noopener noreferrer\">AFA<\/a> del nostre centre funciona com un agent col\u00b7laborador d&#8217;import\u00e0ncia b\u00e0sica, fent-se c\u00e0rrec de la gesti\u00f3 dels llibres socialitzats i de les taquilles del centre, donant suport en l&#8217;organitzaci\u00f3 d&#8217;esdeveniments compartits per tota la comunitat educativa (la jornada de tallers del X\u00e0ting in Viu, les cerim\u00f2nies i celebracions de final de curs, etc.), oferint suport financer i hum\u00e0 per a diferents conting\u00e8ncies, etc.<\/p>\n<p>Finalment, la vinculaci\u00f3 de l&#8217;<a href=\"http:\/\/www.smpalautordera.cat\/\" target=\"_blank\" rel=\"noopener noreferrer\">Ajuntament de Santa Maria de Palautordera<\/a> amb l&#8217;institut s&#8217;articula a trav\u00e9s del Consell Escolar Municipal, i la participaci\u00f3 del Consell Comarcal garanteix el transport escolar cap al nostre centre dels alumnes que viuen en entitats de poblaci\u00f3 allunyades del nucli urb\u00e0 del municipi.<\/p>\n<p>Una manera espl\u00e8ndida de con\u00e8ixer l&#8217;INS Reguissol \u00e9s venir-hi en ocasi\u00f3 de la jornada de <a href=\"http:\/\/agora.xtec.cat\/iesreguissol\/categoria\/projectes-i-activitat\/portes-obertes\/\" target=\"_blank\" rel=\"noopener noreferrer\">Portes Obertes<\/a> que s&#8217;organitza habitualment cap al mar\u00e7.<\/p>\n<p><a href=\"http:\/\/agora.xtec.cat\/iesreguissol\/wp-content\/uploads\/usu1236\/2014\/09\/Pont-Trencat-Palautordera.jpg\"><img loading=\"lazy\" decoding=\"async\" class=\"aligncenter wp-image-478 size-large\" src=\"http:\/\/agora.xtec.cat\/iesreguissol\/wp-content\/uploads\/usu1236\/2014\/09\/Pont-Trencat-Palautordera-1024x768.jpg\" alt=\"Pont Trencat (Palautordera)\" width=\"1024\" height=\"768\" srcset=\"https:\/\/agora.xtec.cat\/iesreguissol\/wp-content\/uploads\/usu1236\/2014\/09\/Pont-Trencat-Palautordera.jpg 1024w, https:\/\/agora.xtec.cat\/iesreguissol\/wp-content\/uploads\/usu1236\/2014\/09\/Pont-Trencat-Palautordera-300x225.jpg 300w, https:\/\/agora.xtec.cat\/iesreguissol\/wp-content\/uploads\/usu1236\/2014\/09\/Pont-Trencat-Palautordera-200x150.jpg 200w\" sizes=\"auto, (max-width: 1024px) 100vw, 1024px\" \/><\/a><\/p>\n<blockquote><p>Cr\u00e8dits de les imatges<\/p>\n<p>1) CC BY 3.0 Marc Pou (Wikimedia Commons)<\/p>\n<p>2) CC BY 3.0 Marc Pou (Wikimedia Commons)<\/p><\/blockquote>\n<p>&nbsp;<\/p>\n<p>&nbsp;<\/p>\n<p>&nbsp;<\/p>\n","protected":false},"excerpt":{"rendered":"<p>L&#8217;Institut Reguissol es va crear l&#8217;any 1996 al nord-est del nucli urb\u00e0 de <a href=\"https:\/\/ca.wikipedia.org\/wiki\/Santa_Maria_de_Palautordera\" target=\"_blank\" rel=\"noopener noreferrer\">Santa Maria de Palautordera<\/a> (a la subcomarca del Baix Montseny, dins del Vall\u00e8s Oriental). L&#8217;alumnat del centre, nens i joves en edat de cursar ESO i batxillerat, provenen&hellip;  <a href=\"https:\/\/agora.xtec.cat\/iesreguissol\/linstitut\/historia\/\" title=\"Read Perfil\">Llegeix m\u00e9s\u00bb<\/a><\/p>\n","protected":false},"author":1,"featured_media":0,"parent":19,"menu_order":4,"comment_status":"closed","ping_status":"closed","template":"page-templates\/side-menu.php","meta":{"_bbp_topic_count":0,"_bbp_reply_count":0,"_bbp_total_topic_count":0,"_bbp_total_reply_count":0,"_bbp_voice_count":0,"_bbp_anonymous_reply_count":0,"_bbp_topic_count_hidden":0,"_bbp_reply_count_hidden":0,"_bbp_forum_subforum_count":0,"footnotes":""},"class_list":["post-27","page","type-page","status-publish","hentry"],"post_mailing_queue_ids":[],"_links":{"self":[{"href":"https:\/\/agora.xtec.cat\/iesreguissol\/wp-json\/wp\/v2\/pages\/27","targetHints":{"allow":["GET"]}}],"collection":[{"href":"https:\/\/agora.xtec.cat\/iesreguissol\/wp-json\/wp\/v2\/pages"}],"about":[{"href":"https:\/\/agora.xtec.cat\/iesreguissol\/wp-json\/wp\/v2\/types\/page"}],"author":[{"embeddable":true,"href":"https:\/\/agora.xtec.cat\/iesreguissol\/wp-json\/wp\/v2\/users\/1"}],"replies":[{"embeddable":true,"href":"https:\/\/agora.xtec.cat\/iesreguissol\/wp-json\/wp\/v2\/comments?post=27"}],"version-history":[{"count":4,"href":"https:\/\/agora.xtec.cat\/iesreguissol\/wp-json\/wp\/v2\/pages\/27\/revisions"}],"predecessor-version":[{"id":17891,"href":"https:\/\/agora.xtec.cat\/iesreguissol\/wp-json\/wp\/v2\/pages\/27\/revisions\/17891"}],"up":[{"embeddable":true,"href":"https:\/\/agora.xtec.cat\/iesreguissol\/wp-json\/wp\/v2\/pages\/19"}],"wp:attachment":[{"href":"https:\/\/agora.xtec.cat\/iesreguissol\/wp-json\/wp\/v2\/media?parent=27"}],"curies":[{"name":"wp","href":"https:\/\/api.w.org\/{rel}","templated":true}]}}