{"id":2644,"date":"2018-01-19T13:33:38","date_gmt":"2018-01-19T12:33:38","guid":{"rendered":"http:\/\/agora.xtec.cat\/iesreguissol\/?page_id=2644"},"modified":"2025-04-25T13:42:57","modified_gmt":"2025-04-25T11:42:57","slug":"treball-de-recerca","status":"publish","type":"page","link":"https:\/\/agora.xtec.cat\/iesreguissol\/serveis\/treball-de-recerca\/","title":{"rendered":"Treball de recerca"},"content":{"rendered":"<p>&nbsp;<\/p>\n<p style=\"text-align: center;\">Site del <a href=\"https:\/\/sites.google.com\/institutreguissol.cat\/treballderecerca\/inici\" target=\"_blank\" rel=\"noopener\">Treball de Recerca<\/a> on trobareu tota la informaci\u00f3:<\/p>\n<p>&nbsp;<\/p>\n<p><a href=\"https:\/\/sites.google.com\/institutreguissol.cat\/treballderecerca\/inici\" target=\"_blank\" rel=\"noopener\"><img loading=\"lazy\" decoding=\"async\" class=\"aligncenter wp-image-22279\" src=\"https:\/\/agora.xtec.cat\/iesreguissol\/wp-content\/uploads\/usu1236\/2025\/04\/Captura-de-pantalla-2025-04-25-133926-1024x526.png\" alt=\"\" width=\"502\" height=\"258\" srcset=\"https:\/\/agora.xtec.cat\/iesreguissol\/wp-content\/uploads\/usu1236\/2025\/04\/Captura-de-pantalla-2025-04-25-133926-1024x526.png 1024w, https:\/\/agora.xtec.cat\/iesreguissol\/wp-content\/uploads\/usu1236\/2025\/04\/Captura-de-pantalla-2025-04-25-133926-300x154.png 300w, https:\/\/agora.xtec.cat\/iesreguissol\/wp-content\/uploads\/usu1236\/2025\/04\/Captura-de-pantalla-2025-04-25-133926-768x394.png 768w, https:\/\/agora.xtec.cat\/iesreguissol\/wp-content\/uploads\/usu1236\/2025\/04\/Captura-de-pantalla-2025-04-25-133926-1536x788.png 1536w, https:\/\/agora.xtec.cat\/iesreguissol\/wp-content\/uploads\/usu1236\/2025\/04\/Captura-de-pantalla-2025-04-25-133926-2048x1051.png 2048w\" sizes=\"auto, (max-width: 502px) 100vw, 502px\" \/><\/a><\/p>\n<h1 style=\"text-align: center;\"><span style=\"color: #ff0000;\">TR<\/span><span style=\"color: #33cccc;\">BTX<\/span><\/h1>\n<p>El\u00a0<span style=\"color: #000000;\"><strong>treball de recerca<\/strong><\/span>\u00a0\u00e9s un conjunt d&#8217;activitats estructurades i orientades a la investigaci\u00f3 que realitza tot l&#8217;alumnat de batxillerat amb l&#8217;orientaci\u00f3 i seguiment del professorat, per tal de consolidar la compet\u00e8ncia en recerca. Es pot emmarcar dins un \u00e0mbit disciplinari, o pot ser interdisciplinari o transversal. La dedicaci\u00f3 hor\u00e0ria de l&#8217;alumnat \u00e9s de 70 hores aproximadament i, a l&#8217;Institut Reguissol, es realitza de forma ordin\u00e0ria entre el 2n i 3r trimestre de 1r de batxillerat i el 1r trimestre de 2n de batxillerat.<\/p>\n<p>Per ampliar els vostres coneixements sobre qu\u00e8 \u00e9s i com es realitza un TR, podeu navegar a trav\u00e9s dels enlla\u00e7os de qu\u00e8 disposeu a sota, o b\u00e9 adre\u00e7ar-vos al vostre tutor o a la coordinadora de batxillerat.<\/p>\n<ul>\n<li><a href=\"http:\/\/xtec.gencat.cat\/ca\/curriculum\/batxillerat\/treballrecerca\/\">Normativa, orientacions, recursos, premis<\/a><\/li>\n<li><a href=\"http:\/\/ensenyament.gencat.cat\/web\/.content\/home\/departament\/publicacions\/guies-estudis\/btx-treball-recerca.pdf\">Fullet informatiu del TR<\/a><\/li>\n<li><a href=\"http:\/\/diposit.ub.edu\/dspace\/bitstream\/2445\/114030\/8\/Guia%20practica%20per%20fer%20un%20bon%20TR%20BTX%2020%20consells_2aEdicio_2021.pdf\">Guia pr\u00e0ctica per fer un bon TR: 20 consells essencials<\/a><\/li>\n<li><a href=\"http:\/\/xtec.gencat.cat\/ca\/curriculum\/batxillerat\/treballrecerca\/premis\/\">Premis<\/a><\/li>\n<li><a href=\"http:\/\/www.uab.cat\/argo\/\">Programa Argo<\/a> (UAB) i <a href=\"http:\/\/www.ub.edu\/cere\/forces\/materials-de-suport-al-tr\">Programa Forces<\/a> (UB)<\/li>\n<li><a href=\"http:\/\/serveiseducatius.xtec.cat\/vallesoriental3\/categoria\/dinamitzacio\/forum-treballs-de-recerca\/\">F\u00f2rum de Treballs de Recerca del Vall\u00e8s Oriental III<\/a><\/li>\n<\/ul>\n<p>&nbsp;<\/p>\n<hr \/>\n<h3><span style=\"color: #999999;\">Per qu\u00e8 \u00e9s important fer un bon treball de recerca?<\/span><\/h3>\n<p>&nbsp;<\/p>\n<ul style=\"list-style-type: circle;\">\n<li>Perqu\u00e8 \u00e9s molt important en la nota del batxillerat: un 10% de la nota de segon.<\/li>\n<li>Perqu\u00e8 \u00e9s un avan\u00e7ament del que et trobar\u00e0s a la Universitat.<\/li>\n<li>I sobretot, perqu\u00e8 un TR implica usar i dominar molt i molt variades habilitats que et serviran per a\u00a0 la majoria de carreres, per a tota la vida, i que s\u00f3n especialment valorades en molts \u00e0mbits laborals o professionals.<\/li>\n<li>(&#8230;i tamb\u00e9 per la satisfacci\u00f3 personal d&#8217;haver treballat b\u00e9: el TR representar\u00e0 la teva fotografia acad\u00e8mica de batxillerat.)<\/li>\n<\/ul>\n","protected":false},"excerpt":{"rendered":"<p>&nbsp;<br \/>\nSite del <a href=\"https:\/\/sites.google.com\/institutreguissol.cat\/treballderecerca\/inici\" target=\"_blank\" rel=\"noopener\">Treball de Recerca<\/a> on trobareu tota la informaci\u00f3:<br \/>\n&nbsp;<br \/>\n<a href=\"https:\/\/sites.google.com\/institutreguissol.cat\/treballderecerca\/inici\" target=\"_blank\" rel=\"noopener\"><\/a><br \/>\nTRBTX<br \/>\nEl\u00a0treball de recerca\u00a0\u00e9s un conjunt d&#8217;activitats estructurades i orientades a la investigaci\u00f3 que realitza tot l&#8217;alumnat de batxillerat amb l&#8217;orientaci\u00f3 i seguiment del professorat, per tal de consolidar la compet\u00e8ncia&hellip;  <a href=\"https:\/\/agora.xtec.cat\/iesreguissol\/serveis\/treball-de-recerca\/\" title=\"Read Treball de recerca\">Llegeix m\u00e9s\u00bb<\/a><\/p>\n","protected":false},"author":1,"featured_media":0,"parent":63,"menu_order":0,"comment_status":"closed","ping_status":"closed","template":"page-templates\/side-menu.php","meta":{"_bbp_topic_count":0,"_bbp_reply_count":0,"_bbp_total_topic_count":0,"_bbp_total_reply_count":0,"_bbp_voice_count":0,"_bbp_anonymous_reply_count":0,"_bbp_topic_count_hidden":0,"_bbp_reply_count_hidden":0,"_bbp_forum_subforum_count":0,"footnotes":""},"class_list":["post-2644","page","type-page","status-publish","hentry"],"post_mailing_queue_ids":[],"_links":{"self":[{"href":"https:\/\/agora.xtec.cat\/iesreguissol\/wp-json\/wp\/v2\/pages\/2644","targetHints":{"allow":["GET"]}}],"collection":[{"href":"https:\/\/agora.xtec.cat\/iesreguissol\/wp-json\/wp\/v2\/pages"}],"about":[{"href":"https:\/\/agora.xtec.cat\/iesreguissol\/wp-json\/wp\/v2\/types\/page"}],"author":[{"embeddable":true,"href":"https:\/\/agora.xtec.cat\/iesreguissol\/wp-json\/wp\/v2\/users\/1"}],"replies":[{"embeddable":true,"href":"https:\/\/agora.xtec.cat\/iesreguissol\/wp-json\/wp\/v2\/comments?post=2644"}],"version-history":[{"count":6,"href":"https:\/\/agora.xtec.cat\/iesreguissol\/wp-json\/wp\/v2\/pages\/2644\/revisions"}],"predecessor-version":[{"id":22281,"href":"https:\/\/agora.xtec.cat\/iesreguissol\/wp-json\/wp\/v2\/pages\/2644\/revisions\/22281"}],"up":[{"embeddable":true,"href":"https:\/\/agora.xtec.cat\/iesreguissol\/wp-json\/wp\/v2\/pages\/63"}],"wp:attachment":[{"href":"https:\/\/agora.xtec.cat\/iesreguissol\/wp-json\/wp\/v2\/media?parent=2644"}],"curies":[{"name":"wp","href":"https:\/\/api.w.org\/{rel}","templated":true}]}}