{"id":2504,"date":"2017-10-27T13:58:56","date_gmt":"2017-10-27T11:58:56","guid":{"rendered":"http:\/\/agora.xtec.cat\/iesreguissol\/?page_id=2504"},"modified":"2024-04-18T20:57:49","modified_gmt":"2024-04-18T18:57:49","slug":"robotseny","status":"publish","type":"page","link":"https:\/\/agora.xtec.cat\/iesreguissol\/serveis\/robotseny\/","title":{"rendered":"Robotseny"},"content":{"rendered":"<p class=\"zfr3Q CDt4Ke \" dir=\"ltr\" role=\"presentation\"><span class=\"qVJ7Ab C9DxTc \"><a href=\"https:\/\/www.robotseny.cat\/\">Robotseny<\/a> \u00e9s un projecte d&#8217;\u00e0mbit comarcal (Baix Montseny) que desenvolupa les compet\u00e8ncies cient\u00edfiques i creatives dels alumnes tot treballant de forma cooperativa. Tamb\u00e9 t\u00e9 l&#8217;objectiu de crear una xarxa de professorat implicat en aquesta tem\u00e0tica per tal de crear lligams i compartir experi\u00e8ncies en aquest \u00e0mbit.\u00a0<\/span><\/p>\n<p class=\"zfr3Q CDt4Ke \" dir=\"ltr\" role=\"presentation\"><span class=\"qVJ7Ab C9DxTc \">Com a eines per desenvolupar aquests aspectes s&#8217;ensenya a programar robots i a dissenyar-los mitjan\u00e7ant reptes comuns.<\/span><\/p>\n<p class=\"zfr3Q CDt4Ke \" dir=\"ltr\" role=\"presentation\"><span class=\"qVJ7Ab C9DxTc \">El projecte es du a terme a l&#8217;aula i t\u00e9 una posada en escena en forma de torneig al final del curs. Hi poden participar els alumnes dels centres educatius del Baix Montseny des de 5\u00e8 de prim\u00e0ria fins a 2n d&#8217;ESO.<\/span><\/p>\n<h3 dir=\"ltr\" style=\"text-align: center;\" role=\"presentation\"><strong>ROBOTSENY 2024<\/strong><\/h3>\n<p style=\"text-align: center;\"><a href=\"https:\/\/sites.google.com\/institutreguissol.cat\/robotseny\/2024\" target=\"_blank\" rel=\"noopener\">Aqu\u00ed<\/a> teniu la web on podeu veure qu\u00e8 s&#8217;est\u00e0 fent aquest curs 2023-2024<\/p>\n<p dir=\"ltr\" role=\"presentation\"><a href=\"https:\/\/sites.google.com\/institutreguissol.cat\/robotseny\/2024\" target=\"_blank\" rel=\"noopener\"><img loading=\"lazy\" decoding=\"async\" class=\"aligncenter wp-image-21371\" src=\"https:\/\/agora.xtec.cat\/iesreguissol\/wp-content\/uploads\/usu1236\/2024\/04\/Robotica-2-1024x391.jpg\" alt=\"\" width=\"535\" height=\"204\" srcset=\"https:\/\/agora.xtec.cat\/iesreguissol\/wp-content\/uploads\/usu1236\/2024\/04\/Robotica-2-1024x391.jpg 1024w, https:\/\/agora.xtec.cat\/iesreguissol\/wp-content\/uploads\/usu1236\/2024\/04\/Robotica-2-300x114.jpg 300w, https:\/\/agora.xtec.cat\/iesreguissol\/wp-content\/uploads\/usu1236\/2024\/04\/Robotica-2-768x293.jpg 768w, https:\/\/agora.xtec.cat\/iesreguissol\/wp-content\/uploads\/usu1236\/2024\/04\/Robotica-2-1536x586.jpg 1536w, https:\/\/agora.xtec.cat\/iesreguissol\/wp-content\/uploads\/usu1236\/2024\/04\/Robotica-2.jpg 1622w\" sizes=\"auto, (max-width: 535px) 100vw, 535px\" \/><\/a><\/p>\n<h3 dir=\"ltr\" role=\"presentation\"><\/h3>\n<h3 dir=\"ltr\" style=\"text-align: center;\" role=\"presentation\"><strong>ROBOTSENY 2023<\/strong><\/h3>\n<p style=\"text-align: center;\">Algunes imatges de la participaci\u00f3 del nostre alumnat en les proves del 2023:<\/p>\n<p dir=\"ltr\" role=\"presentation\"><img loading=\"lazy\" decoding=\"async\" class=\"aligncenter wp-image-21364\" src=\"https:\/\/agora.xtec.cat\/iesreguissol\/wp-content\/uploads\/usu1236\/2024\/04\/IMG_20230603_104333-1024x577.jpg\" alt=\"\" width=\"524\" height=\"295\" srcset=\"https:\/\/agora.xtec.cat\/iesreguissol\/wp-content\/uploads\/usu1236\/2024\/04\/IMG_20230603_104333-1024x577.jpg 1024w, https:\/\/agora.xtec.cat\/iesreguissol\/wp-content\/uploads\/usu1236\/2024\/04\/IMG_20230603_104333-300x169.jpg 300w, https:\/\/agora.xtec.cat\/iesreguissol\/wp-content\/uploads\/usu1236\/2024\/04\/IMG_20230603_104333-768x432.jpg 768w, https:\/\/agora.xtec.cat\/iesreguissol\/wp-content\/uploads\/usu1236\/2024\/04\/IMG_20230603_104333-1536x865.jpg 1536w, https:\/\/agora.xtec.cat\/iesreguissol\/wp-content\/uploads\/usu1236\/2024\/04\/IMG_20230603_104333-2048x1153.jpg 2048w\" sizes=\"auto, (max-width: 524px) 100vw, 524px\" \/><\/p>\n<p dir=\"ltr\" role=\"presentation\"><img loading=\"lazy\" decoding=\"async\" class=\"aligncenter wp-image-21365\" src=\"https:\/\/agora.xtec.cat\/iesreguissol\/wp-content\/uploads\/usu1236\/2024\/04\/IMG_20230612_111319-1024x577.jpg\" alt=\"\" width=\"524\" height=\"295\" srcset=\"https:\/\/agora.xtec.cat\/iesreguissol\/wp-content\/uploads\/usu1236\/2024\/04\/IMG_20230612_111319-1024x577.jpg 1024w, https:\/\/agora.xtec.cat\/iesreguissol\/wp-content\/uploads\/usu1236\/2024\/04\/IMG_20230612_111319-300x169.jpg 300w, https:\/\/agora.xtec.cat\/iesreguissol\/wp-content\/uploads\/usu1236\/2024\/04\/IMG_20230612_111319-768x432.jpg 768w, https:\/\/agora.xtec.cat\/iesreguissol\/wp-content\/uploads\/usu1236\/2024\/04\/IMG_20230612_111319-1536x865.jpg 1536w, https:\/\/agora.xtec.cat\/iesreguissol\/wp-content\/uploads\/usu1236\/2024\/04\/IMG_20230612_111319-2048x1153.jpg 2048w\" sizes=\"auto, (max-width: 524px) 100vw, 524px\" \/><\/p>\n<p dir=\"ltr\" style=\"text-align: center;\" role=\"presentation\"><strong>Tamb\u00e9 podeu accedir <a href=\"https:\/\/agora.xtec.cat\/iesreguissol\/categoria\/robotseny\">aqu\u00ed!<\/a>\u00a0al blog de not\u00edcies del projecte GEP al nostre centre<\/strong><\/p>\n<p dir=\"ltr\" role=\"presentation\"><a href=\"https:\/\/agora.xtec.cat\/iesreguissol\/categoria\/robotseny\"><img loading=\"lazy\" decoding=\"async\" class=\"aligncenter size-full wp-image-21366\" src=\"https:\/\/agora.xtec.cat\/iesreguissol\/wp-content\/uploads\/usu1236\/2024\/04\/logo_robotseny.png\" alt=\"\" width=\"269\" height=\"176\" \/><\/a><\/p>\n<p dir=\"ltr\" role=\"presentation\">\n","protected":false},"excerpt":{"rendered":"<p><a href=\"https:\/\/www.robotseny.cat\/\">Robotseny<\/a> \u00e9s un projecte d&#8217;\u00e0mbit comarcal (Baix Montseny) que desenvolupa les compet\u00e8ncies cient\u00edfiques i creatives dels alumnes tot treballant de forma cooperativa. Tamb\u00e9 t\u00e9 l&#8217;objectiu de crear una xarxa de professorat implicat en aquesta tem\u00e0tica per tal de crear lligams i compartir experi\u00e8ncies en&hellip;  <a href=\"https:\/\/agora.xtec.cat\/iesreguissol\/serveis\/robotseny\/\" title=\"Read Robotseny\">Llegeix m\u00e9s\u00bb<\/a><\/p>\n","protected":false},"author":1,"featured_media":0,"parent":63,"menu_order":20,"comment_status":"closed","ping_status":"closed","template":"page-templates\/side-menu.php","meta":{"_bbp_topic_count":0,"_bbp_reply_count":0,"_bbp_total_topic_count":0,"_bbp_total_reply_count":0,"_bbp_voice_count":0,"_bbp_anonymous_reply_count":0,"_bbp_topic_count_hidden":0,"_bbp_reply_count_hidden":0,"_bbp_forum_subforum_count":0,"footnotes":""},"class_list":["post-2504","page","type-page","status-publish","hentry"],"post_mailing_queue_ids":[],"_links":{"self":[{"href":"https:\/\/agora.xtec.cat\/iesreguissol\/wp-json\/wp\/v2\/pages\/2504","targetHints":{"allow":["GET"]}}],"collection":[{"href":"https:\/\/agora.xtec.cat\/iesreguissol\/wp-json\/wp\/v2\/pages"}],"about":[{"href":"https:\/\/agora.xtec.cat\/iesreguissol\/wp-json\/wp\/v2\/types\/page"}],"author":[{"embeddable":true,"href":"https:\/\/agora.xtec.cat\/iesreguissol\/wp-json\/wp\/v2\/users\/1"}],"replies":[{"embeddable":true,"href":"https:\/\/agora.xtec.cat\/iesreguissol\/wp-json\/wp\/v2\/comments?post=2504"}],"version-history":[{"count":6,"href":"https:\/\/agora.xtec.cat\/iesreguissol\/wp-json\/wp\/v2\/pages\/2504\/revisions"}],"predecessor-version":[{"id":21374,"href":"https:\/\/agora.xtec.cat\/iesreguissol\/wp-json\/wp\/v2\/pages\/2504\/revisions\/21374"}],"up":[{"embeddable":true,"href":"https:\/\/agora.xtec.cat\/iesreguissol\/wp-json\/wp\/v2\/pages\/63"}],"wp:attachment":[{"href":"https:\/\/agora.xtec.cat\/iesreguissol\/wp-json\/wp\/v2\/media?parent=2504"}],"curies":[{"name":"wp","href":"https:\/\/api.w.org\/{rel}","templated":true}]}}