{"id":2499,"date":"2017-10-27T13:52:30","date_gmt":"2017-10-27T11:52:30","guid":{"rendered":"http:\/\/agora.xtec.cat\/iesreguissol\/?page_id=2499"},"modified":"2025-09-21T11:42:07","modified_gmt":"2025-09-21T09:42:07","slug":"biblioteca","status":"publish","type":"page","link":"https:\/\/agora.xtec.cat\/iesreguissol\/serveis\/biblioteca\/","title":{"rendered":"Biblioteca"},"content":{"rendered":"<h1 style=\"text-align: center;\">CURS 25\/26<\/h1>\n<p style=\"text-align: center;\"><img loading=\"lazy\" decoding=\"async\" class=\"aligncenter  wp-image-22598\" src=\"https:\/\/agora.xtec.cat\/iesreguissol\/wp-content\/uploads\/usu1236\/2025\/09\/Captura-de-pantalla-2025-09-11-175430.png\" alt=\"\" width=\"335\" height=\"255\" srcset=\"https:\/\/agora.xtec.cat\/iesreguissol\/wp-content\/uploads\/usu1236\/2025\/09\/Captura-de-pantalla-2025-09-11-175430.png 509w, https:\/\/agora.xtec.cat\/iesreguissol\/wp-content\/uploads\/usu1236\/2025\/09\/Captura-de-pantalla-2025-09-11-175430-300x228.png 300w\" sizes=\"auto, (max-width: 335px) 100vw, 335px\" \/><em>En construcci\u00f3<\/em><\/p>\n<p>&nbsp;<\/p>\n<h1 style=\"text-align: center;\">CURS 24\/25<\/h1>\n<p style=\"text-align: center;\">\n<p><img loading=\"lazy\" decoding=\"async\" class=\"aligncenter wp-image-21675\" src=\"https:\/\/agora.xtec.cat\/iesreguissol\/wp-content\/uploads\/usu1236\/2024\/11\/biblioteca2-739x1024.jpg\" alt=\"\" width=\"461\" height=\"639\" srcset=\"https:\/\/agora.xtec.cat\/iesreguissol\/wp-content\/uploads\/usu1236\/2024\/11\/biblioteca2-739x1024.jpg 739w, https:\/\/agora.xtec.cat\/iesreguissol\/wp-content\/uploads\/usu1236\/2024\/11\/biblioteca2-217x300.jpg 217w, https:\/\/agora.xtec.cat\/iesreguissol\/wp-content\/uploads\/usu1236\/2024\/11\/biblioteca2-768x1064.jpg 768w, https:\/\/agora.xtec.cat\/iesreguissol\/wp-content\/uploads\/usu1236\/2024\/11\/biblioteca2.jpg 1087w\" sizes=\"auto, (max-width: 461px) 100vw, 461px\" \/><\/p>\n<p>&nbsp;<\/p>\n<h1 style=\"text-align: center;\">ALTRES CURSOS<\/h1>\n<p class=\"has-text-align-justify\">La Biblioteca de l\u2019Institut Reguissol torna a obrir les portes aquest curs amb una moltes novetats per\u00f2 amb el mateix caliu i dedicaci\u00f3 de sempre. Per aquest motiu, l\u2019institut ha volgut renomenar aquest l\u2019espai en mem\u00f2ria d\u2019una companya molt estimada que ens va deixar i que va engegar la biblioteca del centre amb tot l\u2019esfor\u00e7 i il\u00b7lusi\u00f3: Biblioteca Reguissol \u2013 <strong>Sala Anna M\u00aa Ribas<\/strong>.<\/p>\n<p class=\"has-text-align-justify\">En aquest web trobareu totes les informacions referents al cat\u00e0leg de material, les activitats i els esdeveniments culturals i acad\u00e8mics que s\u2019aniran organitzant al llarg del curs.<\/p>\n<p><a href=\"https:\/\/bibliotecareguissol.wordpress.com\/\" target=\"_blank\" rel=\"noopener\"><img loading=\"lazy\" decoding=\"async\" class=\"aligncenter wp-image-20101\" src=\"https:\/\/agora.xtec.cat\/iesreguissol\/wp-content\/uploads\/usu1236\/2022\/09\/biblioteca2-1024x497.jpg\" alt=\"\" width=\"449\" height=\"218\" srcset=\"https:\/\/agora.xtec.cat\/iesreguissol\/wp-content\/uploads\/usu1236\/2022\/09\/biblioteca2-1024x497.jpg 1024w, https:\/\/agora.xtec.cat\/iesreguissol\/wp-content\/uploads\/usu1236\/2022\/09\/biblioteca2-300x146.jpg 300w, https:\/\/agora.xtec.cat\/iesreguissol\/wp-content\/uploads\/usu1236\/2022\/09\/biblioteca2-768x373.jpg 768w, https:\/\/agora.xtec.cat\/iesreguissol\/wp-content\/uploads\/usu1236\/2022\/09\/biblioteca2.jpg 1115w\" sizes=\"auto, (max-width: 449px) 100vw, 449px\" \/><\/a><\/p>\n<p>&nbsp;<\/p>\n<p>La biblioteca del centre \u00e9s oberta per als estudiants de <strong>Tots els dies durant els dos patis<\/strong><\/p>\n<p>Per accedir al pr\u00e9stec de llibres, heu d&#8217;adre\u00e7ar-vos a les professores responsables, Marta Artigas, Ang\u00e8lica Hor i Alba Dom\u00e8nech, en l&#8217;horari en qu\u00e8 la biblioteca \u00e9s oberta.<\/p>\n<hr \/>\n<p>&nbsp;<\/p>\n<p><strong>Accediu\u00a0<a href=\"https:\/\/agora.xtec.cat\/iesreguissol\/categoria\/biblioteca\">aqu\u00ed!<\/a> al blog de not\u00edcies de la Biblioteca.<\/strong><\/p>\n<p><a href=\"https:\/\/agora.xtec.cat\/iesreguissol\/categoria\/biblioteca\"><img loading=\"lazy\" decoding=\"async\" class=\"aligncenter size-full wp-image-20008\" src=\"https:\/\/agora.xtec.cat\/iesreguissol\/wp-content\/uploads\/usu1236\/2022\/07\/biblioteca-2.jpg\" alt=\"\" width=\"769\" height=\"255\" srcset=\"https:\/\/agora.xtec.cat\/iesreguissol\/wp-content\/uploads\/usu1236\/2022\/07\/biblioteca-2.jpg 769w, https:\/\/agora.xtec.cat\/iesreguissol\/wp-content\/uploads\/usu1236\/2022\/07\/biblioteca-2-300x99.jpg 300w\" sizes=\"auto, (max-width: 769px) 100vw, 769px\" \/><\/a><\/p>\n<p>&nbsp;<\/p>\n<hr \/>\n<p><a href=\"https:\/\/agora.xtec.cat\/iesreguissol\/wp-content\/uploads\/usu1236\/2020\/06\/BESCAT.edu3_-2-e1593081201791.png\"><img loading=\"lazy\" decoding=\"async\" class=\"alignleft size-full wp-image-17748\" src=\"https:\/\/agora.xtec.cat\/iesreguissol\/wp-content\/uploads\/usu1236\/2020\/06\/BESCAT.edu3_-2-e1593081201791.png\" alt=\"\" width=\"300\" height=\"300\" \/><\/a><\/p>\n<h2><strong>CLUB DELS LLETRAFERITS<\/strong><\/h2>\n<p>Al curs 2019\/2020 es va atorgar al CLUB DELS LLETRAFERITS un segell de bona pr\u00e0ctica de biblioteca escolar.<\/p>\n<p style=\"text-align: justify;\">El Club dels Lletraferits va ser un projecte innovador, engegat i dut a terme per la professora Anna M. Ribas, basat en\u00a0 dinamitzar culturalment el centre i tota la comunitat educativa. A<span style=\"font-family: inherit; font-size: 1em;\">quest objectiu tan ambici\u00f3s es va concretar amb un seguit d\u2019activitats relacionades amb la lectura, l\u2019escriptura, el teatre, el cinema, la m\u00fasica, la fotografia i les arts pl\u00e0stiques en general, i tot all\u00f2 que t\u00e9 a veure amb el que som, el que sentim i el que volem ser i sentir.<\/span><\/p>\n<p>&nbsp;<\/p>\n<p>&nbsp;<\/p>\n<p>Aquest segell indica que aquesta experi\u00e8ncia compleix amb els objectius seg\u00fcents:<\/p>\n<ul>\n<li>Detectar bons models de funcionament de biblioteques de centres educatius de totes les etapes.<\/li>\n<li>Afavorir l\u2019intercanvi entre centres i la consolidaci\u00f3 d\u2019una xarxa de biblioteques escolars.<\/li>\n<li>Establir lligams entre el programa PUNTEDU i les biblioteques dels centres educatius.<\/li>\n<li>Fer visible el paper de la biblioteca com a centre de recursos per a l\u2019aprenentatge i l\u2019ensenyament, com a eix del pla de lectura de centre i com a motor d\u2019innovaci\u00f3 en el centre educatiu.<\/li>\n<\/ul>\n<p>Agra\u00efm molt aquest reconeixement a la bona feina de la nostra companya Anna M. Ribas i de tots els professors, alumnes i altres col\u00b7laboradors que han participat en aquesta iniciativa durant els darrers cursos.<\/p>\n<p>Aquesta experi\u00e8ncia es va publicar a l\u2019espai <a href=\"https:\/\/projectes.xtec.cat\/bescat\/portada\/el-club-dels-lletraferits\/\">NODES de Biblioteques Escolars de Catalunya<\/a><\/p>\n<p><strong>Accediu <a href=\"https:\/\/clubdelslletraferits.wordpress.com\/\">aqu\u00ed<\/a> al blog del Club dels Lletraferits<\/strong><\/p>\n<p>&nbsp;<\/p>\n","protected":false},"excerpt":{"rendered":"<p>CURS 25\/26<br \/>\nEn construcci\u00f3<br \/>\n&nbsp;<br \/>\nCURS 24\/25<\/p>\n<p>&nbsp;<br \/>\nALTRES CURSOS<br \/>\nLa Biblioteca de l\u2019Institut Reguissol torna a obrir les portes aquest curs amb una moltes novetats per\u00f2 amb el mateix caliu i dedicaci\u00f3 de sempre. Per aquest motiu, l\u2019institut ha volgut renomenar aquest l\u2019espai en mem\u00f2ria d\u2019una companya molt estimada que&hellip;  <a href=\"https:\/\/agora.xtec.cat\/iesreguissol\/serveis\/biblioteca\/\" title=\"Read Biblioteca\">Llegeix m\u00e9s\u00bb<\/a><\/p>\n","protected":false},"author":1,"featured_media":0,"parent":63,"menu_order":70,"comment_status":"closed","ping_status":"closed","template":"page-templates\/side-menu.php","meta":{"_bbp_topic_count":0,"_bbp_reply_count":0,"_bbp_total_topic_count":0,"_bbp_total_reply_count":0,"_bbp_voice_count":0,"_bbp_anonymous_reply_count":0,"_bbp_topic_count_hidden":0,"_bbp_reply_count_hidden":0,"_bbp_forum_subforum_count":0,"footnotes":""},"class_list":["post-2499","page","type-page","status-publish","hentry"],"post_mailing_queue_ids":[],"_links":{"self":[{"href":"https:\/\/agora.xtec.cat\/iesreguissol\/wp-json\/wp\/v2\/pages\/2499","targetHints":{"allow":["GET"]}}],"collection":[{"href":"https:\/\/agora.xtec.cat\/iesreguissol\/wp-json\/wp\/v2\/pages"}],"about":[{"href":"https:\/\/agora.xtec.cat\/iesreguissol\/wp-json\/wp\/v2\/types\/page"}],"author":[{"embeddable":true,"href":"https:\/\/agora.xtec.cat\/iesreguissol\/wp-json\/wp\/v2\/users\/1"}],"replies":[{"embeddable":true,"href":"https:\/\/agora.xtec.cat\/iesreguissol\/wp-json\/wp\/v2\/comments?post=2499"}],"version-history":[{"count":6,"href":"https:\/\/agora.xtec.cat\/iesreguissol\/wp-json\/wp\/v2\/pages\/2499\/revisions"}],"predecessor-version":[{"id":22701,"href":"https:\/\/agora.xtec.cat\/iesreguissol\/wp-json\/wp\/v2\/pages\/2499\/revisions\/22701"}],"up":[{"embeddable":true,"href":"https:\/\/agora.xtec.cat\/iesreguissol\/wp-json\/wp\/v2\/pages\/63"}],"wp:attachment":[{"href":"https:\/\/agora.xtec.cat\/iesreguissol\/wp-json\/wp\/v2\/media?parent=2499"}],"curies":[{"name":"wp","href":"https:\/\/api.w.org\/{rel}","templated":true}]}}