{"id":20611,"date":"2023-03-23T22:24:38","date_gmt":"2023-03-23T21:24:38","guid":{"rendered":"https:\/\/agora.xtec.cat\/iesreguissol\/?page_id=20611"},"modified":"2025-09-21T11:34:16","modified_gmt":"2025-09-21T09:34:16","slug":"projecte-rius","status":"publish","type":"page","link":"https:\/\/agora.xtec.cat\/iesreguissol\/serveis\/projecte-rius\/","title":{"rendered":"Projecte Rius"},"content":{"rendered":"<p data-start=\"197\" data-end=\"526\"><img decoding=\"async\" class=\"aligncenter\" src=\"https:\/\/www.diba.cat\/documents\/471041\/120773107\/rius+logo.jpg\/0bda98c5-050f-432f-8fea-95fdde5cbd53?t=1496829168557\" alt=\"Projecte Rius: con\u00e8ixer, compartir i conservar | Sostenible\" \/><\/p>\n<p data-start=\"197\" data-end=\"526\">Des de fa alguns cursos l\u2019alumnat de 1r d\u2019ESO participa en el <strong data-start=\"247\" data-end=\"264\">Projecte Rius<\/strong>, una iniciativa d\u2019educaci\u00f3 ambiental que promou el coneixement i la conservaci\u00f3 dels ecosistemes fluvials. L\u2019activitat consisteix en una sortida al <strong data-start=\"415\" data-end=\"430\">riu Tordera<\/strong>, on els i les alumnes poden fer un <strong data-start=\"470\" data-end=\"488\">estudi de camp<\/strong> per avaluar l\u2019estat ecol\u00f2gic del riu.<\/p>\n<p data-start=\"528\" data-end=\"853\">Equipats amb fitxes,\u00a0 i instruments de mesura, observen la qualitat de l\u2019aigua, la pres\u00e8ncia de fauna i flora, i l\u2019estat de l\u2019entorn. Aquesta activitat no nom\u00e9s els pemet <strong data-start=\"705\" data-end=\"750\">aplicar coneixements de ci\u00e8ncies naturals<\/strong> en un context real, sin\u00f3 que tamb\u00e9 fomenta la <strong data-start=\"801\" data-end=\"852\">responsabilitat ambiental i el treball en equip<\/strong>.<\/p>\n<p><strong>Accediu aqu\u00ed! al <a href=\"https:\/\/agora.xtec.cat\/iesreguissol\/categoria\/projectes-i-activitat\/projecte-rius\/\" target=\"_blank\" rel=\"noopener\">blog<\/a> de not\u00edcies del projecte Rius al nostre centre.<\/strong><\/p>\n<p><img loading=\"lazy\" decoding=\"async\" class=\"aligncenter wp-image-22436\" src=\"https:\/\/agora.xtec.cat\/iesreguissol\/wp-content\/uploads\/usu1236\/2025\/06\/20250513_091525-1024x577.jpg\" alt=\"\" width=\"754\" height=\"425\" srcset=\"https:\/\/agora.xtec.cat\/iesreguissol\/wp-content\/uploads\/usu1236\/2025\/06\/20250513_091525-1024x577.jpg 1024w, https:\/\/agora.xtec.cat\/iesreguissol\/wp-content\/uploads\/usu1236\/2025\/06\/20250513_091525-300x169.jpg 300w, https:\/\/agora.xtec.cat\/iesreguissol\/wp-content\/uploads\/usu1236\/2025\/06\/20250513_091525-768x432.jpg 768w, https:\/\/agora.xtec.cat\/iesreguissol\/wp-content\/uploads\/usu1236\/2025\/06\/20250513_091525-1536x865.jpg 1536w, https:\/\/agora.xtec.cat\/iesreguissol\/wp-content\/uploads\/usu1236\/2025\/06\/20250513_091525-2048x1153.jpg 2048w\" sizes=\"auto, (max-width: 754px) 100vw, 754px\" \/><\/p>\n<p>&nbsp;<\/p>\n<hr \/>\n<h2 style=\"text-align: center;\"><strong>PROJECTES DE CURSOS ANTERIORS<\/strong><\/h2>\n<p>&nbsp;<\/p>\n<p><strong><img loading=\"lazy\" decoding=\"async\" class=\"aligncenter size-full wp-image-20610\" src=\"https:\/\/agora.xtec.cat\/iesreguissol\/wp-content\/uploads\/usu1236\/2023\/03\/global-scholars.png\" alt=\"\" width=\"266\" height=\"189\" \/><\/strong><\/p>\n<p>&nbsp;<\/p>\n<p>En cursos anteriors l&#8217;Institut Reguissol va participar en el programa internacional <span style=\"color: #00ccff;\"><strong>Global Scholars<\/strong>.<\/span><\/p>\n<p style=\"text-align: justify;\"><strong>QU\u00c8 \u00c9S?\u00a0\u00a0<span style=\"color: #00ccff;\"><a style=\"color: #00ccff;\" href=\"https:\/\/www.globalcities.org\/global-scholars\" target=\"_blank\" rel=\"noopener noreferrer\">Global Scholars<\/a><\/span><\/strong>\u00a0\u00e9s un programa internacional d\u2019aprenentatge en l\u00ednia que connecta estudiants d\u2019escoles situades en ciutats d\u2019arreu del m\u00f3n amb l\u2019objectiu de preparar-los per esdevenir ciutadans globals. La iniciativa, adre\u00e7ada a estudiants d\u2019entre 10 i 13 anys, facilita la interacci\u00f3 i el debat a trav\u00e9s de f\u00f2rums en l\u00ednia, permet que els joves comparteixin idees i experi\u00e8ncies, i promou el desenvolupament de projectes multim\u00e8dia a l\u2019entorn de temes d\u2019inter\u00e8s general. Per al professorat dels centres que hi participen, Global Scholars \u00e9s tamb\u00e9 una oportunitat per entrar en contacte amb una xarxa internacional de docents, que els permet actualitzar coneixements i cr\u00e9ixer professionalment.<\/p>\n<p style=\"text-align: justify;\"><strong>QUI EL GESTIONA?\u00a0<\/strong>Global Scholars \u00e9s un projecte que impulsa\u00a0<strong><span style=\"color: #00ccff;\"><a style=\"color: #00ccff;\" href=\"https:\/\/www.globalcities.org\/\" target=\"_blank\" rel=\"noopener noreferrer\">Global Cities Inc.<\/a>,<\/span><\/strong> un programa de Bloomberg Philanthropies, organitzaci\u00f3 sense \u00e0nim de lucre amb seu a Nova York. Global Cities t\u00e9 una basta experi\u00e8ncia en fer servir la tecnologia per forjar connexions entre alumnes i docents que promouen l\u2019aprenentatge. Global Scholars, n\u2019\u00e9s el seu projecte ins\u00edgnia. L\u2019objectiu d\u2019aquest projecte transnacional i interactiu \u00e9s que els alumnes desenvolupin les compet\u00e8ncies necess\u00e0ries, a trav\u00e9s del di\u00e0leg i la col\u00b7laboraci\u00f3,\u00a0 per tal de convertir-se en ciutadans globals i poder interactuar amb \u00e8xit en el m\u00f3n globalitzat actual.<\/p>\n<p>Aquest \u00e9s un dels <a href=\"https:\/\/drive.google.com\/file\/d\/1Nk7Zm3Dq0t_LCyyAcqZFwuKCDITd8bMG\/view?usp=share_link\" target=\"_blank\" rel=\"noopener\">v\u00eddeos<\/a> que van fer els alumnes de 1ESO per donar-se a con\u00e8ixer, a ells i al nostre centre.<\/p>\n<p><a href=\"https:\/\/drive.google.com\/file\/d\/1Nk7Zm3Dq0t_LCyyAcqZFwuKCDITd8bMG\/view?usp=share_link\" target=\"_blank\" rel=\"noopener\"><img loading=\"lazy\" decoding=\"async\" class=\"aligncenter wp-image-20618\" src=\"https:\/\/agora.xtec.cat\/iesreguissol\/wp-content\/uploads\/usu1236\/2023\/03\/globalscholarsvideo.jpg\" alt=\"\" width=\"205\" height=\"317\" srcset=\"https:\/\/agora.xtec.cat\/iesreguissol\/wp-content\/uploads\/usu1236\/2023\/03\/globalscholarsvideo.jpg 354w, https:\/\/agora.xtec.cat\/iesreguissol\/wp-content\/uploads\/usu1236\/2023\/03\/globalscholarsvideo-194x300.jpg 194w\" sizes=\"auto, (max-width: 205px) 100vw, 205px\" \/><img loading=\"lazy\" decoding=\"async\" class=\"aligncenter wp-image-18331\" src=\"https:\/\/agora.xtec.cat\/iesreguissol\/wp-content\/uploads\/usu1236\/2021\/03\/ICONO-CLIC-WEB.jpg\" alt=\"\" width=\"178\" height=\"59\" srcset=\"https:\/\/agora.xtec.cat\/iesreguissol\/wp-content\/uploads\/usu1236\/2021\/03\/ICONO-CLIC-WEB.jpg 593w, https:\/\/agora.xtec.cat\/iesreguissol\/wp-content\/uploads\/usu1236\/2021\/03\/ICONO-CLIC-WEB-300x99.jpg 300w\" sizes=\"auto, (max-width: 178px) 100vw, 178px\" \/><\/a><\/p>\n<p>&nbsp;<\/p>\n<p>&nbsp;<\/p>\n","protected":false},"excerpt":{"rendered":"<p>Des de fa alguns cursos l\u2019alumnat de 1r d\u2019ESO participa en el Projecte Rius, una iniciativa d\u2019educaci\u00f3 ambiental que promou el coneixement i la conservaci\u00f3 dels ecosistemes fluvials. L\u2019activitat consisteix en una sortida al riu Tordera, on els i les alumnes poden fer un estudi&hellip;  <a href=\"https:\/\/agora.xtec.cat\/iesreguissol\/serveis\/projecte-rius\/\" title=\"Read Projecte Rius\">Llegeix m\u00e9s\u00bb<\/a><\/p>\n","protected":false},"author":1,"featured_media":0,"parent":63,"menu_order":0,"comment_status":"closed","ping_status":"closed","template":"","meta":{"_bbp_topic_count":0,"_bbp_reply_count":0,"_bbp_total_topic_count":0,"_bbp_total_reply_count":0,"_bbp_voice_count":0,"_bbp_anonymous_reply_count":0,"_bbp_topic_count_hidden":0,"_bbp_reply_count_hidden":0,"_bbp_forum_subforum_count":0,"footnotes":""},"class_list":["post-20611","page","type-page","status-publish","hentry"],"post_mailing_queue_ids":[],"_links":{"self":[{"href":"https:\/\/agora.xtec.cat\/iesreguissol\/wp-json\/wp\/v2\/pages\/20611","targetHints":{"allow":["GET"]}}],"collection":[{"href":"https:\/\/agora.xtec.cat\/iesreguissol\/wp-json\/wp\/v2\/pages"}],"about":[{"href":"https:\/\/agora.xtec.cat\/iesreguissol\/wp-json\/wp\/v2\/types\/page"}],"author":[{"embeddable":true,"href":"https:\/\/agora.xtec.cat\/iesreguissol\/wp-json\/wp\/v2\/users\/1"}],"replies":[{"embeddable":true,"href":"https:\/\/agora.xtec.cat\/iesreguissol\/wp-json\/wp\/v2\/comments?post=20611"}],"version-history":[{"count":6,"href":"https:\/\/agora.xtec.cat\/iesreguissol\/wp-json\/wp\/v2\/pages\/20611\/revisions"}],"predecessor-version":[{"id":22699,"href":"https:\/\/agora.xtec.cat\/iesreguissol\/wp-json\/wp\/v2\/pages\/20611\/revisions\/22699"}],"up":[{"embeddable":true,"href":"https:\/\/agora.xtec.cat\/iesreguissol\/wp-json\/wp\/v2\/pages\/63"}],"wp:attachment":[{"href":"https:\/\/agora.xtec.cat\/iesreguissol\/wp-json\/wp\/v2\/media?parent=20611"}],"curies":[{"name":"wp","href":"https:\/\/api.w.org\/{rel}","templated":true}]}}