{"id":17020,"date":"2019-09-09T16:29:43","date_gmt":"2019-09-09T14:29:43","guid":{"rendered":"http:\/\/agora.xtec.cat\/iesreguissol\/?page_id=17020"},"modified":"2025-09-21T11:38:28","modified_gmt":"2025-09-21T09:38:28","slug":"generacio-plurilingue-gep","status":"publish","type":"page","link":"https:\/\/agora.xtec.cat\/iesreguissol\/serveis\/generacio-plurilingue-gep\/","title":{"rendered":"Generaci\u00f3 Pluriling\u00fce (GEP)"},"content":{"rendered":"<p style=\"text-align: justify;\">El curs 2017-2018 el Departament d&#8217;Ensenyament va iniciar el programa d\u2019innovaci\u00f3 pedag\u00f2gica <strong>Generaci\u00f3 Pluriling\u00fce (GEP)<\/strong>. La finalitat d\u2019aquest programa \u00e9s millorar la compet\u00e8ncia en lleng\u00fces estrangeres de l\u2019alumnat, afavorint el seu creixement acad\u00e8mic i posterior inserci\u00f3 laboral, i capacitant-lo per interactuar amb el m\u00f3n en diverses lleng\u00fces i de manera cr\u00edtica.<\/p>\n<p style=\"text-align: justify;\">Les accions del programa GEP s\u2019orienten, d\u2019una banda, a incrementar el temps d\u2019exposici\u00f3 de l\u2019alumnat a les lleng\u00fces estrangeres curriculars i, d\u2019una altra, a acompanyar els centres educatius en el proc\u00e9s de desplegament i consolidaci\u00f3 d\u2019un projecte ling\u00fc\u00edstic pluriling\u00fce propi.<\/p>\n<p style=\"text-align: justify;\">La durada del programa \u00e9s de tres cursos escolars. El nostre centre es va incorporar al projecte el curs 2019-2020. Els dos primers anys, alguns docents amb una acreditaci\u00f3 suficient de coneixements de llengua estrangera van rebre formaci\u00f3 sobre enfocaments CLIL (aprenentatge integrat de contingut i llengua estrangera en angl\u00e8s).<\/p>\n<p>M\u00e9s informaci\u00f3 general sobre el projecte <a href=\"http:\/\/xtec.gencat.cat\/ca\/projectes\/plurilinguisme\/programes\/institucionals\/gep\/\">aqu\u00ed.<\/a><\/p>\n<h1 style=\"text-align: center;\"><span style=\"color: #800000;\">CURS 25-26: GEP<\/span><\/h1>\n<p>Despr\u00e9s d&#8217;anys en aquest el projecte, seguim treballant i amb moltes ganes d&#8217;ampliar-ho. El professorat implicat \u00e9s:<\/p>\n<ul>\n<li><strong><em><span style=\"color: #800000;\">Departament de Ci\u00e8ncies Naturals:<\/span><\/em><\/strong> Bernab\u00e9 Bono i Patricia Garcia<\/li>\n<li><em><span style=\"color: #800000;\"><strong>D<\/strong><\/span><strong><span style=\"color: #800000;\">epartament de Matem\u00e0tiques:<\/span> <\/strong><\/em>S\u00edlvia Serrano<\/li>\n<li><span style=\"color: #800000;\"><em><strong>Departament de Ci\u00e8ncies Socials:<\/strong><\/em><\/span> Jordi Ribera<\/li>\n<li><span style=\"color: #800000;\"><em><strong>Departament de Lleng\u00fces Estrangeres:<\/strong><\/em><\/span> Susan Hern\u00e1ndez, N\u00faria Clop\u00e9s i Laura Carbajo<\/li>\n<li><span style=\"color: #800000;\"><em><strong>Departament de Tecnologia: <\/strong><\/em><span style=\"color: #000000;\">J\u00falia Gal\u00ed<\/span><\/span><\/li>\n<\/ul>\n<hr \/>\n<p><a href=\"https:\/\/agora.xtec.cat\/iesreguissol\/categoria\/generacio-plurilingue-gep\/gep\/\"><img loading=\"lazy\" decoding=\"async\" class=\"wp-image-17012 aligncenter\" src=\"https:\/\/agora.xtec.cat\/iesreguissol\/wp-content\/uploads\/usu1236\/2019\/09\/We-are-a-GEP-school-now.png\" alt=\"\" width=\"456\" height=\"174\" srcset=\"https:\/\/agora.xtec.cat\/iesreguissol\/wp-content\/uploads\/usu1236\/2019\/09\/We-are-a-GEP-school-now.png 820w, https:\/\/agora.xtec.cat\/iesreguissol\/wp-content\/uploads\/usu1236\/2019\/09\/We-are-a-GEP-school-now-300x114.png 300w, https:\/\/agora.xtec.cat\/iesreguissol\/wp-content\/uploads\/usu1236\/2019\/09\/We-are-a-GEP-school-now-768x292.png 768w\" sizes=\"auto, (max-width: 456px) 100vw, 456px\" \/><\/a><\/p>\n<p style=\"text-align: center;\"><strong>Accediu <a href=\"https:\/\/agora.xtec.cat\/iesreguissol\/categoria\/generacio-plurilingue-gep\/gep\/\">aqu\u00ed!<\/a> al blog de not\u00edcies del projecte GEP al nostre centre<\/strong><\/p>\n<p><strong>\u00a0<\/strong><\/p>\n","protected":false},"excerpt":{"rendered":"<p>El curs 2017-2018 el Departament d&#8217;Ensenyament va iniciar el programa d\u2019innovaci\u00f3 pedag\u00f2gica Generaci\u00f3 Pluriling\u00fce (GEP). La finalitat d\u2019aquest programa \u00e9s millorar la compet\u00e8ncia en lleng\u00fces estrangeres de l\u2019alumnat, afavorint el seu creixement acad\u00e8mic i posterior inserci\u00f3 laboral, i capacitant-lo per interactuar amb el m\u00f3n en&hellip;  <a href=\"https:\/\/agora.xtec.cat\/iesreguissol\/serveis\/generacio-plurilingue-gep\/\" title=\"Read Generaci\u00f3 Pluriling\u00fce (GEP)\">Llegeix m\u00e9s\u00bb<\/a><\/p>\n","protected":false},"author":61,"featured_media":0,"parent":63,"menu_order":0,"comment_status":"closed","ping_status":"closed","template":"page-templates\/side-menu.php","meta":{"_bbp_topic_count":0,"_bbp_reply_count":0,"_bbp_total_topic_count":0,"_bbp_total_reply_count":0,"_bbp_voice_count":0,"_bbp_anonymous_reply_count":0,"_bbp_topic_count_hidden":0,"_bbp_reply_count_hidden":0,"_bbp_forum_subforum_count":0,"footnotes":""},"class_list":["post-17020","page","type-page","status-publish","hentry"],"post_mailing_queue_ids":[],"_links":{"self":[{"href":"https:\/\/agora.xtec.cat\/iesreguissol\/wp-json\/wp\/v2\/pages\/17020","targetHints":{"allow":["GET"]}}],"collection":[{"href":"https:\/\/agora.xtec.cat\/iesreguissol\/wp-json\/wp\/v2\/pages"}],"about":[{"href":"https:\/\/agora.xtec.cat\/iesreguissol\/wp-json\/wp\/v2\/types\/page"}],"author":[{"embeddable":true,"href":"https:\/\/agora.xtec.cat\/iesreguissol\/wp-json\/wp\/v2\/users\/61"}],"replies":[{"embeddable":true,"href":"https:\/\/agora.xtec.cat\/iesreguissol\/wp-json\/wp\/v2\/comments?post=17020"}],"version-history":[{"count":4,"href":"https:\/\/agora.xtec.cat\/iesreguissol\/wp-json\/wp\/v2\/pages\/17020\/revisions"}],"predecessor-version":[{"id":22700,"href":"https:\/\/agora.xtec.cat\/iesreguissol\/wp-json\/wp\/v2\/pages\/17020\/revisions\/22700"}],"up":[{"embeddable":true,"href":"https:\/\/agora.xtec.cat\/iesreguissol\/wp-json\/wp\/v2\/pages\/63"}],"wp:attachment":[{"href":"https:\/\/agora.xtec.cat\/iesreguissol\/wp-json\/wp\/v2\/media?parent=17020"}],"curies":[{"name":"wp","href":"https:\/\/api.w.org\/{rel}","templated":true}]}}