{"id":1278,"date":"2015-09-22T16:34:39","date_gmt":"2015-09-22T15:34:39","guid":{"rendered":"http:\/\/agora.xtec.cat\/iesreguissol\/?page_id=1278"},"modified":"2025-09-22T19:37:16","modified_gmt":"2025-09-22T17:37:16","slug":"justificacio-de-faltes-dassistencia","status":"publish","type":"page","link":"https:\/\/agora.xtec.cat\/iesreguissol\/documents\/justificacio-de-faltes-dassistencia\/","title":{"rendered":"Justificaci\u00f3 de faltes d&#8217;assist\u00e8ncia"},"content":{"rendered":"<p>&nbsp;<\/p>\n<p><span style=\"font-weight: 400;\">Per tal de garantir un bon seguiment acad\u00e8mic i educatiu, us demanem que tingueu en compte els punts seg\u00fcents:<\/span><\/p>\n<p><span style=\"color: #008080;\"><b><span style=\"color: #3bb8db;\">1. Com justificar les<\/span> <span style=\"color: #3bb8db;\">faltes:<img loading=\"lazy\" decoding=\"async\" class=\"aligncenter wp-image-22710\" src=\"https:\/\/agora.xtec.cat\/iesreguissol\/wp-content\/uploads\/usu1236\/2025\/09\/Captura-de-pantalla-2025-09-22-193624.png\" alt=\"\" width=\"175\" height=\"186\" srcset=\"https:\/\/agora.xtec.cat\/iesreguissol\/wp-content\/uploads\/usu1236\/2025\/09\/Captura-de-pantalla-2025-09-22-193624.png 436w, https:\/\/agora.xtec.cat\/iesreguissol\/wp-content\/uploads\/usu1236\/2025\/09\/Captura-de-pantalla-2025-09-22-193624-283x300.png 283w\" sizes=\"auto, (max-width: 175px) 100vw, 175px\" \/><\/span><\/b><\/span><\/p>\n<p>&nbsp;<\/p>\n<p><span style=\"font-weight: 400;\">Cal comunicar-les sempre a trav\u00e9s del <strong>correu electr\u00f2nic<\/strong>, incloent tant a consergeria com al tutor o la tutora del vostre fill\/a.<\/span><\/p>\n<ul>\n<li aria-level=\"3\"><b>consergeria@institutreguissol.cat<\/b><\/li>\n<\/ul>\n<ul>\n<li aria-level=\"3\"><b>nom.cognom@institutreguissol.cat<\/b><span style=\"font-weight: 400;\"> del tutor o la tutora.<\/span><\/li>\n<\/ul>\n<p><span style=\"font-weight: 400;\">Si la fam\u00edlia no disposa de correu electr\u00f2nic, pot justificar la falta d\u2019assist\u00e8ncia a trav\u00e9s de l\u2019agenda escolar del seu fill\/a o b\u00e9 sol\u00b7licitant un full de justificaci\u00f3 en paper a consergeria.<\/span><\/p>\n<p><span style=\"font-weight: 400;\">S\u2019ha d\u2019indicar <\/span><b>el motiu de l\u2019abs\u00e8ncia<\/b><span style=\"font-weight: 400;\"> (per exemple: visita m\u00e8dica, motius familiars, malaltia&#8230;).<\/span><\/p>\n<p>&nbsp;<\/p>\n<p><span style=\"color: #3bb8db;\"><b>2. Import\u00e0ncia de justificar-les adequadament:<\/b><\/span><\/p>\n<ul>\n<li aria-level=\"2\"><span style=\"font-weight: 400;\">Les faltes sense justificaci\u00f3 poden tenir conseq\u00fc\u00e8ncies en l\u2019avaluaci\u00f3 i en el seguiment de l\u2019alumne\/a.<\/span><\/li>\n<\/ul>\n<ul>\n<li aria-level=\"2\"><span style=\"font-weight: 400;\">Justificar correctament ajuda el centre a tenir una visi\u00f3 clara de la situaci\u00f3 i acompanyar millor el vostre fill\/a.<\/span><\/li>\n<\/ul>\n<ul>\n<li aria-level=\"2\"><span style=\"font-weight: 400;\">Si el tutor o la tutora considera que la falta no est\u00e0 suficientment justificada, contactar\u00e0 amb la fam\u00edlia per aclarir els motius.<\/span><\/li>\n<\/ul>\n<p>&nbsp;<\/p>\n<p><span style=\"color: #3bb8db;\"><b>3. Assist\u00e8ncia responsable:<\/b><\/span><\/p>\n<ul>\n<li aria-level=\"2\"><span style=\"font-weight: 400;\">Us demanem que <\/span><b>eviteu autoritzar abs\u00e8ncies sense un motiu de pes<\/b><span style=\"font-weight: 400;\">.<\/span><\/li>\n<\/ul>\n<ul>\n<li aria-level=\"2\"><span style=\"font-weight: 400;\">L\u2019assist\u00e8ncia regular \u00e9s clau per al rendiment acad\u00e8mic i per al benestar personal i social de l\u2019alumnat.<\/span><\/li>\n<\/ul>\n<p>&nbsp;<\/p>\n<h1><span style=\"color: #3bb8db;\"><b>SORTIDA DEL CENTRE EN HORARI LECTIU<\/b><\/span><\/h1>\n<p><img loading=\"lazy\" decoding=\"async\" class=\"aligncenter wp-image-22705\" src=\"https:\/\/agora.xtec.cat\/iesreguissol\/wp-content\/uploads\/usu1236\/2025\/09\/Captura-de-pantalla-2025-09-22-192917.png\" alt=\"\" width=\"200\" height=\"195\" srcset=\"https:\/\/agora.xtec.cat\/iesreguissol\/wp-content\/uploads\/usu1236\/2025\/09\/Captura-de-pantalla-2025-09-22-192917.png 370w, https:\/\/agora.xtec.cat\/iesreguissol\/wp-content\/uploads\/usu1236\/2025\/09\/Captura-de-pantalla-2025-09-22-192917-300x292.png 300w\" sizes=\"auto, (max-width: 200px) 100vw, 200px\" \/><\/p>\n<p>&nbsp;<\/p>\n<p><span style=\"font-weight: 400;\">Si l\u2019alumne\/a necessita sortir del centre durant l\u2019horari lectiu, ho haur\u00e0 de fer <\/span><b>en companyia de la persona autoritzada pel tutor o tutora legal<\/b><span style=\"font-weight: 400;\">.<\/span><\/p>\n<p><span style=\"font-weight: 400;\">\u00c9s molt important que el centre <\/span><b>disposi del document que autoritza la sortida<\/b><span style=\"font-weight: 400;\">; en cas contrari, no ser\u00e0 possible permetre que l\u2019alumne\/a surti abans de l\u2019hora de sortida oficial.<\/span><\/p>\n<p>&nbsp;<\/p>\n<p>&nbsp;<\/p>\n","protected":false},"excerpt":{"rendered":"<p>&nbsp;<br \/>\nPer tal de garantir un bon seguiment acad\u00e8mic i educatiu, us demanem que tingueu en compte els punts seg\u00fcents:<br \/>\n1. Com justificar les faltes:<br \/>\n&nbsp;<br \/>\nCal comunicar-les sempre a trav\u00e9s del correu electr\u00f2nic, incloent tant a consergeria com al tutor o la tutora del vostre fill\/a.<\/p>\n<ul>\n<li aria-level=\"3\">consergeria@institutreguissol.cat<\/li>\n<\/ul>\n<ul>\n<li aria-level=\"3\">nom.cognom@institutreguissol.cat&hellip;  <a href=\"https:\/\/agora.xtec.cat\/iesreguissol\/documents\/justificacio-de-faltes-dassistencia\/\" title=\"Read Justificaci\u00f3 de faltes d&#8217;assist\u00e8ncia\">Llegeix m\u00e9s\u00bb<\/a><br \/>\n","protected":false},"author":1,"featured_media":0,"parent":322,"menu_order":3,"comment_status":"closed","ping_status":"closed","template":"","meta":{"_bbp_topic_count":0,"_bbp_reply_count":0,"_bbp_total_topic_count":0,"_bbp_total_reply_count":0,"_bbp_voice_count":0,"_bbp_anonymous_reply_count":0,"_bbp_topic_count_hidden":0,"_bbp_reply_count_hidden":0,"_bbp_forum_subforum_count":0,"footnotes":""},"class_list":["post-1278","page","type-page","status-publish","hentry"],"post_mailing_queue_ids":[],"_links":{"self":[{"href":"https:\/\/agora.xtec.cat\/iesreguissol\/wp-json\/wp\/v2\/pages\/1278","targetHints":{"allow":["GET"]}}],"collection":[{"href":"https:\/\/agora.xtec.cat\/iesreguissol\/wp-json\/wp\/v2\/pages"}],"about":[{"href":"https:\/\/agora.xtec.cat\/iesreguissol\/wp-json\/wp\/v2\/types\/page"}],"author":[{"embeddable":true,"href":"https:\/\/agora.xtec.cat\/iesreguissol\/wp-json\/wp\/v2\/users\/1"}],"replies":[{"embeddable":true,"href":"https:\/\/agora.xtec.cat\/iesreguissol\/wp-json\/wp\/v2\/comments?post=1278"}],"version-history":[{"count":7,"href":"https:\/\/agora.xtec.cat\/iesreguissol\/wp-json\/wp\/v2\/pages\/1278\/revisions"}],"predecessor-version":[{"id":22712,"href":"https:\/\/agora.xtec.cat\/iesreguissol\/wp-json\/wp\/v2\/pages\/1278\/revisions\/22712"}],"up":[{"embeddable":true,"href":"https:\/\/agora.xtec.cat\/iesreguissol\/wp-json\/wp\/v2\/pages\/322"}],"wp:attachment":[{"href":"https:\/\/agora.xtec.cat\/iesreguissol\/wp-json\/wp\/v2\/media?parent=1278"}],"curies":[{"name":"wp","href":"https:\/\/api.w.org\/{rel}","templated":true}]}}