{"id":1006,"date":"2015-08-09T06:53:41","date_gmt":"2015-08-09T05:53:41","guid":{"rendered":"http:\/\/agora.xtec.cat\/iesreguissol\/?page_id=1006"},"modified":"2019-04-24T13:45:25","modified_gmt":"2019-04-24T11:45:25","slug":"recuperacions-de-maig","status":"publish","type":"page","link":"https:\/\/agora.xtec.cat\/iesreguissol\/documents\/recuperacio-de-pendents\/recuperacions-de-maig\/","title":{"rendered":"Recuperacions de maig"},"content":{"rendered":"<p><span style=\"color: #333333;\">Durant el maig tenen lloc proves de recuperaci\u00f3 de mat\u00e8ries pendents de cursos anteriors. Fixeu-vos que, si teniu mat\u00e8ries pendents, us apareixen a l&#8217;apartat \u00abObservacions\u00bb\u00a0del butllet\u00ed de notes trimestrals. El vostre tutor tamb\u00e9 us n&#8217;informar\u00e0 amb l&#8217;antelaci\u00f3 convenient. <\/span><\/p>\n<p>Si teniu alguna mat\u00e8ria pendent, heu de consultar el <strong>Calendari i horari<\/strong> de la prova, les <strong>Instruccions<\/strong> per saber com es recupera i, finalment, us cal anar a l&#8217;apartat de <strong>Dossiers<\/strong> per descarregar-vos tot all\u00f2 que necessiteu per fer el treball. Recordeu que hi ha instruccions i dossiers diferents en funci\u00f3 de si sou o no alumnes que seguiu un PI.<\/p>\n<p><span style=\"color: #333333;\">Si no teniu clara alguna q\u00fcesti\u00f3, no dubteu a preguntar-ho al vostre tutor o al departament implicat.<\/span><\/p>\n<p>&nbsp;<\/p>\n<ul>\n<li><span style=\"color: #000000;\">Instruccions per a l&#8217;alumnat que no segueix un PI<\/span><\/li>\n<li><span style=\"color: #000000;\"><a style=\"color: #000000;\" href=\"https:\/\/drive.google.com\/open?id=1UZgnw0hPIy-Lgz7-DT-jRrCh2MsMmTdv\">Instruccions per a l&#8217;alumnat que <\/a>segueix <a style=\"color: #000000;\" href=\"https:\/\/drive.google.com\/open?id=1UZgnw0hPIy-Lgz7-DT-jRrCh2MsMmTdv\">un PI<\/a><\/span><\/li>\n<li><span style=\"color: #000000;\">Dossiers<\/span><\/li>\n<li><span style=\"color: #000000;\">Calendari 2018<\/span><\/li>\n<\/ul>\n<p><span style=\"color: #000000;\"><strong>Per accedir als guions d&#8217;estudi, als dossiers o instruccions per als treballs i al calendari, heu d&#8217;iniciar la sessi\u00f3 al vostre compte @institutreguissol.cat<\/strong><\/span><\/p>\n<p><span style=\"font-family: arial,sans-serif;\"><br \/>\n<\/span><\/p>\n<p>&nbsp;<\/p>\n","protected":false},"excerpt":{"rendered":"<p>Durant el maig tenen lloc proves de recuperaci\u00f3 de mat\u00e8ries pendents de cursos anteriors. Fixeu-vos que, si teniu mat\u00e8ries pendents, us apareixen a l&#8217;apartat \u00abObservacions\u00bb\u00a0del butllet\u00ed de notes trimestrals. El vostre tutor tamb\u00e9 us n&#8217;informar\u00e0 amb l&#8217;antelaci\u00f3 convenient.<br \/>\nSi teniu alguna mat\u00e8ria pendent, heu de&hellip;  <a href=\"https:\/\/agora.xtec.cat\/iesreguissol\/documents\/recuperacio-de-pendents\/recuperacions-de-maig\/\" title=\"Read Recuperacions de maig\">Llegeix m\u00e9s\u00bb<\/a><\/p>\n","protected":false},"author":1,"featured_media":0,"parent":450,"menu_order":2,"comment_status":"closed","ping_status":"closed","template":"page-templates\/side-menu.php","meta":{"_bbp_topic_count":0,"_bbp_reply_count":0,"_bbp_total_topic_count":0,"_bbp_total_reply_count":0,"_bbp_voice_count":0,"_bbp_anonymous_reply_count":0,"_bbp_topic_count_hidden":0,"_bbp_reply_count_hidden":0,"_bbp_forum_subforum_count":0,"footnotes":""},"class_list":["post-1006","page","type-page","status-publish","hentry"],"post_mailing_queue_ids":[],"_links":{"self":[{"href":"https:\/\/agora.xtec.cat\/iesreguissol\/wp-json\/wp\/v2\/pages\/1006","targetHints":{"allow":["GET"]}}],"collection":[{"href":"https:\/\/agora.xtec.cat\/iesreguissol\/wp-json\/wp\/v2\/pages"}],"about":[{"href":"https:\/\/agora.xtec.cat\/iesreguissol\/wp-json\/wp\/v2\/types\/page"}],"author":[{"embeddable":true,"href":"https:\/\/agora.xtec.cat\/iesreguissol\/wp-json\/wp\/v2\/users\/1"}],"replies":[{"embeddable":true,"href":"https:\/\/agora.xtec.cat\/iesreguissol\/wp-json\/wp\/v2\/comments?post=1006"}],"version-history":[{"count":4,"href":"https:\/\/agora.xtec.cat\/iesreguissol\/wp-json\/wp\/v2\/pages\/1006\/revisions"}],"predecessor-version":[{"id":16498,"href":"https:\/\/agora.xtec.cat\/iesreguissol\/wp-json\/wp\/v2\/pages\/1006\/revisions\/16498"}],"up":[{"embeddable":true,"href":"https:\/\/agora.xtec.cat\/iesreguissol\/wp-json\/wp\/v2\/pages\/450"}],"wp:attachment":[{"href":"https:\/\/agora.xtec.cat\/iesreguissol\/wp-json\/wp\/v2\/media?parent=1006"}],"curies":[{"name":"wp","href":"https:\/\/api.w.org\/{rel}","templated":true}]}}