{"id":1003,"date":"2015-08-08T22:18:21","date_gmt":"2015-08-08T21:18:21","guid":{"rendered":"http:\/\/agora.xtec.cat\/iesreguissol\/?page_id=1003"},"modified":"2019-04-24T13:44:23","modified_gmt":"2019-04-24T11:44:23","slug":"recuperacio-de-setembre","status":"publish","type":"page","link":"https:\/\/agora.xtec.cat\/iesreguissol\/documents\/recuperacio-de-pendents\/recuperacio-de-setembre\/","title":{"rendered":"Recuperaci\u00f3 de setembre"},"content":{"rendered":"<h2><\/h2>\n<p><span style=\"color: #333333;\">Durant els primers dies de setembre tenen lloc les proves extraordin\u00e0ries de recuperaci\u00f3, tant de mat\u00e8ries pendents realitzades durant el curs present com en cursos anteriors. Consulteu el calendari, horari i aulari per saber quan i on es realitzen les proves.<br \/>\n<\/span><\/p>\n<p><span style=\"color: #333333;\">En els enlla\u00e7os de sota trobareu les <span style=\"color: #99cc00;\"><strong>instruccions<\/strong><\/span> per saber quins continguts i compet\u00e8ncies entren a les proves de setembre i per con\u00e8ixer, tamb\u00e9, les tasques que caldr\u00e0 que dugueu a terme a trav\u00e9s dels <span style=\"color: #99cc00;\"><strong>dossiers o quaderns d&#8217;estiu<\/strong><\/span>. Fixeu-vos que estan diferenciats segons si heu seguit un PI (pla individualitzat) o no l&#8217;heu seguit. Als alumnes que heu realitzat el curs seguint un PI us apareix aquesta informaci\u00f3 al butllet\u00ed de notes.<br \/>\n<\/span><\/p>\n<p>Necessiteu iniciar la sessi\u00f3 en el vostre compte <span style=\"color: #99cc00;\"><strong>@institutreguissol.cat<\/strong><\/span> per poder accedir a les instruccions i els dossiers. Si ho feu des d&#8217;un altre compte, no podreu accedir als materials.<\/p>\n<ul>\n<li><span style=\"color: #000000;\">Instruccions<\/span><\/li>\n<li><span style=\"color: #000000;\">Dossiers (tasques d&#8217;estiu)<\/span><\/li>\n<li><span style=\"color: #000000;\">Calendari, horari i aulari de les proves de 2018<\/span><\/li>\n<\/ul>\n<p><span style=\"color: #ff6600;\"><strong>Alerta!<\/strong> <\/span>Abans de comen\u00e7ar els dossiers i les tasques d&#8217;estiu, feu un cop d&#8217;ull a les instruccions per entendre b\u00e9 qu\u00e8 us conv\u00e9 realitzar, i de quina manera, per tenir \u00e8xit en la recuperaci\u00f3 de cada mat\u00e8ria pendent concreta.<\/p>\n<p>&nbsp;<\/p>\n","protected":false},"excerpt":{"rendered":"<p>Durant els primers dies de setembre tenen lloc les proves extraordin\u00e0ries de recuperaci\u00f3, tant de mat\u00e8ries pendents realitzades durant el curs present com en cursos anteriors. Consulteu el calendari, horari i aulari per saber quan i on es realitzen les proves.<\/p>\n<p>En els enlla\u00e7os de sota&hellip;  <a href=\"https:\/\/agora.xtec.cat\/iesreguissol\/documents\/recuperacio-de-pendents\/recuperacio-de-setembre\/\" title=\"Read Recuperaci\u00f3 de setembre\">Llegeix m\u00e9s\u00bb<\/a><\/p>\n","protected":false},"author":1,"featured_media":0,"parent":450,"menu_order":0,"comment_status":"closed","ping_status":"closed","template":"page-templates\/side-menu.php","meta":{"_bbp_topic_count":0,"_bbp_reply_count":0,"_bbp_total_topic_count":0,"_bbp_total_reply_count":0,"_bbp_voice_count":0,"_bbp_anonymous_reply_count":0,"_bbp_topic_count_hidden":0,"_bbp_reply_count_hidden":0,"_bbp_forum_subforum_count":0,"footnotes":""},"class_list":["post-1003","page","type-page","status-publish","hentry"],"post_mailing_queue_ids":[],"_links":{"self":[{"href":"https:\/\/agora.xtec.cat\/iesreguissol\/wp-json\/wp\/v2\/pages\/1003","targetHints":{"allow":["GET"]}}],"collection":[{"href":"https:\/\/agora.xtec.cat\/iesreguissol\/wp-json\/wp\/v2\/pages"}],"about":[{"href":"https:\/\/agora.xtec.cat\/iesreguissol\/wp-json\/wp\/v2\/types\/page"}],"author":[{"embeddable":true,"href":"https:\/\/agora.xtec.cat\/iesreguissol\/wp-json\/wp\/v2\/users\/1"}],"replies":[{"embeddable":true,"href":"https:\/\/agora.xtec.cat\/iesreguissol\/wp-json\/wp\/v2\/comments?post=1003"}],"version-history":[{"count":4,"href":"https:\/\/agora.xtec.cat\/iesreguissol\/wp-json\/wp\/v2\/pages\/1003\/revisions"}],"predecessor-version":[{"id":16497,"href":"https:\/\/agora.xtec.cat\/iesreguissol\/wp-json\/wp\/v2\/pages\/1003\/revisions\/16497"}],"up":[{"embeddable":true,"href":"https:\/\/agora.xtec.cat\/iesreguissol\/wp-json\/wp\/v2\/pages\/450"}],"wp:attachment":[{"href":"https:\/\/agora.xtec.cat\/iesreguissol\/wp-json\/wp\/v2\/media?parent=1003"}],"curies":[{"name":"wp","href":"https:\/\/api.w.org\/{rel}","templated":true}]}}