{"id":8412,"date":"2020-05-22T14:54:33","date_gmt":"2020-05-22T12:54:33","guid":{"rendered":"http:\/\/agora.xtec.cat\/iesramoncoll\/?page_id=8412"},"modified":"2020-05-22T23:30:07","modified_gmt":"2020-05-22T21:30:07","slug":"cfgs-de-gestio-dallotjaments-turistics","status":"publish","type":"page","link":"https:\/\/agora.xtec.cat\/iesramoncoll\/estudis\/cicles-formatius\/cfgs-de-gestio-dallotjaments-turistics\/","title":{"rendered":"CFGS de Gesti\u00f3 d&#8217;allotjaments tur\u00edstics (DUAL)"},"content":{"rendered":"<p style=\"text-align: center;\"><iframe loading=\"lazy\" src=\"https:\/\/www.youtube.com\/embed\/WsZFs9fMqxQ\" width=\"560\" height=\"315\" frameborder=\"0\"><span data-mce-type=\"bookmark\" style=\"display: inline-block; width: 0px; overflow: hidden; line-height: 0;\" class=\"mce_SELRES_start\">\ufeff<\/span><\/iframe> <em>Accedeix <a href=\"https:\/\/agora.xtec.cat\/iesramoncoll\/categoria\/cicles-formatius\/cfgs-allotjaments\/\"><span style=\"color: #3366ff;\">aqu\u00ed<\/span><\/a> per con\u00e8ixer-nos m\u00e9s.<\/em><\/p>\n<p><img loading=\"lazy\" decoding=\"async\" class=\"alignnone wp-image-8444 size-medium\" src=\"https:\/\/agora.xtec.cat\/iesramoncoll\/wp-content\/uploads\/usu536\/2020\/05\/titulacio-2-300x83.jpg\" alt=\"\" width=\"300\" height=\"83\" srcset=\"https:\/\/agora.xtec.cat\/iesramoncoll\/wp-content\/uploads\/usu536\/2020\/05\/titulacio-2-300x83.jpg 300w, https:\/\/agora.xtec.cat\/iesramoncoll\/wp-content\/uploads\/usu536\/2020\/05\/titulacio-2.jpg 500w\" sizes=\"auto, (max-width: 300px) 100vw, 300px\" \/><\/p>\n<h4><span style=\"color: #009696;\">Duraci\u00f3<\/span><\/h4>\n<ul>\n<li>2. 000 hores (2 cursos).<\/li>\n<li>Formaci\u00f3 en el centre educatiu: 100 % hores durant el 1r curs.<\/li>\n<li>Formaci\u00f3 a l&#8217;empresa: 80 % hores durant el 2n curs.<\/li>\n<\/ul>\n<h4><span style=\"color: #009696;\">Requisits d&#8217;acc\u00e9s<\/span><\/h4>\n<ul>\n<li>Titulaci\u00f3 de batxillerat.<\/li>\n<li>Prova d&#8217;acc\u00e9s.<\/li>\n<li>Acc\u00e9s directe per alumnes que hagin superat un altre CFGS.<\/li>\n<li>Acc\u00e9s directe per antics alumnes amb FP-2 o BUP i COU.<\/li>\n<\/ul>\n<h4><span style=\"color: #009696;\">Objectius del cicle<\/span><\/h4>\n<ul>\n<li style=\"text-align: justify;\">Comprendre l&#8217;organitzaci\u00f3 i les caracter\u00edstiques del sector.<\/li>\n<li>Adquirir la compet\u00e8ncia ling\u00fc\u00edstica en els idiomes adients a l&#8217;\u00e0mbit professional de treball.<\/li>\n<li>Adquirir la sensibilitat i la capacitat de desenvolupar activitats adequades.<\/li>\n<li>Adquirir una identitat i maduresa professional emprenedora.<\/li>\n<li>Adquirir les capacitats i habilitats per treballar en equip.<\/li>\n<li>Adquirir les capacitats i habilitats de seguretat i higiene pr\u00f2pies del treball.<\/li>\n<\/ul>\n<p><img loading=\"lazy\" decoding=\"async\" class=\"alignnone wp-image-8417\" src=\"https:\/\/agora.xtec.cat\/iesramoncoll\/wp-content\/uploads\/usu536\/2020\/05\/entorn-o-camp-professional.jpg\" alt=\"\" width=\"300\" height=\"83\" srcset=\"https:\/\/agora.xtec.cat\/iesramoncoll\/wp-content\/uploads\/usu536\/2020\/05\/entorn-o-camp-professional.jpg 500w, https:\/\/agora.xtec.cat\/iesramoncoll\/wp-content\/uploads\/usu536\/2020\/05\/entorn-o-camp-professional-300x83.jpg 300w\" sizes=\"auto, (max-width: 300px) 100vw, 300px\" \/><\/p>\n<p style=\"text-align: justify;\">La compet\u00e8ncia general d&#8217;aquest t\u00edtol consisteix a organitzar i controlar establiments d&#8217;allotjament tur\u00edstic, aplicant les pol\u00edtiques empresarials establertes, controlant els objectius dels diferents departaments, les accions comercials i els resultats econ\u00f2mics de l&#8217;establiment, prestant el servei en l&#8217;\u00e0rea d&#8217;allotjament i assegurant la satisfacci\u00f3 dels clients.<\/p>\n<h4><span style=\"color: #009696;\">Principals ocupacions i llocs de treball<\/span><\/h4>\n<ul>\n<li>Cap de recepci\u00f3 i recepcionista.<\/li>\n<li>Coordinador\/a d&#8217;esdeveniments.<\/li>\n<li>Governanta i majordom d&#8217;habitacions.<\/li>\n<li>Coordinador\/a de qualitat.<\/li>\n<li>Gestor\/a d&#8217;allotjaments a hospitals.<\/li>\n<li>Gestor\/a de cases rurals.<\/li>\n<\/ul>\n<p><img loading=\"lazy\" decoding=\"async\" class=\"alignnone wp-image-8419\" src=\"https:\/\/agora.xtec.cat\/iesramoncoll\/wp-content\/uploads\/usu536\/2020\/05\/competencies-professionals.jpg\" alt=\"\" width=\"300\" height=\"83\" srcset=\"https:\/\/agora.xtec.cat\/iesramoncoll\/wp-content\/uploads\/usu536\/2020\/05\/competencies-professionals.jpg 500w, https:\/\/agora.xtec.cat\/iesramoncoll\/wp-content\/uploads\/usu536\/2020\/05\/competencies-professionals-300x83.jpg 300w\" sizes=\"auto, (max-width: 300px) 100vw, 300px\" \/><\/p>\n<ul>\n<li>Controlar i supervisar el departament de recepci\u00f3.<\/li>\n<li>Organitzar i promocionar esdeveniments al mateix establiment.<\/li>\n<li>Controlar i supervisar el departament de pisos.<\/li>\n<li>Coordinar els serveis propis dels establiments d&#8217;allotjament tur\u00edstic.<\/li>\n<li>Detectar oportunitats de negoci i nous mercats.<\/li>\n<li>Analitzar el mercat i comercialitzar el producte base propi de l&#8217;allotjament.<\/li>\n<li>Supervisar l&#8217;atenci\u00f3 correcta als clients.<\/li>\n<li>Proposar la implantaci\u00f3 de sistemes de gesti\u00f3 innovadors.<\/li>\n<li>Motivar el personal al seu c\u00e0rrec.<\/li>\n<\/ul>\n<p><img loading=\"lazy\" decoding=\"async\" class=\"alignnone wp-image-8420\" src=\"https:\/\/agora.xtec.cat\/iesramoncoll\/wp-content\/uploads\/usu536\/2020\/05\/mat\u00e8ries-impartides.jpg\" alt=\"\" width=\"300\" height=\"83\" srcset=\"https:\/\/agora.xtec.cat\/iesramoncoll\/wp-content\/uploads\/usu536\/2020\/05\/mat\u00e8ries-impartides.jpg 500w, https:\/\/agora.xtec.cat\/iesramoncoll\/wp-content\/uploads\/usu536\/2020\/05\/mat\u00e8ries-impartides-300x83.jpg 300w\" sizes=\"auto, (max-width: 300px) 100vw, 300px\" \/><\/p>\n<ul>\n<li>M1 Estructura del mercat tur\u00edstic.<\/li>\n<li>M2 Recepci\u00f3 i reserves.<\/li>\n<li>M3 Gesti\u00f3 del departament de pisos.<\/li>\n<li>M4 Protocol i relacions p\u00fabliques.<\/li>\n<li>M5 M\u00e0rqueting tur\u00edstic.<\/li>\n<li>M6 Comercialitzaci\u00f3 d&#8217;esdeveniments.<\/li>\n<li>M7 Direcci\u00f3 d&#8217;allotjaments tur\u00edstics.<\/li>\n<li>M8 Recursos humans en l&#8217;allotjament.<\/li>\n<li>M9 Angl\u00e8s.<\/li>\n<li>M10 Segona llengua estrangera.<\/li>\n<li>M11 Formaci\u00f3 i orientaci\u00f3 laboral.<\/li>\n<li>M12 Empresa i iniciativa emprenedora.<\/li>\n<li>M13 Projecte de gesti\u00f3 d&#8217;allotjament tur\u00edstic.<\/li>\n<li>M14 Formaci\u00f3 en centres de treball.<\/li>\n<\/ul>\n","protected":false},"excerpt":{"rendered":"<p>\ufeff Accedeix <a href=\"https:\/\/agora.xtec.cat\/iesramoncoll\/categoria\/cicles-formatius\/cfgs-allotjaments\/\">aqu\u00ed<\/a> per con\u00e8ixer-nos m\u00e9s.<\/p>\n<p>Duraci\u00f3<\/p>\n<ul>\n<li>2. 000 hores (2 cursos).<\/li>\n<li>Formaci\u00f3 en el centre educatiu: 100 % hores durant el 1r curs.<\/li>\n<li>Formaci\u00f3 a l&#8217;empresa: 80 % hores durant el 2n curs.<\/li>\n<\/ul>\n<p>Requisits d&#8217;acc\u00e9s<\/p>\n<ul>\n<li>Titulaci\u00f3 de batxillerat.<\/li>\n<li>Prova d&#8217;acc\u00e9s.<\/li>\n<li>Acc\u00e9s directe per alumnes que hagin superat un altre CFGS.<\/li>\n<li>Acc\u00e9s directe&hellip;  <a href=\"https:\/\/agora.xtec.cat\/iesramoncoll\/estudis\/cicles-formatius\/cfgs-de-gestio-dallotjaments-turistics\/\" title=\"Read CFGS de Gesti\u00f3 d&#8217;allotjaments tur\u00edstics (DUAL)\">Llegeix m\u00e9s\u00bb<\/a><br \/>\n","protected":false},"author":5,"featured_media":0,"parent":8374,"menu_order":0,"comment_status":"closed","ping_status":"closed","template":"","meta":{"_bbp_topic_count":0,"_bbp_reply_count":0,"_bbp_total_topic_count":0,"_bbp_total_reply_count":0,"_bbp_voice_count":0,"_bbp_anonymous_reply_count":0,"_bbp_topic_count_hidden":0,"_bbp_reply_count_hidden":0,"_bbp_forum_subforum_count":0,"footnotes":""},"class_list":["post-8412","page","type-page","status-publish","hentry"],"post_mailing_queue_ids":[],"_links":{"self":[{"href":"https:\/\/agora.xtec.cat\/iesramoncoll\/wp-json\/wp\/v2\/pages\/8412","targetHints":{"allow":["GET"]}}],"collection":[{"href":"https:\/\/agora.xtec.cat\/iesramoncoll\/wp-json\/wp\/v2\/pages"}],"about":[{"href":"https:\/\/agora.xtec.cat\/iesramoncoll\/wp-json\/wp\/v2\/types\/page"}],"author":[{"embeddable":true,"href":"https:\/\/agora.xtec.cat\/iesramoncoll\/wp-json\/wp\/v2\/users\/5"}],"replies":[{"embeddable":true,"href":"https:\/\/agora.xtec.cat\/iesramoncoll\/wp-json\/wp\/v2\/comments?post=8412"}],"version-history":[{"count":3,"href":"https:\/\/agora.xtec.cat\/iesramoncoll\/wp-json\/wp\/v2\/pages\/8412\/revisions"}],"predecessor-version":[{"id":8453,"href":"https:\/\/agora.xtec.cat\/iesramoncoll\/wp-json\/wp\/v2\/pages\/8412\/revisions\/8453"}],"up":[{"embeddable":true,"href":"https:\/\/agora.xtec.cat\/iesramoncoll\/wp-json\/wp\/v2\/pages\/8374"}],"wp:attachment":[{"href":"https:\/\/agora.xtec.cat\/iesramoncoll\/wp-json\/wp\/v2\/media?parent=8412"}],"curies":[{"name":"wp","href":"https:\/\/api.w.org\/{rel}","templated":true}]}}