{"id":63,"date":"2014-09-18T10:06:31","date_gmt":"2014-09-18T10:06:31","guid":{"rendered":"http:\/\/agora.xtec.cat\/iesramoncoll\/\/?page_id=63"},"modified":"2025-10-14T16:41:19","modified_gmt":"2025-10-14T14:41:19","slug":"serveis","status":"publish","type":"page","link":"https:\/\/agora.xtec.cat\/iesramoncoll\/serveis\/","title":{"rendered":"Serveis"},"content":{"rendered":"<p style=\"color: #444444;\">\n<p style=\"color: #444444;\">En aquesta secci\u00f3 trobareu els serveis que ofereix el centre. La missi\u00f3 educativa no es limita a l\u2019eix curricular, per aquesta ra\u00f3, aqu\u00ed trobareu informaci\u00f3 relacionada amb:<\/p>\n<ul>\n<li>La borsa de treball<\/li>\n<li>Serveis digitals<\/li>\n<li>Documents<\/li>\n<li>Nodes<\/li>\n<li>Activitats extraescolars<\/li>\n<li>Activitat a tot el lloc web<\/li>\n<li>Pr\u00e0ctiques de formaci\u00f3 docent (MUFPS)<\/li>\n<\/ul>\n","protected":false},"excerpt":{"rendered":"<p>En aquesta secci\u00f3 trobareu els serveis que ofereix el centre. La missi\u00f3 educativa no es limita a l\u2019eix curricular, per aquesta ra\u00f3, aqu\u00ed trobareu informaci\u00f3 relacionada amb:<\/p>\n<ul>\n<li>La borsa de treball<\/li>\n<li>Serveis digitals<\/li>\n<li>Documents<\/li>\n<li>Nodes<\/li>\n<li>Activitats extraescolars<\/li>\n<li>Activitat a tot el lloc web<\/li>\n<li>Pr\u00e0ctiques de formaci\u00f3 docent (MUFPS)<\/li>\n<\/ul>\n","protected":false},"author":1,"featured_media":0,"parent":0,"menu_order":0,"comment_status":"closed","ping_status":"closed","template":"page-templates\/side-menu.php","meta":{"_bbp_topic_count":0,"_bbp_reply_count":0,"_bbp_total_topic_count":0,"_bbp_total_reply_count":0,"_bbp_voice_count":0,"_bbp_anonymous_reply_count":0,"_bbp_topic_count_hidden":0,"_bbp_reply_count_hidden":0,"_bbp_forum_subforum_count":0,"footnotes":""},"class_list":["post-63","page","type-page","status-publish","hentry"],"post_mailing_queue_ids":[],"_links":{"self":[{"href":"https:\/\/agora.xtec.cat\/iesramoncoll\/wp-json\/wp\/v2\/pages\/63","targetHints":{"allow":["GET"]}}],"collection":[{"href":"https:\/\/agora.xtec.cat\/iesramoncoll\/wp-json\/wp\/v2\/pages"}],"about":[{"href":"https:\/\/agora.xtec.cat\/iesramoncoll\/wp-json\/wp\/v2\/types\/page"}],"author":[{"embeddable":true,"href":"https:\/\/agora.xtec.cat\/iesramoncoll\/wp-json\/wp\/v2\/users\/1"}],"replies":[{"embeddable":true,"href":"https:\/\/agora.xtec.cat\/iesramoncoll\/wp-json\/wp\/v2\/comments?post=63"}],"version-history":[{"count":4,"href":"https:\/\/agora.xtec.cat\/iesramoncoll\/wp-json\/wp\/v2\/pages\/63\/revisions"}],"predecessor-version":[{"id":18936,"href":"https:\/\/agora.xtec.cat\/iesramoncoll\/wp-json\/wp\/v2\/pages\/63\/revisions\/18936"}],"wp:attachment":[{"href":"https:\/\/agora.xtec.cat\/iesramoncoll\/wp-json\/wp\/v2\/media?parent=63"}],"curies":[{"name":"wp","href":"https:\/\/api.w.org\/{rel}","templated":true}]}}