{"id":623,"date":"2016-09-13T10:39:33","date_gmt":"2016-09-13T09:39:33","guid":{"rendered":"http:\/\/agora.xtec.cat\/iesramoncoll\/?page_id=623"},"modified":"2025-03-23T20:34:21","modified_gmt":"2025-03-23T19:34:21","slug":"departaments","status":"publish","type":"page","link":"https:\/\/agora.xtec.cat\/iesramoncoll\/departaments\/","title":{"rendered":"Departaments"},"content":{"rendered":"<p data-pm-slice=\"1 1 []\">Navega a trav\u00e9s del men\u00fa lateral de subp\u00e0gines per accedir als criteris d&#8217;avaluaci\u00f3 i als enlla\u00e7os d&#8217;inter\u00e8s de cada departament pedag\u00f2gic.<\/p>\n","protected":false},"excerpt":{"rendered":"<p>Navega a trav\u00e9s del men\u00fa lateral de subp\u00e0gines per accedir als criteris d&#8217;avaluaci\u00f3 i als enlla\u00e7os d&#8217;inter\u00e8s de cada departament pedag\u00f2gic.<\/p>\n","protected":false},"author":5,"featured_media":0,"parent":0,"menu_order":0,"comment_status":"closed","ping_status":"closed","template":"page-templates\/side-menu.php","meta":{"_bbp_topic_count":0,"_bbp_reply_count":0,"_bbp_total_topic_count":0,"_bbp_total_reply_count":0,"_bbp_voice_count":0,"_bbp_anonymous_reply_count":0,"_bbp_topic_count_hidden":0,"_bbp_reply_count_hidden":0,"_bbp_forum_subforum_count":0,"footnotes":""},"class_list":["post-623","page","type-page","status-publish","hentry"],"post_mailing_queue_ids":[],"_links":{"self":[{"href":"https:\/\/agora.xtec.cat\/iesramoncoll\/wp-json\/wp\/v2\/pages\/623","targetHints":{"allow":["GET"]}}],"collection":[{"href":"https:\/\/agora.xtec.cat\/iesramoncoll\/wp-json\/wp\/v2\/pages"}],"about":[{"href":"https:\/\/agora.xtec.cat\/iesramoncoll\/wp-json\/wp\/v2\/types\/page"}],"author":[{"embeddable":true,"href":"https:\/\/agora.xtec.cat\/iesramoncoll\/wp-json\/wp\/v2\/users\/5"}],"replies":[{"embeddable":true,"href":"https:\/\/agora.xtec.cat\/iesramoncoll\/wp-json\/wp\/v2\/comments?post=623"}],"version-history":[{"count":6,"href":"https:\/\/agora.xtec.cat\/iesramoncoll\/wp-json\/wp\/v2\/pages\/623\/revisions"}],"predecessor-version":[{"id":18064,"href":"https:\/\/agora.xtec.cat\/iesramoncoll\/wp-json\/wp\/v2\/pages\/623\/revisions\/18064"}],"wp:attachment":[{"href":"https:\/\/agora.xtec.cat\/iesramoncoll\/wp-json\/wp\/v2\/media?parent=623"}],"curies":[{"name":"wp","href":"https:\/\/api.w.org\/{rel}","templated":true}]}}