{"id":21,"date":"2014-09-17T16:14:14","date_gmt":"2014-09-17T14:14:14","guid":{"rendered":"http:\/\/agora.xtec.cat\/iesramoncoll\/\/?page_id=21"},"modified":"2025-03-19T12:30:01","modified_gmt":"2025-03-19T11:30:01","slug":"on-som","status":"publish","type":"page","link":"https:\/\/agora.xtec.cat\/iesramoncoll\/linstitut\/on-som\/","title":{"rendered":"On som"},"content":{"rendered":"<p style=\"color: #666666;\"><strong>Institut\u00a0Ramon Coll i Rod\u00e9s<\/strong><br \/>\nSenyora de Rossell, 28-30<br \/>\n17310 Lloret de Mar<\/p>\n<p><iframe loading=\"lazy\" style=\"border: 0;\" src=\"https:\/\/www.google.com\/maps\/embed?pb=!1m14!1m8!1m3!1d2978.711985290996!2d2.836188!3d41.7051529!3m2!1i1024!2i768!4f13.1!3m3!1m2!1s0x12bb10a7c33aae29%3A0xc11ce46a8c70fca0!2sInstitut+Ramon+Coll+i+Rod%C3%A9s!5e0!3m2!1sca!2ses!4v1511484725274\" width=\"800\" height=\"600\" frameborder=\"0\" allowfullscreen=\"allowfullscreen\"><\/iframe><\/p>\n<p><strong>Com arribar-hi:<br \/>\n<\/strong><\/p>\n<ul>\n<li>Per bus: <a href=\"http:\/\/lloretdemar.org\/es\/lloret-de-mar\/informacion-util\/moverse-por-lloret\/294-bus-urbano\" target=\"_blank\" rel=\"noopener noreferrer\">urb\u00e0<\/a> o <a href=\"http:\/\/lloretdemar.org\/es\/como-llegar\/por-carretera\/350-en-autobus-es\" target=\"_blank\" rel=\"noopener noreferrer\">interurb\u00e0<\/a>.<\/li>\n<\/ul>\n<p><strong>Escoles adscrites a l&#8217;institut:<br \/>\n<\/strong><\/p>\n<p style=\"text-align: justify;\">A Lloret de Mar, el mapa escolar \u00e9s de zona \u00fanica, \u00e9s a dir, no hi ha escoles adscrites i la matr\u00edcula funciona segons\u00a0el barem de puntuaci\u00f3.\u00a0Tanmateix,\u00a0donat que l&#8217;<a href=\"http:\/\/www.institutescolalloretdemar.cat\/\" target=\"_blank\" rel=\"noopener noreferrer\">Institut Escola de Fenals<\/a> imparteix secund\u00e0ria obligat\u00f2ria, per\u00f2 no postobligat\u00f2ria, per a la inscripci\u00f3 del batxillerat, aquest centre educatiu rep la consideraci\u00f3 d&#8217;adscrit a l&#8217;Institut Ramon Coll i Rod\u00e9s.<\/p>\n<p><strong>E-mails de contacte:<\/strong><\/p>\n<ul>\n<li><span style=\"font-size: medium;\">B\u00fastia general: <a href=\"mailto:b7005911@xtec.cat\">iesramoncoll@xtec.cat<\/a><\/span><\/li>\n<li>Caps d&#8217;estudis: <a href=\"mailto:capdestudis@insramoncoll.cat\">capdestudis@insramoncoll.cat <\/a><\/li>\n<\/ul>\n<p><strong>Atenci\u00f3 a les fam\u00edlies<\/strong>: demaneu cita a la secretaria administrativa.<\/p>\n<p>Tel\u00e8fon: 972 37\u00a003 85 \/\/ Fax: 972 36 00 39<\/p>\n<p><strong>Horari de secretaria:<\/strong><br \/>\n<strong>Matins:<\/strong>De dilluns a divendres: de 9:00 a 14:00<\/p>\n<p>&nbsp;<\/p>\n<p><strong>Escola d&#8217;Hostaleria de Lloret de Mar<\/strong><br \/>\nAvinguda de la Roca Grossa, 4<br \/>\n17310 Lloret de Mar<\/p>\n<p><iframe loading=\"lazy\" style=\"border: 0;\" src=\"https:\/\/www.google.com\/maps\/embed?pb=!1m18!1m12!1m3!1d2978.7144139940538!2d2.852561575779682!3d41.70510047622841!2m3!1f0!2f0!3f0!3m2!1i1024!2i768!4f13.1!3m3!1m2!1s0x12bb179f370b49bf%3A0xe61abf0e88ebcb06!2sEscola%20d'Hostaleria%20de%20Lloret%20de%20Mar!5e0!3m2!1ses!2ses!4v1713117993000!5m2!1ses!2ses\" width=\"600\" height=\"450\" allowfullscreen=\"allowfullscreen\"><\/iframe><\/p>\n<p><a href=\"https:\/\/agora.xtec.cat\/iesramoncoll\/wp-content\/uploads\/usu536\/2024\/04\/mapaonsom.jpg\"><img loading=\"lazy\" decoding=\"async\" class=\"aligncenter size-full wp-image-16500\" src=\"https:\/\/agora.xtec.cat\/iesramoncoll\/wp-content\/uploads\/usu536\/2024\/04\/mapaonsom.jpg\" alt=\"\" width=\"1119\" height=\"688\" srcset=\"https:\/\/agora.xtec.cat\/iesramoncoll\/wp-content\/uploads\/usu536\/2024\/04\/mapaonsom.jpg 1119w, https:\/\/agora.xtec.cat\/iesramoncoll\/wp-content\/uploads\/usu536\/2024\/04\/mapaonsom-300x184.jpg 300w, https:\/\/agora.xtec.cat\/iesramoncoll\/wp-content\/uploads\/usu536\/2024\/04\/mapaonsom-1024x630.jpg 1024w, https:\/\/agora.xtec.cat\/iesramoncoll\/wp-content\/uploads\/usu536\/2024\/04\/mapaonsom-768x472.jpg 768w\" sizes=\"auto, (max-width: 1119px) 100vw, 1119px\" \/><\/a><\/p>\n<p>Ubicaci\u00f3 de l&#8217;institut: <a href=\"https:\/\/maps.app.goo.gl\/NQSgDD5oFmTH3oRc7\"><span style=\"color: #3366ff;\">https:\/\/maps.app.goo.gl\/NQSgDD5oFmTH3oRc7<\/span><\/a><\/p>\n<p>Ubicaci\u00f3 de l&#8217;escola d&#8217;hostaleria: <a href=\"https:\/\/maps.app.goo.gl\/z4B3vVrs74LkRjFfA\"><span style=\"color: #3366ff;\">https:\/\/maps.app.goo.gl\/z4B3vVrs74LkRjFfA<\/span><\/a><\/p>\n","protected":false},"excerpt":{"rendered":"<p>Institut\u00a0Ramon Coll i Rod\u00e9s<br \/>\nSenyora de Rossell, 28-30<br \/>\n17310 Lloret de Mar<\/p>\n<p>Com arribar-hi:<\/p>\n<ul>\n<li>Per bus: <a href=\"http:\/\/lloretdemar.org\/es\/lloret-de-mar\/informacion-util\/moverse-por-lloret\/294-bus-urbano\" target=\"_blank\" rel=\"noopener noreferrer\">urb\u00e0<\/a> o <a href=\"http:\/\/lloretdemar.org\/es\/como-llegar\/por-carretera\/350-en-autobus-es\" target=\"_blank\" rel=\"noopener noreferrer\">interurb\u00e0<\/a>.<\/li>\n<\/ul>\n<p>Escoles adscrites a l&#8217;institut:<\/p>\n<p>A Lloret de Mar, el mapa escolar \u00e9s de zona \u00fanica, \u00e9s a dir, no hi ha escoles adscrites i&hellip;  <a href=\"https:\/\/agora.xtec.cat\/iesramoncoll\/linstitut\/on-som\/\" title=\"Read On som\">Llegeix m\u00e9s\u00bb<\/a><\/p>\n","protected":false},"author":1,"featured_media":0,"parent":19,"menu_order":10,"comment_status":"closed","ping_status":"closed","template":"page-templates\/side-menu.php","meta":{"_bbp_topic_count":0,"_bbp_reply_count":0,"_bbp_total_topic_count":0,"_bbp_total_reply_count":0,"_bbp_voice_count":0,"_bbp_anonymous_reply_count":0,"_bbp_topic_count_hidden":0,"_bbp_reply_count_hidden":0,"_bbp_forum_subforum_count":0,"footnotes":""},"class_list":["post-21","page","type-page","status-publish","hentry"],"post_mailing_queue_ids":[],"_links":{"self":[{"href":"https:\/\/agora.xtec.cat\/iesramoncoll\/wp-json\/wp\/v2\/pages\/21","targetHints":{"allow":["GET"]}}],"collection":[{"href":"https:\/\/agora.xtec.cat\/iesramoncoll\/wp-json\/wp\/v2\/pages"}],"about":[{"href":"https:\/\/agora.xtec.cat\/iesramoncoll\/wp-json\/wp\/v2\/types\/page"}],"author":[{"embeddable":true,"href":"https:\/\/agora.xtec.cat\/iesramoncoll\/wp-json\/wp\/v2\/users\/1"}],"replies":[{"embeddable":true,"href":"https:\/\/agora.xtec.cat\/iesramoncoll\/wp-json\/wp\/v2\/comments?post=21"}],"version-history":[{"count":7,"href":"https:\/\/agora.xtec.cat\/iesramoncoll\/wp-json\/wp\/v2\/pages\/21\/revisions"}],"predecessor-version":[{"id":18012,"href":"https:\/\/agora.xtec.cat\/iesramoncoll\/wp-json\/wp\/v2\/pages\/21\/revisions\/18012"}],"up":[{"embeddable":true,"href":"https:\/\/agora.xtec.cat\/iesramoncoll\/wp-json\/wp\/v2\/pages\/19"}],"wp:attachment":[{"href":"https:\/\/agora.xtec.cat\/iesramoncoll\/wp-json\/wp\/v2\/media?parent=21"}],"curies":[{"name":"wp","href":"https:\/\/api.w.org\/{rel}","templated":true}]}}