{"id":18897,"date":"2025-10-12T19:35:26","date_gmt":"2025-10-12T17:35:26","guid":{"rendered":"https:\/\/agora.xtec.cat\/iesramoncoll\/?page_id=18897"},"modified":"2025-10-14T16:31:06","modified_gmt":"2025-10-14T14:31:06","slug":"practiques-de-formacio-docent-mufps","status":"publish","type":"page","link":"https:\/\/agora.xtec.cat\/iesramoncoll\/serveis\/practiques-de-formacio-docent-mufps\/","title":{"rendered":"Pr\u00e0ctiques de formaci\u00f3 docent (MUFPS)"},"content":{"rendered":"<p style=\"text-align: justify;\">El <strong>Departament d&#8217;Educaci\u00f3 i Formaci\u00f3 Professional<\/strong> considera fonamental que els futurs mestres i professors facin les pr\u00e0ctiques en centres educatius sostinguts amb fons p\u00fablics, per tal que puguin assolir les compet\u00e8ncies necess\u00e0ries per exercir una doc\u00e8ncia de qualitat. L&#8217;organitzaci\u00f3 de les pr\u00e0ctiques en centres formadors ha de permetre la simultane\u00eftat entre la teoria i la pr\u00e0ctica, i ha de facilitar l&#8217;acompanyament professional des de la universitat i des del centre educatiu.<\/p>\n<p style=\"text-align: justify;\">Aquestes pr\u00e0ctiques es realitzen en el marc de convenis de col\u00b7laboraci\u00f3 entre el Departament d&#8217;Educaci\u00f3 i Formaci\u00f3 Professional i les universitats per una durada de quatre anys amb possibilitat de renovaci\u00f3.<\/p>\n<p style=\"text-align: justify;\">Per aquest motiu, el Departament estableix el procediment per a la selecci\u00f3 i acreditaci\u00f3 de centres educatius sostinguts amb fons p\u00fablics, aix\u00ed com de serveis educatius i les mateixes depend\u00e8ncies del Departament d&#8217;Educaci\u00f3 i Formaci\u00f3 Professional, com a centres formadors de les pr\u00e0ctiques acad\u00e8miques externes dels estudiants universitaris i d&#8217;altres institucions formadores, i regula el desenvolupament de les pr\u00e0ctiques als centres formadors. (<a href=\"https:\/\/educacio.gencat.cat\/ca\/arees-actuacio\/professors\/formacio\/practiques-centres\/index.html\">Cliqueu aqu\u00ed<\/a>)<\/p>\n<p style=\"text-align: justify;\">L<strong>\u2019Institut Ramon Coll i Rod\u00e9s<\/strong>\u00a0ha actuat com a centre formador en diferents etapes al llarg dels seus anys d\u2019hist\u00f2ria. En l\u2019actualitat, el nostre Institut \u00e9s centre formador autoritzat pel Departament d\u2019Educaci\u00f3 i acull futurs professors de diferents especialitats que s\u2019integren en el nostre projecte de centre des del primer dia.<\/p>\n","protected":false},"excerpt":{"rendered":"<p>El Departament d&#8217;Educaci\u00f3 i Formaci\u00f3 Professional considera fonamental que els futurs mestres i professors facin les pr\u00e0ctiques en centres educatius sostinguts amb fons p\u00fablics, per tal que puguin assolir les compet\u00e8ncies necess\u00e0ries per exercir una doc\u00e8ncia de qualitat. L&#8217;organitzaci\u00f3 de les pr\u00e0ctiques en centres formadors&hellip;  <a href=\"https:\/\/agora.xtec.cat\/iesramoncoll\/serveis\/practiques-de-formacio-docent-mufps\/\" title=\"Read Pr\u00e0ctiques de formaci\u00f3 docent (MUFPS)\">Llegeix m\u00e9s\u00bb<\/a><\/p>\n","protected":false},"author":218,"featured_media":0,"parent":63,"menu_order":5,"comment_status":"closed","ping_status":"closed","template":"page-templates\/side-menu.php","meta":{"_bbp_topic_count":0,"_bbp_reply_count":0,"_bbp_total_topic_count":0,"_bbp_total_reply_count":0,"_bbp_voice_count":0,"_bbp_anonymous_reply_count":0,"_bbp_topic_count_hidden":0,"_bbp_reply_count_hidden":0,"_bbp_forum_subforum_count":0,"footnotes":""},"class_list":["post-18897","page","type-page","status-publish","hentry"],"post_mailing_queue_ids":[],"_links":{"self":[{"href":"https:\/\/agora.xtec.cat\/iesramoncoll\/wp-json\/wp\/v2\/pages\/18897","targetHints":{"allow":["GET"]}}],"collection":[{"href":"https:\/\/agora.xtec.cat\/iesramoncoll\/wp-json\/wp\/v2\/pages"}],"about":[{"href":"https:\/\/agora.xtec.cat\/iesramoncoll\/wp-json\/wp\/v2\/types\/page"}],"author":[{"embeddable":true,"href":"https:\/\/agora.xtec.cat\/iesramoncoll\/wp-json\/wp\/v2\/users\/218"}],"replies":[{"embeddable":true,"href":"https:\/\/agora.xtec.cat\/iesramoncoll\/wp-json\/wp\/v2\/comments?post=18897"}],"version-history":[{"count":3,"href":"https:\/\/agora.xtec.cat\/iesramoncoll\/wp-json\/wp\/v2\/pages\/18897\/revisions"}],"predecessor-version":[{"id":18934,"href":"https:\/\/agora.xtec.cat\/iesramoncoll\/wp-json\/wp\/v2\/pages\/18897\/revisions\/18934"}],"up":[{"embeddable":true,"href":"https:\/\/agora.xtec.cat\/iesramoncoll\/wp-json\/wp\/v2\/pages\/63"}],"wp:attachment":[{"href":"https:\/\/agora.xtec.cat\/iesramoncoll\/wp-json\/wp\/v2\/media?parent=18897"}],"curies":[{"name":"wp","href":"https:\/\/api.w.org\/{rel}","templated":true}]}}