{"id":16029,"date":"2024-02-24T11:20:03","date_gmt":"2024-02-24T10:20:03","guid":{"rendered":"https:\/\/agora.xtec.cat\/iesramoncoll\/?page_id=16029"},"modified":"2025-09-11T10:51:12","modified_gmt":"2025-09-11T08:51:12","slug":"contacte","status":"publish","type":"page","link":"https:\/\/agora.xtec.cat\/iesramoncoll\/oficina-internacionalitzacio\/contacte\/","title":{"rendered":"Contacte"},"content":{"rendered":"<p><img loading=\"lazy\" decoding=\"async\" class=\"alignnone size-large wp-image-16067\" src=\"https:\/\/agora.xtec.cat\/iesramoncoll\/wp-content\/uploads\/usu536\/2024\/02\/Banner-Oficina-Contacte-1024x396.png\" alt=\"\" width=\"1024\" height=\"396\" srcset=\"https:\/\/agora.xtec.cat\/iesramoncoll\/wp-content\/uploads\/usu536\/2024\/02\/Banner-Oficina-Contacte-1024x396.png 1024w, https:\/\/agora.xtec.cat\/iesramoncoll\/wp-content\/uploads\/usu536\/2024\/02\/Banner-Oficina-Contacte-300x116.png 300w, https:\/\/agora.xtec.cat\/iesramoncoll\/wp-content\/uploads\/usu536\/2024\/02\/Banner-Oficina-Contacte-768x297.png 768w, https:\/\/agora.xtec.cat\/iesramoncoll\/wp-content\/uploads\/usu536\/2024\/02\/Banner-Oficina-Contacte-1536x595.png 1536w, https:\/\/agora.xtec.cat\/iesramoncoll\/wp-content\/uploads\/usu536\/2024\/02\/Banner-Oficina-Contacte.png 1700w\" sizes=\"auto, (max-width: 1024px) 100vw, 1024px\" \/><\/p>\n<h4><b>Oficina d\u2019Internacionalitzaci\u00f3<\/b><\/h4>\n<ul>\n<li><b>Correu electr\u00f2nic: <\/b><a href=\"mailto:mobilitat@insramoncoll.cat\"><span style=\"font-weight: 400;\">mobilitat@insramoncoll.cat<\/span><\/a><span style=\"font-weight: 400;\"><strong> ATENCI\u00d3:<\/strong> nom\u00e9s utilitzar aquest correu per q\u00fcestions de mobilitat internacional i Erasmus+. No s&#8217;atendran d&#8217;altres q\u00fcestions no relacionades.<\/span><\/li>\n<li><b>Tel\u00e8fon:<\/b><span style=\"font-weight: 400;\"> 972 37 03 85<\/span><\/li>\n<li><b>Adre\u00e7a: <\/b><span style=\"font-weight: 400;\">Carrer Senyora del Rosell, 28-30, 17310, Lloret de Mar (Girona).<\/span><\/li>\n<li><b>Horari de contacte:<\/b><span style=\"font-weight: 400;\"> de 8h15 a 15h de dilluns a divendres.<\/span><\/li>\n<\/ul>\n","protected":false},"excerpt":{"rendered":"<p>Oficina d\u2019Internacionalitzaci\u00f3<\/p>\n<ul>\n<li>Correu electr\u00f2nic: <a href=\"mailto:mobilitat@insramoncoll.cat\">mobilitat@insramoncoll.cat<\/a> ATENCI\u00d3: nom\u00e9s utilitzar aquest correu per q\u00fcestions de mobilitat internacional i Erasmus+. No s&#8217;atendran d&#8217;altres q\u00fcestions no relacionades.<\/li>\n<li>Tel\u00e8fon: 972 37 03 85<\/li>\n<li>Adre\u00e7a: Carrer Senyora del Rosell, 28-30, 17310, Lloret de Mar (Girona).<\/li>\n<li>Horari de contacte: de 8h15 a 15h de dilluns&hellip;  <a href=\"https:\/\/agora.xtec.cat\/iesramoncoll\/oficina-internacionalitzacio\/contacte\/\" title=\"Read Contacte\">Llegeix m\u00e9s\u00bb<\/a><br \/>\n","protected":false},"author":176,"featured_media":0,"parent":15726,"menu_order":50,"comment_status":"closed","ping_status":"closed","template":"page-templates\/side-menu.php","meta":{"_bbp_topic_count":0,"_bbp_reply_count":0,"_bbp_total_topic_count":0,"_bbp_total_reply_count":0,"_bbp_voice_count":0,"_bbp_anonymous_reply_count":0,"_bbp_topic_count_hidden":0,"_bbp_reply_count_hidden":0,"_bbp_forum_subforum_count":0,"footnotes":""},"class_list":["post-16029","page","type-page","status-publish","hentry"],"post_mailing_queue_ids":[],"_links":{"self":[{"href":"https:\/\/agora.xtec.cat\/iesramoncoll\/wp-json\/wp\/v2\/pages\/16029","targetHints":{"allow":["GET"]}}],"collection":[{"href":"https:\/\/agora.xtec.cat\/iesramoncoll\/wp-json\/wp\/v2\/pages"}],"about":[{"href":"https:\/\/agora.xtec.cat\/iesramoncoll\/wp-json\/wp\/v2\/types\/page"}],"author":[{"embeddable":true,"href":"https:\/\/agora.xtec.cat\/iesramoncoll\/wp-json\/wp\/v2\/users\/176"}],"replies":[{"embeddable":true,"href":"https:\/\/agora.xtec.cat\/iesramoncoll\/wp-json\/wp\/v2\/comments?post=16029"}],"version-history":[{"count":4,"href":"https:\/\/agora.xtec.cat\/iesramoncoll\/wp-json\/wp\/v2\/pages\/16029\/revisions"}],"predecessor-version":[{"id":18719,"href":"https:\/\/agora.xtec.cat\/iesramoncoll\/wp-json\/wp\/v2\/pages\/16029\/revisions\/18719"}],"up":[{"embeddable":true,"href":"https:\/\/agora.xtec.cat\/iesramoncoll\/wp-json\/wp\/v2\/pages\/15726"}],"wp:attachment":[{"href":"https:\/\/agora.xtec.cat\/iesramoncoll\/wp-json\/wp\/v2\/media?parent=16029"}],"curies":[{"name":"wp","href":"https:\/\/api.w.org\/{rel}","templated":true}]}}