{"id":16027,"date":"2024-02-24T11:19:36","date_gmt":"2024-02-24T10:19:36","guid":{"rendered":"https:\/\/agora.xtec.cat\/iesramoncoll\/?page_id=16027"},"modified":"2024-04-11T13:04:14","modified_gmt":"2024-04-11T11:04:14","slug":"projectes-erasmus","status":"publish","type":"page","link":"https:\/\/agora.xtec.cat\/iesramoncoll\/oficina-internacionalitzacio\/projectes-erasmus\/","title":{"rendered":"Projectes Erasmus+"},"content":{"rendered":"<p><img loading=\"lazy\" decoding=\"async\" class=\"alignnone wp-image-16065 size-large\" src=\"https:\/\/agora.xtec.cat\/iesramoncoll\/wp-content\/uploads\/usu536\/2024\/02\/Captura-de-pantalla-2024-02-25-a-les-9.04.55-1024x397.png\" alt=\"\" width=\"1024\" height=\"397\" srcset=\"https:\/\/agora.xtec.cat\/iesramoncoll\/wp-content\/uploads\/usu536\/2024\/02\/Captura-de-pantalla-2024-02-25-a-les-9.04.55-1024x397.png 1024w, https:\/\/agora.xtec.cat\/iesramoncoll\/wp-content\/uploads\/usu536\/2024\/02\/Captura-de-pantalla-2024-02-25-a-les-9.04.55-300x116.png 300w, https:\/\/agora.xtec.cat\/iesramoncoll\/wp-content\/uploads\/usu536\/2024\/02\/Captura-de-pantalla-2024-02-25-a-les-9.04.55-768x298.png 768w, https:\/\/agora.xtec.cat\/iesramoncoll\/wp-content\/uploads\/usu536\/2024\/02\/Captura-de-pantalla-2024-02-25-a-les-9.04.55-1536x595.png 1536w, https:\/\/agora.xtec.cat\/iesramoncoll\/wp-content\/uploads\/usu536\/2024\/02\/Captura-de-pantalla-2024-02-25-a-les-9.04.55.png 1858w\" sizes=\"auto, (max-width: 1024px) 100vw, 1024px\" \/><\/p>\n<h4><strong>Convocat\u00f2ries atorgades al centre<\/strong><\/h4>\n<ul>\n<li>Llistats de sol\u00b7licituds seleccionades, a la llista de reserva, rebutjades i excloses de projectes de Mobilitat de les persones per motius d&#8217;aprenentatge, Acci\u00f3 Clau 1, Convocat\u00f2ria 2018. Mobilitat de les persones per motius d&#8217;aprenentatge en el sector de l&#8217;Educaci\u00f3 Escolar (KA101). 28\/05\/2018. [2018-1-ES01-KA101-049691]. <a href=\"http:\/\/www.sepie.es\/doc\/convocatoria\/2018\/resoluciones\/28mayo\/20180523091914_AnexoI_KA101_seleccionadas.pdf\" target=\"_blank\" rel=\"noopener\">Enlla\u00e7<\/a>.<\/li>\n<\/ul>\n<p>&nbsp;<\/p>\n","protected":false},"excerpt":{"rendered":"<p>Convocat\u00f2ries atorgades al centre<\/p>\n<ul>\n<li>Llistats de sol\u00b7licituds seleccionades, a la llista de reserva, rebutjades i excloses de projectes de Mobilitat de les persones per motius d&#8217;aprenentatge, Acci\u00f3 Clau 1, Convocat\u00f2ria 2018. Mobilitat de les persones per motius d&#8217;aprenentatge en el sector de l&#8217;Educaci\u00f3 Escolar (KA101). 28\/05\/2018.&hellip;  <a href=\"https:\/\/agora.xtec.cat\/iesramoncoll\/oficina-internacionalitzacio\/projectes-erasmus\/\" title=\"Read Projectes Erasmus+\">Llegeix m\u00e9s\u00bb<\/a><br \/>\n","protected":false},"author":176,"featured_media":0,"parent":15726,"menu_order":30,"comment_status":"closed","ping_status":"closed","template":"page-templates\/side-menu.php","meta":{"_bbp_topic_count":0,"_bbp_reply_count":0,"_bbp_total_topic_count":0,"_bbp_total_reply_count":0,"_bbp_voice_count":0,"_bbp_anonymous_reply_count":0,"_bbp_topic_count_hidden":0,"_bbp_reply_count_hidden":0,"_bbp_forum_subforum_count":0,"footnotes":""},"class_list":["post-16027","page","type-page","status-publish","hentry"],"post_mailing_queue_ids":[],"_links":{"self":[{"href":"https:\/\/agora.xtec.cat\/iesramoncoll\/wp-json\/wp\/v2\/pages\/16027","targetHints":{"allow":["GET"]}}],"collection":[{"href":"https:\/\/agora.xtec.cat\/iesramoncoll\/wp-json\/wp\/v2\/pages"}],"about":[{"href":"https:\/\/agora.xtec.cat\/iesramoncoll\/wp-json\/wp\/v2\/types\/page"}],"author":[{"embeddable":true,"href":"https:\/\/agora.xtec.cat\/iesramoncoll\/wp-json\/wp\/v2\/users\/176"}],"replies":[{"embeddable":true,"href":"https:\/\/agora.xtec.cat\/iesramoncoll\/wp-json\/wp\/v2\/comments?post=16027"}],"version-history":[{"count":3,"href":"https:\/\/agora.xtec.cat\/iesramoncoll\/wp-json\/wp\/v2\/pages\/16027\/revisions"}],"predecessor-version":[{"id":16073,"href":"https:\/\/agora.xtec.cat\/iesramoncoll\/wp-json\/wp\/v2\/pages\/16027\/revisions\/16073"}],"up":[{"embeddable":true,"href":"https:\/\/agora.xtec.cat\/iesramoncoll\/wp-json\/wp\/v2\/pages\/15726"}],"wp:attachment":[{"href":"https:\/\/agora.xtec.cat\/iesramoncoll\/wp-json\/wp\/v2\/media?parent=16027"}],"curies":[{"name":"wp","href":"https:\/\/api.w.org\/{rel}","templated":true}]}}