{"id":16025,"date":"2024-02-24T11:18:45","date_gmt":"2024-02-24T10:18:45","guid":{"rendered":"https:\/\/agora.xtec.cat\/iesramoncoll\/?page_id=16025"},"modified":"2025-09-04T10:48:59","modified_gmt":"2025-09-04T08:48:59","slug":"noticies-i-esdeveniments","status":"publish","type":"page","link":"https:\/\/agora.xtec.cat\/iesramoncoll\/oficina-internacionalitzacio\/noticies-i-esdeveniments\/","title":{"rendered":"Not\u00edcies i esdeveniments"},"content":{"rendered":"<p>&nbsp;<\/p>\n<table class=\" alignleft\" style=\"height: 934px; width: 100%; border-collapse: collapse; border-style: none;\">\n<tbody>\n<tr style=\"height: 106px;\">\n<td style=\"width: 16.3848%; border-style: none; text-align: left; vertical-align: top; background-color: #ffffff; height: 106px;\"><a href=\"https:\/\/agora.xtec.cat\/iesramoncoll\/wp-content\/uploads\/usu536\/2025\/08\/JordinaRoig-Erasmus.png\"><img loading=\"lazy\" decoding=\"async\" class=\"alignnone wp-image-18632 size-full\" src=\"https:\/\/agora.xtec.cat\/iesramoncoll\/wp-content\/uploads\/usu536\/2025\/08\/JordinaRoig-Erasmus.png\" alt=\"\" width=\"878\" height=\"580\" srcset=\"https:\/\/agora.xtec.cat\/iesramoncoll\/wp-content\/uploads\/usu536\/2025\/08\/JordinaRoig-Erasmus.png 878w, https:\/\/agora.xtec.cat\/iesramoncoll\/wp-content\/uploads\/usu536\/2025\/08\/JordinaRoig-Erasmus-300x198.png 300w, https:\/\/agora.xtec.cat\/iesramoncoll\/wp-content\/uploads\/usu536\/2025\/08\/JordinaRoig-Erasmus-768x507.png 768w\" sizes=\"auto, (max-width: 878px) 100vw, 878px\" \/><\/a><\/td>\n<td style=\"width: 83.6152%; border-style: none; text-align: left; vertical-align: top; background-color: #ffffff; height: 106px;\">\n<h5 class=\"entry-title\" style=\"text-align: justify;\"><a href=\"https:\/\/agora.xtec.cat\/iesramoncoll\/general\/lhostaleria-i-el-turisme-es-digitalitzen-jordina-roig-viatja-a-croacia-per-formar-se-en-intelligencia-artifi-cial-amb-erasmus\/\" target=\"_blank\" rel=\"noopener\">L\u2019hostaleria i el turisme es digitalitzen: Jordina Roig viatja a Cro\u00e0cia per formar-se en Intel\u00b7lig\u00e8ncia Artificial amb Erasmus+Descobrint Xipre: l\u2019alumnat Erasmus+ explora la hist\u00f2ria i la bellesa natural d\u2019una illa dividida<\/a><\/h5>\n<p style=\"text-align: justify;\">Del 12 al 19 de juliol de 2025, la professora t\u00e8cnica d\u2019Hostaleria i Turisme de l\u2019Institut Ramon Coll i Rodes, Jordina Roig Roig, ha participat en un curs internacional Erasmus+ titulat\u00a0<b>\u201cIntegrate AI in and out of the classroom\u201d<\/b>, celebrat a Rovinj (Cro\u00e0cia). Aquesta formaci\u00f3 &#8230; <a href=\"https:\/\/agora.xtec.cat\/iesramoncoll\/general\/lhostaleria-i-el-turisme-es-digitalitzen-jordina-roig-viatja-a-croacia-per-formar-se-en-intelligencia-artifi-cial-amb-erasmus\/\" target=\"_blank\" rel=\"noopener\">(<em>llegeix m\u00e9s)<\/em><\/a><\/p>\n<\/td>\n<\/tr>\n<tr style=\"height: 106px;\">\n<td style=\"width: 16.3848%; border-style: none; text-align: left; vertical-align: top; background-color: #ffffff; height: 106px;\"><img loading=\"lazy\" decoding=\"async\" class=\"alignnone wp-image-18496 size-full\" src=\"https:\/\/agora.xtec.cat\/iesramoncoll\/wp-content\/uploads\/usu536\/2025\/06\/IMG_5765.jpg\" alt=\"\" width=\"800\" height=\"536\" srcset=\"https:\/\/agora.xtec.cat\/iesramoncoll\/wp-content\/uploads\/usu536\/2025\/06\/IMG_5765.jpg 800w, https:\/\/agora.xtec.cat\/iesramoncoll\/wp-content\/uploads\/usu536\/2025\/06\/IMG_5765-300x201.jpg 300w, https:\/\/agora.xtec.cat\/iesramoncoll\/wp-content\/uploads\/usu536\/2025\/06\/IMG_5765-768x515.jpg 768w\" sizes=\"auto, (max-width: 800px) 100vw, 800px\" \/><\/td>\n<td style=\"width: 83.6152%; border-style: none; text-align: left; vertical-align: top; background-color: #ffffff; height: 106px;\">\n<h5 class=\"entry-title\" style=\"text-align: justify;\"><a href=\"https:\/\/agora.xtec.cat\/iesramoncoll\/general\/descobrint-xipre-lalumnat-erasmus-explora-la-historia-i-la-bellesa-natural-duna-illa-dividida\/\" target=\"_blank\" rel=\"noopener\">Descobrint Xipre: l\u2019alumnat Erasmus+ explora la hist\u00f2ria i la bellesa natural d\u2019una illa dividida<\/a><\/h5>\n<p style=\"text-align: justify;\">Aquest cap de setmana, els alumnes que participen en el programa Erasmus+ realitzant pr\u00e0ctiques VET a la ciutat de Larnaca (Xipre), han pogut gaudir d\u2019unes excursions plenes de descobertes culturals, hist\u00f2riques i paisatg\u00edstiques. Els estudiants, que desenvolupen la seva estada formativa a l\u2019Hotel Sun Hall &#8230; <a href=\"https:\/\/agora.xtec.cat\/iesramoncoll\/general\/descobrint-xipre-lalumnat-erasmus-explora-la-historia-i-la-bellesa-natural-duna-illa-dividida\/\" target=\"_blank\" rel=\"noopener\">(<em>llegeix m\u00e9s)<\/em><\/a><\/p>\n<\/td>\n<\/tr>\n<tr style=\"height: 133px;\">\n<td style=\"width: 16.3848%; border-style: none; text-align: left; vertical-align: top; background-color: #ffffff; height: 133px;\"><img loading=\"lazy\" decoding=\"async\" class=\"alignnone size-large wp-image-16981\" src=\"https:\/\/agora.xtec.cat\/iesramoncoll\/wp-content\/uploads\/usu536\/2025\/06\/Capturaxipre25.jpg\" alt=\"\" width=\"1024\" height=\"768\" \/><\/td>\n<td style=\"width: 83.6152%; border-style: none; text-align: left; vertical-align: top; background-color: #ffffff; height: 133px;\">\n<h5 class=\"entry-title\" style=\"text-align: justify;\"><a href=\"https:\/\/agora.xtec.cat\/iesramoncoll\/general\/practiques-erasmus-a-xipre-dhostaleria-i-imatge-i-so\/\" target=\"_blank\" rel=\"noopener\">Pr\u00e0ctiques Erasmus+ a Xipre d\u2019Hostaleria i Imatge i So<\/a><\/h5>\n<p style=\"text-align: justify;\">Vuit alumnes d\u2019ensenyaments professionals de l\u2019Ins. Ramon Coll i Rod\u00e9s han iniciat aquesta setmana les seves estades de pr\u00e0ctiques internacionals Erasmus+ a la Rep\u00fablica de Xipre, en col\u00b7laboraci\u00f3 amb empreses de refer\u00e8ncia del sector audiovisual i de l\u2019hostaleria del pa\u00eds &#8230; <a href=\"https:\/\/agora.xtec.cat\/iesramoncoll\/general\/practiques-erasmus-a-xipre-dhostaleria-i-imatge-i-so\/\" target=\"_blank\" rel=\"noopener\">(<em>llegeix m\u00e9s)<\/em><\/a><\/p>\n<\/td>\n<\/tr>\n<tr style=\"height: 106px;\">\n<td style=\"width: 16.3848%; border-style: none; text-align: left; vertical-align: top; background-color: #ffffff; height: 106px;\"><img loading=\"lazy\" decoding=\"async\" class=\"alignnone wp-image-17002 size-medium\" src=\"https:\/\/agora.xtec.cat\/iesramoncoll\/wp-content\/uploads\/usu536\/2024\/07\/CartaECHE-300x215.png\" alt=\"\" width=\"300\" height=\"215\" srcset=\"https:\/\/agora.xtec.cat\/iesramoncoll\/wp-content\/uploads\/usu536\/2024\/07\/CartaECHE-300x215.png 300w, https:\/\/agora.xtec.cat\/iesramoncoll\/wp-content\/uploads\/usu536\/2024\/07\/CartaECHE-1024x733.png 1024w, https:\/\/agora.xtec.cat\/iesramoncoll\/wp-content\/uploads\/usu536\/2024\/07\/CartaECHE-768x550.png 768w, https:\/\/agora.xtec.cat\/iesramoncoll\/wp-content\/uploads\/usu536\/2024\/07\/CartaECHE.png 1078w\" sizes=\"auto, (max-width: 300px) 100vw, 300px\" \/><\/td>\n<td style=\"width: 83.6152%; border-style: none; text-align: left; vertical-align: top; background-color: #ffffff; height: 106px;\">\n<h5 class=\"entry-title\" style=\"text-align: justify;\"><a href=\"https:\/\/agora.xtec.cat\/iesramoncoll\/general\/concessio-de-la-carta-eche\/\" target=\"_blank\" rel=\"noopener\">Concessi\u00f3 de la carta ECHE<\/a><\/h5>\n<p style=\"text-align: justify;\">Aquesta passada setmana s\u2019ha publicat la concessi\u00f3 de la <a href=\"https:\/\/agora.xtec.cat\/iesramoncoll\/wp-content\/uploads\/usu536\/2024\/07\/ECHE-ESP-signed.pdf\">Carta Erasmus d\u2019Educaci\u00f3 Superior<\/a> (carta ECHE) al nostre centre, un reconeixement que refor\u00e7a el nostre comprom\u00eds amb la qualitat i la col\u00b7laboraci\u00f3 europea i internacional. Aquesta acreditaci\u00f3 ens permetr\u00e0 participar plenament en el programa Erasmus+, facilitant la mobilitat &#8230; <a href=\"https:\/\/agora.xtec.cat\/iesramoncoll\/general\/concessio-de-la-carta-eche\/\" target=\"_blank\" rel=\"noopener\">(<em>llegeix m\u00e9s)<\/em><\/a><\/p>\n<\/td>\n<\/tr>\n<tr style=\"height: 133px;\">\n<td style=\"width: 16.3848%; border-style: none; text-align: left; vertical-align: top; background-color: #ffffff; height: 133px;\"><img loading=\"lazy\" decoding=\"async\" class=\"alignnone size-large wp-image-16981\" src=\"https:\/\/agora.xtec.cat\/iesramoncoll\/wp-content\/uploads\/usu536\/2024\/06\/PractiquesVET23_24Xipre-1024x768.jpeg\" alt=\"\" width=\"1024\" height=\"768\" srcset=\"https:\/\/agora.xtec.cat\/iesramoncoll\/wp-content\/uploads\/usu536\/2024\/06\/PractiquesVET23_24Xipre-1024x768.jpeg 1024w, https:\/\/agora.xtec.cat\/iesramoncoll\/wp-content\/uploads\/usu536\/2024\/06\/PractiquesVET23_24Xipre-300x225.jpeg 300w, https:\/\/agora.xtec.cat\/iesramoncoll\/wp-content\/uploads\/usu536\/2024\/06\/PractiquesVET23_24Xipre-768x576.jpeg 768w, https:\/\/agora.xtec.cat\/iesramoncoll\/wp-content\/uploads\/usu536\/2024\/06\/PractiquesVET23_24Xipre-200x150.jpeg 200w, https:\/\/agora.xtec.cat\/iesramoncoll\/wp-content\/uploads\/usu536\/2024\/06\/PractiquesVET23_24Xipre.jpeg 1280w\" sizes=\"auto, (max-width: 1024px) 100vw, 1024px\" \/><\/td>\n<td style=\"width: 83.6152%; border-style: none; text-align: left; vertical-align: top; background-color: #ffffff; height: 133px;\">\n<h5 class=\"entry-title\" style=\"text-align: justify;\"><a href=\"https:\/\/agora.xtec.cat\/iesramoncoll\/general\/enriquidora-estada-de-practiques-a-xipre-amb-el-programa-erasmus-de-mobilitat-fp\/\" target=\"_blank\" rel=\"noopener\">Enriquidora estada de pr\u00e0ctiques a Xipre amb el Programa Erasmus+, de Mobilitat FP<\/a><\/h5>\n<p style=\"text-align: justify;\">Els quatre estudiants becats pel programa Erasmus+ del Consorci Mobilitat FP del Departament d\u2019Educaci\u00f3 han retornat a Catalunya despr\u00e9s d\u2019una estada de pr\u00e0ctiques a la Cyprus Broadcasting Corporation (RIK), la radiotelevisi\u00f3 p\u00fablica xipriota. La Sofia Guevara, la Janna Maynou, l\u2019Arnau Mart\u00ednez i en Sergi Artigas &#8230; <a href=\"https:\/\/agora.xtec.cat\/iesramoncoll\/general\/enriquidora-estada-de-practiques-a-xipre-amb-el-programa-erasmus-de-mobilitat-fp\/\" target=\"_blank\" rel=\"noopener\">(<em>llegeix m\u00e9s)<\/em><\/a><\/p>\n<\/td>\n<\/tr>\n<tr style=\"height: 42px;\">\n<td style=\"width: 16.3848%; height: 10px; border-style: none; text-align: left; vertical-align: top; background-color: #ffffff;\"><img loading=\"lazy\" decoding=\"async\" class=\"alignnone size-large wp-image-16439\" src=\"https:\/\/agora.xtec.cat\/iesramoncoll\/wp-content\/uploads\/usu536\/2024\/05\/Xiprecfgm-8.jpg\" alt=\"\" width=\"1024\" height=\"717\" \/><\/td>\n<td style=\"width: 83.6152%; height: 10px; border-style: none; text-align: left; vertical-align: top; background-color: #ffffff;\">\n<h5 class=\"entry-title\" style=\"text-align: justify;\"><a href=\"https:\/\/agora.xtec.cat\/iesramoncoll\/general\/practiques-formatives-a-la-radiotelevisio-publica-xipriota\/\" target=\"_blank\" rel=\"noopener\">Pr\u00e0ctiques formatives a la radiotelevisi\u00f3 p\u00fablica xipriota<\/a><\/h5>\n<p style=\"text-align: justify;\">En el marc del programa\u00a0<a href=\"https:\/\/projectes.xtec.cat\/mobilitatfp\/\" target=\"_blank\" rel=\"noopener\">MobilitatFP<\/a> del Departament d\u2019Educaci\u00f3 de la Generalitat de Catalunya, quatre alumnes del cicle formatiu de grau mitj\u00e0 de V\u00eddeo, Discj\u00f2quei i So han iniciat una estada de pr\u00e0ctiques internacionals a Xipre. La Janna Maynou, la Sofia Guevara, en Sergi Artigas i l\u2019Arnau Mart\u00ednez s\u00f3n els seleccionats per participar en &#8230; <a href=\"https:\/\/agora.xtec.cat\/iesramoncoll\/general\/practiques-formatives-a-la-radiotelevisio-publica-xipriota\/\" target=\"_blank\" rel=\"noopener\"><em>(llegeix m\u00e9s)<\/em><\/a><\/p>\n<\/td>\n<\/tr>\n<tr style=\"height: 42px;\">\n<td style=\"width: 16.3848%; height: 10px; border-style: none; text-align: left; vertical-align: top; background-color: #ffffff;\"><img loading=\"lazy\" decoding=\"async\" class=\"alignnone size-large wp-image-16439\" src=\"https:\/\/agora.xtec.cat\/iesramoncoll\/wp-content\/uploads\/usu536\/2024\/03\/the-tv-cameras-4338244_1280-1024x717.jpg\" alt=\"\" width=\"1024\" height=\"717\" srcset=\"https:\/\/agora.xtec.cat\/iesramoncoll\/wp-content\/uploads\/usu536\/2024\/03\/the-tv-cameras-4338244_1280-1024x717.jpg 1024w, https:\/\/agora.xtec.cat\/iesramoncoll\/wp-content\/uploads\/usu536\/2024\/03\/the-tv-cameras-4338244_1280-300x210.jpg 300w, https:\/\/agora.xtec.cat\/iesramoncoll\/wp-content\/uploads\/usu536\/2024\/03\/the-tv-cameras-4338244_1280-768x538.jpg 768w, https:\/\/agora.xtec.cat\/iesramoncoll\/wp-content\/uploads\/usu536\/2024\/03\/the-tv-cameras-4338244_1280.jpg 1280w\" sizes=\"auto, (max-width: 1024px) 100vw, 1024px\" \/><\/td>\n<td style=\"width: 83.6152%; height: 10px; border-style: none; text-align: left; vertical-align: top; background-color: #ffffff;\">\n<h5 class=\"entry-title\" style=\"text-align: justify;\"><a href=\"https:\/\/agora.xtec.cat\/iesramoncoll\/general\/practiques-dimatge-i-so-a-la-televisio-publica-xipriota\/\" target=\"_blank\" rel=\"noopener\">Pr\u00e0ctiques d\u2019Imatge i So a la Televisi\u00f3 p\u00fablica xipriota<\/a><\/h5>\n<p style=\"text-align: justify;\">En el marc del programa\u00a0Mobilitat FP, quatre alumnes de la primera promoci\u00f3 del cicle de V\u00eddeo, Discj\u00f2quei i So viatjaran al mes de juny a Xipre, per realitzar una estada formativa de pr\u00e0ctiques de vint dies a la\u00a0<a href=\"https:\/\/rik.cy\/\" target=\"_blank\" rel=\"noopener\">radiotelevisi\u00f3 p\u00fablica xipriota<\/a>. La <span class=\"hiddenSpellError\">Cyprus<\/span> Broadcasting Corporation (en grec, <span class=\"hiddenSpellError\">PIK, acr\u00f2nim de<\/span> \u03a1\u03b1\u03b4\u03b9\u03bf\u03c6\u03c9\u03bd\u03b9\u03ba\u03cc \u038a\u03b4\u03c1\u03c5\u03bc\u03b1 \u039a\u03cd\u03c0\u03c1\u03bf\u03c5; en &#8230; <a href=\"https:\/\/agora.xtec.cat\/iesramoncoll\/general\/practiques-dimatge-i-so-a-la-televisio-publica-xipriota\/\" target=\"_blank\" rel=\"noopener\"><em>(llegeix m\u00e9s)<\/em><\/a><\/p>\n<\/td>\n<\/tr>\n<tr style=\"height: 100px;\">\n<td style=\"width: 16.3848%; height: 100px; border-style: none; text-align: left; vertical-align: top; background-color: #ffffff;\"><img loading=\"lazy\" decoding=\"async\" class=\"alignnone size-full wp-image-16447\" src=\"https:\/\/agora.xtec.cat\/iesramoncoll\/wp-content\/uploads\/usu536\/2024\/04\/25_01_2024_IMG_SollicitudCartaEche.png\" alt=\"\" width=\"600\" height=\"351\" srcset=\"https:\/\/agora.xtec.cat\/iesramoncoll\/wp-content\/uploads\/usu536\/2024\/04\/25_01_2024_IMG_SollicitudCartaEche.png 600w, https:\/\/agora.xtec.cat\/iesramoncoll\/wp-content\/uploads\/usu536\/2024\/04\/25_01_2024_IMG_SollicitudCartaEche-300x176.png 300w\" sizes=\"auto, (max-width: 600px) 100vw, 600px\" \/><\/td>\n<td style=\"width: 83.6152%; height: 100px; border-style: none; text-align: left; vertical-align: top; background-color: #ffffff;\">\n<h5 class=\"entry-title\" style=\"text-align: justify;\"><a title=\"Sol\u00b7licitada la Erasmus Charter for Higher Education\" href=\"https:\/\/agora.xtec.cat\/iesramoncoll\/general\/sollicitada-la-erasmus-charter-for-higher-education\/\" target=\"_blank\" rel=\"bookmark noopener\">Sol\u00b7licitada la Erasmus Charter for Higher Education<\/a><\/h5>\n<p style=\"text-align: justify;\">El passat dia 17 de gener de 2024 es va presentar la sol\u00b7licitud de la\u00a0<strong>Carta Erasmus d\u2019Educaci\u00f3 Superior<\/strong>\u00a0(<span class=\"hiddenSpellError\">ECHE<\/span>), la qual constitueix un marc general de qualitat de les activitats de col\u00b7laboraci\u00f3 europea i internacional, i \u00e9s un\u00a0<strong>prerequisit indispensable<\/strong> per a totes les institucions d\u2019educaci\u00f3 superior situades en un pa\u00eds del programa i disposa &#8230; <a href=\"https:\/\/agora.xtec.cat\/iesramoncoll\/general\/sollicitada-la-erasmus-charter-for-higher-education\/\" target=\"_blank\" rel=\"noopener\"><em>(llegeix m\u00e9s)<\/em><\/a><\/p>\n<\/td>\n<\/tr>\n<tr style=\"height: 10px;\">\n<td style=\"width: 16.3848%; height: 10px; border-style: none; text-align: left; vertical-align: top; background-color: #ffffff;\"><img loading=\"lazy\" decoding=\"async\" class=\"alignnone size-full wp-image-16431\" src=\"https:\/\/agora.xtec.cat\/iesramoncoll\/wp-content\/uploads\/usu536\/2024\/04\/mobilitat-FP-pati.jpg\" alt=\"\" width=\"1024\" height=\"577\" srcset=\"https:\/\/agora.xtec.cat\/iesramoncoll\/wp-content\/uploads\/usu536\/2024\/04\/mobilitat-FP-pati.jpg 1024w, https:\/\/agora.xtec.cat\/iesramoncoll\/wp-content\/uploads\/usu536\/2024\/04\/mobilitat-FP-pati-300x169.jpg 300w, https:\/\/agora.xtec.cat\/iesramoncoll\/wp-content\/uploads\/usu536\/2024\/04\/mobilitat-FP-pati-768x433.jpg 768w\" sizes=\"auto, (max-width: 1024px) 100vw, 1024px\" \/><\/td>\n<td style=\"width: 83.6152%; height: 10px; border-style: none; text-align: left; vertical-align: top; background-color: #ffffff;\">\n<h5 class=\"entry-title\" style=\"text-align: justify;\"><a title=\"Ens adherim al Consorci de Mobilitat FP\" href=\"https:\/\/agora.xtec.cat\/iesramoncoll\/general\/ens-adherim-al-consorci-de-mobilitat-fp\/\" target=\"_blank\" rel=\"bookmark noopener\">Ens adherim al Consorci de Mobilitat FP<\/a><\/h5>\n<p style=\"text-align: justify;\">El Consorci Mobilitat FP \u00e9s un programa depenent del Departament d\u2019Educaci\u00f3 que promou l\u2019articulaci\u00f3 d\u2019actuacions en centres educatius d\u2019ensenyaments professionals per a projectes de mobilitat (tant per als alumnes com per als professors) per fer pr\u00e0ctiques en empreses d\u2019altres pa\u00efsos, per a projectes de cooperaci\u00f3 internacional &#8230; <a href=\"https:\/\/agora.xtec.cat\/iesramoncoll\/general\/ens-adherim-al-consorci-de-mobilitat-fp\/\" target=\"_blank\" rel=\"noopener\"><em>(llegeix m\u00e9s)<\/em><\/a><\/p>\n<\/td>\n<\/tr>\n<tr style=\"height: 97px;\">\n<td style=\"width: 16.3848%; height: 97px; border-style: none; text-align: left; vertical-align: top; background-color: #ffffff;\"><img loading=\"lazy\" decoding=\"async\" class=\"alignnone size-full wp-image-16443\" src=\"https:\/\/agora.xtec.cat\/iesramoncoll\/wp-content\/uploads\/usu536\/2024\/04\/20_10_23_IMG_CreacioOficinaInternacionalitzacio.jpg\" alt=\"\" width=\"832\" height=\"468\" srcset=\"https:\/\/agora.xtec.cat\/iesramoncoll\/wp-content\/uploads\/usu536\/2024\/04\/20_10_23_IMG_CreacioOficinaInternacionalitzacio.jpg 832w, https:\/\/agora.xtec.cat\/iesramoncoll\/wp-content\/uploads\/usu536\/2024\/04\/20_10_23_IMG_CreacioOficinaInternacionalitzacio-300x169.jpg 300w, https:\/\/agora.xtec.cat\/iesramoncoll\/wp-content\/uploads\/usu536\/2024\/04\/20_10_23_IMG_CreacioOficinaInternacionalitzacio-768x432.jpg 768w\" sizes=\"auto, (max-width: 832px) 100vw, 832px\" \/><\/td>\n<td style=\"width: 83.6152%; height: 97px; border-style: none; text-align: left; vertical-align: top; background-color: #ffffff;\">\n<h5 class=\"entry-title\" style=\"text-align: justify;\"><a title=\"Creaci\u00f3 de l\u2019Oficina d\u2019Internacionalitzaci\u00f3 del Coll i Rod\u00e9s\" href=\"https:\/\/agora.xtec.cat\/iesramoncoll\/eso\/creacio-de-loficina-dinternacionalitzacio-del-coll-i-rodes\/\" target=\"_blank\" rel=\"bookmark noopener\">Creaci\u00f3 de l\u2019Oficina d\u2019Internacionalitzaci\u00f3 del Coll i Rod\u00e9s<\/a><\/h5>\n<p style=\"text-align: justify;\">Aquest curs 2023-2024 s\u2019ha creat l\u2019Oficina d\u2019Internacionalitzaci\u00f3 formada per la Comissi\u00f3 d\u2019Internacionalitzaci\u00f3 i Mobilitat del nostre institut Ramon Coll i Rod\u00e9s, amb l\u2019objectiu de fer difusi\u00f3 de programes de mobilitat i internacionalitzaci\u00f3 per impulsar i fomentar la participaci\u00f3 de la nostra comunitat educativa en projectes de mobilitat. Des de l\u2019Oficina &#8230; <a href=\"https:\/\/agora.xtec.cat\/iesramoncoll\/eso\/creacio-de-loficina-dinternacionalitzacio-del-coll-i-rodes\/\" target=\"_blank\" rel=\"noopener\"><em>(llegeix m\u00e9s)<\/em><\/a><\/p>\n<\/td>\n<\/tr>\n<tr style=\"height: 123px;\">\n<td style=\"width: 16.3848%; height: 123px; border-style: none; text-align: left; vertical-align: top; background-color: #ffffff;\"><img loading=\"lazy\" decoding=\"async\" class=\"alignnone size-large wp-image-16452\" src=\"https:\/\/agora.xtec.cat\/iesramoncoll\/wp-content\/uploads\/usu536\/2024\/04\/27_10_23_IMG_IntercanviFranca-1024x768.jpg\" alt=\"\" width=\"1024\" height=\"768\" srcset=\"https:\/\/agora.xtec.cat\/iesramoncoll\/wp-content\/uploads\/usu536\/2024\/04\/27_10_23_IMG_IntercanviFranca-1024x768.jpg 1024w, https:\/\/agora.xtec.cat\/iesramoncoll\/wp-content\/uploads\/usu536\/2024\/04\/27_10_23_IMG_IntercanviFranca-300x225.jpg 300w, https:\/\/agora.xtec.cat\/iesramoncoll\/wp-content\/uploads\/usu536\/2024\/04\/27_10_23_IMG_IntercanviFranca-768x576.jpg 768w, https:\/\/agora.xtec.cat\/iesramoncoll\/wp-content\/uploads\/usu536\/2024\/04\/27_10_23_IMG_IntercanviFranca-1536x1152.jpg 1536w, https:\/\/agora.xtec.cat\/iesramoncoll\/wp-content\/uploads\/usu536\/2024\/04\/27_10_23_IMG_IntercanviFranca-200x150.jpg 200w, https:\/\/agora.xtec.cat\/iesramoncoll\/wp-content\/uploads\/usu536\/2024\/04\/27_10_23_IMG_IntercanviFranca.jpg 1600w\" sizes=\"auto, (max-width: 1024px) 100vw, 1024px\" \/><\/td>\n<td style=\"width: 83.6152%; height: 123px; border-style: none; text-align: left; vertical-align: top; background-color: #ffffff;\">\n<h5 class=\"entry-title\" style=\"text-align: justify;\"><a title=\"Intercanvi a Fran\u00e7a\" href=\"https:\/\/agora.xtec.cat\/iesramoncoll\/general\/intercanvi-a-franca-2\/\" target=\"_blank\" rel=\"bookmark noopener\">Intercanvi a Fran\u00e7a<\/a><\/h5>\n<p style=\"text-align: justify;\">La darrera setmana d\u2019octubre, catorze alumnes de 4t d\u2019ESO i batxillerat que cursen la mat\u00e8ria de Franc\u00e8s com a segona llengua estrangera van acollir a catorze alumnes francesos dins el marc d\u2019un intercanvi escolar entre el\u00a0<span class=\"hiddenSpellError\">Lyc\u00e9e<\/span>\u00a0<span class=\"hiddenSpellError\">Beauregard<\/span>\u00a0i l\u2019<span class=\"hiddenSpellError\">Ins<\/span>. Ramon Coll i Rod\u00e8s. Aquest intercanvi escolar es va iniciar el curs passat amb l\u2019objectiu de &#8230; <a href=\"https:\/\/agora.xtec.cat\/iesramoncoll\/general\/intercanvi-a-franca-2\/\" target=\"_blank\" rel=\"noopener\"><em>(llegeix m\u00e9s)<\/em><\/a><\/p>\n<\/td>\n<\/tr>\n<\/tbody>\n<\/table>\n<p><em><a href=\"https:\/\/agora.xtec.cat\/iesramoncoll\/categoria\/mobilitat\/\" target=\"_blank\" rel=\"noopener\">M\u00e9s not\u00edcies&#8230;<\/a><\/em><\/p>\n","protected":false},"excerpt":{"rendered":"<p>&nbsp;<\/p>\n<p><a href=\"https:\/\/agora.xtec.cat\/iesramoncoll\/wp-content\/uploads\/usu536\/2025\/08\/JordinaRoig-Erasmus.png\"><\/a><\/p>\n<p><a href=\"https:\/\/agora.xtec.cat\/iesramoncoll\/general\/lhostaleria-i-el-turisme-es-digitalitzen-jordina-roig-viatja-a-croacia-per-formar-se-en-intelligencia-artifi-cial-amb-erasmus\/\" target=\"_blank\" rel=\"noopener\">L\u2019hostaleria i el turisme es digitalitzen: Jordina Roig viatja a Cro\u00e0cia per formar-se en Intel\u00b7lig\u00e8ncia Artificial amb Erasmus+Descobrint Xipre: l\u2019alumnat Erasmus+ explora la hist\u00f2ria i la bellesa natural d\u2019una illa dividida<\/a><br \/>\nDel 12 al 19 de juliol de 2025, la professora t\u00e8cnica&hellip;  <a href=\"https:\/\/agora.xtec.cat\/iesramoncoll\/oficina-internacionalitzacio\/noticies-i-esdeveniments\/\" title=\"Read Not\u00edcies i esdeveniments\">Llegeix m\u00e9s\u00bb<\/a><\/p>\n","protected":false},"author":176,"featured_media":0,"parent":15726,"menu_order":20,"comment_status":"closed","ping_status":"closed","template":"page-templates\/side-menu.php","meta":{"_bbp_topic_count":0,"_bbp_reply_count":0,"_bbp_total_topic_count":0,"_bbp_total_reply_count":0,"_bbp_voice_count":0,"_bbp_anonymous_reply_count":0,"_bbp_topic_count_hidden":0,"_bbp_reply_count_hidden":0,"_bbp_forum_subforum_count":0,"footnotes":""},"class_list":["post-16025","page","type-page","status-publish","hentry"],"post_mailing_queue_ids":[],"_links":{"self":[{"href":"https:\/\/agora.xtec.cat\/iesramoncoll\/wp-json\/wp\/v2\/pages\/16025","targetHints":{"allow":["GET"]}}],"collection":[{"href":"https:\/\/agora.xtec.cat\/iesramoncoll\/wp-json\/wp\/v2\/pages"}],"about":[{"href":"https:\/\/agora.xtec.cat\/iesramoncoll\/wp-json\/wp\/v2\/types\/page"}],"author":[{"embeddable":true,"href":"https:\/\/agora.xtec.cat\/iesramoncoll\/wp-json\/wp\/v2\/users\/176"}],"replies":[{"embeddable":true,"href":"https:\/\/agora.xtec.cat\/iesramoncoll\/wp-json\/wp\/v2\/comments?post=16025"}],"version-history":[{"count":8,"href":"https:\/\/agora.xtec.cat\/iesramoncoll\/wp-json\/wp\/v2\/pages\/16025\/revisions"}],"predecessor-version":[{"id":18642,"href":"https:\/\/agora.xtec.cat\/iesramoncoll\/wp-json\/wp\/v2\/pages\/16025\/revisions\/18642"}],"up":[{"embeddable":true,"href":"https:\/\/agora.xtec.cat\/iesramoncoll\/wp-json\/wp\/v2\/pages\/15726"}],"wp:attachment":[{"href":"https:\/\/agora.xtec.cat\/iesramoncoll\/wp-json\/wp\/v2\/media?parent=16025"}],"curies":[{"name":"wp","href":"https:\/\/api.w.org\/{rel}","templated":true}]}}