{"id":16023,"date":"2024-02-24T11:16:19","date_gmt":"2024-02-24T10:16:19","guid":{"rendered":"https:\/\/agora.xtec.cat\/iesramoncoll\/?page_id=16023"},"modified":"2026-02-28T10:12:04","modified_gmt":"2026-02-28T09:12:04","slug":"loficina-internacionalitzacio","status":"publish","type":"page","link":"https:\/\/agora.xtec.cat\/iesramoncoll\/oficina-internacionalitzacio\/loficina-internacionalitzacio\/","title":{"rendered":"L\u2019Oficina"},"content":{"rendered":"<p><img loading=\"lazy\" decoding=\"async\" class=\"alignnone wp-image-16034 size-large\" src=\"https:\/\/agora.xtec.cat\/iesramoncoll\/wp-content\/uploads\/usu536\/2024\/02\/Banner-OficinaInternacionalitzacio-1024x356.png\" alt=\"\" width=\"1024\" height=\"356\" srcset=\"https:\/\/agora.xtec.cat\/iesramoncoll\/wp-content\/uploads\/usu536\/2024\/02\/Banner-OficinaInternacionalitzacio-1024x356.png 1024w, https:\/\/agora.xtec.cat\/iesramoncoll\/wp-content\/uploads\/usu536\/2024\/02\/Banner-OficinaInternacionalitzacio-300x104.png 300w, https:\/\/agora.xtec.cat\/iesramoncoll\/wp-content\/uploads\/usu536\/2024\/02\/Banner-OficinaInternacionalitzacio-768x267.png 768w, https:\/\/agora.xtec.cat\/iesramoncoll\/wp-content\/uploads\/usu536\/2024\/02\/Banner-OficinaInternacionalitzacio-1536x534.png 1536w, https:\/\/agora.xtec.cat\/iesramoncoll\/wp-content\/uploads\/usu536\/2024\/02\/Banner-OficinaInternacionalitzacio-2048x712.png 2048w\" sizes=\"auto, (max-width: 1024px) 100vw, 1024px\" \/><\/p>\n<p><span style=\"font-weight: 400;\">L\u2019<strong>Oficina d\u2019Internacionalitzaci\u00f3<\/strong> est\u00e0 formada per la <strong>Comissi\u00f3 d\u2019Internacionalitzaci\u00f3 i Mobilitat<\/strong> del centre i brinda servei al conjunt de la comunitat educativa que conforma les etapes educatives que s\u2019integren a l\u2019ESO, Batxillerat i Ensenyaments Professionals.<\/span><\/p>\n<p><span style=\"font-weight: 400;\">L\u2019oficina d\u2019internacionalitzaci\u00f3 impulsa, promou i fomenta la participaci\u00f3 del centre en projectes i\/o programes de mobilitat, especialment en el marc del <strong>Programa Erasmus+<\/strong>, implicant al conjunt de la nostra comunitat educativa d\u2019acord amb les inquietuds i interessos que ens ocupen.\u00a0<\/span><\/p>\n<p><span style=\"font-weight: 400;\">L\u2019objectiu de l\u2019Oficina \u00e9s establir una <strong>cultura d\u2019internacionalitzaci\u00f3<\/strong> al centre que enriqueixi i doni suport al desenvolupament educatiu, professional i personal dels agents educatius arreu d\u2019Europa. D\u2019aquesta manera, es pret\u00e9n fomentar el seu creixement i la seva formaci\u00f3 a partir de la <strong>cohesi\u00f3 social i refor\u00e7ant la identitat europea<\/strong>.\u00a0<\/span><\/p>\n<p><span style=\"font-weight: 400;\">\u00c9s per aix\u00f2 que l\u2019Oficina d\u2019Internacionalitzaci\u00f3 treballa per dur a terme projectes que compleixin una s\u00e8rie d\u2019accions b\u00e0siques com, per exemple:\u00a0<\/span><\/p>\n<ul>\n<li style=\"font-weight: 400;\" aria-level=\"1\"><span style=\"font-weight: 400;\">Facilitar la mobilitat dels individus, sigui professorat, alumnat o personal administratiu dins la UE;<\/span><\/li>\n<li style=\"font-weight: 400;\" aria-level=\"1\"><span style=\"font-weight: 400;\">estimular l\u2019aprenentatge o perfeccionament de lleng\u00fces estrangeres;<\/span><\/li>\n<li style=\"font-weight: 400;\" aria-level=\"1\"><span style=\"font-weight: 400;\">establir relacions de cooperaci\u00f3 i col\u00b7laboraci\u00f3 amb socis diversos;<\/span><\/li>\n<li style=\"font-weight: 400;\" aria-level=\"1\"><span style=\"font-weight: 400;\">realitzar projectes que promoguin la innovaci\u00f3, la creativitat i la participaci\u00f3 de tots els membres de la comunitat educativa.<\/span><\/li>\n<\/ul>\n<p><span style=\"font-weight: 400;\">En definitiva, l\u2019Oficina d&#8217;Internacionalitzaci\u00f3 \u00e9s una estructura de treball que dona suport i vetlla perqu\u00e8 els projectes de mobilitat es desenvolupin d\u2019acord amb l\u2019objectiu i les accions esmentades pr\u00e8viament, de manera que el centre i els seus agents adoptin una <strong>dimensi\u00f3 d\u2019internacionalitzaci\u00f3 en el seu desenvolupament personal i professional<\/strong> que perduri al llarg de la vida.<\/span><\/p>\n<h3>Carta ECHE<\/h3>\n<p>La Carta Erasmus d&#8217;Educaci\u00f3 Superior (ECHE) constitueix un marc general de qualitat de les activitats de col\u00b7laboraci\u00f3 europea i internacional que qualsevol centre d&#8217;educaci\u00f3 superior podr\u00e0 fer en el marc del Programa Erasmus+. Al nostre centre se li va concedir aquesta el passat 26 de juny del 2024. A continuaci\u00f3 podeu consultar la Carta ECHE del centre en <a href=\"https:\/\/agora.xtec.cat\/iesramoncoll\/wp-content\/uploads\/usu536\/2024\/07\/ECHE-ESP-signed.pdf\" target=\"_blank\" rel=\"noopener\">castell\u00e0<\/a> i en <a href=\"https:\/\/agora.xtec.cat\/iesramoncoll\/wp-content\/uploads\/usu536\/2024\/07\/ECHE-ENG-signed.pdf\" target=\"_blank\" rel=\"noopener\">angl\u00e8s<\/a>.<\/p>\n\n\t\t<style type=\"text\/css\">\n\t\t\t#gallery-1 {\n\t\t\t\tmargin: auto;\n\t\t\t}\n\t\t\t#gallery-1 .gallery-item {\n\t\t\t\tfloat: left;\n\t\t\t\tmargin-top: 10px;\n\t\t\t\ttext-align: center;\n\t\t\t\twidth: 50%;\n\t\t\t}\n\t\t\t#gallery-1 img {\n\t\t\t\tborder: 2px solid #cfcfcf;\n\t\t\t}\n\t\t\t#gallery-1 .gallery-caption {\n\t\t\t\tmargin-left: 0;\n\t\t\t}\n\t\t\t\/* see gallery_shortcode() in wp-includes\/media.php *\/\n\t\t<\/style>\n\t\t<div id='gallery-1' class='gallery galleryid-16023 gallery-columns-2 gallery-size-medium'><dl class='gallery-item'>\n\t\t\t<dt class='gallery-icon portrait'>\n\t\t\t\t<a href='https:\/\/agora.xtec.cat\/iesramoncoll\/oficina-internacionalitzacio\/loficina-internacionalitzacio\/attachment\/eche-esp-1\/'><img loading=\"lazy\" decoding=\"async\" width=\"212\" height=\"300\" src=\"https:\/\/agora.xtec.cat\/iesramoncoll\/wp-content\/uploads\/usu536\/2024\/07\/ECHE-ESP-1-212x300.jpg\" class=\"attachment-medium size-medium\" alt=\"\" srcset=\"https:\/\/agora.xtec.cat\/iesramoncoll\/wp-content\/uploads\/usu536\/2024\/07\/ECHE-ESP-1-212x300.jpg 212w, https:\/\/agora.xtec.cat\/iesramoncoll\/wp-content\/uploads\/usu536\/2024\/07\/ECHE-ESP-1-724x1024.jpg 724w, https:\/\/agora.xtec.cat\/iesramoncoll\/wp-content\/uploads\/usu536\/2024\/07\/ECHE-ESP-1-768x1086.jpg 768w, https:\/\/agora.xtec.cat\/iesramoncoll\/wp-content\/uploads\/usu536\/2024\/07\/ECHE-ESP-1-1087x1536.jpg 1087w, https:\/\/agora.xtec.cat\/iesramoncoll\/wp-content\/uploads\/usu536\/2024\/07\/ECHE-ESP-1-1449x2048.jpg 1449w, https:\/\/agora.xtec.cat\/iesramoncoll\/wp-content\/uploads\/usu536\/2024\/07\/ECHE-ESP-1-scaled.jpg 1811w\" sizes=\"auto, (max-width: 212px) 100vw, 212px\" \/><\/a>\n\t\t\t<\/dt><\/dl><dl class='gallery-item'>\n\t\t\t<dt class='gallery-icon portrait'>\n\t\t\t\t<a href='https:\/\/agora.xtec.cat\/iesramoncoll\/oficina-internacionalitzacio\/loficina-internacionalitzacio\/attachment\/eche-esp-2\/'><img loading=\"lazy\" decoding=\"async\" width=\"212\" height=\"300\" src=\"https:\/\/agora.xtec.cat\/iesramoncoll\/wp-content\/uploads\/usu536\/2024\/07\/ECHE-ESP-2-212x300.jpg\" class=\"attachment-medium size-medium\" alt=\"\" srcset=\"https:\/\/agora.xtec.cat\/iesramoncoll\/wp-content\/uploads\/usu536\/2024\/07\/ECHE-ESP-2-212x300.jpg 212w, https:\/\/agora.xtec.cat\/iesramoncoll\/wp-content\/uploads\/usu536\/2024\/07\/ECHE-ESP-2-724x1024.jpg 724w, https:\/\/agora.xtec.cat\/iesramoncoll\/wp-content\/uploads\/usu536\/2024\/07\/ECHE-ESP-2-768x1086.jpg 768w, https:\/\/agora.xtec.cat\/iesramoncoll\/wp-content\/uploads\/usu536\/2024\/07\/ECHE-ESP-2-1087x1536.jpg 1087w, https:\/\/agora.xtec.cat\/iesramoncoll\/wp-content\/uploads\/usu536\/2024\/07\/ECHE-ESP-2-1449x2048.jpg 1449w, https:\/\/agora.xtec.cat\/iesramoncoll\/wp-content\/uploads\/usu536\/2024\/07\/ECHE-ESP-2-scaled.jpg 1811w\" sizes=\"auto, (max-width: 212px) 100vw, 212px\" \/><\/a>\n\t\t\t<\/dt><\/dl><br style=\"clear: both\" \/>\n\t\t<\/div>\n\n\n\t\t<style type=\"text\/css\">\n\t\t\t#gallery-2 {\n\t\t\t\tmargin: auto;\n\t\t\t}\n\t\t\t#gallery-2 .gallery-item {\n\t\t\t\tfloat: left;\n\t\t\t\tmargin-top: 10px;\n\t\t\t\ttext-align: center;\n\t\t\t\twidth: 50%;\n\t\t\t}\n\t\t\t#gallery-2 img {\n\t\t\t\tborder: 2px solid #cfcfcf;\n\t\t\t}\n\t\t\t#gallery-2 .gallery-caption {\n\t\t\t\tmargin-left: 0;\n\t\t\t}\n\t\t\t\/* see gallery_shortcode() in wp-includes\/media.php *\/\n\t\t<\/style>\n\t\t<div id='gallery-2' class='gallery galleryid-16023 gallery-columns-2 gallery-size-medium'><dl class='gallery-item'>\n\t\t\t<dt class='gallery-icon portrait'>\n\t\t\t\t<a href='https:\/\/agora.xtec.cat\/iesramoncoll\/oficina-internacionalitzacio\/loficina-internacionalitzacio\/attachment\/eche-eng-1\/'><img loading=\"lazy\" decoding=\"async\" width=\"212\" height=\"300\" src=\"https:\/\/agora.xtec.cat\/iesramoncoll\/wp-content\/uploads\/usu536\/2024\/07\/ECHE-ENG-1-212x300.jpg\" class=\"attachment-medium size-medium\" alt=\"\" srcset=\"https:\/\/agora.xtec.cat\/iesramoncoll\/wp-content\/uploads\/usu536\/2024\/07\/ECHE-ENG-1-212x300.jpg 212w, https:\/\/agora.xtec.cat\/iesramoncoll\/wp-content\/uploads\/usu536\/2024\/07\/ECHE-ENG-1-724x1024.jpg 724w, https:\/\/agora.xtec.cat\/iesramoncoll\/wp-content\/uploads\/usu536\/2024\/07\/ECHE-ENG-1-768x1086.jpg 768w, https:\/\/agora.xtec.cat\/iesramoncoll\/wp-content\/uploads\/usu536\/2024\/07\/ECHE-ENG-1-1087x1536.jpg 1087w, https:\/\/agora.xtec.cat\/iesramoncoll\/wp-content\/uploads\/usu536\/2024\/07\/ECHE-ENG-1-1449x2048.jpg 1449w, https:\/\/agora.xtec.cat\/iesramoncoll\/wp-content\/uploads\/usu536\/2024\/07\/ECHE-ENG-1-scaled.jpg 1811w\" sizes=\"auto, (max-width: 212px) 100vw, 212px\" \/><\/a>\n\t\t\t<\/dt><\/dl><dl class='gallery-item'>\n\t\t\t<dt class='gallery-icon portrait'>\n\t\t\t\t<a href='https:\/\/agora.xtec.cat\/iesramoncoll\/oficina-internacionalitzacio\/loficina-internacionalitzacio\/attachment\/eche-eng-2\/'><img loading=\"lazy\" decoding=\"async\" width=\"212\" height=\"300\" src=\"https:\/\/agora.xtec.cat\/iesramoncoll\/wp-content\/uploads\/usu536\/2024\/07\/ECHE-ENG-2-212x300.jpg\" class=\"attachment-medium size-medium\" alt=\"\" srcset=\"https:\/\/agora.xtec.cat\/iesramoncoll\/wp-content\/uploads\/usu536\/2024\/07\/ECHE-ENG-2-212x300.jpg 212w, https:\/\/agora.xtec.cat\/iesramoncoll\/wp-content\/uploads\/usu536\/2024\/07\/ECHE-ENG-2-724x1024.jpg 724w, https:\/\/agora.xtec.cat\/iesramoncoll\/wp-content\/uploads\/usu536\/2024\/07\/ECHE-ENG-2-768x1086.jpg 768w, https:\/\/agora.xtec.cat\/iesramoncoll\/wp-content\/uploads\/usu536\/2024\/07\/ECHE-ENG-2-1087x1536.jpg 1087w, https:\/\/agora.xtec.cat\/iesramoncoll\/wp-content\/uploads\/usu536\/2024\/07\/ECHE-ENG-2-1449x2048.jpg 1449w, https:\/\/agora.xtec.cat\/iesramoncoll\/wp-content\/uploads\/usu536\/2024\/07\/ECHE-ENG-2-scaled.jpg 1811w\" sizes=\"auto, (max-width: 212px) 100vw, 212px\" \/><\/a>\n\t\t\t<\/dt><\/dl><br style=\"clear: both\" \/>\n\t\t<\/div>\n\n<h3>Declaraci\u00f3 de la Pol\u00edtica Erasmus+<\/h3>\n<p class=\"p1\">Amb la concessi\u00f3 de la Carta Erasmus d\u2019Educaci\u00f3 Superior (ECHE), l\u2019Institut Ramon Coll i Rod\u00e9s <strong>manifesta el seu ferm comprom\u00eds amb la participaci\u00f3 activa en el programa Erasmus+<\/strong> com a eix estrat\u00e8gic per a la <strong>modernitzaci\u00f3<\/strong>, la <strong>internacionalitzaci\u00f3<\/strong> i la <strong>millora cont\u00ednua de la qualitat educativa<\/strong> del centre.<\/p>\n<p class=\"p1\">Com a centre p\u00fablic d\u2019educaci\u00f3 secund\u00e0ria i formaci\u00f3 professional situat a Lloret de Mar, amb una forta vinculaci\u00f3 al sector de l&#8217;hostaleria, el turisme i de la imatge i el so en el context europeu, entenem la mobilitat i la cooperaci\u00f3 internacional com a instruments essencials per <strong>refor\u00e7ar la competitivitat, l\u2019ocupabilitat i la ciutadania europea activa<\/strong> del nostre alumnat.<\/p>\n<p>A continuaci\u00f3 podeu consultar la <a href=\"https:\/\/agora.xtec.cat\/iesramoncoll\/wp-content\/uploads\/usu536\/2026\/02\/Declaracio-de-la-Politica-Erasmus_INS-Ramon-Coll-i-Rodes.pdf\">Declaracio\u0301 de la Poli\u0301tica Erasmus+ de l&#8217;INS Ramon Coll i Rode\u0301s.<\/a><\/p>\n","protected":false},"excerpt":{"rendered":"<p>L\u2019Oficina d\u2019Internacionalitzaci\u00f3 est\u00e0 formada per la Comissi\u00f3 d\u2019Internacionalitzaci\u00f3 i Mobilitat del centre i brinda servei al conjunt de la comunitat educativa que conforma les etapes educatives que s\u2019integren a l\u2019ESO, Batxillerat i Ensenyaments Professionals.<br \/>\nL\u2019oficina d\u2019internacionalitzaci\u00f3 impulsa, promou i fomenta la participaci\u00f3 del centre en projectes&hellip;  <a href=\"https:\/\/agora.xtec.cat\/iesramoncoll\/oficina-internacionalitzacio\/loficina-internacionalitzacio\/\" title=\"Read L\u2019Oficina\">Llegeix m\u00e9s\u00bb<\/a><\/p>\n","protected":false},"author":176,"featured_media":0,"parent":15726,"menu_order":10,"comment_status":"closed","ping_status":"closed","template":"page-templates\/side-menu.php","meta":{"_bbp_topic_count":0,"_bbp_reply_count":0,"_bbp_total_topic_count":0,"_bbp_total_reply_count":0,"_bbp_voice_count":0,"_bbp_anonymous_reply_count":0,"_bbp_topic_count_hidden":0,"_bbp_reply_count_hidden":0,"_bbp_forum_subforum_count":0,"footnotes":""},"class_list":["post-16023","page","type-page","status-publish","hentry"],"post_mailing_queue_ids":[],"_links":{"self":[{"href":"https:\/\/agora.xtec.cat\/iesramoncoll\/wp-json\/wp\/v2\/pages\/16023","targetHints":{"allow":["GET"]}}],"collection":[{"href":"https:\/\/agora.xtec.cat\/iesramoncoll\/wp-json\/wp\/v2\/pages"}],"about":[{"href":"https:\/\/agora.xtec.cat\/iesramoncoll\/wp-json\/wp\/v2\/types\/page"}],"author":[{"embeddable":true,"href":"https:\/\/agora.xtec.cat\/iesramoncoll\/wp-json\/wp\/v2\/users\/176"}],"replies":[{"embeddable":true,"href":"https:\/\/agora.xtec.cat\/iesramoncoll\/wp-json\/wp\/v2\/comments?post=16023"}],"version-history":[{"count":7,"href":"https:\/\/agora.xtec.cat\/iesramoncoll\/wp-json\/wp\/v2\/pages\/16023\/revisions"}],"predecessor-version":[{"id":19698,"href":"https:\/\/agora.xtec.cat\/iesramoncoll\/wp-json\/wp\/v2\/pages\/16023\/revisions\/19698"}],"up":[{"embeddable":true,"href":"https:\/\/agora.xtec.cat\/iesramoncoll\/wp-json\/wp\/v2\/pages\/15726"}],"wp:attachment":[{"href":"https:\/\/agora.xtec.cat\/iesramoncoll\/wp-json\/wp\/v2\/media?parent=16023"}],"curies":[{"name":"wp","href":"https:\/\/api.w.org\/{rel}","templated":true}]}}