{"id":16010,"date":"2024-02-22T19:48:49","date_gmt":"2024-02-22T18:48:49","guid":{"rendered":"https:\/\/agora.xtec.cat\/iesramoncoll\/?page_id=16010"},"modified":"2026-03-03T01:04:07","modified_gmt":"2026-03-03T00:04:07","slug":"practiques-internacionals-vet-he","status":"publish","type":"page","link":"https:\/\/agora.xtec.cat\/iesramoncoll\/oficina-internacionalitzacio\/practiques-internacionals-vet-he\/","title":{"rendered":"Pr\u00e0ctiques internacionals VET i HE"},"content":{"rendered":"<h4><img loading=\"lazy\" decoding=\"async\" class=\"alignnone wp-image-16042 size-large\" src=\"https:\/\/agora.xtec.cat\/iesramoncoll\/wp-content\/uploads\/usu536\/2024\/02\/Banner-Practiques-1-1024x400.jpg\" alt=\"\" width=\"1024\" height=\"400\" srcset=\"https:\/\/agora.xtec.cat\/iesramoncoll\/wp-content\/uploads\/usu536\/2024\/02\/Banner-Practiques-1-1024x400.jpg 1024w, https:\/\/agora.xtec.cat\/iesramoncoll\/wp-content\/uploads\/usu536\/2024\/02\/Banner-Practiques-1-300x117.jpg 300w, https:\/\/agora.xtec.cat\/iesramoncoll\/wp-content\/uploads\/usu536\/2024\/02\/Banner-Practiques-1-768x300.jpg 768w, https:\/\/agora.xtec.cat\/iesramoncoll\/wp-content\/uploads\/usu536\/2024\/02\/Banner-Practiques-1-1536x600.jpg 1536w, https:\/\/agora.xtec.cat\/iesramoncoll\/wp-content\/uploads\/usu536\/2024\/02\/Banner-Practiques-1-2048x800.jpg 2048w\" sizes=\"auto, (max-width: 1024px) 100vw, 1024px\" \/><\/h4>\n<h4><strong>Convocat\u00f2ries atorgades al centre<\/strong><\/h4>\n<ul>\n<li>Resoluci\u00f3 per la qual es fa p\u00fablica la llista PROVISIONAL de centres seleccionats, no seleccionats i exclosos que passen a la fase de valoraci\u00f3 perqu\u00e8 l\u2019alumnat i professorat pugui dur a terme estades formatives en empreses, entitats o centres educatius d\u2019altres pa\u00efsos durant el curs 2024-2025.<\/li>\n<li>Resoluci\u00f3 per la qual es fa p\u00fablica la llista definitiva de centres seleccionats, no seleccionats (llista d\u2019espera i reserva) i exclosos per a que l\u2019alumnat i professorat d\u2019ensenyaments professionals pugui dur a terme estades formatives en empreses, entitats o centres educatius d\u2019altres pa\u00efsos durant el curs acad\u00e8mic 2023-2024.<\/li>\n<li>Resoluci\u00f3 per la qual es fa p\u00fablica la llista PROVISIONAL de centres seleccionats, no seleccionats i exclosos que passen a la fase de valoraci\u00f3 perqu\u00e8 l\u2019alumnat i professorat pugui dur a terme estades formatives en empreses, entitats o centres educatius d\u2019altres pa\u00efsos durant el curs 2023-2024.<\/li>\n<li>Resoluci\u00f3 per la qual es publiquen els llistats de sol\u00b7licituds seleccionades, en llista de reserva i rebutjades de l&#8217;Acci\u00f3 Clau 1 \u2013 Mobilitat educativa de les persones (KA121, KA122), corresponents a la Convocat\u00f2ria de Propostes del programa Erasmus+ 2023. 21\/07\/ 2023. Projectes acreditats de mobilitat d&#8217;estudiants i personal de formaci\u00f3 professional (KA121-VET). <a href=\"http:\/\/sepie.es\/doc\/convocatoria\/2023\/resoluciones\/julio_2023\/ka1\/report_8%20fondosdefinitivo-2023-KA121-VET-s.pdf\" target=\"_blank\" rel=\"noopener\">Enlla\u00e7<\/a>.<\/li>\n<\/ul>\n<h4><strong>Sol\u00b7licituds internes del centre<\/strong><\/h4>\n<ul>\n<li>KA121-VET del Consorci de Mobilitat FP (2025\/2026): Sol\u00b7licitud de places de pr\u00e0ctiques VET Erasmus+ per alumnes del CFGM dels Cicles Formatius impartits al centre. Destinaci\u00f3: L\u00e0rnaca\/Nic\u00f2sia (Xipre). Per\u00edode: Juny 2026. Sol\u00b7licitud tancada.<\/li>\n<li>KA121-VET del Consorci de Mobilitat FP (2024\/2025): Sol\u00b7licitud de places de pr\u00e0ctiques VET Erasmus+ per alumnes del CFGM dels Cicles Formatius impartits al centre. Destinaci\u00f3: L\u00e0rnaca\/Nic\u00f2sia (Xipre). Per\u00edode: Juny 2025. Sol\u00b7licitud tancada.<\/li>\n<li>KA121-VET-000129786 (2023\/2024): Sol\u00b7licitud de places de pr\u00e0ctiques VET Erasmus+ per alumnes del CFGM de V\u00eddeo, Discj\u00f2quei i So. Destinaci\u00f3: L\u00e0rnaca\/Nic\u00f2sia (Xipre). Per\u00edode: Juny 2024.<em>\u00a0<\/em>Sol\u00b7licitud tancada.<\/li>\n<\/ul>\n<h4><strong>Resolucions internes del centre<\/strong><\/h4>\n<ul>\n<li>KA121-VET del Consorci de Mobilitat FP (2025\/2026): Sol\u00b7licitud de places de pr\u00e0ctiques VET Erasmus+ per alumnes del CFGM dels Cicles Formatius impartits al centre. Destinaci\u00f3: L\u00e0rnaca\/Nic\u00f2sia (Xipre). Per\u00edode: Juny 2026. <a href=\"https:\/\/agora.xtec.cat\/iesramoncoll\/wp-content\/uploads\/usu536\/2026\/03\/KA121_25-VET-40-01.pdf\" target=\"_blank\" rel=\"noopener\">Accedeix a la resoluci\u00f3<\/a>.<\/li>\n<li>KA121-VET-000129786 (2024\/2025): Resoluci\u00f3 de places de pr\u00e0ctiques VET Erasmus+ per alumnes del CFGM de V\u00eddeo, Discj\u00f2quei i So. Destinaci\u00f3: L\u00e0rnaca\/Nic\u00f2sia (Xipre). Per\u00edode: Juny 2025.<em>\u00a0<\/em><a href=\"https:\/\/agora.xtec.cat\/iesramoncoll\/wp-content\/uploads\/usu536\/2025\/02\/KA121-VET-000129786-Llistat-seleccionats-2425.pdf\">Accedeix a la resoluci\u00f3<\/a>.<\/li>\n<li>KA121-VET-000129786 (2023\/2024): Resoluci\u00f3 de places de pr\u00e0ctiques VET Erasmus+ per alumnes del CFGM de V\u00eddeo, Discj\u00f2quei i So. Destinaci\u00f3: L\u00e0rnaca\/Nic\u00f2sia (Xipre). Per\u00edode: Juny 2024.<em>\u00a0<\/em><a href=\"https:\/\/agora.xtec.cat\/iesramoncoll\/wp-content\/uploads\/usu536\/2024\/04\/KA121-VET-000129786-Resolucio.pdf\" target=\"_blank\" rel=\"noopener\">Accedeix a la resoluci\u00f3<\/a>.<\/li>\n<\/ul>\n<h4><strong>Formularis de valoraci\u00f3<\/strong><\/h4>\n<ul>\n<li>Formulari d&#8217;autoavaluaci\u00f3 per a l&#8217;alumnat que ha gaudit d&#8217;una estada de pr\u00e0ctiques internacionals.<\/li>\n<li>Formulari de valoraci\u00f3 del tutor d&#8217;empresa per a l&#8217;alumnat que ha gaudit d&#8217;una estada de pr\u00e0ctiques internacionals.<\/li>\n<li>Formulari de valoraci\u00f3 del tutor de l&#8217;institut per a l&#8217;alumnat que ha gaudit d&#8217;una estada de pr\u00e0ctiques internacionals.<\/li>\n<li>Formulari de valoraci\u00f3 de l&#8217;alumne\/a per a l&#8217;empresa que ha acollit alumnat en estada de pr\u00e0ctiques internacionals.<\/li>\n<\/ul>\n<h4><strong>Cat\u00e0leg de cursos\u00a0<\/strong><\/h4>\n<table style=\"border-collapse: collapse; width: 66.8079%; height: 192px;\">\n<tbody>\n<tr style=\"height: 32px;\">\n<td style=\"width: 63.6017%; height: 32px;\">CFGM Cuina i Gastronomia<\/td>\n<td style=\"width: 18.5219%; height: 32px; text-align: center;\"><a href=\"https:\/\/www.todofp.es\/dam\/jcr:dc010d56-9b5c-4f84-98d6-4992d120ea52\/n-tcocinagastronomiaes-pdf.pdf\" target=\"_blank\" rel=\"noopener\">ESP<\/a><\/td>\n<td style=\"width: 42.0682%; height: 32px; text-align: center;\"><a href=\"https:\/\/www.todofp.es\/dam\/jcr:90e0499f-204d-4b6f-ba0a-18935c3b37b2\/n-tcocinagastronomiaen-pdf.pdf\" target=\"_blank\" rel=\"noopener\">ENG<\/a><\/td>\n<\/tr>\n<tr style=\"height: 32px;\">\n<td style=\"width: 63.6017%; height: 32px;\">Curs d&#8217;Especialitzaci\u00f3 en Pastisseria i Rebosteria Artesanal<\/td>\n<td style=\"width: 18.5219%; height: 32px; text-align: center;\"><a href=\"https:\/\/www.todofp.es\/dam\/jcr:651d37be-8417-479b-80af-14e60bb646eb\/ce-gm-panaderia-y-bollerria-artesanal.pdf\" target=\"_blank\" rel=\"noopener\">ESP<\/a><\/td>\n<td style=\"width: 42.0682%; height: 32px; text-align: center;\"><a href=\"https:\/\/todofp.es\/dam\/jcr:7161bd0f-379d-478e-9e68-f9500256a9d6\/ce-gm-panaderia-y-bollerria-artesanal.pdf\" target=\"_blank\" rel=\"noopener\">ENG<\/a><\/td>\n<\/tr>\n<tr style=\"height: 32px;\">\n<td style=\"width: 63.6017%; height: 32px;\">CFGM Pastisseria, Forneria i Confiteria<\/td>\n<td style=\"width: 18.5219%; height: 32px; text-align: center;\"><a href=\"https:\/\/www.todofp.es\/dam\/jcr:8e9a871c-d51f-4b9f-87a9-0af8cd800ec5\/n-tpanaderiareposteriaconfiteriaes-pdf.pdf\" target=\"_blank\" rel=\"noopener\">ESP<\/a><\/td>\n<td style=\"width: 42.0682%; height: 32px; text-align: center;\"><a href=\"https:\/\/www.todofp.es\/dam\/jcr:63b33117-0419-4bd3-bc4f-e1709a1800aa\/n-tpanaderiareposteriaconfiteriaen-pdf.pdf\" target=\"_blank\" rel=\"noopener\">ENG<\/a><\/td>\n<\/tr>\n<tr style=\"height: 32px;\">\n<td style=\"width: 63.6017%; height: 32px;\">CFGM Serveis en Restauraci\u00f3<\/td>\n<td style=\"width: 18.5219%; height: 32px; text-align: center;\"><a href=\"https:\/\/todofp.es\/dam\/jcr:7199f364-4385-419d-ada7-82235b9a0e89\/n-tserviciosrestauraciones-pdf.pdf\" target=\"_blank\" rel=\"noopener\">ESP<\/a><\/td>\n<td style=\"width: 42.0682%; height: 32px; text-align: center;\"><a href=\"https:\/\/www.todofp.es\/dam\/jcr:1e22aa32-818e-46ef-a839-d9dc851c078f\/n-tserviciosrestauracionen-pdf.pdf\" target=\"_blank\" rel=\"noopener\">ENG<\/a><\/td>\n<\/tr>\n<tr style=\"height: 32px;\">\n<td style=\"width: 63.6017%; height: 32px;\">CFGM V\u00eddeo, Discj\u00f2quei i So<\/td>\n<td style=\"width: 18.5219%; height: 32px; text-align: center;\"><a href=\"https:\/\/todofp.es\/dam\/jcr:5f20b018-c8f4-4182-b370-f9bac1e5e6f7\/n-tvideodjsonidoes-pdf.pdf\" target=\"_blank\" rel=\"noopener\">ESP<\/a><\/td>\n<td style=\"width: 42.0682%; height: 32px; text-align: center;\"><a href=\"https:\/\/todofp.es\/dam\/jcr:31c6f701-8ed4-44c5-9a22-6e0579bdd6d4\/n-tvideodjsonidoen-pdf.pdf\" target=\"_blank\" rel=\"noopener\">ENG<\/a><\/td>\n<\/tr>\n<tr style=\"height: 32px;\">\n<td style=\"width: 63.6017%; height: 32px;\">CFGS Gesti\u00f3 d&#8217;Allotjaments Tur\u00edstics<\/td>\n<td style=\"width: 18.5219%; height: 32px; text-align: center;\"><a href=\"https:\/\/www.todofp.es\/dam\/jcr:0957bee9-16a2-4839-b94c-55fa80326dbe\/n-tsgestionalojamientosturisticoses-pdf.pdf\" target=\"_blank\" rel=\"noopener\">ESP<\/a><\/td>\n<td style=\"width: 42.0682%; height: 32px; text-align: center;\"><a href=\"https:\/\/www.todofp.es\/dam\/jcr:9161170e-b6c0-4e18-9e18-d830f97f778a\/n-tsgestionalojamientosturisticosen-pdf.pdf\" target=\"_blank\" rel=\"noopener\">ENG<\/a><\/td>\n<\/tr>\n<\/tbody>\n<\/table>\n<h4><strong>Empreses s\u00f2cies<\/strong><\/h4>\n<table style=\"border-collapse: collapse; width: 50.1057%;\">\n<tbody>\n<tr>\n<td style=\"width: 25.1586%;\"><a href=\"https:\/\/rik.cy\/\" target=\"_blank\" rel=\"noopener\"><img loading=\"lazy\" decoding=\"async\" class=\"alignnone wp-image-16069 size-full\" src=\"https:\/\/agora.xtec.cat\/iesramoncoll\/wp-content\/uploads\/usu536\/2024\/02\/RIK.png\" alt=\"\" width=\"306\" height=\"165\" srcset=\"https:\/\/agora.xtec.cat\/iesramoncoll\/wp-content\/uploads\/usu536\/2024\/02\/RIK.png 306w, https:\/\/agora.xtec.cat\/iesramoncoll\/wp-content\/uploads\/usu536\/2024\/02\/RIK-300x162.png 300w\" sizes=\"auto, (max-width: 306px) 100vw, 306px\" \/><\/a><\/td>\n<td style=\"width: 24.9471%;\"><a href=\"https:\/\/www.sunhallhotel.com.cy\/about-us\/\"><img loading=\"lazy\" decoding=\"async\" class=\"alignnone wp-image-17780 size-medium\" src=\"https:\/\/agora.xtec.cat\/iesramoncoll\/wp-content\/uploads\/usu536\/2025\/02\/Sun-Hall-Hotel-300x292.png\" alt=\"\" width=\"300\" height=\"292\" srcset=\"https:\/\/agora.xtec.cat\/iesramoncoll\/wp-content\/uploads\/usu536\/2025\/02\/Sun-Hall-Hotel-300x292.png 300w, https:\/\/agora.xtec.cat\/iesramoncoll\/wp-content\/uploads\/usu536\/2025\/02\/Sun-Hall-Hotel.png 318w\" sizes=\"auto, (max-width: 300px) 100vw, 300px\" \/><\/a><\/td>\n<\/tr>\n<tr>\n<td style=\"width: 25.1586%;\">\n<p style=\"text-align: center;\"><strong>Cyprus Broadcasting Corporation<\/strong><\/p>\n<p style=\"text-align: center;\">(Nic\u00f2sia, Xipre)<\/p>\n<\/td>\n<td style=\"width: 24.9471%;\">\n<p style=\"text-align: center;\"><strong>Sun Hall Hotel<\/strong><\/p>\n<p style=\"text-align: center;\">(L\u00e0rnaca, Xipre)<\/p>\n<\/td>\n<\/tr>\n<\/tbody>\n<\/table>\n<p>&nbsp;<\/p>\n","protected":false},"excerpt":{"rendered":"<p>Convocat\u00f2ries atorgades al centre<\/p>\n<ul>\n<li>Resoluci\u00f3 per la qual es fa p\u00fablica la llista PROVISIONAL de centres seleccionats, no seleccionats i exclosos que passen a la fase de valoraci\u00f3 perqu\u00e8 l\u2019alumnat i professorat pugui dur a terme estades formatives en empreses, entitats o centres educatius d\u2019altres pa\u00efsos&hellip;  <a href=\"https:\/\/agora.xtec.cat\/iesramoncoll\/oficina-internacionalitzacio\/practiques-internacionals-vet-he\/\" title=\"Read Pr\u00e0ctiques internacionals VET i HE\">Llegeix m\u00e9s\u00bb<\/a><br \/>\n","protected":false},"author":176,"featured_media":0,"parent":15726,"menu_order":40,"comment_status":"closed","ping_status":"closed","template":"page-templates\/side-menu.php","meta":{"_bbp_topic_count":0,"_bbp_reply_count":0,"_bbp_total_topic_count":0,"_bbp_total_reply_count":0,"_bbp_voice_count":0,"_bbp_anonymous_reply_count":0,"_bbp_topic_count_hidden":0,"_bbp_reply_count_hidden":0,"_bbp_forum_subforum_count":0,"footnotes":""},"class_list":["post-16010","page","type-page","status-publish","hentry"],"post_mailing_queue_ids":[],"_links":{"self":[{"href":"https:\/\/agora.xtec.cat\/iesramoncoll\/wp-json\/wp\/v2\/pages\/16010","targetHints":{"allow":["GET"]}}],"collection":[{"href":"https:\/\/agora.xtec.cat\/iesramoncoll\/wp-json\/wp\/v2\/pages"}],"about":[{"href":"https:\/\/agora.xtec.cat\/iesramoncoll\/wp-json\/wp\/v2\/types\/page"}],"author":[{"embeddable":true,"href":"https:\/\/agora.xtec.cat\/iesramoncoll\/wp-json\/wp\/v2\/users\/176"}],"replies":[{"embeddable":true,"href":"https:\/\/agora.xtec.cat\/iesramoncoll\/wp-json\/wp\/v2\/comments?post=16010"}],"version-history":[{"count":6,"href":"https:\/\/agora.xtec.cat\/iesramoncoll\/wp-json\/wp\/v2\/pages\/16010\/revisions"}],"predecessor-version":[{"id":19704,"href":"https:\/\/agora.xtec.cat\/iesramoncoll\/wp-json\/wp\/v2\/pages\/16010\/revisions\/19704"}],"up":[{"embeddable":true,"href":"https:\/\/agora.xtec.cat\/iesramoncoll\/wp-json\/wp\/v2\/pages\/15726"}],"wp:attachment":[{"href":"https:\/\/agora.xtec.cat\/iesramoncoll\/wp-json\/wp\/v2\/media?parent=16010"}],"curies":[{"name":"wp","href":"https:\/\/api.w.org\/{rel}","templated":true}]}}