{"id":15726,"date":"2024-01-12T00:10:39","date_gmt":"2024-01-11T23:10:39","guid":{"rendered":"https:\/\/agora.xtec.cat\/iesramoncoll\/?page_id=15726"},"modified":"2024-02-24T13:41:08","modified_gmt":"2024-02-24T12:41:08","slug":"oficina-internacionalitzacio","status":"publish","type":"page","link":"https:\/\/agora.xtec.cat\/iesramoncoll\/oficina-internacionalitzacio\/","title":{"rendered":"Oficina d\u2019internacionalitzaci\u00f3"},"content":{"rendered":"<p><img loading=\"lazy\" decoding=\"async\" class=\"alignnone wp-image-16034 size-large\" src=\"https:\/\/agora.xtec.cat\/iesramoncoll\/wp-content\/uploads\/usu536\/2024\/02\/Banner-OficinaInternacionalitzacio-1024x356.png\" alt=\"\" width=\"1024\" height=\"356\" srcset=\"https:\/\/agora.xtec.cat\/iesramoncoll\/wp-content\/uploads\/usu536\/2024\/02\/Banner-OficinaInternacionalitzacio-1024x356.png 1024w, https:\/\/agora.xtec.cat\/iesramoncoll\/wp-content\/uploads\/usu536\/2024\/02\/Banner-OficinaInternacionalitzacio-300x104.png 300w, https:\/\/agora.xtec.cat\/iesramoncoll\/wp-content\/uploads\/usu536\/2024\/02\/Banner-OficinaInternacionalitzacio-768x267.png 768w, https:\/\/agora.xtec.cat\/iesramoncoll\/wp-content\/uploads\/usu536\/2024\/02\/Banner-OficinaInternacionalitzacio-1536x534.png 1536w, https:\/\/agora.xtec.cat\/iesramoncoll\/wp-content\/uploads\/usu536\/2024\/02\/Banner-OficinaInternacionalitzacio-2048x712.png 2048w\" sizes=\"auto, (max-width: 1024px) 100vw, 1024px\" \/><\/p>\n<p><span style=\"font-weight: 400;\">L\u2019<strong>Oficina d\u2019Internacionalitzaci\u00f3<\/strong> est\u00e0 formada per la <strong>Comissi\u00f3 d\u2019Internacionalitzaci\u00f3 i Mobilitat<\/strong> del centre i brinda servei al conjunt de la comunitat educativa que conforma les etapes educatives que s\u2019integren a l\u2019ESO, Batxillerat i Ensenyaments Professionals.<\/span><\/p>\n<p><span style=\"font-weight: 400;\">L\u2019oficina d\u2019internacionalitzaci\u00f3 impulsa, promou i fomenta la participaci\u00f3 del centre en projectes i\/o programes de mobilitat, especialment en el marc del <strong>Programa Erasmus+<\/strong>, implicant al conjunt de la nostra comunitat educativa d\u2019acord amb les inquietuds i interessos que ens ocupen.\u00a0<\/span><\/p>\n<p><span style=\"font-weight: 400;\">L\u2019objectiu de l\u2019Oficina \u00e9s establir una <strong>cultura d\u2019internacionalitzaci\u00f3<\/strong> al centre que enriqueixi i doni suport al desenvolupament educatiu, professional i personal dels agents educatius arreu d\u2019Europa. D\u2019aquesta manera, es pret\u00e9n fomentar el seu creixement i la seva formaci\u00f3 a partir de la <strong>cohesi\u00f3 social i refor\u00e7ant la identitat europea<\/strong>.\u00a0<\/span><\/p>\n<p><span style=\"font-weight: 400;\">\u00c9s per aix\u00f2 que l\u2019Oficina d\u2019Internacionalitzaci\u00f3 treballa per dur a terme projectes que compleixin una s\u00e8rie d\u2019accions b\u00e0siques com, per exemple:\u00a0<\/span><\/p>\n<ul>\n<li style=\"font-weight: 400;\" aria-level=\"1\"><span style=\"font-weight: 400;\">Facilitar la mobilitat dels individus, sigui professorat, alumnat o personal administratiu dins la UE;<\/span><\/li>\n<li style=\"font-weight: 400;\" aria-level=\"1\"><span style=\"font-weight: 400;\">estimular l\u2019aprenentatge o perfeccionament de lleng\u00fces estrangeres;<\/span><\/li>\n<li style=\"font-weight: 400;\" aria-level=\"1\"><span style=\"font-weight: 400;\">establir relacions de cooperaci\u00f3 i col\u00b7laboraci\u00f3 amb socis diversos;<\/span><\/li>\n<li style=\"font-weight: 400;\" aria-level=\"1\"><span style=\"font-weight: 400;\">realitzar projectes que promoguin la innovaci\u00f3, la creativitat i la participaci\u00f3 de tots els membres de la comunitat educativa.<\/span><\/li>\n<\/ul>\n<p><span style=\"font-weight: 400;\">En definitiva, l\u2019Oficina d&#8217;Internacionalitzaci\u00f3 \u00e9s una estructura de treball que dona suport i vetlla perqu\u00e8 els projectes de mobilitat es desenvolupin d\u2019acord amb l\u2019objectiu i les accions esmentades pr\u00e8viament, de manera que el centre i els seus agents adoptin una <strong>dimensi\u00f3 d\u2019internacionalitzaci\u00f3 en el seu desenvolupament personal i professional<\/strong> que perduri al llarg de la vida.\u00a0<\/span><\/p>\n","protected":false},"excerpt":{"rendered":"<p>L\u2019Oficina d\u2019Internacionalitzaci\u00f3 est\u00e0 formada per la Comissi\u00f3 d\u2019Internacionalitzaci\u00f3 i Mobilitat del centre i brinda servei al conjunt de la comunitat educativa que conforma les etapes educatives que s\u2019integren a l\u2019ESO, Batxillerat i Ensenyaments Professionals.<br \/>\nL\u2019oficina d\u2019internacionalitzaci\u00f3 impulsa, promou i fomenta la participaci\u00f3 del centre en projectes&hellip;  <a href=\"https:\/\/agora.xtec.cat\/iesramoncoll\/oficina-internacionalitzacio\/\" title=\"Read Oficina d\u2019internacionalitzaci\u00f3\">Llegeix m\u00e9s\u00bb<\/a><\/p>\n","protected":false},"author":5,"featured_media":0,"parent":0,"menu_order":0,"comment_status":"closed","ping_status":"closed","template":"page-templates\/side-menu.php","meta":{"_bbp_topic_count":0,"_bbp_reply_count":0,"_bbp_total_topic_count":0,"_bbp_total_reply_count":0,"_bbp_voice_count":0,"_bbp_anonymous_reply_count":0,"_bbp_topic_count_hidden":0,"_bbp_reply_count_hidden":0,"_bbp_forum_subforum_count":0,"footnotes":""},"class_list":["post-15726","page","type-page","status-publish","hentry"],"post_mailing_queue_ids":[],"_links":{"self":[{"href":"https:\/\/agora.xtec.cat\/iesramoncoll\/wp-json\/wp\/v2\/pages\/15726","targetHints":{"allow":["GET"]}}],"collection":[{"href":"https:\/\/agora.xtec.cat\/iesramoncoll\/wp-json\/wp\/v2\/pages"}],"about":[{"href":"https:\/\/agora.xtec.cat\/iesramoncoll\/wp-json\/wp\/v2\/types\/page"}],"author":[{"embeddable":true,"href":"https:\/\/agora.xtec.cat\/iesramoncoll\/wp-json\/wp\/v2\/users\/5"}],"replies":[{"embeddable":true,"href":"https:\/\/agora.xtec.cat\/iesramoncoll\/wp-json\/wp\/v2\/comments?post=15726"}],"version-history":[{"count":6,"href":"https:\/\/agora.xtec.cat\/iesramoncoll\/wp-json\/wp\/v2\/pages\/15726\/revisions"}],"predecessor-version":[{"id":16045,"href":"https:\/\/agora.xtec.cat\/iesramoncoll\/wp-json\/wp\/v2\/pages\/15726\/revisions\/16045"}],"wp:attachment":[{"href":"https:\/\/agora.xtec.cat\/iesramoncoll\/wp-json\/wp\/v2\/media?parent=15726"}],"curies":[{"name":"wp","href":"https:\/\/api.w.org\/{rel}","templated":true}]}}