{"id":15102,"date":"2023-07-28T01:14:04","date_gmt":"2023-07-27T23:14:04","guid":{"rendered":"https:\/\/agora.xtec.cat\/iesramoncoll\/?page_id=15102"},"modified":"2023-07-28T01:23:01","modified_gmt":"2023-07-27T23:23:01","slug":"ife-auxiliar-en-serveis-de-restauracio-i-elaboracio-dapats","status":"publish","type":"page","link":"https:\/\/agora.xtec.cat\/iesramoncoll\/estudis\/cicles-formatius\/ife-auxiliar-en-serveis-de-restauracio-i-elaboracio-dapats\/","title":{"rendered":"IFE: Auxiliar en Serveis de Restauraci\u00f3 i Elaboraci\u00f3 d&#8217;\u00c0pats"},"content":{"rendered":"<header class=\"entry-header\">\n<h1 class=\"entry-title\"><\/h1>\n<\/header>\n<div class=\"entry-content\">\n<table style=\"width: 100.044%;\" width=\"572\">\n<tbody>\n<tr>\n<td style=\"width: 42.4825%;\" width=\"248\"><strong>Auxiliar en serveis de restauraci\u00f3 i elaboraci\u00f3 d\u2019\u00e0pats<\/strong><\/td>\n<td style=\"width: 16.2587%;\" width=\"95\"><strong>IFE<\/strong><\/td>\n<td style=\"width: 124.65%;\" width=\"229\">(3.360 hores \u2013 4 cursos acad\u00e8mics)<\/td>\n<\/tr>\n<tr>\n<td style=\"width: 183.392%;\" colspan=\"3\" width=\"572\">\n<h3>Descripci\u00f3<\/h3>\n<\/td>\n<\/tr>\n<tr>\n<td style=\"width: 183.392%;\" colspan=\"3\" width=\"572\">\n<p style=\"text-align: justify;\">Aquests estudis desenvolupen compet\u00e8ncies per fer tasques auxiliars en els processos b\u00e0sics de producci\u00f3 culin\u00e0ria, preparaci\u00f3 d\u2019aliments i begudes, amb assist\u00e8ncia en els processos de servei i d\u2019atenci\u00f3 al client en els serveis de restauraci\u00f3, de preparaci\u00f3 de comandes i de venda de productes, tenint en compte les normes de prevenci\u00f3 de riscos laborals i la protecci\u00f3 mediambiental corresponents, aix\u00ed com compet\u00e8ncies de comunicaci\u00f3, autonomia personal i participaci\u00f3 en activitats comunit\u00e0ries.<\/p>\n<p style=\"text-align: justify;\">La durada \u00e9s de 3.360 hores, que es distribueixen en\u00a0<strong>quatre cursos<\/strong>\u00a0acad\u00e8mics. El darrer curs inclou la Formaci\u00f3 en Centres de Treball.<\/p>\n<\/td>\n<\/tr>\n<tr>\n<td style=\"width: 183.392%;\" colspan=\"3\" width=\"572\">\n<h3>Acc\u00e9s<\/h3>\n<\/td>\n<\/tr>\n<tr>\n<td style=\"width: 183.392%; text-align: justify;\" colspan=\"3\" width=\"572\">\n<p style=\"text-align: justify;\">Poden accedir als itineraris els joves amb necessitats educatives especials associades a\u00a0<strong>discapacitat intel\u00b7lectual lleu o moderada que tenen com a m\u00ednim 16 anys d\u2019edat i com a \u00a0m\u00e0xim 20, l\u2019any natural<\/strong>\u00a0d\u2019inici de l\u2019itinerari i preferentment que no hagin obtingut el t\u00edtol de graduat en educaci\u00f3 secund\u00e0ria obligat\u00f2ria.<\/p>\n<\/td>\n<\/tr>\n<tr>\n<td style=\"width: 183.392%;\" colspan=\"3\" width=\"572\">\n<h3>M\u00f2duls Professionals Comuns<\/h3>\n<\/td>\n<\/tr>\n<tr>\n<td style=\"width: 183.392%;\" colspan=\"3\" width=\"572\">\n<ul>\n<li>Vida Saludable i Cura d\u2019un Mateix (210 hores)<\/li>\n<li>Comunicaci\u00f3 i Relacions Interpersonals (210 hores)<\/li>\n<li>Viure en Entorns Propers (175 hores)<\/li>\n<li>\u00das d\u2019Establiments i Serveis (140 hores)<\/li>\n<li>Organitzaci\u00f3 Personal (175 hores)<\/li>\n<li>Activitats Comunit\u00e0ries (140 hores)<\/li>\n<li>Participaci\u00f3 Ciutadana (140 hores)<\/li>\n<li>Iniciaci\u00f3 a l\u2019Activitat Laboral (385 hores)<\/li>\n<li>Organitzaci\u00f3 de les Empreses (105 hores)<\/li>\n<li>M\u00f3n Laboral (105 hores)<\/li>\n<li>Desenvolupament en el Lloc de Treball (140 hores)<\/li>\n<li>Tutoria (70 hores per curs)<\/li>\n<\/ul>\n<\/td>\n<\/tr>\n<tr>\n<td style=\"width: 183.392%;\" colspan=\"3\" width=\"572\">\n<h3>M\u00f2duls Professionals Espec\u00edfics<\/h3>\n<\/td>\n<\/tr>\n<tr>\n<td style=\"width: 183.392%;\" colspan=\"3\" width=\"572\">\n<ul>\n<li>Processos B\u00e0sics de Producci\u00f3 Culin\u00e0ria (245 hores)<\/li>\n<li>Processos B\u00e0sics de Preparaci\u00f3 d\u2019Aliments i Begudes (140 hores)<\/li>\n<li>T\u00e8cniques Elementals de Servei (245 hores)<\/li>\n<li>Preparaci\u00f3 de Comandes i Venda de Productes (140 hores)<\/li>\n<li>Formaci\u00f3 en Centres de Treball (385 hores)<\/li>\n<\/ul>\n<\/td>\n<\/tr>\n<tr>\n<td style=\"width: 183.392%;\" colspan=\"3\" width=\"572\">\n<h3>Perfil Professional<\/h3>\n<\/td>\n<\/tr>\n<tr>\n<td style=\"width: 183.392%;\" colspan=\"3\" width=\"572\">\n<p style=\"text-align: justify;\">La superaci\u00f3 de l\u2019itinerari comporta l\u2019obtenci\u00f3 de:<\/p>\n<ul>\n<li style=\"text-align: justify;\">Certificat acad\u00e8mic i professional amb la qualificaci\u00f3 final obtinguda i l\u2019acreditaci\u00f3 de les compet\u00e8ncies professionals assolides.<\/li>\n<\/ul>\n<\/td>\n<\/tr>\n<\/tbody>\n<\/table>\n<\/div>\n","protected":false},"excerpt":{"rendered":"<p>Auxiliar en serveis de restauraci\u00f3 i elaboraci\u00f3 d\u2019\u00e0pats<br \/>\nIFE<br \/>\n(3.360 hores \u2013 4 cursos acad\u00e8mics)<\/p>\n<p>Descripci\u00f3<\/p>\n<p>Aquests estudis desenvolupen compet\u00e8ncies per fer tasques auxiliars en els processos b\u00e0sics de producci\u00f3 culin\u00e0ria, preparaci\u00f3 d\u2019aliments i begudes, amb assist\u00e8ncia en els processos de servei i d\u2019atenci\u00f3 al client en els serveis&hellip;  <a href=\"https:\/\/agora.xtec.cat\/iesramoncoll\/estudis\/cicles-formatius\/ife-auxiliar-en-serveis-de-restauracio-i-elaboracio-dapats\/\" title=\"Read IFE: Auxiliar en Serveis de Restauraci\u00f3 i Elaboraci\u00f3 d&#8217;\u00c0pats\">Llegeix m\u00e9s\u00bb<\/a><\/p>\n","protected":false},"author":5,"featured_media":0,"parent":8374,"menu_order":0,"comment_status":"closed","ping_status":"closed","template":"","meta":{"_bbp_topic_count":0,"_bbp_reply_count":0,"_bbp_total_topic_count":0,"_bbp_total_reply_count":0,"_bbp_voice_count":0,"_bbp_anonymous_reply_count":0,"_bbp_topic_count_hidden":0,"_bbp_reply_count_hidden":0,"_bbp_forum_subforum_count":0,"footnotes":""},"class_list":["post-15102","page","type-page","status-publish","hentry"],"post_mailing_queue_ids":[],"_links":{"self":[{"href":"https:\/\/agora.xtec.cat\/iesramoncoll\/wp-json\/wp\/v2\/pages\/15102","targetHints":{"allow":["GET"]}}],"collection":[{"href":"https:\/\/agora.xtec.cat\/iesramoncoll\/wp-json\/wp\/v2\/pages"}],"about":[{"href":"https:\/\/agora.xtec.cat\/iesramoncoll\/wp-json\/wp\/v2\/types\/page"}],"author":[{"embeddable":true,"href":"https:\/\/agora.xtec.cat\/iesramoncoll\/wp-json\/wp\/v2\/users\/5"}],"replies":[{"embeddable":true,"href":"https:\/\/agora.xtec.cat\/iesramoncoll\/wp-json\/wp\/v2\/comments?post=15102"}],"version-history":[{"count":3,"href":"https:\/\/agora.xtec.cat\/iesramoncoll\/wp-json\/wp\/v2\/pages\/15102\/revisions"}],"predecessor-version":[{"id":15105,"href":"https:\/\/agora.xtec.cat\/iesramoncoll\/wp-json\/wp\/v2\/pages\/15102\/revisions\/15105"}],"up":[{"embeddable":true,"href":"https:\/\/agora.xtec.cat\/iesramoncoll\/wp-json\/wp\/v2\/pages\/8374"}],"wp:attachment":[{"href":"https:\/\/agora.xtec.cat\/iesramoncoll\/wp-json\/wp\/v2\/media?parent=15102"}],"curies":[{"name":"wp","href":"https:\/\/api.w.org\/{rel}","templated":true}]}}