{"id":10586,"date":"2021-05-06T01:52:33","date_gmt":"2021-05-05T23:52:33","guid":{"rendered":"http:\/\/agora.xtec.cat\/iesramoncoll\/?page_id=10586"},"modified":"2023-04-28T01:18:11","modified_gmt":"2023-04-27T23:18:11","slug":"pfi-ptt","status":"publish","type":"page","link":"https:\/\/agora.xtec.cat\/iesramoncoll\/estudis\/pfi-ptt\/","title":{"rendered":"PFI-PTT"},"content":{"rendered":"<p style=\"text-align: justify;\"><a href=\"https:\/\/agora.xtec.cat\/iesramoncoll\/wp-content\/uploads\/usu536\/2023\/04\/logo-PFI-PTT.jpg\"><img loading=\"lazy\" decoding=\"async\" class=\"alignleft  wp-image-14458\" src=\"https:\/\/agora.xtec.cat\/iesramoncoll\/wp-content\/uploads\/usu536\/2023\/04\/logo-PFI-PTT.jpg\" alt=\"\" width=\"367\" height=\"200\" srcset=\"https:\/\/agora.xtec.cat\/iesramoncoll\/wp-content\/uploads\/usu536\/2023\/04\/logo-PFI-PTT.jpg 684w, https:\/\/agora.xtec.cat\/iesramoncoll\/wp-content\/uploads\/usu536\/2023\/04\/logo-PFI-PTT-300x164.jpg 300w\" sizes=\"auto, (max-width: 367px) 100vw, 367px\" \/><\/a>L&#8217;Institut Ramon Coll i Rod\u00e9s \u00e9s, des del curs 2021-22, l&#8217;institut de refer\u00e8ncia del <a href=\"https:\/\/www.lloret.cat\/seccions\/educacio\/serveis-educatius\/ptt-pla-de-transicio-al-treball\" target=\"_blank\" rel=\"noopener noreferrer\"><span style=\"color: #3366ff;\">PFI-PTT Lloret de Mar<\/span><\/a>.<\/p>\n<p style=\"text-align: justify;\">El Pla de Transici\u00f3 al treball (PTT) i el Pla de Formaci\u00f3 i inserci\u00f3 (PFI) s\u00f3n programes adre\u00e7ats a joves d&#8217;entre 16 i 21 anys que no han obtingut el Graduat en Educaci\u00f3 Secund\u00e0ria Obligat\u00f2ria (ESO) que tenen una finalitat formativa i professionalitzadora en un perfil professional concret.<\/p>\n<p style=\"text-align: justify;\">Els PFI-PTT ofereixen la possibilitat de millorar la qualificaci\u00f3 i les oportunitats d&#8217;incorporaci\u00f3 al m\u00f3n laboral i, alhora, una via que faciliti l&#8217;acc\u00e9s tant als cicles formatius de grau mitj\u00e0 (CFGM), com a altres ofertes formatives.<\/p>\n<h4 style=\"text-align: justify;\"><span style=\"color: #47a3ff;\">Durada<\/span><\/h4>\n<p style=\"text-align: justify;\">La durada dels programes de formaci\u00f3 \u00e9s d&#8217;un curs escolar: de setembre a juny (1.000 hores).<\/p>\n<h4 style=\"text-align: justify;\"><span style=\"color: #47a3ff;\">Perfils<\/span><\/h4>\n<p style=\"text-align: justify;\"><img loading=\"lazy\" decoding=\"async\" class=\"\" src=\"https:\/\/img.icons8.com\/ultraviolet\/40\/000000\/add-link.png\" width=\"25\" height=\"25\" \/> <a href=\"http:\/\/agora.xtec.cat\/iesramoncoll\/estudis\/ptt-pfi\/pfi-dauxiliar-dhoteleria-cuina-i-serveis-de-restauracio\/\"><span style=\"color: #3366ff;\">Auxiliar d\u2019Hoteleria: Cuina i Serveis de Restauraci\u00f3.<\/span><\/a><\/p>\n<p style=\"text-align: justify;\"><img loading=\"lazy\" decoding=\"async\" class=\"\" src=\"https:\/\/img.icons8.com\/ultraviolet\/40\/000000\/add-link.png\" width=\"25\" height=\"25\" \/> <a href=\"http:\/\/agora.xtec.cat\/iesramoncoll\/estudis\/ptt-pfi\/pfi-dauxiliar-de-vendes-oficina-i-atencio-al-public\/\"><span style=\"color: #3366ff;\">Auxiliar de Vendes, Oficina i Atenci\u00f3 al P\u00fablic.<\/span><\/a><\/p>\n<h4 style=\"text-align: justify;\"><span style=\"color: #47a3ff;\">Continguts<\/span><\/h4>\n<p style=\"text-align: justify;\">Estructura dels programes:<\/p>\n<p style=\"text-align: justify;\">\u2022 M\u00f2duls de formaci\u00f3 general per a l&#8217;adquisici\u00f3 de compet\u00e8ncies instrumentals b\u00e0siques que han de facilitar l&#8217;assoliment de les compet\u00e8ncies professionals: operacions matem\u00e0tiques b\u00e0siques, comunicaci\u00f3 oral i escrita (catal\u00e0, castell\u00e0 i angl\u00e8s), TIC, entorn social i incorporaci\u00f3 al m\u00f3n professional.<\/p>\n<p style=\"text-align: justify;\">\u2022 M\u00f2duls de formaci\u00f3 professional per a l&#8217;assoliment de les compet\u00e8ncies professionals, que inclouen un m\u00f2dul de pr\u00e0ctiques en empreses.<\/p>\n<p style=\"text-align: justify;\">\u2022 Accions de seguiment i orientaci\u00f3 de l&#8217;alumnat.<\/p>\n<p style=\"text-align: justify;\">En finalitzar el curs, els centres hauran de fer l\u2019avaluaci\u00f3 final de l\u2019alumnat PFI. L\u2019alumne podr\u00e0 obtenir dos certificats:<\/p>\n<p style=\"text-align: justify;\">\u2022 Certificat PFI amb la qualificaci\u00f3 final dels m\u00f2duls i la relaci\u00f3 d\u2019unitats de compet\u00e8ncia acreditades.<\/p>\n<p style=\"text-align: justify;\">El certificat del curs CAM. Els alumnes hauran d\u2018obtenir un m\u00ednim de 4 punts sobre 10 en cadascun dels \u00e0mbits. La nota final es calcular\u00e0 com la mitjana aritm\u00e8tica de cadascun dels \u00e0mbits expressada amb dos decimals. Per obtenir el certificat la nota final ha de ser 5 o superior.<\/p>\n<p style=\"text-align: center;\"><a href=\"https:\/\/drive.google.com\/file\/d\/1Gvnpt0BmPSQO4rcUTw7y8y03SwnOLJDa\/view?usp=sharing\"><img loading=\"lazy\" decoding=\"async\" class=\"aligncenter wp-image-12145 size-full\" src=\"https:\/\/agora.xtec.cat\/iesramoncoll\/wp-content\/uploads\/usu536\/2022\/03\/D\u00a1ptics-per-a-centres-PFI-PIP-2022-2023-perfils_page-0001.jpg\" alt=\"\" width=\"1755\" height=\"1246\" srcset=\"https:\/\/agora.xtec.cat\/iesramoncoll\/wp-content\/uploads\/usu536\/2022\/03\/D\u00a1ptics-per-a-centres-PFI-PIP-2022-2023-perfils_page-0001.jpg 1755w, https:\/\/agora.xtec.cat\/iesramoncoll\/wp-content\/uploads\/usu536\/2022\/03\/D\u00a1ptics-per-a-centres-PFI-PIP-2022-2023-perfils_page-0001-300x213.jpg 300w, https:\/\/agora.xtec.cat\/iesramoncoll\/wp-content\/uploads\/usu536\/2022\/03\/D\u00a1ptics-per-a-centres-PFI-PIP-2022-2023-perfils_page-0001-1024x727.jpg 1024w, https:\/\/agora.xtec.cat\/iesramoncoll\/wp-content\/uploads\/usu536\/2022\/03\/D\u00a1ptics-per-a-centres-PFI-PIP-2022-2023-perfils_page-0001-768x545.jpg 768w, https:\/\/agora.xtec.cat\/iesramoncoll\/wp-content\/uploads\/usu536\/2022\/03\/D\u00a1ptics-per-a-centres-PFI-PIP-2022-2023-perfils_page-0001-1536x1091.jpg 1536w\" sizes=\"auto, (max-width: 1755px) 100vw, 1755px\" \/><\/a><a href=\"https:\/\/drive.google.com\/file\/d\/1Gvnpt0BmPSQO4rcUTw7y8y03SwnOLJDa\/view?usp=sharing\"><img loading=\"lazy\" decoding=\"async\" class=\"aligncenter wp-image-12146 size-full\" src=\"https:\/\/agora.xtec.cat\/iesramoncoll\/wp-content\/uploads\/usu536\/2022\/03\/D\u00a1ptics-per-a-centres-PFI-PIP-2022-2023-perfils_page-0002.jpg\" alt=\"\" width=\"1755\" height=\"1246\" srcset=\"https:\/\/agora.xtec.cat\/iesramoncoll\/wp-content\/uploads\/usu536\/2022\/03\/D\u00a1ptics-per-a-centres-PFI-PIP-2022-2023-perfils_page-0002.jpg 1755w, https:\/\/agora.xtec.cat\/iesramoncoll\/wp-content\/uploads\/usu536\/2022\/03\/D\u00a1ptics-per-a-centres-PFI-PIP-2022-2023-perfils_page-0002-300x213.jpg 300w, https:\/\/agora.xtec.cat\/iesramoncoll\/wp-content\/uploads\/usu536\/2022\/03\/D\u00a1ptics-per-a-centres-PFI-PIP-2022-2023-perfils_page-0002-1024x727.jpg 1024w, https:\/\/agora.xtec.cat\/iesramoncoll\/wp-content\/uploads\/usu536\/2022\/03\/D\u00a1ptics-per-a-centres-PFI-PIP-2022-2023-perfils_page-0002-768x545.jpg 768w, https:\/\/agora.xtec.cat\/iesramoncoll\/wp-content\/uploads\/usu536\/2022\/03\/D\u00a1ptics-per-a-centres-PFI-PIP-2022-2023-perfils_page-0002-1536x1091.jpg 1536w\" sizes=\"auto, (max-width: 1755px) 100vw, 1755px\" \/><\/a><\/p>\n<p style=\"text-align: center;\">\n","protected":false},"excerpt":{"rendered":"<p><a href=\"https:\/\/agora.xtec.cat\/iesramoncoll\/wp-content\/uploads\/usu536\/2023\/04\/logo-PFI-PTT.jpg\"><\/a>L&#8217;Institut Ramon Coll i Rod\u00e9s \u00e9s, des del curs 2021-22, l&#8217;institut de refer\u00e8ncia del <a href=\"https:\/\/www.lloret.cat\/seccions\/educacio\/serveis-educatius\/ptt-pla-de-transicio-al-treball\" target=\"_blank\" rel=\"noopener noreferrer\">PFI-PTT Lloret de Mar<\/a>.<br \/>\nEl Pla de Transici\u00f3 al treball (PTT) i el Pla de Formaci\u00f3 i inserci\u00f3 (PFI) s\u00f3n programes adre\u00e7ats a joves d&#8217;entre 16 i&hellip;  <a href=\"https:\/\/agora.xtec.cat\/iesramoncoll\/estudis\/pfi-ptt\/\" title=\"Read PFI-PTT\">Llegeix m\u00e9s\u00bb<\/a><\/p>\n","protected":false},"author":5,"featured_media":0,"parent":195,"menu_order":0,"comment_status":"closed","ping_status":"closed","template":"","meta":{"_bbp_topic_count":0,"_bbp_reply_count":0,"_bbp_total_topic_count":0,"_bbp_total_reply_count":0,"_bbp_voice_count":0,"_bbp_anonymous_reply_count":0,"_bbp_topic_count_hidden":0,"_bbp_reply_count_hidden":0,"_bbp_forum_subforum_count":0,"footnotes":""},"class_list":["post-10586","page","type-page","status-publish","hentry"],"post_mailing_queue_ids":[],"_links":{"self":[{"href":"https:\/\/agora.xtec.cat\/iesramoncoll\/wp-json\/wp\/v2\/pages\/10586","targetHints":{"allow":["GET"]}}],"collection":[{"href":"https:\/\/agora.xtec.cat\/iesramoncoll\/wp-json\/wp\/v2\/pages"}],"about":[{"href":"https:\/\/agora.xtec.cat\/iesramoncoll\/wp-json\/wp\/v2\/types\/page"}],"author":[{"embeddable":true,"href":"https:\/\/agora.xtec.cat\/iesramoncoll\/wp-json\/wp\/v2\/users\/5"}],"replies":[{"embeddable":true,"href":"https:\/\/agora.xtec.cat\/iesramoncoll\/wp-json\/wp\/v2\/comments?post=10586"}],"version-history":[{"count":3,"href":"https:\/\/agora.xtec.cat\/iesramoncoll\/wp-json\/wp\/v2\/pages\/10586\/revisions"}],"predecessor-version":[{"id":14459,"href":"https:\/\/agora.xtec.cat\/iesramoncoll\/wp-json\/wp\/v2\/pages\/10586\/revisions\/14459"}],"up":[{"embeddable":true,"href":"https:\/\/agora.xtec.cat\/iesramoncoll\/wp-json\/wp\/v2\/pages\/195"}],"wp:attachment":[{"href":"https:\/\/agora.xtec.cat\/iesramoncoll\/wp-json\/wp\/v2\/media?parent=10586"}],"curies":[{"name":"wp","href":"https:\/\/api.w.org\/{rel}","templated":true}]}}