{"id":52,"date":"2014-09-17T16:58:07","date_gmt":"2014-09-17T16:58:07","guid":{"rendered":"http:\/\/agora.xtec.cat\/iesramonberenguer-amposta\/\/?page_id=52"},"modified":"2017-06-09T20:36:48","modified_gmt":"2017-06-09T18:36:48","slug":"calendari-del-curs","status":"publish","type":"page","link":"https:\/\/agora.xtec.cat\/iesramonberenguer-amposta\/linstitut\/calendari-del-curs\/","title":{"rendered":"Calendari del curs"},"content":{"rendered":"<p>&nbsp;<\/p>\n<div class=\"panel-heading\">\n<h2 class=\"panel-title\"><a class=\"\" href=\"http:\/\/ensenyament.gencat.cat\/ca\/arees-actuacio\/centres-serveis-educatius\/centres\/calendari-escolar\/curs-2017-2018\/#bloc2\" data-toggle=\"collapse\" data-parent=\"#acordio_distribuidora\">Calendari<\/a><\/h2>\n<\/div>\n<div id=\"bloc2\" class=\"panel-collapse collapse in\">\n<div class=\"col-xs-12\">\n<div class=\"cos_bloc basic_text_peq pd-15\">\n<p><strong>12 de setembre de 2017<\/strong>: inici de les classes al segon cicle de l&#8217;educaci\u00f3 infantil, l&#8217;educaci\u00f3 prim\u00e0ria, l&#8217;educaci\u00f3 secund\u00e0ria obligat\u00f2ria, el batxillerat, els cicles de grau mitj\u00e0 de formaci\u00f3 professional i d&#8217;arts pl\u00e0stiques i disseny i el curs de formaci\u00f3 espec\u00edfic per a l&#8217;acc\u00e9s a aquests cicles. A\u00a0l&#8217;educaci\u00f3 secund\u00e0ria obligat\u00f2ria, el batxillerat i els cicles de grau mitj\u00e0, aquest inici es podr\u00e0 endarrerir fins al 14 de setembre.<\/p>\n<p><strong>No m\u00e9s tard del 19 de setembre de 2017<\/strong>: inici de les classes als cicles de grau superior de formaci\u00f3 professional i d&#8217;arts pl\u00e0stiques i disseny, el curs de formaci\u00f3 espec\u00edfic per a l&#8217;acc\u00e9s a aquests cicles, els ensenyaments de r\u00e8gim especial, i els ensenyaments de centres i aules de formaci\u00f3 d&#8217;adults.<\/p>\n<p><strong>No m\u00e9s tard del 28 de setembre de 2017<\/strong>: inici de les classes als ensenyaments de les escoles oficials d&#8217;idiomes.<\/p>\n<p>Del<strong> 23 de desembre de 2017\u00a0<\/strong>al<strong>\u00a07 de gener de 2018<\/strong>: vacances de Nadal.<\/p>\n<p><strong>Del 24 de mar\u00e7 al 2 d&#8217;abril de 2018<\/strong>: vacances de Setmana Santa.<\/p>\n<p><strong>22 de juny de 2018<\/strong>: acaben les classes a tots els centres.<\/p>\n<p>Les proves extraordin\u00e0ries de l&#8217;ESO, de 1r de batxillerat i dels cursos de formaci\u00f3 espec\u00edfics d&#8217;acc\u00e9s als cicles es faran del<strong>\u00a03 al 5 de setembre de 2018<\/strong>. Per als cicles i el 2n curs de batxillerat les proves extraordin\u00e0ries es faran al mes de juny despr\u00e9s de les proves ordin\u00e0ries.<\/p>\n<\/div>\n<\/div>\n<\/div>\n<p>http:\/\/ensenyament.gencat.cat\/ca\/arees-actuacio\/centres-serveis-educatius\/centres\/calendari-escolar\/curs-2017-2018\/<\/p>\n","protected":false},"excerpt":{"rendered":"<p>&nbsp;<\/p>\n<p><a class=\"\" href=\"http:\/\/ensenyament.gencat.cat\/ca\/arees-actuacio\/centres-serveis-educatius\/centres\/calendari-escolar\/curs-2017-2018\/#bloc2\" data-toggle=\"collapse\" data-parent=\"#acordio_distribuidora\">Calendari<\/a><\/p>\n<p>12 de setembre de 2017: inici de les classes al segon cicle de l&#8217;educaci\u00f3 infantil, l&#8217;educaci\u00f3 prim\u00e0ria, l&#8217;educaci\u00f3 secund\u00e0ria obligat\u00f2ria, el batxillerat, els cicles de grau mitj\u00e0 de formaci\u00f3 professional i d&#8217;arts pl\u00e0stiques i disseny i el curs de formaci\u00f3 espec\u00edfic&hellip;  <a href=\"https:\/\/agora.xtec.cat\/iesramonberenguer-amposta\/linstitut\/calendari-del-curs\/\" title=\"Read Calendari del curs\">Llegeix m\u00e9s\u00bb<\/a><\/p>\n","protected":false},"author":1,"featured_media":0,"parent":19,"menu_order":70,"comment_status":"closed","ping_status":"closed","template":"page-templates\/side-menu.php","meta":{"_bbp_topic_count":0,"_bbp_reply_count":0,"_bbp_total_topic_count":0,"_bbp_total_reply_count":0,"_bbp_voice_count":0,"_bbp_anonymous_reply_count":0,"_bbp_topic_count_hidden":0,"_bbp_reply_count_hidden":0,"_bbp_forum_subforum_count":0,"footnotes":""},"class_list":["post-52","page","type-page","status-publish","hentry"],"post_mailing_queue_ids":[],"_links":{"self":[{"href":"https:\/\/agora.xtec.cat\/iesramonberenguer-amposta\/wp-json\/wp\/v2\/pages\/52","targetHints":{"allow":["GET"]}}],"collection":[{"href":"https:\/\/agora.xtec.cat\/iesramonberenguer-amposta\/wp-json\/wp\/v2\/pages"}],"about":[{"href":"https:\/\/agora.xtec.cat\/iesramonberenguer-amposta\/wp-json\/wp\/v2\/types\/page"}],"author":[{"embeddable":true,"href":"https:\/\/agora.xtec.cat\/iesramonberenguer-amposta\/wp-json\/wp\/v2\/users\/1"}],"replies":[{"embeddable":true,"href":"https:\/\/agora.xtec.cat\/iesramonberenguer-amposta\/wp-json\/wp\/v2\/comments?post=52"}],"version-history":[{"count":3,"href":"https:\/\/agora.xtec.cat\/iesramonberenguer-amposta\/wp-json\/wp\/v2\/pages\/52\/revisions"}],"predecessor-version":[{"id":536,"href":"https:\/\/agora.xtec.cat\/iesramonberenguer-amposta\/wp-json\/wp\/v2\/pages\/52\/revisions\/536"}],"up":[{"embeddable":true,"href":"https:\/\/agora.xtec.cat\/iesramonberenguer-amposta\/wp-json\/wp\/v2\/pages\/19"}],"wp:attachment":[{"href":"https:\/\/agora.xtec.cat\/iesramonberenguer-amposta\/wp-json\/wp\/v2\/media?parent=52"}],"curies":[{"name":"wp","href":"https:\/\/api.w.org\/{rel}","templated":true}]}}