{"id":27,"date":"2014-09-17T16:24:03","date_gmt":"2014-09-17T16:24:03","guid":{"rendered":"http:\/\/agora.xtec.cat\/iesramonberenguer-amposta\/\/?page_id=27"},"modified":"2017-06-09T12:24:07","modified_gmt":"2017-06-09T10:24:07","slug":"historia","status":"publish","type":"page","link":"https:\/\/agora.xtec.cat\/iesramonberenguer-amposta\/linstitut\/historia\/","title":{"rendered":"Hist\u00f2ria"},"content":{"rendered":"<div class=\"row\">\n<div class=\"col-md-9\">\n<h2 align=\"justify\"><strong>1954<\/strong><\/h2>\n<p align=\"justify\">L\u2019<strong>Institut Ramon Berenguer IV d\u2019Amposta<\/strong> va n\u00e9ixer el curs 1954-1955 arran de la necessitat de formar professionals competents en les t\u00e8cniques i m\u00e8todes m\u00e9s moderns que el progr\u00e9s requeria. En un entorn agr\u00edcola i ramader caracteritzat per una incipient ind\u00fastria i un comer\u00e7 derivats de l\u2019agricultura, el teixit econ\u00f2mic i empresarial d\u2019 aquell moment exigia personal cada vegada m\u00e9s qualificat.<\/p>\n<p align=\"justify\">El Ministerio de Educaci\u00f3n Nacional, a trav\u00e9s del Decret de 5 de febrer de 1954 (BOE del 14-02.54) creava l\u2019Institut Laboral de Ense\u00f1anza Media y Profesional (Modalidad Agr\u00edcola y Ganadera) d\u2019Amposta. Les activitats acad\u00e8miques s\u2019iniciaren, de forma provisional, en unes aules cedides a les escoles nacionals Miquel Granell, edifici on es troba actualment el Museu de les Terres de l\u2019Ebre.<\/p>\n<p align=\"justify\">Els arquitectes redactors del projecte foren Jos\u00e9 Martorell i Codina, Oriol Bohigas i Guardiola, Francesc Bass\u00f3 i Birul\u00e9s i Joaquim Gili i Moros. Tots quatre formaven part del grup R que seguia les directrius del Grup d\u2019Artistes i T\u00e8cnics Catalans per al Progr\u00e9s de l\u2019Arquitectura Contempor\u00e0nia (GATCPAC). Aquests van guanyar, l\u2019any 1953, el tercer premi en un concurs d\u2019\u00e0mbit nacional organitzat pel Ministeri d\u2019Educaci\u00f3. Els arquitectes Francesc Bass\u00f3 i Joaquim Gili foren finalment els encarregats del projecte d\u2019execuci\u00f3 de l\u2019Institut Ramon Berenguer IV. Les obres de construcci\u00f3 comen\u00e7aren el mar\u00e7 de 1956 i aix\u00ed s\u2019obria una etapa decisiva en la vida de l\u2019Institut i, en la de la nostra ciutat d\u2019 Amposta.<\/p>\n<\/div>\n<div class=\"col-md-3\"><img decoding=\"async\" src=\"http:\/\/www.iesramonberenguer.org\/images\/historia.jpg\" \/><\/div>\n<\/div>\n<p align=\"justify\">L\u2019<strong>Institut Ramon Berenguer IV<\/strong> \u00e9s una de les 92 obres que recull el llibre &#8220;Registre d\u2019Arquitectura Moderna a Catalunya 1925-1965&#8221; publicat pel Col\u00b7legi d\u2019Arquitectes de Catalunya l\u2019any 1996. Un projecte de reconegut nivell arquitect\u00f2nic, exemple d\u2019arquitectura moderna i racionalista. En el transcurs de la seva hist\u00f2ria el centre ha estat restaurat seguint el Projecte de Remodelaci\u00f3 aprovat el curs 1990-91. Al mes de febrer de 2004 comen\u00e7\u00e0 la sisena i \u00faltima fase de la restauraci\u00f3 projectada.<\/p>\n<p align=\"justify\">El curs 2004-2005 v\u00e0rem celebrar el 50\u00e8 aniversari del nostre Institut.<\/p>\n<h2 align=\"justify\">2017<\/h2>\n<p>&nbsp;<\/p>\n<p><a href=\"http:\/\/agora.xtec.cat\/iesramonberenguer-amposta\/\/wp-content\/uploads\/usu297\/2014\/09\/exemple1b.png\"><img loading=\"lazy\" decoding=\"async\" class=\"size-medium wp-image-33 aligncenter\" src=\"http:\/\/agora.xtec.cat\/iesramonberenguer-amposta\/\/wp-content\/uploads\/usu297\/2014\/09\/exemple1b-300x214.png\" alt=\"exemple1b\" width=\"300\" height=\"214\" srcset=\"https:\/\/agora.xtec.cat\/iesramonberenguer-amposta\/wp-content\/uploads\/usu297\/2014\/09\/exemple1b-300x214.png 300w, https:\/\/agora.xtec.cat\/iesramonberenguer-amposta\/wp-content\/uploads\/usu297\/2014\/09\/exemple1b.png 350w\" sizes=\"auto, (max-width: 300px) 100vw, 300px\" \/><\/a><\/p>\n<p>&nbsp;<\/p>\n<p align=\"justify\">De reconegut prestigi en el seu entorn pels seus resultats acad\u00e8mics i les altes expectatives que les fam\u00edlies tenen dipositades en la nostra instituci\u00f3 i en els nostres professionals, l\u2019<strong>Institut Ramon Berenguer IV<\/strong> imparteix <strong>ESO<\/strong> i totes les <strong>modalitats de Batxillerat<\/strong>: <strong>Tecnol\u00f2gic<\/strong>, <strong>Ci\u00e8ncies de la Naturalesa i de la Salut<\/strong>, <strong>Ci\u00e8ncies Socials<\/strong>, <strong>Humanitats i Arts Pl\u00e0stiques<\/strong> i <strong>Disseny<\/strong>. Quant als ensenyaments professionals, oferta dos cicles formatius de la Fam\u00edlia de Sanitat: <strong>CFGM de Cures d\u2019Auxiliar d\u2019Infermeria<\/strong> i un <strong>CFGS d\u2019 Higiene Bucodental<\/strong>; i el <strong>Curs d\u2019Acc\u00e9s als Cicles Formatius de Grau Superior<\/strong>. \u00c9s centre de refer\u00e8ncia en el nostre territori de l\u2019Institut Obert de Catalunya, que imparteix Batxillerat, Curs d\u2019Acc\u00e9s als Cicles Formatius de Grau Superior en el seu format d\u2019ensenyament a dist\u00e0ncia.<\/p>\n<p align=\"justify\">En les nostres instal\u00b7lacions est\u00e0 ubicada l\u2019<strong>Escola Oficial d\u2019 Idiomes d\u2019 Amposta<\/strong>, on s\u2019imparteixen <strong>ensenyaments d\u2019Angl\u00e8s i de Franc\u00e8s<\/strong>.<\/p>\n<p>&nbsp;<\/p>\n","protected":false},"excerpt":{"rendered":"<p>1954<br \/>\nL\u2019Institut Ramon Berenguer IV d\u2019Amposta va n\u00e9ixer el curs 1954-1955 arran de la necessitat de formar professionals competents en les t\u00e8cniques i m\u00e8todes m\u00e9s moderns que el progr\u00e9s requeria. En un entorn agr\u00edcola i ramader caracteritzat per una incipient ind\u00fastria i un comer\u00e7 derivats de&hellip;  <a href=\"https:\/\/agora.xtec.cat\/iesramonberenguer-amposta\/linstitut\/historia\/\" title=\"Read Hist\u00f2ria\">Llegeix m\u00e9s\u00bb<\/a><\/p>\n","protected":false},"author":1,"featured_media":0,"parent":19,"menu_order":20,"comment_status":"closed","ping_status":"closed","template":"page-templates\/side-menu.php","meta":{"_bbp_topic_count":0,"_bbp_reply_count":0,"_bbp_total_topic_count":0,"_bbp_total_reply_count":0,"_bbp_voice_count":0,"_bbp_anonymous_reply_count":0,"_bbp_topic_count_hidden":0,"_bbp_reply_count_hidden":0,"_bbp_forum_subforum_count":0,"footnotes":""},"class_list":["post-27","page","type-page","status-publish","hentry"],"post_mailing_queue_ids":[],"_links":{"self":[{"href":"https:\/\/agora.xtec.cat\/iesramonberenguer-amposta\/wp-json\/wp\/v2\/pages\/27","targetHints":{"allow":["GET"]}}],"collection":[{"href":"https:\/\/agora.xtec.cat\/iesramonberenguer-amposta\/wp-json\/wp\/v2\/pages"}],"about":[{"href":"https:\/\/agora.xtec.cat\/iesramonberenguer-amposta\/wp-json\/wp\/v2\/types\/page"}],"author":[{"embeddable":true,"href":"https:\/\/agora.xtec.cat\/iesramonberenguer-amposta\/wp-json\/wp\/v2\/users\/1"}],"replies":[{"embeddable":true,"href":"https:\/\/agora.xtec.cat\/iesramonberenguer-amposta\/wp-json\/wp\/v2\/comments?post=27"}],"version-history":[{"count":4,"href":"https:\/\/agora.xtec.cat\/iesramonberenguer-amposta\/wp-json\/wp\/v2\/pages\/27\/revisions"}],"predecessor-version":[{"id":499,"href":"https:\/\/agora.xtec.cat\/iesramonberenguer-amposta\/wp-json\/wp\/v2\/pages\/27\/revisions\/499"}],"up":[{"embeddable":true,"href":"https:\/\/agora.xtec.cat\/iesramonberenguer-amposta\/wp-json\/wp\/v2\/pages\/19"}],"wp:attachment":[{"href":"https:\/\/agora.xtec.cat\/iesramonberenguer-amposta\/wp-json\/wp\/v2\/media?parent=27"}],"curies":[{"name":"wp","href":"https:\/\/api.w.org\/{rel}","templated":true}]}}