{"id":21,"date":"2014-09-17T16:14:14","date_gmt":"2014-09-17T16:14:14","guid":{"rendered":"http:\/\/agora.xtec.cat\/iesramonberenguer-amposta\/\/?page_id=21"},"modified":"2017-06-09T12:33:49","modified_gmt":"2017-06-09T10:33:49","slug":"on-som","status":"publish","type":"page","link":"https:\/\/agora.xtec.cat\/iesramonberenguer-amposta\/linstitut\/on-som\/","title":{"rendered":"On som"},"content":{"rendered":"<p style=\"color: #666666;\"><strong>Institut\u00a0Ramon Berenguer IV &#8211; Amposta<\/strong><br \/>\nMestre Su\u00f1er, 1-37<br \/>\n43780 Amposta<\/p>\n<p><iframe loading=\"lazy\" src=\"https:\/\/www.google.com\/maps\/embed?pb=!1m18!1m12!1m3!1d3024.3669201783123!2d0.579325015404872!3d40.70993847933215!2m3!1f0!2f0!3f0!3m2!1i1024!2i768!4f13.1!3m3!1m2!1s0x0%3A0x5dcfa26ac54625bd!2sInstitut+Ramon+Berenguer+IV+d&#39;Amposta!5e0!3m2!1sca!2sus!4v1497004228615\" width=\"400\" height=\"300\" frameborder=\"0\" style=\"border:0\" allowfullscreen><\/iframe><\/p>\n<p><strong>Com arribar-hi:<br \/>\n<\/strong><\/p>\n<ul>\n<li>Per tren: Estaci\u00f3 L&#8217;Aldea &#8211; Amposta -Tortosa<\/li>\n<li><\/li>\n<\/ul>\n<div class=\"container\">\n<div class=\"sections-title\">\n<div class=\"sections-title-h3\">\n<h3>Benvinguts i benvingudes a l&#8217;Institut Ramon Berenguer IV &#8211; Amposta<\/h3>\n<\/div>\n<\/div>\n<div class=\"gap\"><\/div>\n<p align=\"justify\">Ens plau donar-vos la benvinguda a la p\u00e0gina web de l\u2019<strong>Institut Ramon Berenguer IV<\/strong> i compartir amb tots unes breus reflexions sobre els nostres objectius, estrat\u00e8gies d\u2019actuaci\u00f3 i la nostra ra\u00f3 de ser.<\/p>\n<p align=\"justify\">Quan parlem de l\u2019<strong>Institut Ramon Berenguer IV<\/strong>, parlem de <strong>m\u00e9s de 60 anys dedicats a l\u2019ensenyament i a la cultura de les nostres terres<\/strong>. En el transcurs d\u2019aquest per\u00edode hem mantingut la fidelitat als nostres or\u00edgens amb una voluntat d\u2019innovaci\u00f3, d\u2019actualitzaci\u00f3 i d\u2019excel\u00b7l\u00e8ncia i, sempre, amb l\u2019objectiu d\u2019oferir al nostre alumnat i a les seves fam\u00edlies una s\u00f2lida <strong>formaci\u00f3 de qualitat<\/strong> en l\u2019\u00e0mbit hum\u00e0 i acad\u00e8mic.<\/p>\n<div class=\"row\">\n<div class=\"col-md-4\"><a class=\"prettyPhoto\" href=\"http:\/\/www.iesramonberenguer.org\/images\/institut.JPG\"><img decoding=\"async\" class=\"img-responsive\" title=\"Institut Ramon Berenguer IV Amposta\" src=\"http:\/\/www.iesramonberenguer.org\/images\/institut.JPG\" alt=\"Institut Ramon Berenguer IV Amposta\" \/><\/a><\/div>\n<div class=\"col-md-8\">\n<p align=\"justify\">El nostre Projecte Educatiu t\u00e9 entre els seus objectius: facilitar i promoure la implicaci\u00f3 de les fam\u00edlies en l\u2019evoluci\u00f3 acad\u00e8mica i personal de l\u2019alumne; planificar i fer seguiment de les actuacions per atendre la diversitat; prioritzar l\u2019aprenentatge de les compet\u00e8ncies b\u00e0siques; potenciar la lectura en totes les \u00e0rees i mat\u00e8ries com a instrument de l\u2019aprenentatge; millorar la cohesi\u00f3 social; promoure activitats d\u2019actualitzaci\u00f3 cient\u00edfica, human\u00edstica i art\u00edstica; obrir i millorar la interrelaci\u00f3 de la nostra comunitat educativa amb el seu entorn.<\/p>\n<p align=\"justify\">La nostra <strong>oferta educativa<\/strong> abasta l\u2019<strong>Educaci\u00f3 Secund\u00e0ria Obligat\u00f2ria<\/strong>, el <strong>Batxillerat<\/strong>, el <strong>Curs d\u2019Acc\u00e9s als Cicles Formatius de Grau Superior<\/strong> i els <strong>Cicles Formatius de Grau Mitj\u00e0 i Superior<\/strong>. Som <strong>centre de suport de l\u2019Institut Obert de Catalunya<\/strong> per al Batxillerat i per al Curs d\u2019Acc\u00e9s als Cicles Formatius de Grau Superior.<\/p>\n<p align=\"justify\">Entre tots els estudis som anualment aproximadament 800 alumnes i un equip docent i d\u2019administraci\u00f3 i serveis de 80 professionals.<\/p>\n<\/div>\n<\/div>\n<p align=\"justify\">Per acabar, ens agradaria posar \u00e8mfasi en les persones, perqu\u00e8 som les persones les que amb el nostre comprom\u00eds, esfor\u00e7, confian\u00e7a, entusiasme i responsabilitat hem convertit l\u2019<strong>Institut Ramon Berenguer IV<\/strong> en un centre referent a les nostres comarques en l\u2019\u00e0mbit educatiu.<\/p>\n<p align=\"justify\">\n<\/div>\n<p>&nbsp;<\/p>\n","protected":false},"excerpt":{"rendered":"<p>Institut\u00a0Ramon Berenguer IV &#8211; Amposta<br \/>\nMestre Su\u00f1er, 1-37<br \/>\n43780 Amposta<\/p>\n<p>Com arribar-hi:<\/p>\n<ul>\n<li>Per tren: Estaci\u00f3 L&#8217;Aldea &#8211; Amposta -Tortosa<\/li>\n<li><\/li>\n<\/ul>\n<p>Benvinguts i benvingudes a l&#8217;Institut Ramon Berenguer IV &#8211; Amposta<\/p>\n<p>Ens plau donar-vos la benvinguda a la p\u00e0gina web de l\u2019Institut Ramon Berenguer IV i compartir amb tots unes breus reflexions sobre&hellip;  <a href=\"https:\/\/agora.xtec.cat\/iesramonberenguer-amposta\/linstitut\/on-som\/\" title=\"Read On som\">Llegeix m\u00e9s\u00bb<\/a><\/p>\n","protected":false},"author":1,"featured_media":0,"parent":19,"menu_order":10,"comment_status":"closed","ping_status":"closed","template":"page-templates\/side-menu.php","meta":{"_bbp_topic_count":0,"_bbp_reply_count":0,"_bbp_total_topic_count":0,"_bbp_total_reply_count":0,"_bbp_voice_count":0,"_bbp_anonymous_reply_count":0,"_bbp_topic_count_hidden":0,"_bbp_reply_count_hidden":0,"_bbp_forum_subforum_count":0,"footnotes":""},"class_list":["post-21","page","type-page","status-publish","hentry"],"post_mailing_queue_ids":[],"_links":{"self":[{"href":"https:\/\/agora.xtec.cat\/iesramonberenguer-amposta\/wp-json\/wp\/v2\/pages\/21","targetHints":{"allow":["GET"]}}],"collection":[{"href":"https:\/\/agora.xtec.cat\/iesramonberenguer-amposta\/wp-json\/wp\/v2\/pages"}],"about":[{"href":"https:\/\/agora.xtec.cat\/iesramonberenguer-amposta\/wp-json\/wp\/v2\/types\/page"}],"author":[{"embeddable":true,"href":"https:\/\/agora.xtec.cat\/iesramonberenguer-amposta\/wp-json\/wp\/v2\/users\/1"}],"replies":[{"embeddable":true,"href":"https:\/\/agora.xtec.cat\/iesramonberenguer-amposta\/wp-json\/wp\/v2\/comments?post=21"}],"version-history":[{"count":3,"href":"https:\/\/agora.xtec.cat\/iesramonberenguer-amposta\/wp-json\/wp\/v2\/pages\/21\/revisions"}],"predecessor-version":[{"id":501,"href":"https:\/\/agora.xtec.cat\/iesramonberenguer-amposta\/wp-json\/wp\/v2\/pages\/21\/revisions\/501"}],"up":[{"embeddable":true,"href":"https:\/\/agora.xtec.cat\/iesramonberenguer-amposta\/wp-json\/wp\/v2\/pages\/19"}],"wp:attachment":[{"href":"https:\/\/agora.xtec.cat\/iesramonberenguer-amposta\/wp-json\/wp\/v2\/media?parent=21"}],"curies":[{"name":"wp","href":"https:\/\/api.w.org\/{rel}","templated":true}]}}